{"id":501592,"date":"2025-05-30T09:01:09","date_gmt":"2025-05-30T09:01:13","guid":{"rendered":"https:\/\/www.erresse-shop.it\/?post_type=product&#038;p=501592"},"modified":"2025-05-30T09:27:38","modified_gmt":"2025-05-30T09:27:38","slug":"olimpia-splendid-dolceclima-air-pro-13-wifiaire-acondicionado-portatil","status":"publish","type":"product","link":"https:\/\/www.erresse-shop.it\/es\/shop\/pequenos-electrodomesticos\/ventiladores\/olimpia-splendid-dolceclima-air-pro-13-wifiaire-acondicionado-portatil\/","title":{"rendered":"OLIMPIA SPLENDID Dolceclima Air Pro 13 WiFiAire acondicionado port\u00e1til"},"content":{"rendered":"<p>El aire acondicionado port\u00e1til de clase A+ que enfr\u00eda hasta 2,9 kW garantiza el m\u00e1ximo ahorro energ\u00e9tico y el m\u00ednimo impacto ambiental.<\/p>\n<p>El <strong>Dolceclima Air Pro 13 WiFi<\/strong> est\u00e1 equipado con una aleta motorizada con oscilaci\u00f3n autom\u00e1tica que facilita la direcci\u00f3n del aire de salida, previamente tratado con filtros electrost\u00e1ticos (antipolvo) y filtros de carb\u00f3n activado (eficaces contra los malos olores). <\/p>\n<h3><span style=\"font-size: 14pt;\">M\u00c1XIMA EFICIENCIA<\/span><\/h3>\n<p>Aire acondicionado de clase A+ con consumo energ\u00e9tico reducido, para un confort m\u00e1s sostenible.<\/p>\n<h3><span style=\"font-size: 14pt;\">ALETINES MOTORIZADOS CON GIRO AUTOM\u00c1TICO<\/span><\/h3>\n<p>El flujo de aire se puede dirigir f\u00e1cilmente a la habitaci\u00f3n gracias a los faldones motorizados en la parte superior.<\/p>\n<h3><span style=\"font-size: 14pt;\">SISTEMA PURE<\/span><\/h3>\n<p>Equipado con un sistema de filtrado m\u00faltiple, compuesto por un filtro electrost\u00e1tico (con funci\u00f3n antipolvo) y un filtro de carb\u00f3n activado (eficaz contra los malos olores).<\/p>\n<h3><span style=\"font-size: 14pt;\">WI-FI INTEGRADO<\/span><\/h3>\n<p>Descargando la app OS Comfort, puedes gestionar todas las funciones desde tu<\/p>\n<h3><span style=\"font-size: 14pt;\">FUNCIONES<\/span><\/h3>\n<ul>\n<li>Refrigeraci\u00f3n, deshumidificaci\u00f3n y ventilaci\u00f3n (3 velocidades)<\/li>\n<li>Temporizador de 24 h<\/li>\n<li>Funci\u00f3n Eco: ajusta la refrigeraci\u00f3n seg\u00fan la temperatura ambiente para optimizar el consumo.<\/li>\n<li>Funciones Sleep y Silent: para un mayor confort t\u00e9rmico y ac\u00fastico.<\/li>\n<li>Funci\u00f3n Turbo: m\u00e1xima velocidad de ventilaci\u00f3n para un enfriamiento excepcional.<\/li>\n<li>Funci\u00f3n Blue Air\/Auto: velocidad de ventilaci\u00f3n autom\u00e1tica para una gesti\u00f3n \u00f3ptima del flujo de aire.<\/li>\n<li>Funci\u00f3n S\u00edgueme: detecci\u00f3n precisa de la temperatura en el punto donde se encuentra el mando a distancia.<\/li>\n<li>Funci\u00f3n de reinicio autom\u00e1tico: se reinicia tras un apag\u00f3n. Con la \u00faltima funci\u00f3n configurada.\n<\/li>\n<\/ul>\n<h3><span style=\"font-size: 14pt;\">CARACTER\u00cdSTICAS<\/span><\/h3>\n<ul>\n<li>Potencia nominal de refrigeraci\u00f3n: 2,9 kW**<\/li>\n<li>Clase energ\u00e9tica:<\/li>\n<li>Potencia ac\u00fastica: 62 dB (A)<\/li>\n<li>\u00cdndice de eficiencia energ\u00e9tica nominal: EER 3.1**<\/li>\n<li>Gas refrigerante: R290<\/li>\n<li>Filtro de polvo y carb\u00f3n activado<\/li>\n<li>Mando a distancia multifunci\u00f3n y pantalla LCD<\/li>\n<li>Pr\u00e1cticas asas laterales y ruedas<\/li>\n<li>Kit de ventana y tubo flexible para la expulsi\u00f3n de aire incluidos.<\/li>\n<\/ul>\n<p>&nbsp;<\/p>\n","protected":false},"excerpt":{"rendered":"<p>El aire acondicionado port\u00e1til de clase A+ que enfr\u00eda hasta 2,9 kW garantiza el m\u00e1ximo ahorro energ\u00e9tico y el m\u00ednimo<\/p>\n","protected":false},"featured_media":501605,"template":"","meta":{"_acf_changed":false,"inline_featured_image":false},"product_cat":[16073,25277],"product_tag":[16259],"acf":[],"yoast_head":"<!-- This site is optimized with the Yoast SEO Premium plugin v18.6 (Yoast SEO v19.13) - https:\/\/yoast.com\/wordpress\/plugins\/seo\/ -->\n<title>OLIMPIA SPLENDID Dolceclima Air Pro 13 WiFiAire acondicionado port\u00e1til - Erresse Shop<\/title>\n<meta name=\"description\" content=\"El aire acondicionado port\u00e1til de clase A+ que enfr\u00eda hasta 2,9 kW garantiza el m\u00e1ximo ahorro energ\u00e9tico y el m\u00ednimo impacto ambiental. El Dolceclima Air\" \/>\n<meta name=\"robots\" content=\"index, follow, max-snippet:-1, max-image-preview:large, max-video-preview:-1\" \/>\n<link rel=\"canonical\" href=\"https:\/\/www.erresse-shop.it\/es\/shop\/pequenos-electrodomesticos\/ventiladores\/olimpia-splendid-dolceclima-air-pro-13-wifiaire-acondicionado-portatil\/\" \/>\n<meta property=\"og:locale\" content=\"es_ES\" \/>\n<meta property=\"og:type\" content=\"article\" \/>\n<meta property=\"og:title\" content=\"OLIMPIA SPLENDID Dolceclima Air Pro 13 WiFiAire acondicionado port\u00e1til\" \/>\n<meta property=\"og:description\" content=\"El aire acondicionado port\u00e1til de clase A+ que enfr\u00eda hasta 2,9 kW garantiza el m\u00e1ximo ahorro energ\u00e9tico y el m\u00ednimo impacto ambiental. El Dolceclima Air\" \/>\n<meta property=\"og:url\" content=\"https:\/\/www.erresse-shop.it\/es\/shop\/pequenos-electrodomesticos\/ventiladores\/olimpia-splendid-dolceclima-air-pro-13-wifiaire-acondicionado-portatil\/\" \/>\n<meta property=\"og:site_name\" content=\"Erresse Shop\" \/>\n<meta property=\"article:modified_time\" content=\"2025-05-30T09:27:38+00:00\" \/>\n<meta property=\"og:image\" content=\"https:\/\/www.erresse-shop.it\/wp-content\/uploads\/2025\/05\/OLIMPIA-SPLENDID-Dolceclima-Air-Pro-13-WiFi.jpg\" \/>\n\t<meta property=\"og:image:width\" content=\"1200\" \/>\n\t<meta property=\"og:image:height\" content=\"1200\" \/>\n\t<meta property=\"og:image:type\" content=\"image\/jpeg\" \/>\n<meta name=\"twitter:card\" content=\"summary_large_image\" \/>\n<script type=\"application\/ld+json\" class=\"yoast-schema-graph\">{\"@context\":\"https:\/\/schema.org\",\"@graph\":[{\"@type\":\"WebPage\",\"@id\":\"https:\/\/www.erresse-shop.it\/es\/shop\/pequenos-electrodomesticos\/ventiladores\/olimpia-splendid-dolceclima-air-pro-13-wifiaire-acondicionado-portatil\/\",\"url\":\"https:\/\/www.erresse-shop.it\/es\/shop\/pequenos-electrodomesticos\/ventiladores\/olimpia-splendid-dolceclima-air-pro-13-wifiaire-acondicionado-portatil\/\",\"name\":\"OLIMPIA SPLENDID Dolceclima Air Pro 13 WiFiAire acondicionado port\u00e1til - Erresse Shop\",\"isPartOf\":{\"@id\":\"https:\/\/www.erresse-shop.it\/es\/#website\"},\"datePublished\":\"2025-05-30T09:01:13+00:00\",\"dateModified\":\"2025-05-30T09:27:38+00:00\",\"description\":\"El aire acondicionado port\u00e1til de clase A+ que enfr\u00eda hasta 2,9 kW garantiza el m\u00e1ximo ahorro energ\u00e9tico y el m\u00ednimo impacto ambiental. El Dolceclima Air\",\"breadcrumb\":{\"@id\":\"https:\/\/www.erresse-shop.it\/es\/shop\/pequenos-electrodomesticos\/ventiladores\/olimpia-splendid-dolceclima-air-pro-13-wifiaire-acondicionado-portatil\/#breadcrumb\"},\"inLanguage\":\"es\",\"potentialAction\":[{\"@type\":\"ReadAction\",\"target\":[\"https:\/\/www.erresse-shop.it\/es\/shop\/pequenos-electrodomesticos\/ventiladores\/olimpia-splendid-dolceclima-air-pro-13-wifiaire-acondicionado-portatil\/\"]}]},{\"@type\":\"BreadcrumbList\",\"@id\":\"https:\/\/www.erresse-shop.it\/es\/shop\/pequenos-electrodomesticos\/ventiladores\/olimpia-splendid-dolceclima-air-pro-13-wifiaire-acondicionado-portatil\/#breadcrumb\",\"itemListElement\":[{\"@type\":\"ListItem\",\"position\":1,\"name\":\"Home\",\"item\":\"https:\/\/www.erresse-shop.it\/es\/\"},{\"@type\":\"ListItem\",\"position\":2,\"name\":\"Shop\",\"item\":\"https:\/\/www.erresse-shop.it\/es\/shop\/\"},{\"@type\":\"ListItem\",\"position\":3,\"name\":\"OLIMPIA SPLENDID Dolceclima Air Pro 13 WiFiAire acondicionado port\u00e1til\"}]},{\"@type\":\"WebSite\",\"@id\":\"https:\/\/www.erresse-shop.it\/es\/#website\",\"url\":\"https:\/\/www.erresse-shop.it\/es\/\",\"name\":\"Erresse Shop\",\"description\":\"Articoli di qualit\u00e0 per la casa\",\"potentialAction\":[{\"@type\":\"SearchAction\",\"target\":{\"@type\":\"EntryPoint\",\"urlTemplate\":\"https:\/\/www.erresse-shop.it\/es\/?s={search_term_string}\"},\"query-input\":\"required name=search_term_string\"}],\"inLanguage\":\"es\"}]}<\/script>\n<!-- \/ Yoast SEO Premium plugin. -->","yoast_head_json":{"title":"OLIMPIA SPLENDID Dolceclima Air Pro 13 WiFiAire acondicionado port\u00e1til - Erresse Shop","description":"El aire acondicionado port\u00e1til de clase A+ que enfr\u00eda hasta 2,9 kW garantiza el m\u00e1ximo ahorro energ\u00e9tico y el m\u00ednimo impacto ambiental. El Dolceclima Air","robots":{"index":"index","follow":"follow","max-snippet":"max-snippet:-1","max-image-preview":"max-image-preview:large","max-video-preview":"max-video-preview:-1"},"canonical":"https:\/\/www.erresse-shop.it\/es\/shop\/pequenos-electrodomesticos\/ventiladores\/olimpia-splendid-dolceclima-air-pro-13-wifiaire-acondicionado-portatil\/","og_locale":"es_ES","og_type":"article","og_title":"OLIMPIA SPLENDID Dolceclima Air Pro 13 WiFiAire acondicionado port\u00e1til","og_description":"El aire acondicionado port\u00e1til de clase A+ que enfr\u00eda hasta 2,9 kW garantiza el m\u00e1ximo ahorro energ\u00e9tico y el m\u00ednimo impacto ambiental. El Dolceclima Air","og_url":"https:\/\/www.erresse-shop.it\/es\/shop\/pequenos-electrodomesticos\/ventiladores\/olimpia-splendid-dolceclima-air-pro-13-wifiaire-acondicionado-portatil\/","og_site_name":"Erresse Shop","article_modified_time":"2025-05-30T09:27:38+00:00","og_image":[{"width":1200,"height":1200,"url":"https:\/\/www.erresse-shop.it\/wp-content\/uploads\/2025\/05\/OLIMPIA-SPLENDID-Dolceclima-Air-Pro-13-WiFi.jpg","type":"image\/jpeg"}],"twitter_card":"summary_large_image","schema":{"@context":"https:\/\/schema.org","@graph":[{"@type":"WebPage","@id":"https:\/\/www.erresse-shop.it\/es\/shop\/pequenos-electrodomesticos\/ventiladores\/olimpia-splendid-dolceclima-air-pro-13-wifiaire-acondicionado-portatil\/","url":"https:\/\/www.erresse-shop.it\/es\/shop\/pequenos-electrodomesticos\/ventiladores\/olimpia-splendid-dolceclima-air-pro-13-wifiaire-acondicionado-portatil\/","name":"OLIMPIA SPLENDID Dolceclima Air Pro 13 WiFiAire acondicionado port\u00e1til - Erresse Shop","isPartOf":{"@id":"https:\/\/www.erresse-shop.it\/es\/#website"},"datePublished":"2025-05-30T09:01:13+00:00","dateModified":"2025-05-30T09:27:38+00:00","description":"El aire acondicionado port\u00e1til de clase A+ que enfr\u00eda hasta 2,9 kW garantiza el m\u00e1ximo ahorro energ\u00e9tico y el m\u00ednimo impacto ambiental. El Dolceclima Air","breadcrumb":{"@id":"https:\/\/www.erresse-shop.it\/es\/shop\/pequenos-electrodomesticos\/ventiladores\/olimpia-splendid-dolceclima-air-pro-13-wifiaire-acondicionado-portatil\/#breadcrumb"},"inLanguage":"es","potentialAction":[{"@type":"ReadAction","target":["https:\/\/www.erresse-shop.it\/es\/shop\/pequenos-electrodomesticos\/ventiladores\/olimpia-splendid-dolceclima-air-pro-13-wifiaire-acondicionado-portatil\/"]}]},{"@type":"BreadcrumbList","@id":"https:\/\/www.erresse-shop.it\/es\/shop\/pequenos-electrodomesticos\/ventiladores\/olimpia-splendid-dolceclima-air-pro-13-wifiaire-acondicionado-portatil\/#breadcrumb","itemListElement":[{"@type":"ListItem","position":1,"name":"Home","item":"https:\/\/www.erresse-shop.it\/es\/"},{"@type":"ListItem","position":2,"name":"Shop","item":"https:\/\/www.erresse-shop.it\/es\/shop\/"},{"@type":"ListItem","position":3,"name":"OLIMPIA SPLENDID Dolceclima Air Pro 13 WiFiAire acondicionado port\u00e1til"}]},{"@type":"WebSite","@id":"https:\/\/www.erresse-shop.it\/es\/#website","url":"https:\/\/www.erresse-shop.it\/es\/","name":"Erresse Shop","description":"Articoli di qualit\u00e0 per la casa","potentialAction":[{"@type":"SearchAction","target":{"@type":"EntryPoint","urlTemplate":"https:\/\/www.erresse-shop.it\/es\/?s={search_term_string}"},"query-input":"required name=search_term_string"}],"inLanguage":"es"}]}},"df_price":498,"df_sale_price":498,"df_regular_price":498,"df_image_link":"https:\/\/www.erresse-shop.it\/wp-content\/uploads\/2025\/05\/OLIMPIA-SPLENDID-Dolceclima-Air-Pro-13-WiFi-300x300.jpg","_links":{"self":[{"href":"https:\/\/www.erresse-shop.it\/es\/wp-json\/wp\/v2\/product\/501592"}],"collection":[{"href":"https:\/\/www.erresse-shop.it\/es\/wp-json\/wp\/v2\/product"}],"about":[{"href":"https:\/\/www.erresse-shop.it\/es\/wp-json\/wp\/v2\/types\/product"}],"wp:featuredmedia":[{"embeddable":true,"href":"https:\/\/www.erresse-shop.it\/es\/wp-json\/wp\/v2\/media\/501605"}],"wp:attachment":[{"href":"https:\/\/www.erresse-shop.it\/es\/wp-json\/wp\/v2\/media?parent=501592"}],"wp:term":[{"taxonomy":"product_cat","embeddable":true,"href":"https:\/\/www.erresse-shop.it\/es\/wp-json\/wp\/v2\/product_cat?post=501592"},{"taxonomy":"product_tag","embeddable":true,"href":"https:\/\/www.erresse-shop.it\/es\/wp-json\/wp\/v2\/product_tag?post=501592"}],"curies":[{"name":"wp","href":"https:\/\/api.w.org\/{rel}","templated":true}]}}