{"id":501519,"date":"2025-05-30T07:41:31","date_gmt":"2025-05-30T07:41:35","guid":{"rendered":"https:\/\/www.erresse-shop.it\/?post_type=product&#038;p=501519"},"modified":"2025-05-30T07:48:43","modified_gmt":"2025-05-30T07:48:43","slug":"borbone-didiesse-baby-frog-cafetera-de-capsulas-marfil","status":"publish","type":"product","link":"https:\/\/www.erresse-shop.it\/es\/shop\/pequenos-electrodomesticos\/maquinas-de-cafe\/capsulas\/borbone-didiesse-baby-frog-cafetera-de-capsulas-marfil\/","title":{"rendered":"BORBONE Didiesse Baby Frog Cafetera de c\u00e1psulas Marfil"},"content":{"rendered":"<p><strong>Peque\u00f1o en formato, peque\u00f1o en consumo, para quienes quieren el sabor de un gran espresso.<\/strong><\/p>\n<p>Baby Frog es la versi\u00f3n m\u00e1s peque\u00f1a y compacta del hist\u00f3rico Frog Didiesse. Es la elecci\u00f3n perfecta para quienes aman el dise\u00f1o con encanto \u201cretro\u201d, pero quieren optimizar el espacio y reducir el desperdicio.<\/p>\n<p>La nueva Baby Frog, de hecho, es verdaderamente <strong>ecol\u00f3gica<\/strong> porque tiene un <strong>bajo consumo energ\u00e9tico<\/strong> y permite disfrutar de un excelente caf\u00e9 respetando plenamente el medio ambiente.<\/p>\n<p>Su sistema de c\u00e1psulas es el m\u00e1s sostenible, gracias a la biodegradabilidad del filtro de papel que envuelve el caf\u00e9 manteniendo intacto su inconfundible aroma.<\/p>\n<p>Caracter\u00edsticas:<br \/>\n&#8211; Garant\u00eda: 2 a\u00f1os<br \/>\n&#8211; Dos alturas para el portavasos.<br \/>\n&#8211; Modo de espera autom\u00e1tico cuando no est\u00e1 en uso<\/p>\n<p><strong>A\u00fan m\u00e1s peque\u00f1o, a\u00fan m\u00e1s ecosostenible.<\/strong><\/p>\n<p>Muchos colores para adaptarlos a tu casa u oficina, formas compactas y consumo reducido: el nuevo <strong>Baby Frog<\/strong> es compacto, consume m\u00ednimamente, pero ha sido creado para ofrecerte el m\u00e1ximo.<\/p>\n<ul>\n<li><strong>Sistema de c\u00e1psulas ESE<\/strong> (Espresso f\u00e1cil de servir)<\/li>\n<li><strong>Ecosostenible<\/strong>: sistema de c\u00e1psulas = sostenibilidad, gracias a las c\u00e1psulas con filtro de papel biodegradable.<\/li>\n<li><strong>Consumo reducido y en stand-by<\/strong>: Baby Frog consume s\u00f3lo 450 W; La funci\u00f3n de espera integrada limita el desperdicio y el consumo innecesario.<\/li>\n<li><strong>Soporte de c\u00e1psulas extra\u00edble<\/strong>: para una limpieza a\u00fan m\u00e1s sencilla<\/li>\n<li><strong>Difusor patentado<\/strong>: para un espresso caliente y cremoso desde la primera dispensaci\u00f3n<\/li>\n<li><strong>Portadep\u00f3sito\/botella<\/strong>: el dep\u00f3sito de 1,5 L tambi\u00e9n se puede utilizar como portabotellas de 0,5 L, para garantizar la m\u00e1xima higiene y practicidad.<\/li>\n<li><strong>Controles sencillos e intuitivos:<\/strong>\u00a0para quienes quieren disfrutar de un excelente caf\u00e9, de forma r\u00e1pida y sencilla<\/li>\n<li><strong>Disponible en muchos colores brillantes<\/strong><\/li>\n<\/ul>\n<p><strong>Garant\u00eda: 2 a\u00f1os<\/strong><\/p>\n<p><strong>Nota: Introduzca \u00fanicamente agua natural, potable y sin gas en el compartimento del tanque.<\/strong><\/p>\n<p>Especificaciones t\u00e9cnicas:<\/p>\n<ul>\n<li><strong>Potencia:<\/strong> 450W<\/li>\n<li><strong>Presi\u00f3n de la bomba:<\/strong> 15 bar<\/li>\n<li><strong>Alimentaci\u00f3n:<\/strong> 220 V<\/li>\n<li><strong>Peso:<\/strong> 2,9 kg<\/li>\n<li><strong>Dimensiones:<\/strong> Alto 29,5 cm, Ancho 17,1 cm, Fondo 28,4 cm<\/li>\n<li><strong>Apagado autom\u00e1tico:<\/strong> No<\/li>\n<li><strong>Descarga de c\u00e1psulas:<\/strong> Manual<\/li>\n<li><strong>Vainas:<\/strong> 44 mm<\/li>\n<li><strong>Capacidad del tanque:<\/strong> 1,5 L \/ 0,5 L<\/li>\n<\/ul>\n<p>&nbsp;<\/p>\n","protected":false},"excerpt":{"rendered":"<p>Peque\u00f1o en formato, peque\u00f1o en consumo, para quienes quieren el sabor de un gran espresso. Baby Frog es la versi\u00f3n<\/p>\n","protected":false},"featured_media":501543,"template":"","meta":{"_acf_changed":false,"inline_featured_image":false},"product_cat":[25382,16076,16073],"product_tag":[23574,23238,16874,16398,23588],"acf":[],"yoast_head":"<!-- This site is optimized with the Yoast SEO Premium plugin v18.6 (Yoast SEO v19.13) - https:\/\/yoast.com\/wordpress\/plugins\/seo\/ -->\n<title>BORBONE Didiesse Baby Frog Cafetera de c\u00e1psulas Marfil - Erresse Shop<\/title>\n<meta name=\"description\" content=\"Peque\u00f1o en formato, peque\u00f1o en consumo, para quienes quieren el sabor de un gran espresso. Baby Frog es la versi\u00f3n m\u00e1s peque\u00f1a y compacta del hist\u00f3rico\" \/>\n<meta name=\"robots\" content=\"index, follow, max-snippet:-1, max-image-preview:large, max-video-preview:-1\" \/>\n<link rel=\"canonical\" href=\"https:\/\/www.erresse-shop.it\/es\/shop\/pequenos-electrodomesticos\/maquinas-de-cafe\/capsulas\/borbone-didiesse-baby-frog-cafetera-de-capsulas-marfil\/\" \/>\n<meta property=\"og:locale\" content=\"es_ES\" \/>\n<meta property=\"og:type\" content=\"article\" \/>\n<meta property=\"og:title\" content=\"BORBONE Didiesse Baby Frog Cafetera de c\u00e1psulas Marfil\" \/>\n<meta property=\"og:description\" content=\"Peque\u00f1o en formato, peque\u00f1o en consumo, para quienes quieren el sabor de un gran espresso. Baby Frog es la versi\u00f3n m\u00e1s peque\u00f1a y compacta del hist\u00f3rico\" \/>\n<meta property=\"og:url\" content=\"https:\/\/www.erresse-shop.it\/es\/shop\/pequenos-electrodomesticos\/maquinas-de-cafe\/capsulas\/borbone-didiesse-baby-frog-cafetera-de-capsulas-marfil\/\" \/>\n<meta property=\"og:site_name\" content=\"Erresse Shop\" \/>\n<meta property=\"article:modified_time\" content=\"2025-05-30T07:48:43+00:00\" \/>\n<meta property=\"og:image\" content=\"https:\/\/www.erresse-shop.it\/wp-content\/uploads\/2025\/05\/BORBONE-Baby-Frog-Macchina-Caffe-Avorio.jpg\" \/>\n\t<meta property=\"og:image:width\" content=\"1200\" \/>\n\t<meta property=\"og:image:height\" content=\"1200\" \/>\n\t<meta property=\"og:image:type\" content=\"image\/jpeg\" \/>\n<meta name=\"twitter:card\" content=\"summary_large_image\" \/>\n<script type=\"application\/ld+json\" class=\"yoast-schema-graph\">{\"@context\":\"https:\/\/schema.org\",\"@graph\":[{\"@type\":\"WebPage\",\"@id\":\"https:\/\/www.erresse-shop.it\/es\/shop\/pequenos-electrodomesticos\/maquinas-de-cafe\/capsulas\/borbone-didiesse-baby-frog-cafetera-de-capsulas-marfil\/\",\"url\":\"https:\/\/www.erresse-shop.it\/es\/shop\/pequenos-electrodomesticos\/maquinas-de-cafe\/capsulas\/borbone-didiesse-baby-frog-cafetera-de-capsulas-marfil\/\",\"name\":\"BORBONE Didiesse Baby Frog Cafetera de c\u00e1psulas Marfil - Erresse Shop\",\"isPartOf\":{\"@id\":\"https:\/\/www.erresse-shop.it\/es\/#website\"},\"datePublished\":\"2025-05-30T07:41:35+00:00\",\"dateModified\":\"2025-05-30T07:48:43+00:00\",\"description\":\"Peque\u00f1o en formato, peque\u00f1o en consumo, para quienes quieren el sabor de un gran espresso. Baby Frog es la versi\u00f3n m\u00e1s peque\u00f1a y compacta del hist\u00f3rico\",\"breadcrumb\":{\"@id\":\"https:\/\/www.erresse-shop.it\/es\/shop\/pequenos-electrodomesticos\/maquinas-de-cafe\/capsulas\/borbone-didiesse-baby-frog-cafetera-de-capsulas-marfil\/#breadcrumb\"},\"inLanguage\":\"es\",\"potentialAction\":[{\"@type\":\"ReadAction\",\"target\":[\"https:\/\/www.erresse-shop.it\/es\/shop\/pequenos-electrodomesticos\/maquinas-de-cafe\/capsulas\/borbone-didiesse-baby-frog-cafetera-de-capsulas-marfil\/\"]}]},{\"@type\":\"BreadcrumbList\",\"@id\":\"https:\/\/www.erresse-shop.it\/es\/shop\/pequenos-electrodomesticos\/maquinas-de-cafe\/capsulas\/borbone-didiesse-baby-frog-cafetera-de-capsulas-marfil\/#breadcrumb\",\"itemListElement\":[{\"@type\":\"ListItem\",\"position\":1,\"name\":\"Home\",\"item\":\"https:\/\/www.erresse-shop.it\/es\/\"},{\"@type\":\"ListItem\",\"position\":2,\"name\":\"Shop\",\"item\":\"https:\/\/www.erresse-shop.it\/es\/shop\/\"},{\"@type\":\"ListItem\",\"position\":3,\"name\":\"BORBONE Didiesse Baby Frog Cafetera de c\u00e1psulas Marfil\"}]},{\"@type\":\"WebSite\",\"@id\":\"https:\/\/www.erresse-shop.it\/es\/#website\",\"url\":\"https:\/\/www.erresse-shop.it\/es\/\",\"name\":\"Erresse Shop\",\"description\":\"Articoli di qualit\u00e0 per la casa\",\"potentialAction\":[{\"@type\":\"SearchAction\",\"target\":{\"@type\":\"EntryPoint\",\"urlTemplate\":\"https:\/\/www.erresse-shop.it\/es\/?s={search_term_string}\"},\"query-input\":\"required name=search_term_string\"}],\"inLanguage\":\"es\"}]}<\/script>\n<!-- \/ Yoast SEO Premium plugin. -->","yoast_head_json":{"title":"BORBONE Didiesse Baby Frog Cafetera de c\u00e1psulas Marfil - Erresse Shop","description":"Peque\u00f1o en formato, peque\u00f1o en consumo, para quienes quieren el sabor de un gran espresso. Baby Frog es la versi\u00f3n m\u00e1s peque\u00f1a y compacta del hist\u00f3rico","robots":{"index":"index","follow":"follow","max-snippet":"max-snippet:-1","max-image-preview":"max-image-preview:large","max-video-preview":"max-video-preview:-1"},"canonical":"https:\/\/www.erresse-shop.it\/es\/shop\/pequenos-electrodomesticos\/maquinas-de-cafe\/capsulas\/borbone-didiesse-baby-frog-cafetera-de-capsulas-marfil\/","og_locale":"es_ES","og_type":"article","og_title":"BORBONE Didiesse Baby Frog Cafetera de c\u00e1psulas Marfil","og_description":"Peque\u00f1o en formato, peque\u00f1o en consumo, para quienes quieren el sabor de un gran espresso. Baby Frog es la versi\u00f3n m\u00e1s peque\u00f1a y compacta del hist\u00f3rico","og_url":"https:\/\/www.erresse-shop.it\/es\/shop\/pequenos-electrodomesticos\/maquinas-de-cafe\/capsulas\/borbone-didiesse-baby-frog-cafetera-de-capsulas-marfil\/","og_site_name":"Erresse Shop","article_modified_time":"2025-05-30T07:48:43+00:00","og_image":[{"width":1200,"height":1200,"url":"https:\/\/www.erresse-shop.it\/wp-content\/uploads\/2025\/05\/BORBONE-Baby-Frog-Macchina-Caffe-Avorio.jpg","type":"image\/jpeg"}],"twitter_card":"summary_large_image","schema":{"@context":"https:\/\/schema.org","@graph":[{"@type":"WebPage","@id":"https:\/\/www.erresse-shop.it\/es\/shop\/pequenos-electrodomesticos\/maquinas-de-cafe\/capsulas\/borbone-didiesse-baby-frog-cafetera-de-capsulas-marfil\/","url":"https:\/\/www.erresse-shop.it\/es\/shop\/pequenos-electrodomesticos\/maquinas-de-cafe\/capsulas\/borbone-didiesse-baby-frog-cafetera-de-capsulas-marfil\/","name":"BORBONE Didiesse Baby Frog Cafetera de c\u00e1psulas Marfil - Erresse Shop","isPartOf":{"@id":"https:\/\/www.erresse-shop.it\/es\/#website"},"datePublished":"2025-05-30T07:41:35+00:00","dateModified":"2025-05-30T07:48:43+00:00","description":"Peque\u00f1o en formato, peque\u00f1o en consumo, para quienes quieren el sabor de un gran espresso. Baby Frog es la versi\u00f3n m\u00e1s peque\u00f1a y compacta del hist\u00f3rico","breadcrumb":{"@id":"https:\/\/www.erresse-shop.it\/es\/shop\/pequenos-electrodomesticos\/maquinas-de-cafe\/capsulas\/borbone-didiesse-baby-frog-cafetera-de-capsulas-marfil\/#breadcrumb"},"inLanguage":"es","potentialAction":[{"@type":"ReadAction","target":["https:\/\/www.erresse-shop.it\/es\/shop\/pequenos-electrodomesticos\/maquinas-de-cafe\/capsulas\/borbone-didiesse-baby-frog-cafetera-de-capsulas-marfil\/"]}]},{"@type":"BreadcrumbList","@id":"https:\/\/www.erresse-shop.it\/es\/shop\/pequenos-electrodomesticos\/maquinas-de-cafe\/capsulas\/borbone-didiesse-baby-frog-cafetera-de-capsulas-marfil\/#breadcrumb","itemListElement":[{"@type":"ListItem","position":1,"name":"Home","item":"https:\/\/www.erresse-shop.it\/es\/"},{"@type":"ListItem","position":2,"name":"Shop","item":"https:\/\/www.erresse-shop.it\/es\/shop\/"},{"@type":"ListItem","position":3,"name":"BORBONE Didiesse Baby Frog Cafetera de c\u00e1psulas Marfil"}]},{"@type":"WebSite","@id":"https:\/\/www.erresse-shop.it\/es\/#website","url":"https:\/\/www.erresse-shop.it\/es\/","name":"Erresse Shop","description":"Articoli di qualit\u00e0 per la casa","potentialAction":[{"@type":"SearchAction","target":{"@type":"EntryPoint","urlTemplate":"https:\/\/www.erresse-shop.it\/es\/?s={search_term_string}"},"query-input":"required name=search_term_string"}],"inLanguage":"es"}]}},"df_price":127.95,"df_sale_price":127.95,"df_regular_price":134.9,"df_image_link":"https:\/\/www.erresse-shop.it\/wp-content\/uploads\/2025\/05\/BORBONE-Baby-Frog-Macchina-Caffe-Avorio-300x300.jpg","_links":{"self":[{"href":"https:\/\/www.erresse-shop.it\/es\/wp-json\/wp\/v2\/product\/501519"}],"collection":[{"href":"https:\/\/www.erresse-shop.it\/es\/wp-json\/wp\/v2\/product"}],"about":[{"href":"https:\/\/www.erresse-shop.it\/es\/wp-json\/wp\/v2\/types\/product"}],"wp:featuredmedia":[{"embeddable":true,"href":"https:\/\/www.erresse-shop.it\/es\/wp-json\/wp\/v2\/media\/501543"}],"wp:attachment":[{"href":"https:\/\/www.erresse-shop.it\/es\/wp-json\/wp\/v2\/media?parent=501519"}],"wp:term":[{"taxonomy":"product_cat","embeddable":true,"href":"https:\/\/www.erresse-shop.it\/es\/wp-json\/wp\/v2\/product_cat?post=501519"},{"taxonomy":"product_tag","embeddable":true,"href":"https:\/\/www.erresse-shop.it\/es\/wp-json\/wp\/v2\/product_tag?post=501519"}],"curies":[{"name":"wp","href":"https:\/\/api.w.org\/{rel}","templated":true}]}}