{"id":501392,"date":"2025-05-30T06:02:27","date_gmt":"2025-05-30T06:02:31","guid":{"rendered":"https:\/\/www.erresse-shop.it\/?post_type=product&#038;p=501392"},"modified":"2025-05-30T06:14:07","modified_gmt":"2025-05-30T06:14:07","slug":"magimix-tostadora-vision-cromo-pulido","status":"publish","type":"product","link":"https:\/\/www.erresse-shop.it\/es\/shop\/pequenos-electrodomesticos\/tostadoras\/magimix-tostadora-vision-cromo-pulido\/","title":{"rendered":"MAGIMIX Tostadora Vision Cromo pulido"},"content":{"rendered":"<p><strong>MAGIMIX. GARANT\u00cdA ITALIANA<\/strong><\/p>\n<p>En Francia, en el coraz\u00f3n de Borgo\u00f1a, una regi\u00f3n famosa por su gastronom\u00eda, Magimix invent\u00f3 el robot de cocina hace m\u00e1s de cuarenta a\u00f1os.<br \/>\nHoy en d\u00eda, los electrodom\u00e9sticos Magimix son la versi\u00f3n dom\u00e9stica de los electrodom\u00e9sticos dise\u00f1ados para profesionales. Los mejores restaurantes del mundo utilizan la versi\u00f3n profesional de nuestros productos.<br \/>\nDentro de la gama Magimix, encontrar\u00e1 toda la gama de peque\u00f1os electrodom\u00e9sticos de cocina.<br \/>\nSiempre a la vanguardia de la innovaci\u00f3n en la cocina, Magimix se complace en presentar su \u00faltima colecci\u00f3n para el placer de cocinar como un gran chef.<\/p>\n<p>Magimix gana el premio a la innovaci\u00f3n con su tostadora Vision: la primera tostadora con vista panor\u00e1mica.<\/p>\n<h3><span style=\"font-size: 18pt;\">Caracter\u00edsticas<\/span><\/h3>\n<ul data-start=\"122\" data-end=\"876\">\n<li data-start=\"122\" data-end=\"187\">\n<p data-start=\"124\" data-end=\"187\"><strong data-start=\"124\" data-end=\"144\">Control visual:<\/strong> para tostar exactamente como a ti te gusta<\/p>\n<\/li>\n<li data-start=\"188\" data-end=\"235\">\n<p data-start=\"190\" data-end=\"235\"><strong data-start=\"190\" data-end=\"211\">F\u00e1cil de usar:<\/strong> 1 bot\u00f3n = 1 funci\u00f3n<\/p>\n<\/li>\n<li data-start=\"236\" data-end=\"281\">\n<p data-start=\"238\" data-end=\"281\"><strong data-start=\"238\" data-end=\"259\">Funci\u00f3n Baguette: tuesta solo un lado.<\/strong><\/p>\n<\/li>\n<li data-start=\"282\" data-end=\"334\">\n<p data-start=\"284\" data-end=\"334\"><strong data-start=\"284\" data-end=\"310\">Funci\u00f3n Recalentar: calienta sin secar.<\/strong><\/p>\n<\/li>\n<li data-start=\"335\" data-end=\"402\">\n<p data-start=\"337\" data-end=\"402\"><strong data-start=\"337\" data-end=\"364\">Funci\u00f3n Descongelar: descongela y tuesta pan congelado.<\/strong><\/p>\n<\/li>\n<li data-start=\"403\" data-end=\"445\">\n<p data-start=\"405\" data-end=\"445\"><strong data-start=\"405\" data-end=\"419\">Termostato:<\/strong> 8 niveles de tostado<\/p>\n<\/li>\n<li data-start=\"446\" data-end=\"504\">\n<p data-start=\"448\" data-end=\"504\"><strong data-start=\"448\" data-end=\"471\">Cuarzo infrarrojo:<\/strong> alto rendimiento de tostado<\/p>\n<\/li>\n<li data-start=\"505\" data-end=\"558\">\n<p data-start=\"507\" data-end=\"558\"><strong data-start=\"507\" data-end=\"536\">Puerta de doble pared:<\/strong> aislamiento t\u00e9rmico<\/p>\n<\/li>\n<li data-start=\"559\" data-end=\"625\">\n<p data-start=\"561\" data-end=\"625\"><strong data-start=\"561\" data-end=\"592\">Ranuras extragrandes (38 mm): aptas para todo tipo de pan.<\/strong><\/p>\n<\/li>\n<li data-start=\"626\" data-end=\"679\">\n<p data-start=\"628\" data-end=\"679\"><strong data-start=\"628\" data-end=\"651\">Elevaci\u00f3n extraalta: pr\u00e1ctica para rebanadas peque\u00f1as.<\/strong><\/p>\n<\/li>\n<li data-start=\"680\" data-end=\"729\">\n<p data-start=\"682\" data-end=\"729\"><strong data-start=\"682\" data-end=\"707\">Centrado autom\u00e1tico: tostado uniforme.<\/strong><\/p>\n<\/li>\n<li data-start=\"730\" data-end=\"768\">\n<p data-start=\"732\" data-end=\"768\"><strong data-start=\"732\" data-end=\"766\">Expulsi\u00f3n autom\u00e1tica del pan<\/strong><\/p>\n<\/li>\n<li data-start=\"769\" data-end=\"820\">\n<p data-start=\"771\" data-end=\"820\"><strong data-start=\"771\" data-end=\"801\">Caj\u00f3n recogemigas: gran capacidad<\/strong><\/p>\n<\/li>\n<li data-start=\"821\" data-end=\"876\">\n<p data-start=\"823\" data-end=\"876\"><strong data-start=\"823\" data-end=\"841\">F\u00e1cil limpieza: apertura segura de la puerta<\/strong><\/p>\n<\/li>\n<\/ul>\n<h3 data-start=\"878\" data-end=\"905\"><strong data-start=\"882\" data-end=\"905\">Especificaciones t\u00e9cnicas<\/strong><\/h3>\n<ul data-start=\"907\" data-end=\"1116\">\n<li data-start=\"907\" data-end=\"930\">\n<p data-start=\"909\" data-end=\"930\"><strong data-start=\"909\" data-end=\"920\">Potencia:<\/strong> 1450 W<\/p>\n<\/li>\n<li data-start=\"931\" data-end=\"981\">\n<p data-start=\"933\" data-end=\"981\"><strong data-start=\"933\" data-end=\"946\">Materiales:<\/strong> vidrio, acero inoxidable y aluminio<\/p>\n<\/li>\n<li data-start=\"982\" data-end=\"1006\">\n<p data-start=\"984\" data-end=\"1006\"><strong data-start=\"984\" data-end=\"996\">Garant\u00eda:<\/strong> 3 a\u00f1os<\/p>\n<\/li>\n<li data-start=\"1007\" data-end=\"1051\">\n<p data-start=\"1009\" data-end=\"1051\"><strong data-start=\"1009\" data-end=\"1023\">Dimensiones:<\/strong> Al 225 \u00d7 An 395 \u00d7 Pr 180 mm<\/p>\n<\/li>\n<li data-start=\"1052\" data-end=\"1116\">\n<p data-start=\"1054\" data-end=\"1065\"><strong data-start=\"1054\" data-end=\"1062\">Peso:<\/strong><\/p>\n<ul data-start=\"1068\" data-end=\"1116\">\n<li data-start=\"1068\" data-end=\"1084\">\n<p data-start=\"1070\" data-end=\"1084\">Acero inoxidable: 4,3 kg<\/p>\n<\/li>\n<li data-start=\"1087\" data-end=\"1116\">\n<p data-start=\"1089\" data-end=\"1116\">Versiones en color: 3,9 kg<\/p>\n<\/li>\n<\/ul>\n<\/li>\n<\/ul>\n<p><span style=\"text-decoration: underline;\"><strong>Prohibida su venta fuera de Europa<\/strong><\/span><\/p>\n","protected":false},"excerpt":{"rendered":"<p>MAGIMIX. GARANT\u00cdA ITALIANA En Francia, en el coraz\u00f3n de Borgo\u00f1a, una regi\u00f3n famosa por su gastronom\u00eda, Magimix invent\u00f3 el robot<\/p>\n","protected":false},"featured_media":501400,"template":"","meta":{"_acf_changed":false,"inline_featured_image":false},"product_cat":[16073,16081],"product_tag":[16259,16654,16655,16481],"acf":[],"yoast_head":"<!-- This site is optimized with the Yoast SEO Premium plugin v18.6 (Yoast SEO v19.13) - https:\/\/yoast.com\/wordpress\/plugins\/seo\/ -->\n<title>MAGIMIX Tostadora Vision Cromo pulido - Erresse Shop<\/title>\n<meta name=\"description\" content=\"MAGIMIX. GARANT\u00cdA ITALIANA En Francia, en el coraz\u00f3n de Borgo\u00f1a, una regi\u00f3n famosa por su gastronom\u00eda, Magimix invent\u00f3 el robot de cocina hace m\u00e1s de\" \/>\n<meta name=\"robots\" content=\"index, follow, max-snippet:-1, max-image-preview:large, max-video-preview:-1\" \/>\n<link rel=\"canonical\" href=\"https:\/\/www.erresse-shop.it\/es\/shop\/pequenos-electrodomesticos\/tostadoras\/magimix-tostadora-vision-cromo-pulido\/\" \/>\n<meta property=\"og:locale\" content=\"es_ES\" \/>\n<meta property=\"og:type\" content=\"article\" \/>\n<meta property=\"og:title\" content=\"MAGIMIX Tostadora Vision Cromo pulido\" \/>\n<meta property=\"og:description\" content=\"MAGIMIX. GARANT\u00cdA ITALIANA En Francia, en el coraz\u00f3n de Borgo\u00f1a, una regi\u00f3n famosa por su gastronom\u00eda, Magimix invent\u00f3 el robot de cocina hace m\u00e1s de\" \/>\n<meta property=\"og:url\" content=\"https:\/\/www.erresse-shop.it\/es\/shop\/pequenos-electrodomesticos\/tostadoras\/magimix-tostadora-vision-cromo-pulido\/\" \/>\n<meta property=\"og:site_name\" content=\"Erresse Shop\" \/>\n<meta property=\"article:modified_time\" content=\"2025-05-30T06:14:07+00:00\" \/>\n<meta property=\"og:image\" content=\"https:\/\/www.erresse-shop.it\/wp-content\/uploads\/2025\/05\/MAGIMIX-Tostapane-Vision-Cromo-Lucido.jpg\" \/>\n\t<meta property=\"og:image:width\" content=\"1200\" \/>\n\t<meta property=\"og:image:height\" content=\"1200\" \/>\n\t<meta property=\"og:image:type\" content=\"image\/jpeg\" \/>\n<meta name=\"twitter:card\" content=\"summary_large_image\" \/>\n<script type=\"application\/ld+json\" class=\"yoast-schema-graph\">{\"@context\":\"https:\/\/schema.org\",\"@graph\":[{\"@type\":\"WebPage\",\"@id\":\"https:\/\/www.erresse-shop.it\/es\/shop\/pequenos-electrodomesticos\/tostadoras\/magimix-tostadora-vision-cromo-pulido\/\",\"url\":\"https:\/\/www.erresse-shop.it\/es\/shop\/pequenos-electrodomesticos\/tostadoras\/magimix-tostadora-vision-cromo-pulido\/\",\"name\":\"MAGIMIX Tostadora Vision Cromo pulido - Erresse Shop\",\"isPartOf\":{\"@id\":\"https:\/\/www.erresse-shop.it\/es\/#website\"},\"datePublished\":\"2025-05-30T06:02:31+00:00\",\"dateModified\":\"2025-05-30T06:14:07+00:00\",\"description\":\"MAGIMIX. GARANT\u00cdA ITALIANA En Francia, en el coraz\u00f3n de Borgo\u00f1a, una regi\u00f3n famosa por su gastronom\u00eda, Magimix invent\u00f3 el robot de cocina hace m\u00e1s de\",\"breadcrumb\":{\"@id\":\"https:\/\/www.erresse-shop.it\/es\/shop\/pequenos-electrodomesticos\/tostadoras\/magimix-tostadora-vision-cromo-pulido\/#breadcrumb\"},\"inLanguage\":\"es\",\"potentialAction\":[{\"@type\":\"ReadAction\",\"target\":[\"https:\/\/www.erresse-shop.it\/es\/shop\/pequenos-electrodomesticos\/tostadoras\/magimix-tostadora-vision-cromo-pulido\/\"]}]},{\"@type\":\"BreadcrumbList\",\"@id\":\"https:\/\/www.erresse-shop.it\/es\/shop\/pequenos-electrodomesticos\/tostadoras\/magimix-tostadora-vision-cromo-pulido\/#breadcrumb\",\"itemListElement\":[{\"@type\":\"ListItem\",\"position\":1,\"name\":\"Home\",\"item\":\"https:\/\/www.erresse-shop.it\/es\/\"},{\"@type\":\"ListItem\",\"position\":2,\"name\":\"Shop\",\"item\":\"https:\/\/www.erresse-shop.it\/es\/shop\/\"},{\"@type\":\"ListItem\",\"position\":3,\"name\":\"MAGIMIX Tostadora Vision Cromo pulido\"}]},{\"@type\":\"WebSite\",\"@id\":\"https:\/\/www.erresse-shop.it\/es\/#website\",\"url\":\"https:\/\/www.erresse-shop.it\/es\/\",\"name\":\"Erresse Shop\",\"description\":\"Articoli di qualit\u00e0 per la casa\",\"potentialAction\":[{\"@type\":\"SearchAction\",\"target\":{\"@type\":\"EntryPoint\",\"urlTemplate\":\"https:\/\/www.erresse-shop.it\/es\/?s={search_term_string}\"},\"query-input\":\"required name=search_term_string\"}],\"inLanguage\":\"es\"}]}<\/script>\n<!-- \/ Yoast SEO Premium plugin. -->","yoast_head_json":{"title":"MAGIMIX Tostadora Vision Cromo pulido - Erresse Shop","description":"MAGIMIX. GARANT\u00cdA ITALIANA En Francia, en el coraz\u00f3n de Borgo\u00f1a, una regi\u00f3n famosa por su gastronom\u00eda, Magimix invent\u00f3 el robot de cocina hace m\u00e1s de","robots":{"index":"index","follow":"follow","max-snippet":"max-snippet:-1","max-image-preview":"max-image-preview:large","max-video-preview":"max-video-preview:-1"},"canonical":"https:\/\/www.erresse-shop.it\/es\/shop\/pequenos-electrodomesticos\/tostadoras\/magimix-tostadora-vision-cromo-pulido\/","og_locale":"es_ES","og_type":"article","og_title":"MAGIMIX Tostadora Vision Cromo pulido","og_description":"MAGIMIX. GARANT\u00cdA ITALIANA En Francia, en el coraz\u00f3n de Borgo\u00f1a, una regi\u00f3n famosa por su gastronom\u00eda, Magimix invent\u00f3 el robot de cocina hace m\u00e1s de","og_url":"https:\/\/www.erresse-shop.it\/es\/shop\/pequenos-electrodomesticos\/tostadoras\/magimix-tostadora-vision-cromo-pulido\/","og_site_name":"Erresse Shop","article_modified_time":"2025-05-30T06:14:07+00:00","og_image":[{"width":1200,"height":1200,"url":"https:\/\/www.erresse-shop.it\/wp-content\/uploads\/2025\/05\/MAGIMIX-Tostapane-Vision-Cromo-Lucido.jpg","type":"image\/jpeg"}],"twitter_card":"summary_large_image","schema":{"@context":"https:\/\/schema.org","@graph":[{"@type":"WebPage","@id":"https:\/\/www.erresse-shop.it\/es\/shop\/pequenos-electrodomesticos\/tostadoras\/magimix-tostadora-vision-cromo-pulido\/","url":"https:\/\/www.erresse-shop.it\/es\/shop\/pequenos-electrodomesticos\/tostadoras\/magimix-tostadora-vision-cromo-pulido\/","name":"MAGIMIX Tostadora Vision Cromo pulido - Erresse Shop","isPartOf":{"@id":"https:\/\/www.erresse-shop.it\/es\/#website"},"datePublished":"2025-05-30T06:02:31+00:00","dateModified":"2025-05-30T06:14:07+00:00","description":"MAGIMIX. GARANT\u00cdA ITALIANA En Francia, en el coraz\u00f3n de Borgo\u00f1a, una regi\u00f3n famosa por su gastronom\u00eda, Magimix invent\u00f3 el robot de cocina hace m\u00e1s de","breadcrumb":{"@id":"https:\/\/www.erresse-shop.it\/es\/shop\/pequenos-electrodomesticos\/tostadoras\/magimix-tostadora-vision-cromo-pulido\/#breadcrumb"},"inLanguage":"es","potentialAction":[{"@type":"ReadAction","target":["https:\/\/www.erresse-shop.it\/es\/shop\/pequenos-electrodomesticos\/tostadoras\/magimix-tostadora-vision-cromo-pulido\/"]}]},{"@type":"BreadcrumbList","@id":"https:\/\/www.erresse-shop.it\/es\/shop\/pequenos-electrodomesticos\/tostadoras\/magimix-tostadora-vision-cromo-pulido\/#breadcrumb","itemListElement":[{"@type":"ListItem","position":1,"name":"Home","item":"https:\/\/www.erresse-shop.it\/es\/"},{"@type":"ListItem","position":2,"name":"Shop","item":"https:\/\/www.erresse-shop.it\/es\/shop\/"},{"@type":"ListItem","position":3,"name":"MAGIMIX Tostadora Vision Cromo pulido"}]},{"@type":"WebSite","@id":"https:\/\/www.erresse-shop.it\/es\/#website","url":"https:\/\/www.erresse-shop.it\/es\/","name":"Erresse Shop","description":"Articoli di qualit\u00e0 per la casa","potentialAction":[{"@type":"SearchAction","target":{"@type":"EntryPoint","urlTemplate":"https:\/\/www.erresse-shop.it\/es\/?s={search_term_string}"},"query-input":"required name=search_term_string"}],"inLanguage":"es"}]}},"df_price":214.5,"df_sale_price":214.5,"df_regular_price":330,"df_image_link":"https:\/\/www.erresse-shop.it\/wp-content\/uploads\/2025\/05\/MAGIMIX-Tostapane-Vision-Cromo-Lucido-300x300.jpg","_links":{"self":[{"href":"https:\/\/www.erresse-shop.it\/es\/wp-json\/wp\/v2\/product\/501392"}],"collection":[{"href":"https:\/\/www.erresse-shop.it\/es\/wp-json\/wp\/v2\/product"}],"about":[{"href":"https:\/\/www.erresse-shop.it\/es\/wp-json\/wp\/v2\/types\/product"}],"wp:featuredmedia":[{"embeddable":true,"href":"https:\/\/www.erresse-shop.it\/es\/wp-json\/wp\/v2\/media\/501400"}],"wp:attachment":[{"href":"https:\/\/www.erresse-shop.it\/es\/wp-json\/wp\/v2\/media?parent=501392"}],"wp:term":[{"taxonomy":"product_cat","embeddable":true,"href":"https:\/\/www.erresse-shop.it\/es\/wp-json\/wp\/v2\/product_cat?post=501392"},{"taxonomy":"product_tag","embeddable":true,"href":"https:\/\/www.erresse-shop.it\/es\/wp-json\/wp\/v2\/product_tag?post=501392"}],"curies":[{"name":"wp","href":"https:\/\/api.w.org\/{rel}","templated":true}]}}