{"id":501331,"date":"2025-05-29T13:20:32","date_gmt":"2025-05-29T13:20:35","guid":{"rendered":"https:\/\/www.erresse-shop.it\/?post_type=product&#038;p=501331"},"modified":"2025-05-29T13:38:05","modified_gmt":"2025-05-29T13:38:05","slug":"magimix-batidora-power-blender-3-chrome","status":"publish","type":"product","link":"https:\/\/www.erresse-shop.it\/es\/shop\/pequenos-electrodomesticos\/licuadoras\/magimix-batidora-power-blender-3-chrome\/","title":{"rendered":"MAGIMIX Batidora Power Blender 3 Chrome"},"content":{"rendered":"<p><strong>MAGIMIX. GARANT\u00cdA ITALIANA<\/strong><\/p>\n<p>Fue en Francia, en el coraz\u00f3n de Borgo\u00f1a, una regi\u00f3n famosa por su gastronom\u00eda, donde Magimix invent\u00f3 el robot de cocina hace m\u00e1s de cuarenta a\u00f1os.<br \/>\nHoy en d\u00eda, los electrodom\u00e9sticos Magimix son la versi\u00f3n dom\u00e9stica de los electrodom\u00e9sticos destinados a los profesionales. Los mejores restaurantes del mundo utilizan la versi\u00f3n profesional de nuestros productos.<br \/>\nDentro de la gama Magimix encontrar\u00e1s toda la gama de peque\u00f1os electrodom\u00e9sticos para la cocina.<br \/>\nSiempre a la vanguardia de la innovaci\u00f3n en la cocina, Magimix se complace en presentar su \u00faltima colecci\u00f3n para el placer de cocinar como un gran chef.<\/p>\n<p><strong>LICUADORA POTENTE<\/strong><br \/>\nBlendermix permite obtener una textura verdaderamente aterciopelada para batidos, sopas y masas de crepes.<br \/>\n\u00a1Tambi\u00e9n puedes hacer hielo picado y parfaits en un abrir y cerrar de ojos!<br \/>\nSistema exclusivo BlenderMix: turbulencia optimizada para una emulsi\u00f3n perfecta.<br \/>\n600 a 22.000 rpm: amplio rango de velocidad, arranque suave, modo de pulso turbo para sopas m\u00e1s cremosas.<br \/>\nRecipiente de vidrio resistente al calor para soportar preparaciones fr\u00edas y calientes.<\/p>\n<p><strong>DESCRIPCI\u00d3N T\u00c9CNICA<\/strong><\/p>\n<ul data-start=\"95\" data-end=\"636\">\n<li data-start=\"95\" data-end=\"194\">\n<p data-start=\"97\" data-end=\"194\"><strong data-start=\"97\" data-end=\"123\">5 programas autom\u00e1ticos:<\/strong> hielo picado, bebidas, sopas, postres helados, enjuague<\/p>\n<\/li>\n<li data-start=\"195\" data-end=\"266\">\n<p data-start=\"197\" data-end=\"266\"><strong data-start=\"197\" data-end=\"217\">Modo manual:<\/strong> velocidad ajustable, arranque suave, Turbo<\/p>\n<\/li>\n<li data-start=\"267\" data-end=\"348\">\n<p data-start=\"269\" data-end=\"348\"><strong data-start=\"269\" data-end=\"281\">Capacidad:<\/strong> 1,2 L \u2013 <strong data-start=\"291\" data-end=\"302\">Potencia:<\/strong> 1000 W \u2013 <strong data-start=\"313\" data-end=\"325\">Velocidad:<\/strong> 600\u201322\u00a0000 rpm<\/p>\n<\/li>\n<li data-start=\"349\" data-end=\"407\">\n<p data-start=\"351\" data-end=\"407\"><strong data-start=\"351\" data-end=\"374\">Recipiente de vidrio resistente al calor (caliente\/fr\u00edo)<\/strong><\/p>\n<\/li>\n<li data-start=\"408\" data-end=\"509\">\n<p data-start=\"410\" data-end=\"427\"><strong data-start=\"410\" data-end=\"424\">Tecnolog\u00edas<\/strong>:<\/p>\n<ol data-start=\"430\" data-end=\"509\">\n<li data-start=\"430\" data-end=\"469\">\n<p data-start=\"432\" data-end=\"469\"><strong data-start=\"432\" data-end=\"447\">Blendermix\u00ae<\/strong>: emulsiones perfectas<\/p>\n<\/li>\n<li data-start=\"472\" data-end=\"509\">\n<p data-start=\"474\" data-end=\"509\"><strong data-start=\"474\" data-end=\"487\">Cold Mix\u00ae<\/strong>: ingredientes fr\u00edos<\/p>\n<\/li>\n<\/ol>\n<\/li>\n<li data-start=\"510\" data-end=\"549\">\n<p data-start=\"512\" data-end=\"549\"><strong data-start=\"512\" data-end=\"525\">Accesorios:<\/strong> esp\u00e1tula mezcladora<\/p>\n<\/li>\n<li data-start=\"550\" data-end=\"591\">\n<p data-start=\"552\" data-end=\"591\"><strong data-start=\"552\" data-end=\"563\">Limpieza:<\/strong> completamente extra\u00edble<\/p>\n<\/li>\n<li data-start=\"592\" data-end=\"636\">\n<p data-start=\"594\" data-end=\"636\"><strong data-start=\"594\" data-end=\"607\">Material<\/strong>: 0 % BPA \u2013 <strong data-start=\"618\" data-end=\"630\">En espera<\/strong>: 0 W<\/p>\n<\/li>\n<\/ul>\n<h3 data-start=\"638\" data-end=\"651\"><strong data-start=\"642\" data-end=\"651\">Extras<\/strong><\/h3>\n<ul data-start=\"652\" data-end=\"810\">\n<li data-start=\"682\" data-end=\"719\">\n<p data-start=\"684\" data-end=\"719\"><strong>Garant\u00eda:<\/strong> 3 a\u00f1os<\/p>\n<\/li>\n<li data-start=\"754\" data-end=\"810\">\n<p data-start=\"756\" data-end=\"810\"><strong data-start=\"756\" data-end=\"770\">Dimensiones:<\/strong> 38,5 \u00d7 16,5 \u00d7 16,5 cm<\/p>\n<\/li>\n<li data-start=\"754\" data-end=\"810\">\n<p data-start=\"756\" data-end=\"810\"><strong data-start=\"792\" data-end=\"800\">Peso:<\/strong> 4,9 kg<\/p>\n<\/li>\n<\/ul>\n<p><span style=\"text-decoration: underline;\"><strong>No se vende fuera de Europa<\/strong><\/span><\/p>\n","protected":false},"excerpt":{"rendered":"<p>MAGIMIX. GARANT\u00cdA ITALIANA Fue en Francia, en el coraz\u00f3n de Borgo\u00f1a, una regi\u00f3n famosa por su gastronom\u00eda, donde Magimix invent\u00f3<\/p>\n","protected":false},"featured_media":501350,"template":"","meta":{"_acf_changed":false,"inline_featured_image":false},"product_cat":[16075,16073],"product_tag":[16554,16843,16259,16654,16679,16655],"acf":[],"yoast_head":"<!-- This site is optimized with the Yoast SEO Premium plugin v18.6 (Yoast SEO v19.13) - https:\/\/yoast.com\/wordpress\/plugins\/seo\/ -->\n<title>MAGIMIX Batidora Power Blender 3 Chrome - Erresse Shop<\/title>\n<meta name=\"description\" content=\"MAGIMIX. GARANT\u00cdA ITALIANA Fue en Francia, en el coraz\u00f3n de Borgo\u00f1a, una regi\u00f3n famosa por su gastronom\u00eda, donde Magimix invent\u00f3 el robot de cocina hace\" \/>\n<meta name=\"robots\" content=\"index, follow, max-snippet:-1, max-image-preview:large, max-video-preview:-1\" \/>\n<link rel=\"canonical\" href=\"https:\/\/www.erresse-shop.it\/es\/shop\/pequenos-electrodomesticos\/licuadoras\/magimix-batidora-power-blender-3-chrome\/\" \/>\n<meta property=\"og:locale\" content=\"es_ES\" \/>\n<meta property=\"og:type\" content=\"article\" \/>\n<meta property=\"og:title\" content=\"MAGIMIX Batidora Power Blender 3 Chrome\" \/>\n<meta property=\"og:description\" content=\"MAGIMIX. GARANT\u00cdA ITALIANA Fue en Francia, en el coraz\u00f3n de Borgo\u00f1a, una regi\u00f3n famosa por su gastronom\u00eda, donde Magimix invent\u00f3 el robot de cocina hace\" \/>\n<meta property=\"og:url\" content=\"https:\/\/www.erresse-shop.it\/es\/shop\/pequenos-electrodomesticos\/licuadoras\/magimix-batidora-power-blender-3-chrome\/\" \/>\n<meta property=\"og:site_name\" content=\"Erresse Shop\" \/>\n<meta property=\"article:modified_time\" content=\"2025-05-29T13:38:05+00:00\" \/>\n<meta property=\"og:image\" content=\"https:\/\/www.erresse-shop.it\/wp-content\/uploads\/2025\/05\/MAGIMIX-Frullatore-Power-Blender-3-Cromo.jpg\" \/>\n\t<meta property=\"og:image:width\" content=\"1200\" \/>\n\t<meta property=\"og:image:height\" content=\"1200\" \/>\n\t<meta property=\"og:image:type\" content=\"image\/jpeg\" \/>\n<meta name=\"twitter:card\" content=\"summary_large_image\" \/>\n<script type=\"application\/ld+json\" class=\"yoast-schema-graph\">{\"@context\":\"https:\/\/schema.org\",\"@graph\":[{\"@type\":\"WebPage\",\"@id\":\"https:\/\/www.erresse-shop.it\/es\/shop\/pequenos-electrodomesticos\/licuadoras\/magimix-batidora-power-blender-3-chrome\/\",\"url\":\"https:\/\/www.erresse-shop.it\/es\/shop\/pequenos-electrodomesticos\/licuadoras\/magimix-batidora-power-blender-3-chrome\/\",\"name\":\"MAGIMIX Batidora Power Blender 3 Chrome - Erresse Shop\",\"isPartOf\":{\"@id\":\"https:\/\/www.erresse-shop.it\/es\/#website\"},\"datePublished\":\"2025-05-29T13:20:35+00:00\",\"dateModified\":\"2025-05-29T13:38:05+00:00\",\"description\":\"MAGIMIX. GARANT\u00cdA ITALIANA Fue en Francia, en el coraz\u00f3n de Borgo\u00f1a, una regi\u00f3n famosa por su gastronom\u00eda, donde Magimix invent\u00f3 el robot de cocina hace\",\"breadcrumb\":{\"@id\":\"https:\/\/www.erresse-shop.it\/es\/shop\/pequenos-electrodomesticos\/licuadoras\/magimix-batidora-power-blender-3-chrome\/#breadcrumb\"},\"inLanguage\":\"es\",\"potentialAction\":[{\"@type\":\"ReadAction\",\"target\":[\"https:\/\/www.erresse-shop.it\/es\/shop\/pequenos-electrodomesticos\/licuadoras\/magimix-batidora-power-blender-3-chrome\/\"]}]},{\"@type\":\"BreadcrumbList\",\"@id\":\"https:\/\/www.erresse-shop.it\/es\/shop\/pequenos-electrodomesticos\/licuadoras\/magimix-batidora-power-blender-3-chrome\/#breadcrumb\",\"itemListElement\":[{\"@type\":\"ListItem\",\"position\":1,\"name\":\"Home\",\"item\":\"https:\/\/www.erresse-shop.it\/es\/\"},{\"@type\":\"ListItem\",\"position\":2,\"name\":\"Shop\",\"item\":\"https:\/\/www.erresse-shop.it\/es\/shop\/\"},{\"@type\":\"ListItem\",\"position\":3,\"name\":\"MAGIMIX Batidora Power Blender 3 Chrome\"}]},{\"@type\":\"WebSite\",\"@id\":\"https:\/\/www.erresse-shop.it\/es\/#website\",\"url\":\"https:\/\/www.erresse-shop.it\/es\/\",\"name\":\"Erresse Shop\",\"description\":\"Articoli di qualit\u00e0 per la casa\",\"potentialAction\":[{\"@type\":\"SearchAction\",\"target\":{\"@type\":\"EntryPoint\",\"urlTemplate\":\"https:\/\/www.erresse-shop.it\/es\/?s={search_term_string}\"},\"query-input\":\"required name=search_term_string\"}],\"inLanguage\":\"es\"}]}<\/script>\n<!-- \/ Yoast SEO Premium plugin. -->","yoast_head_json":{"title":"MAGIMIX Batidora Power Blender 3 Chrome - Erresse Shop","description":"MAGIMIX. GARANT\u00cdA ITALIANA Fue en Francia, en el coraz\u00f3n de Borgo\u00f1a, una regi\u00f3n famosa por su gastronom\u00eda, donde Magimix invent\u00f3 el robot de cocina hace","robots":{"index":"index","follow":"follow","max-snippet":"max-snippet:-1","max-image-preview":"max-image-preview:large","max-video-preview":"max-video-preview:-1"},"canonical":"https:\/\/www.erresse-shop.it\/es\/shop\/pequenos-electrodomesticos\/licuadoras\/magimix-batidora-power-blender-3-chrome\/","og_locale":"es_ES","og_type":"article","og_title":"MAGIMIX Batidora Power Blender 3 Chrome","og_description":"MAGIMIX. GARANT\u00cdA ITALIANA Fue en Francia, en el coraz\u00f3n de Borgo\u00f1a, una regi\u00f3n famosa por su gastronom\u00eda, donde Magimix invent\u00f3 el robot de cocina hace","og_url":"https:\/\/www.erresse-shop.it\/es\/shop\/pequenos-electrodomesticos\/licuadoras\/magimix-batidora-power-blender-3-chrome\/","og_site_name":"Erresse Shop","article_modified_time":"2025-05-29T13:38:05+00:00","og_image":[{"width":1200,"height":1200,"url":"https:\/\/www.erresse-shop.it\/wp-content\/uploads\/2025\/05\/MAGIMIX-Frullatore-Power-Blender-3-Cromo.jpg","type":"image\/jpeg"}],"twitter_card":"summary_large_image","schema":{"@context":"https:\/\/schema.org","@graph":[{"@type":"WebPage","@id":"https:\/\/www.erresse-shop.it\/es\/shop\/pequenos-electrodomesticos\/licuadoras\/magimix-batidora-power-blender-3-chrome\/","url":"https:\/\/www.erresse-shop.it\/es\/shop\/pequenos-electrodomesticos\/licuadoras\/magimix-batidora-power-blender-3-chrome\/","name":"MAGIMIX Batidora Power Blender 3 Chrome - Erresse Shop","isPartOf":{"@id":"https:\/\/www.erresse-shop.it\/es\/#website"},"datePublished":"2025-05-29T13:20:35+00:00","dateModified":"2025-05-29T13:38:05+00:00","description":"MAGIMIX. GARANT\u00cdA ITALIANA Fue en Francia, en el coraz\u00f3n de Borgo\u00f1a, una regi\u00f3n famosa por su gastronom\u00eda, donde Magimix invent\u00f3 el robot de cocina hace","breadcrumb":{"@id":"https:\/\/www.erresse-shop.it\/es\/shop\/pequenos-electrodomesticos\/licuadoras\/magimix-batidora-power-blender-3-chrome\/#breadcrumb"},"inLanguage":"es","potentialAction":[{"@type":"ReadAction","target":["https:\/\/www.erresse-shop.it\/es\/shop\/pequenos-electrodomesticos\/licuadoras\/magimix-batidora-power-blender-3-chrome\/"]}]},{"@type":"BreadcrumbList","@id":"https:\/\/www.erresse-shop.it\/es\/shop\/pequenos-electrodomesticos\/licuadoras\/magimix-batidora-power-blender-3-chrome\/#breadcrumb","itemListElement":[{"@type":"ListItem","position":1,"name":"Home","item":"https:\/\/www.erresse-shop.it\/es\/"},{"@type":"ListItem","position":2,"name":"Shop","item":"https:\/\/www.erresse-shop.it\/es\/shop\/"},{"@type":"ListItem","position":3,"name":"MAGIMIX Batidora Power Blender 3 Chrome"}]},{"@type":"WebSite","@id":"https:\/\/www.erresse-shop.it\/es\/#website","url":"https:\/\/www.erresse-shop.it\/es\/","name":"Erresse Shop","description":"Articoli di qualit\u00e0 per la casa","potentialAction":[{"@type":"SearchAction","target":{"@type":"EntryPoint","urlTemplate":"https:\/\/www.erresse-shop.it\/es\/?s={search_term_string}"},"query-input":"required name=search_term_string"}],"inLanguage":"es"}]}},"df_price":162.5,"df_sale_price":162.5,"df_regular_price":250,"df_image_link":"https:\/\/www.erresse-shop.it\/wp-content\/uploads\/2025\/05\/MAGIMIX-Frullatore-Power-Blender-3-Cromo-300x300.jpg","_links":{"self":[{"href":"https:\/\/www.erresse-shop.it\/es\/wp-json\/wp\/v2\/product\/501331"}],"collection":[{"href":"https:\/\/www.erresse-shop.it\/es\/wp-json\/wp\/v2\/product"}],"about":[{"href":"https:\/\/www.erresse-shop.it\/es\/wp-json\/wp\/v2\/types\/product"}],"wp:featuredmedia":[{"embeddable":true,"href":"https:\/\/www.erresse-shop.it\/es\/wp-json\/wp\/v2\/media\/501350"}],"wp:attachment":[{"href":"https:\/\/www.erresse-shop.it\/es\/wp-json\/wp\/v2\/media?parent=501331"}],"wp:term":[{"taxonomy":"product_cat","embeddable":true,"href":"https:\/\/www.erresse-shop.it\/es\/wp-json\/wp\/v2\/product_cat?post=501331"},{"taxonomy":"product_tag","embeddable":true,"href":"https:\/\/www.erresse-shop.it\/es\/wp-json\/wp\/v2\/product_tag?post=501331"}],"curies":[{"name":"wp","href":"https:\/\/api.w.org\/{rel}","templated":true}]}}