{"id":501188,"date":"2025-05-29T06:01:05","date_gmt":"2025-05-29T06:01:09","guid":{"rendered":"https:\/\/www.erresse-shop.it\/?post_type=product&#038;p=501188"},"modified":"2025-05-29T06:52:57","modified_gmt":"2025-05-29T06:52:57","slug":"jura-maquina-de-cafe-j8-piano-white","status":"publish","type":"product","link":"https:\/\/www.erresse-shop.it\/es\/shop\/pequenos-electrodomesticos\/maquinas-de-cafe\/automatico\/jura-maquina-de-cafe-j8-piano-white\/","title":{"rendered":"JURA M\u00e1quina de caf\u00e9 J8 Piano White"},"content":{"rendered":"<div class=\"subt\u00edtulo-de-p\u00e1gina\">\n<div class=\"subt\u00edtulo-de-p\u00e1gina\">\n<div class=\"subt\u00edtulo-de-p\u00e1gina\">\n<div class=\"subt\u00edtulo-de-p\u00e1gina\">\n<div class=\"page-subtitle\">\n<h3><span style=\"font-size: 14pt;\">J8 para especialidades de caf\u00e9, tambi\u00e9n con espuma de leche azucarada<\/span><\/h3>\n<p>La nueva generaci\u00f3n de la mundialmente famosa l\u00ednea J incluye una serie de innovaciones tecnol\u00f3gicas para disfrutar a\u00fan m\u00e1s del caf\u00e9. Adem\u00e1s de toda la gama de caf\u00e9s cl\u00e1sicos, la J8 ahora ofrece a\u00fan m\u00e1s especialidades.<\/p>\n<h3><span style=\"font-size: 14pt;\">Funci\u00f3n Sweet Foam: la nueva frontera del placer<\/span><\/h3>\n<p>El secreto de la alta cocina reside en el uso de ingredientes frescos y puros, preparados con maestr\u00eda. Lo mismo aplica a las extraordinarias especialidades de caf\u00e9. La nueva funci\u00f3n Sweet Foam aromatiza la espuma de leche durante la preparaci\u00f3n con el accesorio para sirope correspondiente, ofreciendo una experiencia de disfrute completamente nueva. Al seleccionar y dosificar el sirope utilizado, el sabor y la intensidad se pueden ajustar con precisi\u00f3n a las preferencias individuales. Esto significa que la J8 tambi\u00e9n prepara deliciosas especialidades de moda como el Sweet Latte con solo pulsar un bot\u00f3n.<\/p>\n<h3><span style=\"font-size: 14pt;\">Coffee Eye: un sensor de taza inteligente<\/span><\/h3>\n<p>Tanto si desea preparar un cl\u00e1sico con la salida central del caf\u00e9 como si prefiere una especialidad enriquecida con leche y espuma de leche con la salida para capuchino, Coffee Eye le facilita las cosas. El sensor inteligente detecta la posici\u00f3n de la taza y ajusta autom\u00e1ticamente la gama de especialidades seleccionables en la pantalla. Para un manejo a\u00fan m\u00e1s sencillo e intuitivo.<\/p>\n<h3><span style=\"font-size: 14pt;\">P.A.G.2+: alta tecnolog\u00eda para un aroma excepcional<\/span><\/h3>\n<p>El molinillo de caf\u00e9 P.A.G.2+ es \u00fanico en su clase. Esto se refleja en su dise\u00f1o inspirado en la F\u00f3rmula 1. El control de aroma es un control activo del grado de molienda que garantiza un resultado excelente y constante. Seg\u00fan el producto seleccionado, la m\u00e1quina autom\u00e1tica recomienda un grado de molienda &#8220;medio&#8221; o &#8220;fuerte&#8221;. Esto controla el aroma en la taza. Los niveles de molienda se pueden cambiar en cualquier momento, pero antes y despu\u00e9s de la preparaci\u00f3n, el P.A.G.2+ permanece en modo de espera, lo que lo protege durante toda su vida \u00fatil. De esta manera, la cafetera totalmente autom\u00e1tica para caf\u00e9s especiales garantiza un disfrute perfecto de la clase premium durante mucho m\u00e1s tiempo.<\/p>\n<h3><span style=\"font-size: 14pt;\">Dise\u00f1o integral: expresi\u00f3n de la m\u00e1xima experiencia<\/span><\/h3>\n<p>La est\u00e9tica del J8 se caracteriza por l\u00edneas claras y sim\u00e9tricas. Los m\u00e1s altos est\u00e1ndares de construcci\u00f3n y la m\u00e1xima precisi\u00f3n en la fabricaci\u00f3n son expresi\u00f3n de calidad y experiencia. La nueva interpretaci\u00f3n de este dise\u00f1o integral, galardonado internacionalmente, impresiona por su atenci\u00f3n al detalle. El \u00e9nfasis en los granos de caf\u00e9 frescos, la atractiva interfaz de usuario y la inteligente iluminaci\u00f3n de la fragante especialidad: todo se integra en un conjunto armonioso que expresa la superioridad de esta m\u00e1quina totalmente autom\u00e1tica de alta calidad.<\/p>\n<h3><span style=\"font-size: 14pt;\">Especialidades disponibles (31 en total)<\/span><\/h3>\n<ul>\n<li>Espresso, Espresso doble, Caf\u00e9, Caf\u00e9 doble, Americano, Lungo<\/li>\n<li>Cortado, Cortado dulce, Espresso macchiato, Espresso macchiato dulce<\/li>\n<li>Cappuccino, Cappuccino dulce, Cappuccino extra shot<\/li>\n<li>Flat White (tambi\u00e9n dulce y extra shot)<\/li>\n<li>Caffelatte, Latte macchiato, versiones dulces, extra shot<\/li>\n<li>Porci\u00f3n de leche o espuma (tambi\u00e9n en versi\u00f3n dulce)<\/li>\n<li>Agua caliente y para t\u00e9 verde<\/li>\n<\/ul>\n<h3><span style=\"font-size: 14pt;\">Tecnolog\u00eda y funciones avanzadas<\/span><\/h3>\n<ul>\n<li>Molinillo de caf\u00e9 P.A.G.2+: molienda precisa y silenciosa<\/li>\n<li>Proceso de extracci\u00f3n por pulsos (P.E.P.\u00ae): realza los aromas<\/li>\n<li>Funci\u00f3n de espuma dulce: crea una espuma con sabor dulce<\/li>\n<li>Control activo de granos + Coffee Eye: reconoce la taza<\/li>\n<li>Wi-Fi integrado + Compatible con la app J.O.E.\u00ae<\/li>\n<li>Pantalla t\u00e1ctil a color 4.3\u201d<\/li>\n<li>Programaci\u00f3n personalizada: intensidad (10 niveles), temperatura (3 niveles), cantidad de leche y caf\u00e9<\/li>\n<\/ul>\n<h3><span style=\"font-size: 14pt;\">Datos t\u00e9cnicos<\/span><\/h3>\n<ul>\n<li>Capacidad de agua: 1.9 L<\/li>\n<li>Capacidad de granos: 280 g<\/li>\n<li>Dep\u00f3sito de posos: 16 porciones<\/li>\n<li>Dimensiones: 31.8 \u00d7 34.8 \u00d7 44.6 cm<\/li>\n<li>Peso: 10.2 kg<\/li>\n<li>Potencia: 1450 W (230 V)<\/li>\n<\/ul>\n<p><strong>Hecho en Suiza<\/strong><br \/>\n<strong>A\u00f1o del modelo:<\/strong> 2022<\/p>\n<\/div>\n<\/div>\n<\/div>\n<\/div>\n<\/div>\n","protected":false},"excerpt":{"rendered":"<p>J8 para especialidades de caf\u00e9, tambi\u00e9n con espuma de leche azucarada La nueva generaci\u00f3n de la mundialmente famosa l\u00ednea J<\/p>\n","protected":false},"featured_media":501255,"template":"","meta":{"_acf_changed":false,"inline_featured_image":false},"product_cat":[25362,16076,16073],"product_tag":[23574,20769,23570,16395],"acf":[],"yoast_head":"<!-- This site is optimized with the Yoast SEO Premium plugin v18.6 (Yoast SEO v19.13) - https:\/\/yoast.com\/wordpress\/plugins\/seo\/ -->\n<title>JURA M\u00e1quina de caf\u00e9 J8 Piano White - Erresse Shop<\/title>\n<meta name=\"description\" content=\"J8 para especialidades de caf\u00e9, tambi\u00e9n con espuma de leche azucarada La nueva generaci\u00f3n de la mundialmente famosa l\u00ednea J incluye una serie de\" \/>\n<meta name=\"robots\" content=\"index, follow, max-snippet:-1, max-image-preview:large, max-video-preview:-1\" \/>\n<link rel=\"canonical\" href=\"https:\/\/www.erresse-shop.it\/es\/shop\/pequenos-electrodomesticos\/maquinas-de-cafe\/automatico\/jura-maquina-de-cafe-j8-piano-white\/\" \/>\n<meta property=\"og:locale\" content=\"es_ES\" \/>\n<meta property=\"og:type\" content=\"article\" \/>\n<meta property=\"og:title\" content=\"JURA M\u00e1quina de caf\u00e9 J8 Piano White\" \/>\n<meta property=\"og:description\" content=\"J8 para especialidades de caf\u00e9, tambi\u00e9n con espuma de leche azucarada La nueva generaci\u00f3n de la mundialmente famosa l\u00ednea J incluye una serie de\" \/>\n<meta property=\"og:url\" content=\"https:\/\/www.erresse-shop.it\/es\/shop\/pequenos-electrodomesticos\/maquinas-de-cafe\/automatico\/jura-maquina-de-cafe-j8-piano-white\/\" \/>\n<meta property=\"og:site_name\" content=\"Erresse Shop\" \/>\n<meta property=\"article:modified_time\" content=\"2025-05-29T06:52:57+00:00\" \/>\n<meta property=\"og:image\" content=\"https:\/\/www.erresse-shop.it\/wp-content\/uploads\/2025\/05\/JURA-Macchina-Da-Caffe-J8-Piano-White.jpg\" \/>\n\t<meta property=\"og:image:width\" content=\"1200\" \/>\n\t<meta property=\"og:image:height\" content=\"1200\" \/>\n\t<meta property=\"og:image:type\" content=\"image\/jpeg\" \/>\n<meta name=\"twitter:card\" content=\"summary_large_image\" \/>\n<script type=\"application\/ld+json\" class=\"yoast-schema-graph\">{\"@context\":\"https:\/\/schema.org\",\"@graph\":[{\"@type\":\"WebPage\",\"@id\":\"https:\/\/www.erresse-shop.it\/es\/shop\/pequenos-electrodomesticos\/maquinas-de-cafe\/automatico\/jura-maquina-de-cafe-j8-piano-white\/\",\"url\":\"https:\/\/www.erresse-shop.it\/es\/shop\/pequenos-electrodomesticos\/maquinas-de-cafe\/automatico\/jura-maquina-de-cafe-j8-piano-white\/\",\"name\":\"JURA M\u00e1quina de caf\u00e9 J8 Piano White - Erresse Shop\",\"isPartOf\":{\"@id\":\"https:\/\/www.erresse-shop.it\/es\/#website\"},\"datePublished\":\"2025-05-29T06:01:09+00:00\",\"dateModified\":\"2025-05-29T06:52:57+00:00\",\"description\":\"J8 para especialidades de caf\u00e9, tambi\u00e9n con espuma de leche azucarada La nueva generaci\u00f3n de la mundialmente famosa l\u00ednea J incluye una serie de\",\"breadcrumb\":{\"@id\":\"https:\/\/www.erresse-shop.it\/es\/shop\/pequenos-electrodomesticos\/maquinas-de-cafe\/automatico\/jura-maquina-de-cafe-j8-piano-white\/#breadcrumb\"},\"inLanguage\":\"es\",\"potentialAction\":[{\"@type\":\"ReadAction\",\"target\":[\"https:\/\/www.erresse-shop.it\/es\/shop\/pequenos-electrodomesticos\/maquinas-de-cafe\/automatico\/jura-maquina-de-cafe-j8-piano-white\/\"]}]},{\"@type\":\"BreadcrumbList\",\"@id\":\"https:\/\/www.erresse-shop.it\/es\/shop\/pequenos-electrodomesticos\/maquinas-de-cafe\/automatico\/jura-maquina-de-cafe-j8-piano-white\/#breadcrumb\",\"itemListElement\":[{\"@type\":\"ListItem\",\"position\":1,\"name\":\"Home\",\"item\":\"https:\/\/www.erresse-shop.it\/es\/\"},{\"@type\":\"ListItem\",\"position\":2,\"name\":\"Shop\",\"item\":\"https:\/\/www.erresse-shop.it\/es\/shop\/\"},{\"@type\":\"ListItem\",\"position\":3,\"name\":\"JURA M\u00e1quina de caf\u00e9 J8 Piano White\"}]},{\"@type\":\"WebSite\",\"@id\":\"https:\/\/www.erresse-shop.it\/es\/#website\",\"url\":\"https:\/\/www.erresse-shop.it\/es\/\",\"name\":\"Erresse Shop\",\"description\":\"Articoli di qualit\u00e0 per la casa\",\"potentialAction\":[{\"@type\":\"SearchAction\",\"target\":{\"@type\":\"EntryPoint\",\"urlTemplate\":\"https:\/\/www.erresse-shop.it\/es\/?s={search_term_string}\"},\"query-input\":\"required name=search_term_string\"}],\"inLanguage\":\"es\"}]}<\/script>\n<!-- \/ Yoast SEO Premium plugin. -->","yoast_head_json":{"title":"JURA M\u00e1quina de caf\u00e9 J8 Piano White - Erresse Shop","description":"J8 para especialidades de caf\u00e9, tambi\u00e9n con espuma de leche azucarada La nueva generaci\u00f3n de la mundialmente famosa l\u00ednea J incluye una serie de","robots":{"index":"index","follow":"follow","max-snippet":"max-snippet:-1","max-image-preview":"max-image-preview:large","max-video-preview":"max-video-preview:-1"},"canonical":"https:\/\/www.erresse-shop.it\/es\/shop\/pequenos-electrodomesticos\/maquinas-de-cafe\/automatico\/jura-maquina-de-cafe-j8-piano-white\/","og_locale":"es_ES","og_type":"article","og_title":"JURA M\u00e1quina de caf\u00e9 J8 Piano White","og_description":"J8 para especialidades de caf\u00e9, tambi\u00e9n con espuma de leche azucarada La nueva generaci\u00f3n de la mundialmente famosa l\u00ednea J incluye una serie de","og_url":"https:\/\/www.erresse-shop.it\/es\/shop\/pequenos-electrodomesticos\/maquinas-de-cafe\/automatico\/jura-maquina-de-cafe-j8-piano-white\/","og_site_name":"Erresse Shop","article_modified_time":"2025-05-29T06:52:57+00:00","og_image":[{"width":1200,"height":1200,"url":"https:\/\/www.erresse-shop.it\/wp-content\/uploads\/2025\/05\/JURA-Macchina-Da-Caffe-J8-Piano-White.jpg","type":"image\/jpeg"}],"twitter_card":"summary_large_image","schema":{"@context":"https:\/\/schema.org","@graph":[{"@type":"WebPage","@id":"https:\/\/www.erresse-shop.it\/es\/shop\/pequenos-electrodomesticos\/maquinas-de-cafe\/automatico\/jura-maquina-de-cafe-j8-piano-white\/","url":"https:\/\/www.erresse-shop.it\/es\/shop\/pequenos-electrodomesticos\/maquinas-de-cafe\/automatico\/jura-maquina-de-cafe-j8-piano-white\/","name":"JURA M\u00e1quina de caf\u00e9 J8 Piano White - Erresse Shop","isPartOf":{"@id":"https:\/\/www.erresse-shop.it\/es\/#website"},"datePublished":"2025-05-29T06:01:09+00:00","dateModified":"2025-05-29T06:52:57+00:00","description":"J8 para especialidades de caf\u00e9, tambi\u00e9n con espuma de leche azucarada La nueva generaci\u00f3n de la mundialmente famosa l\u00ednea J incluye una serie de","breadcrumb":{"@id":"https:\/\/www.erresse-shop.it\/es\/shop\/pequenos-electrodomesticos\/maquinas-de-cafe\/automatico\/jura-maquina-de-cafe-j8-piano-white\/#breadcrumb"},"inLanguage":"es","potentialAction":[{"@type":"ReadAction","target":["https:\/\/www.erresse-shop.it\/es\/shop\/pequenos-electrodomesticos\/maquinas-de-cafe\/automatico\/jura-maquina-de-cafe-j8-piano-white\/"]}]},{"@type":"BreadcrumbList","@id":"https:\/\/www.erresse-shop.it\/es\/shop\/pequenos-electrodomesticos\/maquinas-de-cafe\/automatico\/jura-maquina-de-cafe-j8-piano-white\/#breadcrumb","itemListElement":[{"@type":"ListItem","position":1,"name":"Home","item":"https:\/\/www.erresse-shop.it\/es\/"},{"@type":"ListItem","position":2,"name":"Shop","item":"https:\/\/www.erresse-shop.it\/es\/shop\/"},{"@type":"ListItem","position":3,"name":"JURA M\u00e1quina de caf\u00e9 J8 Piano White"}]},{"@type":"WebSite","@id":"https:\/\/www.erresse-shop.it\/es\/#website","url":"https:\/\/www.erresse-shop.it\/es\/","name":"Erresse Shop","description":"Articoli di qualit\u00e0 per la casa","potentialAction":[{"@type":"SearchAction","target":{"@type":"EntryPoint","urlTemplate":"https:\/\/www.erresse-shop.it\/es\/?s={search_term_string}"},"query-input":"required name=search_term_string"}],"inLanguage":"es"}]}},"df_price":1844.1000000000001,"df_sale_price":1844.1000000000001,"df_regular_price":2049,"df_image_link":"https:\/\/www.erresse-shop.it\/wp-content\/uploads\/2025\/05\/JURA-Macchina-Da-Caffe-J8-Piano-White-300x300.jpg","_links":{"self":[{"href":"https:\/\/www.erresse-shop.it\/es\/wp-json\/wp\/v2\/product\/501188"}],"collection":[{"href":"https:\/\/www.erresse-shop.it\/es\/wp-json\/wp\/v2\/product"}],"about":[{"href":"https:\/\/www.erresse-shop.it\/es\/wp-json\/wp\/v2\/types\/product"}],"wp:featuredmedia":[{"embeddable":true,"href":"https:\/\/www.erresse-shop.it\/es\/wp-json\/wp\/v2\/media\/501255"}],"wp:attachment":[{"href":"https:\/\/www.erresse-shop.it\/es\/wp-json\/wp\/v2\/media?parent=501188"}],"wp:term":[{"taxonomy":"product_cat","embeddable":true,"href":"https:\/\/www.erresse-shop.it\/es\/wp-json\/wp\/v2\/product_cat?post=501188"},{"taxonomy":"product_tag","embeddable":true,"href":"https:\/\/www.erresse-shop.it\/es\/wp-json\/wp\/v2\/product_tag?post=501188"}],"curies":[{"name":"wp","href":"https:\/\/api.w.org\/{rel}","templated":true}]}}