{"id":501139,"date":"2025-05-28T10:50:59","date_gmt":"2025-05-28T10:51:03","guid":{"rendered":"https:\/\/www.erresse-shop.it\/?post_type=product&#038;p=501139"},"modified":"2025-07-25T10:28:21","modified_gmt":"2025-07-25T10:28:21","slug":"villeroy-boch-oscar-servicio-68-piezas","status":"publish","type":"product","link":"https:\/\/www.erresse-shop.it\/es\/shop\/tabla\/cubiertos\/villeroy-boch-oscar-servicio-68-piezas\/","title":{"rendered":"VILLEROY &#038; BOCH Oscar Servicio 68 Piezas"},"content":{"rendered":"<p><strong>Dise\u00f1o perfecto para cada ocasi\u00f3n<\/strong><br \/>\nLa colecci\u00f3n de cubiertos Oscar, con sus l\u00edneas limpias y su refinada elegancia, se adapta perfectamente a cualquier decoraci\u00f3n. Fabricados en acero inoxidable apto para lavavajillas, se presentan en una elegante caja de cart\u00f3n con la imagen del producto. Este completo set de cubiertos con capacidad para doce personas garantiza que siempre est\u00e9s bien preparado, tanto para las comidas diarias como para ocasiones especiales. Tambi\u00e9n es un regalo ideal. Descubre el estilo con Oscar.<\/p>\n<p>El set de 68 piezas incluye:<\/p>\n<ul>\n<li class=\"a-spacing-mini\"><span class=\"a-list-item\">12 cucharas<\/span><\/li>\n<li class=\"a-spacing-mini\"><span class=\"a-list-item\">12 tenedores<\/span><\/li>\n<li class=\"a-spacing-mini\"><span class=\"a-list-item\">12 cuchillos<\/span><\/li>\n<li class=\"a-spacing-mini\"><span class=\"a-list-item\">12 cucharillas<\/span><\/li>\n<li class=\"a-spacing-mini\"><span class=\"a-list-item\">12 tenedores de postre<\/span><\/li>\n<li class=\"a-spacing-mini\"><span class=\"a-list-item\">1 cuchara de postre<\/span><\/li>\n<li>1 cuchara para verduras<\/li>\n<li>1 cuchara para ensalada<\/li>\n<li>1 tenedor para ensalada<\/li>\n<li>1 cuchar\u00f3n para salsa<\/li>\n<li>1 cuchar\u00f3n para salsa<\/li>\n<li>1 pala para pastel<\/li>\n<li>1 az\u00facar Cuchara de t\u00e9<\/li>\n<\/ul>\n<p><strong>Material<\/strong>: Acero inoxidable<br \/>\n<strong>Color<\/strong>: Plata\/Platino<br \/>\n<strong>Apto para lavavajillas<\/strong>: S\u00ed<br \/>\n<strong>Apto para microondas<\/strong>: No<\/p>\n","protected":false},"excerpt":{"rendered":"<p>Dise\u00f1o perfecto para cada ocasi\u00f3n La colecci\u00f3n de cubiertos Oscar, con sus l\u00edneas limpias y su refinada elegancia, se adapta<\/p>\n","protected":false},"featured_media":501155,"template":"","meta":{"_acf_changed":false,"inline_featured_image":false},"product_cat":[16033,16027],"product_tag":[25029,16432,24399,17211,25023],"acf":[],"yoast_head":"<!-- This site is optimized with the Yoast SEO Premium plugin v18.6 (Yoast SEO v19.13) - https:\/\/yoast.com\/wordpress\/plugins\/seo\/ -->\n<title>VILLEROY &amp; BOCH Oscar Servicio 68 Piezas - Erresse Shop<\/title>\n<meta name=\"description\" content=\"Dise\u00f1o perfecto para cada ocasi\u00f3n La colecci\u00f3n de cubiertos Oscar, con sus l\u00edneas limpias y su refinada elegancia, se adapta perfectamente a cualquier\" \/>\n<meta name=\"robots\" content=\"index, follow, max-snippet:-1, max-image-preview:large, max-video-preview:-1\" \/>\n<link rel=\"canonical\" href=\"https:\/\/www.erresse-shop.it\/es\/shop\/tabla\/cubiertos\/villeroy-boch-oscar-servicio-68-piezas\/\" \/>\n<meta property=\"og:locale\" content=\"es_ES\" \/>\n<meta property=\"og:type\" content=\"article\" \/>\n<meta property=\"og:title\" content=\"VILLEROY &amp; BOCH Oscar Servicio 68 Piezas\" \/>\n<meta property=\"og:description\" content=\"Dise\u00f1o perfecto para cada ocasi\u00f3n La colecci\u00f3n de cubiertos Oscar, con sus l\u00edneas limpias y su refinada elegancia, se adapta perfectamente a cualquier\" \/>\n<meta property=\"og:url\" content=\"https:\/\/www.erresse-shop.it\/es\/shop\/tabla\/cubiertos\/villeroy-boch-oscar-servicio-68-piezas\/\" \/>\n<meta property=\"og:site_name\" content=\"Erresse Shop\" \/>\n<meta property=\"article:modified_time\" content=\"2025-07-25T10:28:21+00:00\" \/>\n<meta property=\"og:image\" content=\"https:\/\/www.erresse-shop.it\/wp-content\/uploads\/2025\/05\/VILLEROY-BOCH-Oscar-Servizio-68-Pezzi.jpg\" \/>\n\t<meta property=\"og:image:width\" content=\"1200\" \/>\n\t<meta property=\"og:image:height\" content=\"1200\" \/>\n\t<meta property=\"og:image:type\" content=\"image\/jpeg\" \/>\n<meta name=\"twitter:card\" content=\"summary_large_image\" \/>\n<script type=\"application\/ld+json\" class=\"yoast-schema-graph\">{\"@context\":\"https:\/\/schema.org\",\"@graph\":[{\"@type\":\"WebPage\",\"@id\":\"https:\/\/www.erresse-shop.it\/es\/shop\/tabla\/cubiertos\/villeroy-boch-oscar-servicio-68-piezas\/\",\"url\":\"https:\/\/www.erresse-shop.it\/es\/shop\/tabla\/cubiertos\/villeroy-boch-oscar-servicio-68-piezas\/\",\"name\":\"VILLEROY & BOCH Oscar Servicio 68 Piezas - Erresse Shop\",\"isPartOf\":{\"@id\":\"https:\/\/www.erresse-shop.it\/es\/#website\"},\"datePublished\":\"2025-05-28T10:51:03+00:00\",\"dateModified\":\"2025-07-25T10:28:21+00:00\",\"description\":\"Dise\u00f1o perfecto para cada ocasi\u00f3n La colecci\u00f3n de cubiertos Oscar, con sus l\u00edneas limpias y su refinada elegancia, se adapta perfectamente a cualquier\",\"breadcrumb\":{\"@id\":\"https:\/\/www.erresse-shop.it\/es\/shop\/tabla\/cubiertos\/villeroy-boch-oscar-servicio-68-piezas\/#breadcrumb\"},\"inLanguage\":\"es\",\"potentialAction\":[{\"@type\":\"ReadAction\",\"target\":[\"https:\/\/www.erresse-shop.it\/es\/shop\/tabla\/cubiertos\/villeroy-boch-oscar-servicio-68-piezas\/\"]}]},{\"@type\":\"BreadcrumbList\",\"@id\":\"https:\/\/www.erresse-shop.it\/es\/shop\/tabla\/cubiertos\/villeroy-boch-oscar-servicio-68-piezas\/#breadcrumb\",\"itemListElement\":[{\"@type\":\"ListItem\",\"position\":1,\"name\":\"Home\",\"item\":\"https:\/\/www.erresse-shop.it\/es\/\"},{\"@type\":\"ListItem\",\"position\":2,\"name\":\"Shop\",\"item\":\"https:\/\/www.erresse-shop.it\/es\/shop\/\"},{\"@type\":\"ListItem\",\"position\":3,\"name\":\"VILLEROY &#038; BOCH Oscar Servicio 68 Piezas\"}]},{\"@type\":\"WebSite\",\"@id\":\"https:\/\/www.erresse-shop.it\/es\/#website\",\"url\":\"https:\/\/www.erresse-shop.it\/es\/\",\"name\":\"Erresse Shop\",\"description\":\"Articoli di qualit\u00e0 per la casa\",\"potentialAction\":[{\"@type\":\"SearchAction\",\"target\":{\"@type\":\"EntryPoint\",\"urlTemplate\":\"https:\/\/www.erresse-shop.it\/es\/?s={search_term_string}\"},\"query-input\":\"required name=search_term_string\"}],\"inLanguage\":\"es\"}]}<\/script>\n<!-- \/ Yoast SEO Premium plugin. -->","yoast_head_json":{"title":"VILLEROY & BOCH Oscar Servicio 68 Piezas - Erresse Shop","description":"Dise\u00f1o perfecto para cada ocasi\u00f3n La colecci\u00f3n de cubiertos Oscar, con sus l\u00edneas limpias y su refinada elegancia, se adapta perfectamente a cualquier","robots":{"index":"index","follow":"follow","max-snippet":"max-snippet:-1","max-image-preview":"max-image-preview:large","max-video-preview":"max-video-preview:-1"},"canonical":"https:\/\/www.erresse-shop.it\/es\/shop\/tabla\/cubiertos\/villeroy-boch-oscar-servicio-68-piezas\/","og_locale":"es_ES","og_type":"article","og_title":"VILLEROY & BOCH Oscar Servicio 68 Piezas","og_description":"Dise\u00f1o perfecto para cada ocasi\u00f3n La colecci\u00f3n de cubiertos Oscar, con sus l\u00edneas limpias y su refinada elegancia, se adapta perfectamente a cualquier","og_url":"https:\/\/www.erresse-shop.it\/es\/shop\/tabla\/cubiertos\/villeroy-boch-oscar-servicio-68-piezas\/","og_site_name":"Erresse Shop","article_modified_time":"2025-07-25T10:28:21+00:00","og_image":[{"width":1200,"height":1200,"url":"https:\/\/www.erresse-shop.it\/wp-content\/uploads\/2025\/05\/VILLEROY-BOCH-Oscar-Servizio-68-Pezzi.jpg","type":"image\/jpeg"}],"twitter_card":"summary_large_image","schema":{"@context":"https:\/\/schema.org","@graph":[{"@type":"WebPage","@id":"https:\/\/www.erresse-shop.it\/es\/shop\/tabla\/cubiertos\/villeroy-boch-oscar-servicio-68-piezas\/","url":"https:\/\/www.erresse-shop.it\/es\/shop\/tabla\/cubiertos\/villeroy-boch-oscar-servicio-68-piezas\/","name":"VILLEROY & BOCH Oscar Servicio 68 Piezas - Erresse Shop","isPartOf":{"@id":"https:\/\/www.erresse-shop.it\/es\/#website"},"datePublished":"2025-05-28T10:51:03+00:00","dateModified":"2025-07-25T10:28:21+00:00","description":"Dise\u00f1o perfecto para cada ocasi\u00f3n La colecci\u00f3n de cubiertos Oscar, con sus l\u00edneas limpias y su refinada elegancia, se adapta perfectamente a cualquier","breadcrumb":{"@id":"https:\/\/www.erresse-shop.it\/es\/shop\/tabla\/cubiertos\/villeroy-boch-oscar-servicio-68-piezas\/#breadcrumb"},"inLanguage":"es","potentialAction":[{"@type":"ReadAction","target":["https:\/\/www.erresse-shop.it\/es\/shop\/tabla\/cubiertos\/villeroy-boch-oscar-servicio-68-piezas\/"]}]},{"@type":"BreadcrumbList","@id":"https:\/\/www.erresse-shop.it\/es\/shop\/tabla\/cubiertos\/villeroy-boch-oscar-servicio-68-piezas\/#breadcrumb","itemListElement":[{"@type":"ListItem","position":1,"name":"Home","item":"https:\/\/www.erresse-shop.it\/es\/"},{"@type":"ListItem","position":2,"name":"Shop","item":"https:\/\/www.erresse-shop.it\/es\/shop\/"},{"@type":"ListItem","position":3,"name":"VILLEROY &#038; BOCH Oscar Servicio 68 Piezas"}]},{"@type":"WebSite","@id":"https:\/\/www.erresse-shop.it\/es\/#website","url":"https:\/\/www.erresse-shop.it\/es\/","name":"Erresse Shop","description":"Articoli di qualit\u00e0 per la casa","potentialAction":[{"@type":"SearchAction","target":{"@type":"EntryPoint","urlTemplate":"https:\/\/www.erresse-shop.it\/es\/?s={search_term_string}"},"query-input":"required name=search_term_string"}],"inLanguage":"es"}]}},"df_price":199.95,"df_sale_price":199.95,"df_regular_price":499,"df_image_link":"https:\/\/www.erresse-shop.it\/wp-content\/uploads\/2025\/05\/VILLEROY-BOCH-Oscar-Servizio-68-Pezzi-300x300.jpg","_links":{"self":[{"href":"https:\/\/www.erresse-shop.it\/es\/wp-json\/wp\/v2\/product\/501139"}],"collection":[{"href":"https:\/\/www.erresse-shop.it\/es\/wp-json\/wp\/v2\/product"}],"about":[{"href":"https:\/\/www.erresse-shop.it\/es\/wp-json\/wp\/v2\/types\/product"}],"wp:featuredmedia":[{"embeddable":true,"href":"https:\/\/www.erresse-shop.it\/es\/wp-json\/wp\/v2\/media\/501155"}],"wp:attachment":[{"href":"https:\/\/www.erresse-shop.it\/es\/wp-json\/wp\/v2\/media?parent=501139"}],"wp:term":[{"taxonomy":"product_cat","embeddable":true,"href":"https:\/\/www.erresse-shop.it\/es\/wp-json\/wp\/v2\/product_cat?post=501139"},{"taxonomy":"product_tag","embeddable":true,"href":"https:\/\/www.erresse-shop.it\/es\/wp-json\/wp\/v2\/product_tag?post=501139"}],"curies":[{"name":"wp","href":"https:\/\/api.w.org\/{rel}","templated":true}]}}