{"id":501071,"date":"2025-05-28T08:55:25","date_gmt":"2025-05-28T08:55:28","guid":{"rendered":"https:\/\/www.erresse-shop.it\/?post_type=product&#038;p=501071"},"modified":"2025-05-28T09:10:12","modified_gmt":"2025-05-28T09:10:12","slug":"villeroy-boch-fleur-florero-22-cm-azul","status":"publish","type":"product","link":"https:\/\/www.erresse-shop.it\/es\/shop\/mobiliario\/jarrones\/villeroy-boch-fleur-florero-22-cm-azul\/","title":{"rendered":"VILLEROY &#038; BOCH Fleur Florero 22 cm Azul"},"content":{"rendered":"<h3 class=\"chakra-heading css-1gab7be\">Jarr\u00f3n Fleur<\/h3>\n<div class=\"editor-text css-14bs28v\">\n<ul>\n<li>Belleza y decoraci\u00f3n: Este jarr\u00f3n decorativo ofrece a las flores, hierbas y ramitas un lugar para esparcir su belleza.<\/li>\n<\/ul>\n<\/div>\n<div class=\"css-48lupg\">\n<div class=\"css-1rymss\"><strong>Advertencias<\/strong><\/div>\n<div class=\"editor-text css-1art13b\">\n<ul>\n<li>Nunca deje una vela encendida sin supervisi\u00f3n.<\/li>\n<li>Mantenga las velas fuera del alcance de los ni\u00f1os y las mascotas.<\/li>\n<li>Mantenga las velas separadas al menos 10 cm.<\/li>\n<li>Coloque la vela en posici\u00f3n vertical.<\/li>\n<li>No mueva una vela encendida. Vela.<\/li>\n<li>Evite la inhalaci\u00f3n directa del humo.<\/li>\n<li>No queme velas en una corriente de aire.<\/li>\n<li>Mantenga las velas alejadas de objetos que puedan incendiarse.<\/li>\n<li>Use un candelabro resistente al calor.<\/li>\n<li>Recorte el borde si mide m\u00e1s de 1 cm.<\/li>\n<li>No coloque las velas cerca de una fuente de calor.<\/li>\n<li>Recorte la mecha a 1 cm.<\/li>\n<\/ul>\n<p><strong>Material:<\/strong> vidrio<br \/>\n<strong>Apto para lavavajillas:<\/strong> S\u00ed<br \/>\n<strong>Apto para microondas:<\/strong> No<\/p>\n<div>\n<ul>\n<li><strong>Di\u00e1metro:<\/strong> 160 mm<\/li>\n<li><strong>Altura:<\/strong> 225 mm<\/li>\n<li><strong>Volumen:<\/strong> 3500 ml<\/li>\n<li><strong>Peso:<\/strong>1690 g<\/li>\n<\/ul>\n<\/div>\n<\/div>\n<\/div>\n","protected":false},"excerpt":{"rendered":"<p>Jarr\u00f3n Fleur Belleza y decoraci\u00f3n: Este jarr\u00f3n decorativo ofrece a las flores, hierbas y ramitas un lugar para esparcir su<\/p>\n","protected":false},"featured_media":501085,"template":"","meta":{"_acf_changed":false,"inline_featured_image":false},"product_cat":[16024,16016],"product_tag":[25029,24399,16122,22237],"acf":[],"yoast_head":"<!-- This site is optimized with the Yoast SEO Premium plugin v18.6 (Yoast SEO v19.13) - https:\/\/yoast.com\/wordpress\/plugins\/seo\/ -->\n<title>VILLEROY &amp; BOCH Fleur Florero 22 cm Azul - Erresse Shop<\/title>\n<meta name=\"description\" content=\"Jarr\u00f3n Fleur Belleza y decoraci\u00f3n: Este jarr\u00f3n decorativo ofrece a las flores, hierbas y ramitas un lugar para esparcir su belleza. Advertencias Nunca\" \/>\n<meta name=\"robots\" content=\"index, follow, max-snippet:-1, max-image-preview:large, max-video-preview:-1\" \/>\n<link rel=\"canonical\" href=\"https:\/\/www.erresse-shop.it\/es\/shop\/mobiliario\/jarrones\/villeroy-boch-fleur-florero-22-cm-azul\/\" \/>\n<meta property=\"og:locale\" content=\"es_ES\" \/>\n<meta property=\"og:type\" content=\"article\" \/>\n<meta property=\"og:title\" content=\"VILLEROY &amp; BOCH Fleur Florero 22 cm Azul\" \/>\n<meta property=\"og:description\" content=\"Jarr\u00f3n Fleur Belleza y decoraci\u00f3n: Este jarr\u00f3n decorativo ofrece a las flores, hierbas y ramitas un lugar para esparcir su belleza. Advertencias Nunca\" \/>\n<meta property=\"og:url\" content=\"https:\/\/www.erresse-shop.it\/es\/shop\/mobiliario\/jarrones\/villeroy-boch-fleur-florero-22-cm-azul\/\" \/>\n<meta property=\"og:site_name\" content=\"Erresse Shop\" \/>\n<meta property=\"article:modified_time\" content=\"2025-05-28T09:10:12+00:00\" \/>\n<meta property=\"og:image\" content=\"https:\/\/www.erresse-shop.it\/wp-content\/uploads\/2025\/05\/VILLEROY-BOCH-Fleur-Vaso-22-cm-Blu.jpg\" \/>\n\t<meta property=\"og:image:width\" content=\"1200\" \/>\n\t<meta property=\"og:image:height\" content=\"1200\" \/>\n\t<meta property=\"og:image:type\" content=\"image\/jpeg\" \/>\n<meta name=\"twitter:card\" content=\"summary_large_image\" \/>\n<script type=\"application\/ld+json\" class=\"yoast-schema-graph\">{\"@context\":\"https:\/\/schema.org\",\"@graph\":[{\"@type\":\"WebPage\",\"@id\":\"https:\/\/www.erresse-shop.it\/es\/shop\/mobiliario\/jarrones\/villeroy-boch-fleur-florero-22-cm-azul\/\",\"url\":\"https:\/\/www.erresse-shop.it\/es\/shop\/mobiliario\/jarrones\/villeroy-boch-fleur-florero-22-cm-azul\/\",\"name\":\"VILLEROY & BOCH Fleur Florero 22 cm Azul - Erresse Shop\",\"isPartOf\":{\"@id\":\"https:\/\/www.erresse-shop.it\/es\/#website\"},\"datePublished\":\"2025-05-28T08:55:28+00:00\",\"dateModified\":\"2025-05-28T09:10:12+00:00\",\"description\":\"Jarr\u00f3n Fleur Belleza y decoraci\u00f3n: Este jarr\u00f3n decorativo ofrece a las flores, hierbas y ramitas un lugar para esparcir su belleza. Advertencias Nunca\",\"breadcrumb\":{\"@id\":\"https:\/\/www.erresse-shop.it\/es\/shop\/mobiliario\/jarrones\/villeroy-boch-fleur-florero-22-cm-azul\/#breadcrumb\"},\"inLanguage\":\"es\",\"potentialAction\":[{\"@type\":\"ReadAction\",\"target\":[\"https:\/\/www.erresse-shop.it\/es\/shop\/mobiliario\/jarrones\/villeroy-boch-fleur-florero-22-cm-azul\/\"]}]},{\"@type\":\"BreadcrumbList\",\"@id\":\"https:\/\/www.erresse-shop.it\/es\/shop\/mobiliario\/jarrones\/villeroy-boch-fleur-florero-22-cm-azul\/#breadcrumb\",\"itemListElement\":[{\"@type\":\"ListItem\",\"position\":1,\"name\":\"Home\",\"item\":\"https:\/\/www.erresse-shop.it\/es\/\"},{\"@type\":\"ListItem\",\"position\":2,\"name\":\"Shop\",\"item\":\"https:\/\/www.erresse-shop.it\/es\/shop\/\"},{\"@type\":\"ListItem\",\"position\":3,\"name\":\"VILLEROY &#038; BOCH Fleur Florero 22 cm Azul\"}]},{\"@type\":\"WebSite\",\"@id\":\"https:\/\/www.erresse-shop.it\/es\/#website\",\"url\":\"https:\/\/www.erresse-shop.it\/es\/\",\"name\":\"Erresse Shop\",\"description\":\"Articoli di qualit\u00e0 per la casa\",\"potentialAction\":[{\"@type\":\"SearchAction\",\"target\":{\"@type\":\"EntryPoint\",\"urlTemplate\":\"https:\/\/www.erresse-shop.it\/es\/?s={search_term_string}\"},\"query-input\":\"required name=search_term_string\"}],\"inLanguage\":\"es\"}]}<\/script>\n<!-- \/ Yoast SEO Premium plugin. -->","yoast_head_json":{"title":"VILLEROY & BOCH Fleur Florero 22 cm Azul - Erresse Shop","description":"Jarr\u00f3n Fleur Belleza y decoraci\u00f3n: Este jarr\u00f3n decorativo ofrece a las flores, hierbas y ramitas un lugar para esparcir su belleza. Advertencias Nunca","robots":{"index":"index","follow":"follow","max-snippet":"max-snippet:-1","max-image-preview":"max-image-preview:large","max-video-preview":"max-video-preview:-1"},"canonical":"https:\/\/www.erresse-shop.it\/es\/shop\/mobiliario\/jarrones\/villeroy-boch-fleur-florero-22-cm-azul\/","og_locale":"es_ES","og_type":"article","og_title":"VILLEROY & BOCH Fleur Florero 22 cm Azul","og_description":"Jarr\u00f3n Fleur Belleza y decoraci\u00f3n: Este jarr\u00f3n decorativo ofrece a las flores, hierbas y ramitas un lugar para esparcir su belleza. Advertencias Nunca","og_url":"https:\/\/www.erresse-shop.it\/es\/shop\/mobiliario\/jarrones\/villeroy-boch-fleur-florero-22-cm-azul\/","og_site_name":"Erresse Shop","article_modified_time":"2025-05-28T09:10:12+00:00","og_image":[{"width":1200,"height":1200,"url":"https:\/\/www.erresse-shop.it\/wp-content\/uploads\/2025\/05\/VILLEROY-BOCH-Fleur-Vaso-22-cm-Blu.jpg","type":"image\/jpeg"}],"twitter_card":"summary_large_image","schema":{"@context":"https:\/\/schema.org","@graph":[{"@type":"WebPage","@id":"https:\/\/www.erresse-shop.it\/es\/shop\/mobiliario\/jarrones\/villeroy-boch-fleur-florero-22-cm-azul\/","url":"https:\/\/www.erresse-shop.it\/es\/shop\/mobiliario\/jarrones\/villeroy-boch-fleur-florero-22-cm-azul\/","name":"VILLEROY & BOCH Fleur Florero 22 cm Azul - Erresse Shop","isPartOf":{"@id":"https:\/\/www.erresse-shop.it\/es\/#website"},"datePublished":"2025-05-28T08:55:28+00:00","dateModified":"2025-05-28T09:10:12+00:00","description":"Jarr\u00f3n Fleur Belleza y decoraci\u00f3n: Este jarr\u00f3n decorativo ofrece a las flores, hierbas y ramitas un lugar para esparcir su belleza. Advertencias Nunca","breadcrumb":{"@id":"https:\/\/www.erresse-shop.it\/es\/shop\/mobiliario\/jarrones\/villeroy-boch-fleur-florero-22-cm-azul\/#breadcrumb"},"inLanguage":"es","potentialAction":[{"@type":"ReadAction","target":["https:\/\/www.erresse-shop.it\/es\/shop\/mobiliario\/jarrones\/villeroy-boch-fleur-florero-22-cm-azul\/"]}]},{"@type":"BreadcrumbList","@id":"https:\/\/www.erresse-shop.it\/es\/shop\/mobiliario\/jarrones\/villeroy-boch-fleur-florero-22-cm-azul\/#breadcrumb","itemListElement":[{"@type":"ListItem","position":1,"name":"Home","item":"https:\/\/www.erresse-shop.it\/es\/"},{"@type":"ListItem","position":2,"name":"Shop","item":"https:\/\/www.erresse-shop.it\/es\/shop\/"},{"@type":"ListItem","position":3,"name":"VILLEROY &#038; BOCH Fleur Florero 22 cm Azul"}]},{"@type":"WebSite","@id":"https:\/\/www.erresse-shop.it\/es\/#website","url":"https:\/\/www.erresse-shop.it\/es\/","name":"Erresse Shop","description":"Articoli di qualit\u00e0 per la casa","potentialAction":[{"@type":"SearchAction","target":{"@type":"EntryPoint","urlTemplate":"https:\/\/www.erresse-shop.it\/es\/?s={search_term_string}"},"query-input":"required name=search_term_string"}],"inLanguage":"es"}]}},"df_price":19.95,"df_sale_price":19.95,"df_regular_price":39.9,"df_image_link":"https:\/\/www.erresse-shop.it\/wp-content\/uploads\/2025\/05\/VILLEROY-BOCH-Fleur-Vaso-22-cm-Blu-300x300.jpg","_links":{"self":[{"href":"https:\/\/www.erresse-shop.it\/es\/wp-json\/wp\/v2\/product\/501071"}],"collection":[{"href":"https:\/\/www.erresse-shop.it\/es\/wp-json\/wp\/v2\/product"}],"about":[{"href":"https:\/\/www.erresse-shop.it\/es\/wp-json\/wp\/v2\/types\/product"}],"wp:featuredmedia":[{"embeddable":true,"href":"https:\/\/www.erresse-shop.it\/es\/wp-json\/wp\/v2\/media\/501085"}],"wp:attachment":[{"href":"https:\/\/www.erresse-shop.it\/es\/wp-json\/wp\/v2\/media?parent=501071"}],"wp:term":[{"taxonomy":"product_cat","embeddable":true,"href":"https:\/\/www.erresse-shop.it\/es\/wp-json\/wp\/v2\/product_cat?post=501071"},{"taxonomy":"product_tag","embeddable":true,"href":"https:\/\/www.erresse-shop.it\/es\/wp-json\/wp\/v2\/product_tag?post=501071"}],"curies":[{"name":"wp","href":"https:\/\/api.w.org\/{rel}","templated":true}]}}