{"id":501007,"date":"2025-05-28T08:10:39","date_gmt":"2025-05-28T08:10:43","guid":{"rendered":"https:\/\/www.erresse-shop.it\/?post_type=product&#038;p=501007"},"modified":"2025-05-28T08:27:34","modified_gmt":"2025-05-28T08:27:34","slug":"villeroy-boch-boston-set-de-4-copas-de-vino-blanco-125-ml-multicolor","status":"publish","type":"product","link":"https:\/\/www.erresse-shop.it\/es\/shop\/tabla\/vino\/calices\/villeroy-boch-boston-set-de-4-copas-de-vino-blanco-125-ml-multicolor\/","title":{"rendered":"VILLEROY &#038; BOCH Boston Set de 4 copas de vino blanco 125 ml Multicolor"},"content":{"rendered":"<p class=\"chakra-heading css-1djizvy\"><strong><span style=\"font-size: 14pt;\">Copa de Vino Blanco Boston<br \/>\n<\/span><\/strong><\/p>\n<ul>\n<li>Con sus 125 ml, esta copa ofrece suficiente espacio para que el vino blanco desarrolle su fresco sabor y finos aromas.<\/li>\n<li>Elemento decorativo y funcional: la copa de vino blanco crea un ambiente rom\u00e1ntico en la mesa para una cena o almuerzo en pareja.<\/li>\n<li>Calidad superior: La copa de vino blanco de cristal es ins\u00edpida y de una calidad excepcional.<\/li>\n<li>Efecto de luz m\u00e1gico: el patr\u00f3n facetado refracta la luz y crea un juego de colores \u00fanico en cuatro tonos.<\/li>\n<li>M\u00e1xima practicidad: la copa de vino blanco es apta para lavavajillas.<\/li>\n<\/ul>\n<p><strong>Material:<\/strong> cristal.<br \/>\n<strong>Apto para lavavajillas:<\/strong> s\u00ed.<br \/>\n<strong>Apto para microondas:<\/strong> No<\/p>\n<p><strong>Di\u00e1metro:<\/strong> 83 mm<br \/>\n<strong>Altura:<\/strong> 120 mm<br \/>\n<strong>Volumen:<\/strong> 125 ml<\/p>\n","protected":false},"excerpt":{"rendered":"<p>Copa de Vino Blanco Boston Con sus 125 ml, esta copa ofrece suficiente espacio para que el vino blanco desarrolle<\/p>\n","protected":false},"featured_media":501033,"template":"","meta":{"_acf_changed":false,"inline_featured_image":false},"product_cat":[16052,16027,16051],"product_tag":[25029,23912,19386,23343,25023],"acf":[],"yoast_head":"<!-- This site is optimized with the Yoast SEO Premium plugin v18.6 (Yoast SEO v19.13) - https:\/\/yoast.com\/wordpress\/plugins\/seo\/ -->\n<title>VILLEROY &amp; BOCH Boston Set de 4 copas de vino blanco 125 ml Multicolor - Erresse Shop<\/title>\n<meta name=\"description\" content=\"Copa de Vino Blanco Boston Con sus 125 ml, esta copa ofrece suficiente espacio para que el vino blanco desarrolle su fresco sabor y finos aromas. Elemento\" \/>\n<meta name=\"robots\" content=\"index, follow, max-snippet:-1, max-image-preview:large, max-video-preview:-1\" \/>\n<link rel=\"canonical\" href=\"https:\/\/www.erresse-shop.it\/es\/shop\/tabla\/vino\/calices\/villeroy-boch-boston-set-de-4-copas-de-vino-blanco-125-ml-multicolor\/\" \/>\n<meta property=\"og:locale\" content=\"es_ES\" \/>\n<meta property=\"og:type\" content=\"article\" \/>\n<meta property=\"og:title\" content=\"VILLEROY &amp; BOCH Boston Set de 4 copas de vino blanco 125 ml Multicolor\" \/>\n<meta property=\"og:description\" content=\"Copa de Vino Blanco Boston Con sus 125 ml, esta copa ofrece suficiente espacio para que el vino blanco desarrolle su fresco sabor y finos aromas. Elemento\" \/>\n<meta property=\"og:url\" content=\"https:\/\/www.erresse-shop.it\/es\/shop\/tabla\/vino\/calices\/villeroy-boch-boston-set-de-4-copas-de-vino-blanco-125-ml-multicolor\/\" \/>\n<meta property=\"og:site_name\" content=\"Erresse Shop\" \/>\n<meta property=\"article:modified_time\" content=\"2025-05-28T08:27:34+00:00\" \/>\n<meta property=\"og:image\" content=\"https:\/\/www.erresse-shop.it\/wp-content\/uploads\/2025\/05\/VILLEROY-BOCH-Boston-Calici-Vino-Bianco-125-ml-Multicolore.jpg\" \/>\n\t<meta property=\"og:image:width\" content=\"1200\" \/>\n\t<meta property=\"og:image:height\" content=\"1200\" \/>\n\t<meta property=\"og:image:type\" content=\"image\/jpeg\" \/>\n<meta name=\"twitter:card\" content=\"summary_large_image\" \/>\n<script type=\"application\/ld+json\" class=\"yoast-schema-graph\">{\"@context\":\"https:\/\/schema.org\",\"@graph\":[{\"@type\":\"WebPage\",\"@id\":\"https:\/\/www.erresse-shop.it\/es\/shop\/tabla\/vino\/calices\/villeroy-boch-boston-set-de-4-copas-de-vino-blanco-125-ml-multicolor\/\",\"url\":\"https:\/\/www.erresse-shop.it\/es\/shop\/tabla\/vino\/calices\/villeroy-boch-boston-set-de-4-copas-de-vino-blanco-125-ml-multicolor\/\",\"name\":\"VILLEROY & BOCH Boston Set de 4 copas de vino blanco 125 ml Multicolor - Erresse Shop\",\"isPartOf\":{\"@id\":\"https:\/\/www.erresse-shop.it\/es\/#website\"},\"datePublished\":\"2025-05-28T08:10:43+00:00\",\"dateModified\":\"2025-05-28T08:27:34+00:00\",\"description\":\"Copa de Vino Blanco Boston Con sus 125 ml, esta copa ofrece suficiente espacio para que el vino blanco desarrolle su fresco sabor y finos aromas. Elemento\",\"breadcrumb\":{\"@id\":\"https:\/\/www.erresse-shop.it\/es\/shop\/tabla\/vino\/calices\/villeroy-boch-boston-set-de-4-copas-de-vino-blanco-125-ml-multicolor\/#breadcrumb\"},\"inLanguage\":\"es\",\"potentialAction\":[{\"@type\":\"ReadAction\",\"target\":[\"https:\/\/www.erresse-shop.it\/es\/shop\/tabla\/vino\/calices\/villeroy-boch-boston-set-de-4-copas-de-vino-blanco-125-ml-multicolor\/\"]}]},{\"@type\":\"BreadcrumbList\",\"@id\":\"https:\/\/www.erresse-shop.it\/es\/shop\/tabla\/vino\/calices\/villeroy-boch-boston-set-de-4-copas-de-vino-blanco-125-ml-multicolor\/#breadcrumb\",\"itemListElement\":[{\"@type\":\"ListItem\",\"position\":1,\"name\":\"Home\",\"item\":\"https:\/\/www.erresse-shop.it\/es\/\"},{\"@type\":\"ListItem\",\"position\":2,\"name\":\"Shop\",\"item\":\"https:\/\/www.erresse-shop.it\/es\/shop\/\"},{\"@type\":\"ListItem\",\"position\":3,\"name\":\"VILLEROY &#038; BOCH Boston Set de 4 copas de vino blanco 125 ml Multicolor\"}]},{\"@type\":\"WebSite\",\"@id\":\"https:\/\/www.erresse-shop.it\/es\/#website\",\"url\":\"https:\/\/www.erresse-shop.it\/es\/\",\"name\":\"Erresse Shop\",\"description\":\"Articoli di qualit\u00e0 per la casa\",\"potentialAction\":[{\"@type\":\"SearchAction\",\"target\":{\"@type\":\"EntryPoint\",\"urlTemplate\":\"https:\/\/www.erresse-shop.it\/es\/?s={search_term_string}\"},\"query-input\":\"required name=search_term_string\"}],\"inLanguage\":\"es\"}]}<\/script>\n<!-- \/ Yoast SEO Premium plugin. -->","yoast_head_json":{"title":"VILLEROY & BOCH Boston Set de 4 copas de vino blanco 125 ml Multicolor - Erresse Shop","description":"Copa de Vino Blanco Boston Con sus 125 ml, esta copa ofrece suficiente espacio para que el vino blanco desarrolle su fresco sabor y finos aromas. Elemento","robots":{"index":"index","follow":"follow","max-snippet":"max-snippet:-1","max-image-preview":"max-image-preview:large","max-video-preview":"max-video-preview:-1"},"canonical":"https:\/\/www.erresse-shop.it\/es\/shop\/tabla\/vino\/calices\/villeroy-boch-boston-set-de-4-copas-de-vino-blanco-125-ml-multicolor\/","og_locale":"es_ES","og_type":"article","og_title":"VILLEROY & BOCH Boston Set de 4 copas de vino blanco 125 ml Multicolor","og_description":"Copa de Vino Blanco Boston Con sus 125 ml, esta copa ofrece suficiente espacio para que el vino blanco desarrolle su fresco sabor y finos aromas. Elemento","og_url":"https:\/\/www.erresse-shop.it\/es\/shop\/tabla\/vino\/calices\/villeroy-boch-boston-set-de-4-copas-de-vino-blanco-125-ml-multicolor\/","og_site_name":"Erresse Shop","article_modified_time":"2025-05-28T08:27:34+00:00","og_image":[{"width":1200,"height":1200,"url":"https:\/\/www.erresse-shop.it\/wp-content\/uploads\/2025\/05\/VILLEROY-BOCH-Boston-Calici-Vino-Bianco-125-ml-Multicolore.jpg","type":"image\/jpeg"}],"twitter_card":"summary_large_image","schema":{"@context":"https:\/\/schema.org","@graph":[{"@type":"WebPage","@id":"https:\/\/www.erresse-shop.it\/es\/shop\/tabla\/vino\/calices\/villeroy-boch-boston-set-de-4-copas-de-vino-blanco-125-ml-multicolor\/","url":"https:\/\/www.erresse-shop.it\/es\/shop\/tabla\/vino\/calices\/villeroy-boch-boston-set-de-4-copas-de-vino-blanco-125-ml-multicolor\/","name":"VILLEROY & BOCH Boston Set de 4 copas de vino blanco 125 ml Multicolor - Erresse Shop","isPartOf":{"@id":"https:\/\/www.erresse-shop.it\/es\/#website"},"datePublished":"2025-05-28T08:10:43+00:00","dateModified":"2025-05-28T08:27:34+00:00","description":"Copa de Vino Blanco Boston Con sus 125 ml, esta copa ofrece suficiente espacio para que el vino blanco desarrolle su fresco sabor y finos aromas. Elemento","breadcrumb":{"@id":"https:\/\/www.erresse-shop.it\/es\/shop\/tabla\/vino\/calices\/villeroy-boch-boston-set-de-4-copas-de-vino-blanco-125-ml-multicolor\/#breadcrumb"},"inLanguage":"es","potentialAction":[{"@type":"ReadAction","target":["https:\/\/www.erresse-shop.it\/es\/shop\/tabla\/vino\/calices\/villeroy-boch-boston-set-de-4-copas-de-vino-blanco-125-ml-multicolor\/"]}]},{"@type":"BreadcrumbList","@id":"https:\/\/www.erresse-shop.it\/es\/shop\/tabla\/vino\/calices\/villeroy-boch-boston-set-de-4-copas-de-vino-blanco-125-ml-multicolor\/#breadcrumb","itemListElement":[{"@type":"ListItem","position":1,"name":"Home","item":"https:\/\/www.erresse-shop.it\/es\/"},{"@type":"ListItem","position":2,"name":"Shop","item":"https:\/\/www.erresse-shop.it\/es\/shop\/"},{"@type":"ListItem","position":3,"name":"VILLEROY &#038; BOCH Boston Set de 4 copas de vino blanco 125 ml Multicolor"}]},{"@type":"WebSite","@id":"https:\/\/www.erresse-shop.it\/es\/#website","url":"https:\/\/www.erresse-shop.it\/es\/","name":"Erresse Shop","description":"Articoli di qualit\u00e0 per la casa","potentialAction":[{"@type":"SearchAction","target":{"@type":"EntryPoint","urlTemplate":"https:\/\/www.erresse-shop.it\/es\/?s={search_term_string}"},"query-input":"required name=search_term_string"}],"inLanguage":"es"}]}},"df_price":54.95,"df_sale_price":54.95,"df_regular_price":71.6,"df_image_link":"https:\/\/www.erresse-shop.it\/wp-content\/uploads\/2025\/05\/VILLEROY-BOCH-Boston-Calici-Vino-Bianco-125-ml-Multicolore-300x300.jpg","_links":{"self":[{"href":"https:\/\/www.erresse-shop.it\/es\/wp-json\/wp\/v2\/product\/501007"}],"collection":[{"href":"https:\/\/www.erresse-shop.it\/es\/wp-json\/wp\/v2\/product"}],"about":[{"href":"https:\/\/www.erresse-shop.it\/es\/wp-json\/wp\/v2\/types\/product"}],"wp:featuredmedia":[{"embeddable":true,"href":"https:\/\/www.erresse-shop.it\/es\/wp-json\/wp\/v2\/media\/501033"}],"wp:attachment":[{"href":"https:\/\/www.erresse-shop.it\/es\/wp-json\/wp\/v2\/media?parent=501007"}],"wp:term":[{"taxonomy":"product_cat","embeddable":true,"href":"https:\/\/www.erresse-shop.it\/es\/wp-json\/wp\/v2\/product_cat?post=501007"},{"taxonomy":"product_tag","embeddable":true,"href":"https:\/\/www.erresse-shop.it\/es\/wp-json\/wp\/v2\/product_tag?post=501007"}],"curies":[{"name":"wp","href":"https:\/\/api.w.org\/{rel}","templated":true}]}}