{"id":500939,"date":"2025-05-28T06:20:38","date_gmt":"2025-05-28T06:20:42","guid":{"rendered":"https:\/\/www.erresse-shop.it\/?post_type=product&#038;p=500939"},"modified":"2025-05-28T06:47:22","modified_gmt":"2025-05-28T06:47:22","slug":"joseph-joseph-tota-luxe-laundry-basket-90-litros-negro","status":"publish","type":"product","link":"https:\/\/www.erresse-shop.it\/es\/shop\/mobiliario\/cuarto-de-bano\/joseph-joseph-tota-luxe-laundry-basket-90-litros-negro\/","title":{"rendered":"JOSEPH JOSEPH Tota Luxe Laundry Basket 90 litros Negro"},"content":{"rendered":"<p>Mejora tu rutina de lavander\u00eda con este elegante cesto de bamb\u00fa negro con dos bolsas de tela de 45 litros para separarlas y transportarlas f\u00e1cilmente. Elegante y funcional, se adaptar\u00e1 perfectamente a la decoraci\u00f3n de cualquier dormitorio. <\/p>\n<ul>\n<li>Exterior de bamb\u00fa de lujo y tapa forrada de tela con asa de cuero.<\/li>\n<li>Dos compartimentos de 45 litros para separar f\u00e1cilmente las prendas.<\/li>\n<li>Forros extra\u00edbles con pr\u00e1cticas asas de transporte.<\/li>\n<li>Asa de apoyo en la base de cada bolsa para vaciarla f\u00e1cilmente.<\/li>\n<li>Los forros de retorno r\u00e1pido regresan autom\u00e1ticamente a la cesta.<\/li>\n<\/ul>\n<p><strong>Cuidado y uso:<\/strong><\/p>\n<ul>\n<li>Instrucciones de montaje incluidas.<\/li>\n<li>Bolsas: Lavables a m\u00e1quina; consulte la etiqueta del producto para obtener instrucciones.<\/li>\n<li>Retire el pl\u00e1stico antes de lavar.<\/li>\n<li>Dem\u00e1s piezas: Limpie con un pa\u00f1o h\u00famedo.<\/li>\n<li>Advertencia: No siente ni coloque objetos pesados \u200b\u200bsobre la cesta.<\/li>\n<li>No permita que los ni\u00f1os jueguen con la cesta. Cesta.<\/li>\n<\/ul>\n<p><strong>Dimensiones:<\/strong><\/p>\n<p>Alto 73,5 x Ancho 60,8 x Fondo 40,6 cm<\/p>\n","protected":false},"excerpt":{"rendered":"<p>Mejora tu rutina de lavander\u00eda con este elegante cesto de bamb\u00fa negro con dos bolsas de tela de 45 litros<\/p>\n","protected":false},"featured_media":500965,"template":"","meta":{"_acf_changed":false,"inline_featured_image":false},"product_cat":[19017,16016],"product_tag":[25029,16225,21376,21373,21231,18478,21374,21375,25023],"acf":[],"yoast_head":"<!-- This site is optimized with the Yoast SEO Premium plugin v18.6 (Yoast SEO v19.13) - https:\/\/yoast.com\/wordpress\/plugins\/seo\/ -->\n<title>JOSEPH JOSEPH Tota Luxe Laundry Basket 90 litros Negro - Erresse Shop<\/title>\n<meta name=\"description\" content=\"Mejora tu rutina de lavander\u00eda con este elegante cesto de bamb\u00fa negro con dos bolsas de tela de 45 litros para separarlas y transportarlas f\u00e1cilmente.\" \/>\n<meta name=\"robots\" content=\"index, follow, max-snippet:-1, max-image-preview:large, max-video-preview:-1\" \/>\n<link rel=\"canonical\" href=\"https:\/\/www.erresse-shop.it\/es\/shop\/mobiliario\/cuarto-de-bano\/joseph-joseph-tota-luxe-laundry-basket-90-litros-negro\/\" \/>\n<meta property=\"og:locale\" content=\"es_ES\" \/>\n<meta property=\"og:type\" content=\"article\" \/>\n<meta property=\"og:title\" content=\"JOSEPH JOSEPH Tota Luxe Laundry Basket 90 litros Negro\" \/>\n<meta property=\"og:description\" content=\"Mejora tu rutina de lavander\u00eda con este elegante cesto de bamb\u00fa negro con dos bolsas de tela de 45 litros para separarlas y transportarlas f\u00e1cilmente.\" \/>\n<meta property=\"og:url\" content=\"https:\/\/www.erresse-shop.it\/es\/shop\/mobiliario\/cuarto-de-bano\/joseph-joseph-tota-luxe-laundry-basket-90-litros-negro\/\" \/>\n<meta property=\"og:site_name\" content=\"Erresse Shop\" \/>\n<meta property=\"article:modified_time\" content=\"2025-05-28T06:47:22+00:00\" \/>\n<meta property=\"og:image\" content=\"https:\/\/www.erresse-shop.it\/wp-content\/uploads\/2025\/05\/JOSEPH-JOSEPH-Luxe-Cesto-Biancheria-90-litri-Nero.jpg\" \/>\n\t<meta property=\"og:image:width\" content=\"1200\" \/>\n\t<meta property=\"og:image:height\" content=\"1200\" \/>\n\t<meta property=\"og:image:type\" content=\"image\/jpeg\" \/>\n<meta name=\"twitter:card\" content=\"summary_large_image\" \/>\n<script type=\"application\/ld+json\" class=\"yoast-schema-graph\">{\"@context\":\"https:\/\/schema.org\",\"@graph\":[{\"@type\":\"WebPage\",\"@id\":\"https:\/\/www.erresse-shop.it\/es\/shop\/mobiliario\/cuarto-de-bano\/joseph-joseph-tota-luxe-laundry-basket-90-litros-negro\/\",\"url\":\"https:\/\/www.erresse-shop.it\/es\/shop\/mobiliario\/cuarto-de-bano\/joseph-joseph-tota-luxe-laundry-basket-90-litros-negro\/\",\"name\":\"JOSEPH JOSEPH Tota Luxe Laundry Basket 90 litros Negro - Erresse Shop\",\"isPartOf\":{\"@id\":\"https:\/\/www.erresse-shop.it\/es\/#website\"},\"datePublished\":\"2025-05-28T06:20:42+00:00\",\"dateModified\":\"2025-05-28T06:47:22+00:00\",\"description\":\"Mejora tu rutina de lavander\u00eda con este elegante cesto de bamb\u00fa negro con dos bolsas de tela de 45 litros para separarlas y transportarlas f\u00e1cilmente.\",\"breadcrumb\":{\"@id\":\"https:\/\/www.erresse-shop.it\/es\/shop\/mobiliario\/cuarto-de-bano\/joseph-joseph-tota-luxe-laundry-basket-90-litros-negro\/#breadcrumb\"},\"inLanguage\":\"es\",\"potentialAction\":[{\"@type\":\"ReadAction\",\"target\":[\"https:\/\/www.erresse-shop.it\/es\/shop\/mobiliario\/cuarto-de-bano\/joseph-joseph-tota-luxe-laundry-basket-90-litros-negro\/\"]}]},{\"@type\":\"BreadcrumbList\",\"@id\":\"https:\/\/www.erresse-shop.it\/es\/shop\/mobiliario\/cuarto-de-bano\/joseph-joseph-tota-luxe-laundry-basket-90-litros-negro\/#breadcrumb\",\"itemListElement\":[{\"@type\":\"ListItem\",\"position\":1,\"name\":\"Home\",\"item\":\"https:\/\/www.erresse-shop.it\/es\/\"},{\"@type\":\"ListItem\",\"position\":2,\"name\":\"Shop\",\"item\":\"https:\/\/www.erresse-shop.it\/es\/shop\/\"},{\"@type\":\"ListItem\",\"position\":3,\"name\":\"JOSEPH JOSEPH Tota Luxe Laundry Basket 90 litros Negro\"}]},{\"@type\":\"WebSite\",\"@id\":\"https:\/\/www.erresse-shop.it\/es\/#website\",\"url\":\"https:\/\/www.erresse-shop.it\/es\/\",\"name\":\"Erresse Shop\",\"description\":\"Articoli di qualit\u00e0 per la casa\",\"potentialAction\":[{\"@type\":\"SearchAction\",\"target\":{\"@type\":\"EntryPoint\",\"urlTemplate\":\"https:\/\/www.erresse-shop.it\/es\/?s={search_term_string}\"},\"query-input\":\"required name=search_term_string\"}],\"inLanguage\":\"es\"}]}<\/script>\n<!-- \/ Yoast SEO Premium plugin. -->","yoast_head_json":{"title":"JOSEPH JOSEPH Tota Luxe Laundry Basket 90 litros Negro - Erresse Shop","description":"Mejora tu rutina de lavander\u00eda con este elegante cesto de bamb\u00fa negro con dos bolsas de tela de 45 litros para separarlas y transportarlas f\u00e1cilmente.","robots":{"index":"index","follow":"follow","max-snippet":"max-snippet:-1","max-image-preview":"max-image-preview:large","max-video-preview":"max-video-preview:-1"},"canonical":"https:\/\/www.erresse-shop.it\/es\/shop\/mobiliario\/cuarto-de-bano\/joseph-joseph-tota-luxe-laundry-basket-90-litros-negro\/","og_locale":"es_ES","og_type":"article","og_title":"JOSEPH JOSEPH Tota Luxe Laundry Basket 90 litros Negro","og_description":"Mejora tu rutina de lavander\u00eda con este elegante cesto de bamb\u00fa negro con dos bolsas de tela de 45 litros para separarlas y transportarlas f\u00e1cilmente.","og_url":"https:\/\/www.erresse-shop.it\/es\/shop\/mobiliario\/cuarto-de-bano\/joseph-joseph-tota-luxe-laundry-basket-90-litros-negro\/","og_site_name":"Erresse Shop","article_modified_time":"2025-05-28T06:47:22+00:00","og_image":[{"width":1200,"height":1200,"url":"https:\/\/www.erresse-shop.it\/wp-content\/uploads\/2025\/05\/JOSEPH-JOSEPH-Luxe-Cesto-Biancheria-90-litri-Nero.jpg","type":"image\/jpeg"}],"twitter_card":"summary_large_image","schema":{"@context":"https:\/\/schema.org","@graph":[{"@type":"WebPage","@id":"https:\/\/www.erresse-shop.it\/es\/shop\/mobiliario\/cuarto-de-bano\/joseph-joseph-tota-luxe-laundry-basket-90-litros-negro\/","url":"https:\/\/www.erresse-shop.it\/es\/shop\/mobiliario\/cuarto-de-bano\/joseph-joseph-tota-luxe-laundry-basket-90-litros-negro\/","name":"JOSEPH JOSEPH Tota Luxe Laundry Basket 90 litros Negro - Erresse Shop","isPartOf":{"@id":"https:\/\/www.erresse-shop.it\/es\/#website"},"datePublished":"2025-05-28T06:20:42+00:00","dateModified":"2025-05-28T06:47:22+00:00","description":"Mejora tu rutina de lavander\u00eda con este elegante cesto de bamb\u00fa negro con dos bolsas de tela de 45 litros para separarlas y transportarlas f\u00e1cilmente.","breadcrumb":{"@id":"https:\/\/www.erresse-shop.it\/es\/shop\/mobiliario\/cuarto-de-bano\/joseph-joseph-tota-luxe-laundry-basket-90-litros-negro\/#breadcrumb"},"inLanguage":"es","potentialAction":[{"@type":"ReadAction","target":["https:\/\/www.erresse-shop.it\/es\/shop\/mobiliario\/cuarto-de-bano\/joseph-joseph-tota-luxe-laundry-basket-90-litros-negro\/"]}]},{"@type":"BreadcrumbList","@id":"https:\/\/www.erresse-shop.it\/es\/shop\/mobiliario\/cuarto-de-bano\/joseph-joseph-tota-luxe-laundry-basket-90-litros-negro\/#breadcrumb","itemListElement":[{"@type":"ListItem","position":1,"name":"Home","item":"https:\/\/www.erresse-shop.it\/es\/"},{"@type":"ListItem","position":2,"name":"Shop","item":"https:\/\/www.erresse-shop.it\/es\/shop\/"},{"@type":"ListItem","position":3,"name":"JOSEPH JOSEPH Tota Luxe Laundry Basket 90 litros Negro"}]},{"@type":"WebSite","@id":"https:\/\/www.erresse-shop.it\/es\/#website","url":"https:\/\/www.erresse-shop.it\/es\/","name":"Erresse Shop","description":"Articoli di qualit\u00e0 per la casa","potentialAction":[{"@type":"SearchAction","target":{"@type":"EntryPoint","urlTemplate":"https:\/\/www.erresse-shop.it\/es\/?s={search_term_string}"},"query-input":"required name=search_term_string"}],"inLanguage":"es"}]}},"df_price":159.95,"df_sale_price":159.95,"df_regular_price":199.99,"df_image_link":"https:\/\/www.erresse-shop.it\/wp-content\/uploads\/2025\/05\/JOSEPH-JOSEPH-Luxe-Cesto-Biancheria-90-litri-Nero-300x300.jpg","_links":{"self":[{"href":"https:\/\/www.erresse-shop.it\/es\/wp-json\/wp\/v2\/product\/500939"}],"collection":[{"href":"https:\/\/www.erresse-shop.it\/es\/wp-json\/wp\/v2\/product"}],"about":[{"href":"https:\/\/www.erresse-shop.it\/es\/wp-json\/wp\/v2\/types\/product"}],"wp:featuredmedia":[{"embeddable":true,"href":"https:\/\/www.erresse-shop.it\/es\/wp-json\/wp\/v2\/media\/500965"}],"wp:attachment":[{"href":"https:\/\/www.erresse-shop.it\/es\/wp-json\/wp\/v2\/media?parent=500939"}],"wp:term":[{"taxonomy":"product_cat","embeddable":true,"href":"https:\/\/www.erresse-shop.it\/es\/wp-json\/wp\/v2\/product_cat?post=500939"},{"taxonomy":"product_tag","embeddable":true,"href":"https:\/\/www.erresse-shop.it\/es\/wp-json\/wp\/v2\/product_tag?post=500939"}],"curies":[{"name":"wp","href":"https:\/\/api.w.org\/{rel}","templated":true}]}}