{"id":499853,"date":"2025-05-21T08:13:24","date_gmt":"2025-05-21T08:13:27","guid":{"rendered":"https:\/\/www.erresse-shop.it\/?post_type=product&#038;p=499853"},"modified":"2026-02-09T11:18:51","modified_gmt":"2026-02-09T11:18:51","slug":"emile-henry-tajine-32-cm-fusain-2","status":"publish","type":"product","link":"https:\/\/www.erresse-shop.it\/es\/shop\/sartenes-y-ollas\/tajine-es\/emile-henry-tajine-32-cm-fusain-2\/","title":{"rendered":"EMILE HENRY Tajine 32 cm Fusain"},"content":{"rendered":"<p>El taj\u00edn es sin\u00f3nimo de encuentros y generosidad. Contrastes variados, de deseos y recuerdos compartidos. Es tambi\u00e9n una de las pocas recetas que designa tanto un plato&#8230; como el plato en el que se cocina. Prueba, por si hiciera falta alguna, de la importancia de estar bien rodeado al prepararlo.<\/p>\n<p>Nuestro &#8220;taj\u00edn&#8221; fue dise\u00f1ado para realzar este plato itinerante, con su calidez, su redondez y su sabor. \u00a1Porque el mejor taj\u00edn no es el m\u00e1s complicado! Es el que imaginas, eligiendo los ingredientes que te inspiran y evocan emociones renovadas: limones del huerto, d\u00e1tiles frescos y fundentes, c\u00edtricos jugosos&#8230; todo ello deliciosamente envuelto en especias arom\u00e1ticas.<\/p>\n<p>Despu\u00e9s, simplemente d\u00e9jalo cocer, confitar, cocer a fuego lento sin preocupaciones: nuestra cer\u00e1mica Flame\u00ae difunde un calor delicado y homog\u00e9neo que se adapta a la perfecci\u00f3n.<\/p>\n<p>Gracias a la tapa c\u00f3nica y cerrada, el vapor circula, los aromas se desarrollan y los sabores se liberan durante todo el proceso de cocci\u00f3n. Finalmente, su tama\u00f1o le permite mantenerse fiel al esp\u00edritu de este generoso plato, con capacidad para 8 a 10 comensales. Y no lo olviden: \u00a1es tan bonito que se recomienda encarecidamente servirlo en la mesa!<\/p>\n<p><strong>Algunos consejos para usar su tagine Emile Henry<\/strong>:<\/p>\n<p>Comience siempre a fuego lento durante los primeros 5 minutos para ir subiendo la temperatura gradualmente. No caliente la base del tagine vac\u00edo: a\u00f1ada siempre un poco de agua o aceite. Aseg\u00farese de que siempre haya jugo en el tagine mientras se cocina. Si es necesario, puede a\u00f1adir un vaso peque\u00f1o de agua. Mantenga el tagine cerrado durante la cocci\u00f3n; por supuesto, puede abrirlo r\u00e1pidamente para a\u00f1adir otros ingredientes y especias.<\/p>\n<p><strong>Largo\/Di\u00e1metro:<\/strong> 32,5 cm<br \/>\n<strong>Ancho:<\/strong> 27 cm<br \/>\n<strong>Alto:<\/strong> 23 cm<br \/>\n<strong>Peso (kg):<\/strong> 3,55 kg<br \/>\n<strong>Temperatura m\u00e1xima:<\/strong> 290 \u00b0C<br \/>\n<strong>Temperatura m\u00ednima:<\/strong> -20 \u00b0C<\/p>\n","protected":false},"excerpt":{"rendered":"<p>El taj\u00edn es sin\u00f3nimo de encuentros y generosidad. Contrastes variados, de deseos y recuerdos compartidos. Es tambi\u00e9n una de las<\/p>\n","protected":false},"featured_media":499881,"template":"","meta":{"_acf_changed":false,"inline_featured_image":false},"product_cat":[16058,16070],"product_tag":[22670,21537,18436,16753,16406],"acf":[],"yoast_head":"<!-- This site is optimized with the Yoast SEO Premium plugin v18.6 (Yoast SEO v19.13) - https:\/\/yoast.com\/wordpress\/plugins\/seo\/ -->\n<title>EMILE HENRY Tajine 32 cm Fusain - Erresse Shop<\/title>\n<meta name=\"description\" content=\"El taj\u00edn es sin\u00f3nimo de encuentros y generosidad. Contrastes variados, de deseos y recuerdos compartidos. Es tambi\u00e9n una de las pocas recetas que designa\" \/>\n<meta name=\"robots\" content=\"index, follow, max-snippet:-1, max-image-preview:large, max-video-preview:-1\" \/>\n<link rel=\"canonical\" href=\"https:\/\/www.erresse-shop.it\/es\/shop\/sartenes-y-ollas\/tajine-es\/emile-henry-tajine-32-cm-fusain-2\/\" \/>\n<meta property=\"og:locale\" content=\"es_ES\" \/>\n<meta property=\"og:type\" content=\"article\" \/>\n<meta property=\"og:title\" content=\"EMILE HENRY Tajine 32 cm Fusain\" \/>\n<meta property=\"og:description\" content=\"El taj\u00edn es sin\u00f3nimo de encuentros y generosidad. Contrastes variados, de deseos y recuerdos compartidos. Es tambi\u00e9n una de las pocas recetas que designa\" \/>\n<meta property=\"og:url\" content=\"https:\/\/www.erresse-shop.it\/es\/shop\/sartenes-y-ollas\/tajine-es\/emile-henry-tajine-32-cm-fusain-2\/\" \/>\n<meta property=\"og:site_name\" content=\"Erresse Shop\" \/>\n<meta property=\"article:modified_time\" content=\"2026-02-09T11:18:51+00:00\" \/>\n<meta property=\"og:image\" content=\"https:\/\/www.erresse-shop.it\/wp-content\/uploads\/2025\/05\/EMILE-HENRY-Tajine-32-cm-Fusain-1.jpg\" \/>\n\t<meta property=\"og:image:width\" content=\"1200\" \/>\n\t<meta property=\"og:image:height\" content=\"1200\" \/>\n\t<meta property=\"og:image:type\" content=\"image\/jpeg\" \/>\n<meta name=\"twitter:card\" content=\"summary_large_image\" \/>\n<script type=\"application\/ld+json\" class=\"yoast-schema-graph\">{\"@context\":\"https:\/\/schema.org\",\"@graph\":[{\"@type\":\"WebPage\",\"@id\":\"https:\/\/www.erresse-shop.it\/es\/shop\/sartenes-y-ollas\/tajine-es\/emile-henry-tajine-32-cm-fusain-2\/\",\"url\":\"https:\/\/www.erresse-shop.it\/es\/shop\/sartenes-y-ollas\/tajine-es\/emile-henry-tajine-32-cm-fusain-2\/\",\"name\":\"EMILE HENRY Tajine 32 cm Fusain - Erresse Shop\",\"isPartOf\":{\"@id\":\"https:\/\/www.erresse-shop.it\/es\/#website\"},\"datePublished\":\"2025-05-21T08:13:27+00:00\",\"dateModified\":\"2026-02-09T11:18:51+00:00\",\"description\":\"El taj\u00edn es sin\u00f3nimo de encuentros y generosidad. Contrastes variados, de deseos y recuerdos compartidos. Es tambi\u00e9n una de las pocas recetas que designa\",\"breadcrumb\":{\"@id\":\"https:\/\/www.erresse-shop.it\/es\/shop\/sartenes-y-ollas\/tajine-es\/emile-henry-tajine-32-cm-fusain-2\/#breadcrumb\"},\"inLanguage\":\"es\",\"potentialAction\":[{\"@type\":\"ReadAction\",\"target\":[\"https:\/\/www.erresse-shop.it\/es\/shop\/sartenes-y-ollas\/tajine-es\/emile-henry-tajine-32-cm-fusain-2\/\"]}]},{\"@type\":\"BreadcrumbList\",\"@id\":\"https:\/\/www.erresse-shop.it\/es\/shop\/sartenes-y-ollas\/tajine-es\/emile-henry-tajine-32-cm-fusain-2\/#breadcrumb\",\"itemListElement\":[{\"@type\":\"ListItem\",\"position\":1,\"name\":\"Home\",\"item\":\"https:\/\/www.erresse-shop.it\/es\/\"},{\"@type\":\"ListItem\",\"position\":2,\"name\":\"Shop\",\"item\":\"https:\/\/www.erresse-shop.it\/es\/shop\/\"},{\"@type\":\"ListItem\",\"position\":3,\"name\":\"EMILE HENRY Tajine 32 cm Fusain\"}]},{\"@type\":\"WebSite\",\"@id\":\"https:\/\/www.erresse-shop.it\/es\/#website\",\"url\":\"https:\/\/www.erresse-shop.it\/es\/\",\"name\":\"Erresse Shop\",\"description\":\"Articoli di qualit\u00e0 per la casa\",\"potentialAction\":[{\"@type\":\"SearchAction\",\"target\":{\"@type\":\"EntryPoint\",\"urlTemplate\":\"https:\/\/www.erresse-shop.it\/es\/?s={search_term_string}\"},\"query-input\":\"required name=search_term_string\"}],\"inLanguage\":\"es\"}]}<\/script>\n<!-- \/ Yoast SEO Premium plugin. -->","yoast_head_json":{"title":"EMILE HENRY Tajine 32 cm Fusain - Erresse Shop","description":"El taj\u00edn es sin\u00f3nimo de encuentros y generosidad. Contrastes variados, de deseos y recuerdos compartidos. Es tambi\u00e9n una de las pocas recetas que designa","robots":{"index":"index","follow":"follow","max-snippet":"max-snippet:-1","max-image-preview":"max-image-preview:large","max-video-preview":"max-video-preview:-1"},"canonical":"https:\/\/www.erresse-shop.it\/es\/shop\/sartenes-y-ollas\/tajine-es\/emile-henry-tajine-32-cm-fusain-2\/","og_locale":"es_ES","og_type":"article","og_title":"EMILE HENRY Tajine 32 cm Fusain","og_description":"El taj\u00edn es sin\u00f3nimo de encuentros y generosidad. Contrastes variados, de deseos y recuerdos compartidos. Es tambi\u00e9n una de las pocas recetas que designa","og_url":"https:\/\/www.erresse-shop.it\/es\/shop\/sartenes-y-ollas\/tajine-es\/emile-henry-tajine-32-cm-fusain-2\/","og_site_name":"Erresse Shop","article_modified_time":"2026-02-09T11:18:51+00:00","og_image":[{"width":1200,"height":1200,"url":"https:\/\/www.erresse-shop.it\/wp-content\/uploads\/2025\/05\/EMILE-HENRY-Tajine-32-cm-Fusain-1.jpg","type":"image\/jpeg"}],"twitter_card":"summary_large_image","schema":{"@context":"https:\/\/schema.org","@graph":[{"@type":"WebPage","@id":"https:\/\/www.erresse-shop.it\/es\/shop\/sartenes-y-ollas\/tajine-es\/emile-henry-tajine-32-cm-fusain-2\/","url":"https:\/\/www.erresse-shop.it\/es\/shop\/sartenes-y-ollas\/tajine-es\/emile-henry-tajine-32-cm-fusain-2\/","name":"EMILE HENRY Tajine 32 cm Fusain - Erresse Shop","isPartOf":{"@id":"https:\/\/www.erresse-shop.it\/es\/#website"},"datePublished":"2025-05-21T08:13:27+00:00","dateModified":"2026-02-09T11:18:51+00:00","description":"El taj\u00edn es sin\u00f3nimo de encuentros y generosidad. Contrastes variados, de deseos y recuerdos compartidos. Es tambi\u00e9n una de las pocas recetas que designa","breadcrumb":{"@id":"https:\/\/www.erresse-shop.it\/es\/shop\/sartenes-y-ollas\/tajine-es\/emile-henry-tajine-32-cm-fusain-2\/#breadcrumb"},"inLanguage":"es","potentialAction":[{"@type":"ReadAction","target":["https:\/\/www.erresse-shop.it\/es\/shop\/sartenes-y-ollas\/tajine-es\/emile-henry-tajine-32-cm-fusain-2\/"]}]},{"@type":"BreadcrumbList","@id":"https:\/\/www.erresse-shop.it\/es\/shop\/sartenes-y-ollas\/tajine-es\/emile-henry-tajine-32-cm-fusain-2\/#breadcrumb","itemListElement":[{"@type":"ListItem","position":1,"name":"Home","item":"https:\/\/www.erresse-shop.it\/es\/"},{"@type":"ListItem","position":2,"name":"Shop","item":"https:\/\/www.erresse-shop.it\/es\/shop\/"},{"@type":"ListItem","position":3,"name":"EMILE HENRY Tajine 32 cm Fusain"}]},{"@type":"WebSite","@id":"https:\/\/www.erresse-shop.it\/es\/#website","url":"https:\/\/www.erresse-shop.it\/es\/","name":"Erresse Shop","description":"Articoli di qualit\u00e0 per la casa","potentialAction":[{"@type":"SearchAction","target":{"@type":"EntryPoint","urlTemplate":"https:\/\/www.erresse-shop.it\/es\/?s={search_term_string}"},"query-input":"required name=search_term_string"}],"inLanguage":"es"}]}},"df_price":99.95,"df_sale_price":99.95,"df_regular_price":144.9,"df_image_link":"https:\/\/www.erresse-shop.it\/wp-content\/uploads\/2025\/05\/EMILE-HENRY-Tajine-32-cm-Fusain-1-300x300.jpg","_links":{"self":[{"href":"https:\/\/www.erresse-shop.it\/es\/wp-json\/wp\/v2\/product\/499853"}],"collection":[{"href":"https:\/\/www.erresse-shop.it\/es\/wp-json\/wp\/v2\/product"}],"about":[{"href":"https:\/\/www.erresse-shop.it\/es\/wp-json\/wp\/v2\/types\/product"}],"wp:featuredmedia":[{"embeddable":true,"href":"https:\/\/www.erresse-shop.it\/es\/wp-json\/wp\/v2\/media\/499881"}],"wp:attachment":[{"href":"https:\/\/www.erresse-shop.it\/es\/wp-json\/wp\/v2\/media?parent=499853"}],"wp:term":[{"taxonomy":"product_cat","embeddable":true,"href":"https:\/\/www.erresse-shop.it\/es\/wp-json\/wp\/v2\/product_cat?post=499853"},{"taxonomy":"product_tag","embeddable":true,"href":"https:\/\/www.erresse-shop.it\/es\/wp-json\/wp\/v2\/product_tag?post=499853"}],"curies":[{"name":"wp","href":"https:\/\/api.w.org\/{rel}","templated":true}]}}