{"id":499394,"date":"2025-05-19T07:51:12","date_gmt":"2025-05-19T07:51:17","guid":{"rendered":"https:\/\/www.erresse-shop.it\/?post_type=product&#038;p=499394"},"modified":"2025-05-19T08:20:48","modified_gmt":"2025-05-19T08:20:48","slug":"smeg-cafetera-espresso-manual-con-vaporizador-negro-copia","status":"publish","type":"product","link":"https:\/\/www.erresse-shop.it\/es\/shop\/pequenos-electrodomesticos\/maquinas-de-cafe\/smeg-cafetera-espresso-manual-con-vaporizador-negro-copia\/","title":{"rendered":"QUICK MILL Stretta 0820 Macchina da Caff\u00e8 Espresso Manuale Rojo"},"content":{"rendered":"<p>Perfecci\u00f3n en un espacio reducido con nuestra m\u00e1quina m\u00e1s compacta, en cat\u00e1logo desde 1971, con un dise\u00f1o y una tecnolog\u00eda adaptados.<\/p>\n<p>Su dise\u00f1o atemporal es un icono de elegancia y funcionalidad.<\/p>\n<p>Gracias a su reducido tama\u00f1o, cabe f\u00e1cilmente incluso en los espacios m\u00e1s reducidos, ofreciendo la promesa de un caf\u00e9 de alta calidad con un sabor excepcional, listo en segundos gracias a la tecnolog\u00eda Thermo-Block.<\/p>\n<p><strong><span style=\"font-size: 14pt;\">Caracter\u00edsticas t\u00e9cnicas:<\/span><\/strong><\/p>\n<ul>\n<li>Termobloque met\u00e1lico con doble control termost\u00e1tico y fusible t\u00e9rmico de seguridad &#8211; exclusivo Quick Mill-<\/li>\n<li>Bomba de vibraci\u00f3n<\/li>\n<li>Pulso estabilizador de presi\u00f3n y reducci\u00f3n de ruido del 30% &#8211; exclusivo Quick Mill-<\/li>\n<li>Portafiltros exclusivo \u201cQuick Mill\u201d de acero inoxidable con carrera fija y junta t\u00f3rica<\/li>\n<li>Extracci\u00f3n ilimitada de vapor y agua caliente<\/li>\n<li>Pr\u00e1ctica lanza con mezclador de aire y desviador<\/li>\n<li>Botones con iconos intuitivos<\/li>\n<li>Dep\u00f3sito lateral de 1,8 L<\/li>\n<li>Dimensiones: L 190 x P 220 x H 335 mm<\/li>\n<li>Peso neto 5,9 kg<\/li>\n<li>Potencia: 1080 W<\/li>\n<\/ul>\n","protected":false},"excerpt":{"rendered":"<p>Perfecci\u00f3n en un espacio reducido con nuestra m\u00e1quina m\u00e1s compacta, en cat\u00e1logo desde 1971, con un dise\u00f1o y una tecnolog\u00eda<\/p>\n","protected":false},"featured_media":499406,"template":"","meta":{"_acf_changed":false,"inline_featured_image":false},"product_cat":[16076,16073],"product_tag":[23574,16398,25023],"acf":[],"yoast_head":"<!-- This site is optimized with the Yoast SEO Premium plugin v18.6 (Yoast SEO v19.13) - https:\/\/yoast.com\/wordpress\/plugins\/seo\/ -->\n<title>QUICK MILL Stretta 0820 Macchina da Caff\u00e8 Espresso Manuale Rojo - Erresse Shop<\/title>\n<meta name=\"description\" content=\"Perfecci\u00f3n en un espacio reducido con nuestra m\u00e1quina m\u00e1s compacta, en cat\u00e1logo desde 1971, con un dise\u00f1o y una tecnolog\u00eda adaptados. Su dise\u00f1o atemporal\" \/>\n<meta name=\"robots\" content=\"index, follow, max-snippet:-1, max-image-preview:large, max-video-preview:-1\" \/>\n<link rel=\"canonical\" href=\"https:\/\/www.erresse-shop.it\/es\/shop\/pequenos-electrodomesticos\/maquinas-de-cafe\/smeg-cafetera-espresso-manual-con-vaporizador-negro-copia\/\" \/>\n<meta property=\"og:locale\" content=\"es_ES\" \/>\n<meta property=\"og:type\" content=\"article\" \/>\n<meta property=\"og:title\" content=\"QUICK MILL Stretta 0820 Macchina da Caff\u00e8 Espresso Manuale Rojo\" \/>\n<meta property=\"og:description\" content=\"Perfecci\u00f3n en un espacio reducido con nuestra m\u00e1quina m\u00e1s compacta, en cat\u00e1logo desde 1971, con un dise\u00f1o y una tecnolog\u00eda adaptados. Su dise\u00f1o atemporal\" \/>\n<meta property=\"og:url\" content=\"https:\/\/www.erresse-shop.it\/es\/shop\/pequenos-electrodomesticos\/maquinas-de-cafe\/smeg-cafetera-espresso-manual-con-vaporizador-negro-copia\/\" \/>\n<meta property=\"og:site_name\" content=\"Erresse Shop\" \/>\n<meta property=\"article:modified_time\" content=\"2025-05-19T08:20:48+00:00\" \/>\n<meta property=\"og:image\" content=\"https:\/\/www.erresse-shop.it\/wp-content\/uploads\/2025\/05\/QUICK-MILL-Stretta-0820-Macchina-da-Caffe-Espresso-Manuale-Rosso.jpg\" \/>\n\t<meta property=\"og:image:width\" content=\"1200\" \/>\n\t<meta property=\"og:image:height\" content=\"1200\" \/>\n\t<meta property=\"og:image:type\" content=\"image\/jpeg\" \/>\n<meta name=\"twitter:card\" content=\"summary_large_image\" \/>\n<script type=\"application\/ld+json\" class=\"yoast-schema-graph\">{\"@context\":\"https:\/\/schema.org\",\"@graph\":[{\"@type\":\"WebPage\",\"@id\":\"https:\/\/www.erresse-shop.it\/es\/shop\/pequenos-electrodomesticos\/maquinas-de-cafe\/smeg-cafetera-espresso-manual-con-vaporizador-negro-copia\/\",\"url\":\"https:\/\/www.erresse-shop.it\/es\/shop\/pequenos-electrodomesticos\/maquinas-de-cafe\/smeg-cafetera-espresso-manual-con-vaporizador-negro-copia\/\",\"name\":\"QUICK MILL Stretta 0820 Macchina da Caff\u00e8 Espresso Manuale Rojo - Erresse Shop\",\"isPartOf\":{\"@id\":\"https:\/\/www.erresse-shop.it\/es\/#website\"},\"datePublished\":\"2025-05-19T07:51:17+00:00\",\"dateModified\":\"2025-05-19T08:20:48+00:00\",\"description\":\"Perfecci\u00f3n en un espacio reducido con nuestra m\u00e1quina m\u00e1s compacta, en cat\u00e1logo desde 1971, con un dise\u00f1o y una tecnolog\u00eda adaptados. Su dise\u00f1o atemporal\",\"breadcrumb\":{\"@id\":\"https:\/\/www.erresse-shop.it\/es\/shop\/pequenos-electrodomesticos\/maquinas-de-cafe\/smeg-cafetera-espresso-manual-con-vaporizador-negro-copia\/#breadcrumb\"},\"inLanguage\":\"es\",\"potentialAction\":[{\"@type\":\"ReadAction\",\"target\":[\"https:\/\/www.erresse-shop.it\/es\/shop\/pequenos-electrodomesticos\/maquinas-de-cafe\/smeg-cafetera-espresso-manual-con-vaporizador-negro-copia\/\"]}]},{\"@type\":\"BreadcrumbList\",\"@id\":\"https:\/\/www.erresse-shop.it\/es\/shop\/pequenos-electrodomesticos\/maquinas-de-cafe\/smeg-cafetera-espresso-manual-con-vaporizador-negro-copia\/#breadcrumb\",\"itemListElement\":[{\"@type\":\"ListItem\",\"position\":1,\"name\":\"Home\",\"item\":\"https:\/\/www.erresse-shop.it\/es\/\"},{\"@type\":\"ListItem\",\"position\":2,\"name\":\"Shop\",\"item\":\"https:\/\/www.erresse-shop.it\/es\/shop\/\"},{\"@type\":\"ListItem\",\"position\":3,\"name\":\"QUICK MILL Stretta 0820 Macchina da Caff\u00e8 Espresso Manuale Rojo\"}]},{\"@type\":\"WebSite\",\"@id\":\"https:\/\/www.erresse-shop.it\/es\/#website\",\"url\":\"https:\/\/www.erresse-shop.it\/es\/\",\"name\":\"Erresse Shop\",\"description\":\"Articoli di qualit\u00e0 per la casa\",\"potentialAction\":[{\"@type\":\"SearchAction\",\"target\":{\"@type\":\"EntryPoint\",\"urlTemplate\":\"https:\/\/www.erresse-shop.it\/es\/?s={search_term_string}\"},\"query-input\":\"required name=search_term_string\"}],\"inLanguage\":\"es\"}]}<\/script>\n<!-- \/ Yoast SEO Premium plugin. -->","yoast_head_json":{"title":"QUICK MILL Stretta 0820 Macchina da Caff\u00e8 Espresso Manuale Rojo - Erresse Shop","description":"Perfecci\u00f3n en un espacio reducido con nuestra m\u00e1quina m\u00e1s compacta, en cat\u00e1logo desde 1971, con un dise\u00f1o y una tecnolog\u00eda adaptados. Su dise\u00f1o atemporal","robots":{"index":"index","follow":"follow","max-snippet":"max-snippet:-1","max-image-preview":"max-image-preview:large","max-video-preview":"max-video-preview:-1"},"canonical":"https:\/\/www.erresse-shop.it\/es\/shop\/pequenos-electrodomesticos\/maquinas-de-cafe\/smeg-cafetera-espresso-manual-con-vaporizador-negro-copia\/","og_locale":"es_ES","og_type":"article","og_title":"QUICK MILL Stretta 0820 Macchina da Caff\u00e8 Espresso Manuale Rojo","og_description":"Perfecci\u00f3n en un espacio reducido con nuestra m\u00e1quina m\u00e1s compacta, en cat\u00e1logo desde 1971, con un dise\u00f1o y una tecnolog\u00eda adaptados. Su dise\u00f1o atemporal","og_url":"https:\/\/www.erresse-shop.it\/es\/shop\/pequenos-electrodomesticos\/maquinas-de-cafe\/smeg-cafetera-espresso-manual-con-vaporizador-negro-copia\/","og_site_name":"Erresse Shop","article_modified_time":"2025-05-19T08:20:48+00:00","og_image":[{"width":1200,"height":1200,"url":"https:\/\/www.erresse-shop.it\/wp-content\/uploads\/2025\/05\/QUICK-MILL-Stretta-0820-Macchina-da-Caffe-Espresso-Manuale-Rosso.jpg","type":"image\/jpeg"}],"twitter_card":"summary_large_image","schema":{"@context":"https:\/\/schema.org","@graph":[{"@type":"WebPage","@id":"https:\/\/www.erresse-shop.it\/es\/shop\/pequenos-electrodomesticos\/maquinas-de-cafe\/smeg-cafetera-espresso-manual-con-vaporizador-negro-copia\/","url":"https:\/\/www.erresse-shop.it\/es\/shop\/pequenos-electrodomesticos\/maquinas-de-cafe\/smeg-cafetera-espresso-manual-con-vaporizador-negro-copia\/","name":"QUICK MILL Stretta 0820 Macchina da Caff\u00e8 Espresso Manuale Rojo - Erresse Shop","isPartOf":{"@id":"https:\/\/www.erresse-shop.it\/es\/#website"},"datePublished":"2025-05-19T07:51:17+00:00","dateModified":"2025-05-19T08:20:48+00:00","description":"Perfecci\u00f3n en un espacio reducido con nuestra m\u00e1quina m\u00e1s compacta, en cat\u00e1logo desde 1971, con un dise\u00f1o y una tecnolog\u00eda adaptados. Su dise\u00f1o atemporal","breadcrumb":{"@id":"https:\/\/www.erresse-shop.it\/es\/shop\/pequenos-electrodomesticos\/maquinas-de-cafe\/smeg-cafetera-espresso-manual-con-vaporizador-negro-copia\/#breadcrumb"},"inLanguage":"es","potentialAction":[{"@type":"ReadAction","target":["https:\/\/www.erresse-shop.it\/es\/shop\/pequenos-electrodomesticos\/maquinas-de-cafe\/smeg-cafetera-espresso-manual-con-vaporizador-negro-copia\/"]}]},{"@type":"BreadcrumbList","@id":"https:\/\/www.erresse-shop.it\/es\/shop\/pequenos-electrodomesticos\/maquinas-de-cafe\/smeg-cafetera-espresso-manual-con-vaporizador-negro-copia\/#breadcrumb","itemListElement":[{"@type":"ListItem","position":1,"name":"Home","item":"https:\/\/www.erresse-shop.it\/es\/"},{"@type":"ListItem","position":2,"name":"Shop","item":"https:\/\/www.erresse-shop.it\/es\/shop\/"},{"@type":"ListItem","position":3,"name":"QUICK MILL Stretta 0820 Macchina da Caff\u00e8 Espresso Manuale Rojo"}]},{"@type":"WebSite","@id":"https:\/\/www.erresse-shop.it\/es\/#website","url":"https:\/\/www.erresse-shop.it\/es\/","name":"Erresse Shop","description":"Articoli di qualit\u00e0 per la casa","potentialAction":[{"@type":"SearchAction","target":{"@type":"EntryPoint","urlTemplate":"https:\/\/www.erresse-shop.it\/es\/?s={search_term_string}"},"query-input":"required name=search_term_string"}],"inLanguage":"es"}]}},"df_price":389.95,"df_sale_price":389.95,"df_regular_price":499,"df_image_link":"https:\/\/www.erresse-shop.it\/wp-content\/uploads\/2025\/05\/QUICK-MILL-Stretta-0820-Macchina-da-Caffe-Espresso-Manuale-Rosso-300x300.jpg","_links":{"self":[{"href":"https:\/\/www.erresse-shop.it\/es\/wp-json\/wp\/v2\/product\/499394"}],"collection":[{"href":"https:\/\/www.erresse-shop.it\/es\/wp-json\/wp\/v2\/product"}],"about":[{"href":"https:\/\/www.erresse-shop.it\/es\/wp-json\/wp\/v2\/types\/product"}],"wp:featuredmedia":[{"embeddable":true,"href":"https:\/\/www.erresse-shop.it\/es\/wp-json\/wp\/v2\/media\/499406"}],"wp:attachment":[{"href":"https:\/\/www.erresse-shop.it\/es\/wp-json\/wp\/v2\/media?parent=499394"}],"wp:term":[{"taxonomy":"product_cat","embeddable":true,"href":"https:\/\/www.erresse-shop.it\/es\/wp-json\/wp\/v2\/product_cat?post=499394"},{"taxonomy":"product_tag","embeddable":true,"href":"https:\/\/www.erresse-shop.it\/es\/wp-json\/wp\/v2\/product_tag?post=499394"}],"curies":[{"name":"wp","href":"https:\/\/api.w.org\/{rel}","templated":true}]}}