{"id":499283,"date":"2025-05-16T08:27:38","date_gmt":"2025-05-16T08:27:42","guid":{"rendered":"https:\/\/www.erresse-shop.it\/?post_type=product&#038;p=499283"},"modified":"2025-05-16T08:48:45","modified_gmt":"2025-05-16T08:48:45","slug":"instant-pot-multicooker-plus-wifi-57-l-negro","status":"publish","type":"product","link":"https:\/\/www.erresse-shop.it\/es\/shop\/pequenos-electrodomesticos\/procesadores-de-alimentos\/instant-pot-multicooker-plus-wifi-57-l-negro\/","title":{"rendered":"INSTANT POT Multicooker Plus Wifi 5,7 L Negro"},"content":{"rendered":"<div class=\"metafield-rich_text_field\">\n<p><span style=\"font-size: 14pt;\"><strong>La uni\u00f3n perfecta de tecnolog\u00eda y versatilidad<\/strong><\/span><\/p>\n<\/div>\n<div class=\"product__description-formated \">\n<div class=\"metafield-rich_text_field\">\n<p>La Instant Pot Plus es la soluci\u00f3n definitiva para quienes buscan un electrodom\u00e9stico que lo haga todo. Con 9 funciones en un solo electrodom\u00e9stico, esta versi\u00f3n est\u00e1 dise\u00f1ada para simplificar tu vida en la cocina. Gracias a su conexi\u00f3n Wi-Fi, puedes controlarla a distancia a trav\u00e9s de la app Instant Brands Connect, lo que te ofrece una gesti\u00f3n f\u00e1cil y c\u00f3moda de tus platos.<\/p>\n<p><span style=\"font-size: 14pt;\"><strong>Dise\u00f1o elegante y pr\u00e1ctico<\/strong><\/span><br \/>\nCon su cuerpo de acero inoxidable cepillado y acabado negro mate, la Instant Pot Plus no solo es potente, sino tambi\u00e9n elegante. La olla interior de acero inoxidable con fondo reforzado es perfecta para un calor uniforme y r\u00e1pido, y cuenta con asas de silicona para facilitar la transferencia de la encimera a la cocina, incluida la de inducci\u00f3n.<\/p>\n<p><span style=\"font-size: 14pt;\"><strong>Tecnolog\u00eda avanzada para una cocci\u00f3n silenciosa<\/strong><\/span><br \/>\nUna de las caracter\u00edsticas distintivas de la Instant Pot Plus es la tecnolog\u00eda Whisper Quiet, que permite una liberaci\u00f3n de vapor silenciosa gracias al presostato independiente. Esto tambi\u00e9n la hace perfecta para quienes buscan una cocina silenciosa, sin el ruido t\u00edpico de los electrodom\u00e9sticos tradicionales.<\/p>\n<p><span style=\"font-size: 14pt;\"><strong>9 programas para todo tipo de preparaci\u00f3n<\/strong><\/span><br \/>\nLa Instant Pot Plus es una aut\u00e9ntica multifunci\u00f3n en la cocina. Con 9 programas preestablecidos, puedes cambiar de cocci\u00f3n a presi\u00f3n a la preparaci\u00f3n de arroz o cereales, al vapor y al sous-vide. Su capacidad para mantener la comida caliente, cocinar a fuego lento y preparar yogur la hace ideal para cualquier tipo de plato.<\/p>\n<\/div>\n<div class=\"metafield-rich_text_field\">\n<p><span style=\"font-size: 14pt;\"><strong>Conectada e inteligente para una experiencia culinaria moderna<\/strong><\/span><br \/>\nLa Instant Pot Plus est\u00e1 totalmente conectada y ofrece la opci\u00f3n de usar la app Instant Brands Connect en dispositivos iOS y Android. Con m\u00e1s de 800 recetas disponibles, podr\u00e1s cocinar a diario sin perder la inspiraci\u00f3n. Gracias al modo inal\u00e1mbrico, siempre tendr\u00e1s acceso a nuevos consejos e instrucciones para que cada plato sea un \u00e9xito.<\/p>\n<p><strong>Especificaciones t\u00e9cnicas:<\/strong><\/p>\n<ul class=\"product__spec-list\">\n<li class=\"product__tag\"><strong>Capacidad:<\/strong> 5,7 l<\/li>\n<li class=\"product__tag\"><strong>Garant\u00eda:<\/strong> 2 a\u00f1os<\/li>\n<li class=\"product__tag\"><strong>Dimensiones:<\/strong> 33 x 35 x 32,5 cm<\/li>\n<li class=\"product__tag\"><strong>Peso:<\/strong> 5900 g<\/li>\n<li class=\"product__tag\"><strong>N\u00famero de funciones:<\/strong> 9 &#8211; funciones de un solo toque<\/li>\n<\/ul>\n<\/div>\n<\/div>\n<p><span style=\"text-decoration: underline;\"><strong>Not for sale outside Europe<\/strong><\/span><\/p>\n","protected":false},"excerpt":{"rendered":"<p>La uni\u00f3n perfecta de tecnolog\u00eda y versatilidad La Instant Pot Plus es la soluci\u00f3n definitiva para quienes buscan un electrodom\u00e9stico<\/p>\n","protected":false},"featured_media":499303,"template":"","meta":{"_acf_changed":false,"inline_featured_image":false},"product_cat":[16073,16077],"product_tag":[16211,23662,24417,24456,17940,22484,16653,21823],"acf":[],"yoast_head":"<!-- This site is optimized with the Yoast SEO Premium plugin v18.6 (Yoast SEO v19.13) - https:\/\/yoast.com\/wordpress\/plugins\/seo\/ -->\n<title>INSTANT POT Multicooker Plus Wifi 5,7 L Negro - Erresse Shop<\/title>\n<meta name=\"description\" content=\"La uni\u00f3n perfecta de tecnolog\u00eda y versatilidad La Instant Pot Plus es la soluci\u00f3n definitiva para quienes buscan un electrodom\u00e9stico que lo haga todo. Con\" \/>\n<meta name=\"robots\" content=\"index, follow, max-snippet:-1, max-image-preview:large, max-video-preview:-1\" \/>\n<link rel=\"canonical\" href=\"https:\/\/www.erresse-shop.it\/es\/shop\/pequenos-electrodomesticos\/procesadores-de-alimentos\/instant-pot-multicooker-plus-wifi-57-l-negro\/\" \/>\n<meta property=\"og:locale\" content=\"es_ES\" \/>\n<meta property=\"og:type\" content=\"article\" \/>\n<meta property=\"og:title\" content=\"INSTANT POT Multicooker Plus Wifi 5,7 L Negro\" \/>\n<meta property=\"og:description\" content=\"La uni\u00f3n perfecta de tecnolog\u00eda y versatilidad La Instant Pot Plus es la soluci\u00f3n definitiva para quienes buscan un electrodom\u00e9stico que lo haga todo. Con\" \/>\n<meta property=\"og:url\" content=\"https:\/\/www.erresse-shop.it\/es\/shop\/pequenos-electrodomesticos\/procesadores-de-alimentos\/instant-pot-multicooker-plus-wifi-57-l-negro\/\" \/>\n<meta property=\"og:site_name\" content=\"Erresse Shop\" \/>\n<meta property=\"article:modified_time\" content=\"2025-05-16T08:48:45+00:00\" \/>\n<meta property=\"og:image\" content=\"https:\/\/www.erresse-shop.it\/wp-content\/uploads\/2025\/05\/INSTANT-POT-Multicooker-Plus-Wifi-57-L-Nero.jpg\" \/>\n\t<meta property=\"og:image:width\" content=\"1200\" \/>\n\t<meta property=\"og:image:height\" content=\"1200\" \/>\n\t<meta property=\"og:image:type\" content=\"image\/jpeg\" \/>\n<meta name=\"twitter:card\" content=\"summary_large_image\" \/>\n<script type=\"application\/ld+json\" class=\"yoast-schema-graph\">{\"@context\":\"https:\/\/schema.org\",\"@graph\":[{\"@type\":\"WebPage\",\"@id\":\"https:\/\/www.erresse-shop.it\/es\/shop\/pequenos-electrodomesticos\/procesadores-de-alimentos\/instant-pot-multicooker-plus-wifi-57-l-negro\/\",\"url\":\"https:\/\/www.erresse-shop.it\/es\/shop\/pequenos-electrodomesticos\/procesadores-de-alimentos\/instant-pot-multicooker-plus-wifi-57-l-negro\/\",\"name\":\"INSTANT POT Multicooker Plus Wifi 5,7 L Negro - Erresse Shop\",\"isPartOf\":{\"@id\":\"https:\/\/www.erresse-shop.it\/es\/#website\"},\"datePublished\":\"2025-05-16T08:27:42+00:00\",\"dateModified\":\"2025-05-16T08:48:45+00:00\",\"description\":\"La uni\u00f3n perfecta de tecnolog\u00eda y versatilidad La Instant Pot Plus es la soluci\u00f3n definitiva para quienes buscan un electrodom\u00e9stico que lo haga todo. Con\",\"breadcrumb\":{\"@id\":\"https:\/\/www.erresse-shop.it\/es\/shop\/pequenos-electrodomesticos\/procesadores-de-alimentos\/instant-pot-multicooker-plus-wifi-57-l-negro\/#breadcrumb\"},\"inLanguage\":\"es\",\"potentialAction\":[{\"@type\":\"ReadAction\",\"target\":[\"https:\/\/www.erresse-shop.it\/es\/shop\/pequenos-electrodomesticos\/procesadores-de-alimentos\/instant-pot-multicooker-plus-wifi-57-l-negro\/\"]}]},{\"@type\":\"BreadcrumbList\",\"@id\":\"https:\/\/www.erresse-shop.it\/es\/shop\/pequenos-electrodomesticos\/procesadores-de-alimentos\/instant-pot-multicooker-plus-wifi-57-l-negro\/#breadcrumb\",\"itemListElement\":[{\"@type\":\"ListItem\",\"position\":1,\"name\":\"Home\",\"item\":\"https:\/\/www.erresse-shop.it\/es\/\"},{\"@type\":\"ListItem\",\"position\":2,\"name\":\"Shop\",\"item\":\"https:\/\/www.erresse-shop.it\/es\/shop\/\"},{\"@type\":\"ListItem\",\"position\":3,\"name\":\"INSTANT POT Multicooker Plus Wifi 5,7 L Negro\"}]},{\"@type\":\"WebSite\",\"@id\":\"https:\/\/www.erresse-shop.it\/es\/#website\",\"url\":\"https:\/\/www.erresse-shop.it\/es\/\",\"name\":\"Erresse Shop\",\"description\":\"Articoli di qualit\u00e0 per la casa\",\"potentialAction\":[{\"@type\":\"SearchAction\",\"target\":{\"@type\":\"EntryPoint\",\"urlTemplate\":\"https:\/\/www.erresse-shop.it\/es\/?s={search_term_string}\"},\"query-input\":\"required name=search_term_string\"}],\"inLanguage\":\"es\"}]}<\/script>\n<!-- \/ Yoast SEO Premium plugin. -->","yoast_head_json":{"title":"INSTANT POT Multicooker Plus Wifi 5,7 L Negro - Erresse Shop","description":"La uni\u00f3n perfecta de tecnolog\u00eda y versatilidad La Instant Pot Plus es la soluci\u00f3n definitiva para quienes buscan un electrodom\u00e9stico que lo haga todo. Con","robots":{"index":"index","follow":"follow","max-snippet":"max-snippet:-1","max-image-preview":"max-image-preview:large","max-video-preview":"max-video-preview:-1"},"canonical":"https:\/\/www.erresse-shop.it\/es\/shop\/pequenos-electrodomesticos\/procesadores-de-alimentos\/instant-pot-multicooker-plus-wifi-57-l-negro\/","og_locale":"es_ES","og_type":"article","og_title":"INSTANT POT Multicooker Plus Wifi 5,7 L Negro","og_description":"La uni\u00f3n perfecta de tecnolog\u00eda y versatilidad La Instant Pot Plus es la soluci\u00f3n definitiva para quienes buscan un electrodom\u00e9stico que lo haga todo. Con","og_url":"https:\/\/www.erresse-shop.it\/es\/shop\/pequenos-electrodomesticos\/procesadores-de-alimentos\/instant-pot-multicooker-plus-wifi-57-l-negro\/","og_site_name":"Erresse Shop","article_modified_time":"2025-05-16T08:48:45+00:00","og_image":[{"width":1200,"height":1200,"url":"https:\/\/www.erresse-shop.it\/wp-content\/uploads\/2025\/05\/INSTANT-POT-Multicooker-Plus-Wifi-57-L-Nero.jpg","type":"image\/jpeg"}],"twitter_card":"summary_large_image","schema":{"@context":"https:\/\/schema.org","@graph":[{"@type":"WebPage","@id":"https:\/\/www.erresse-shop.it\/es\/shop\/pequenos-electrodomesticos\/procesadores-de-alimentos\/instant-pot-multicooker-plus-wifi-57-l-negro\/","url":"https:\/\/www.erresse-shop.it\/es\/shop\/pequenos-electrodomesticos\/procesadores-de-alimentos\/instant-pot-multicooker-plus-wifi-57-l-negro\/","name":"INSTANT POT Multicooker Plus Wifi 5,7 L Negro - Erresse Shop","isPartOf":{"@id":"https:\/\/www.erresse-shop.it\/es\/#website"},"datePublished":"2025-05-16T08:27:42+00:00","dateModified":"2025-05-16T08:48:45+00:00","description":"La uni\u00f3n perfecta de tecnolog\u00eda y versatilidad La Instant Pot Plus es la soluci\u00f3n definitiva para quienes buscan un electrodom\u00e9stico que lo haga todo. Con","breadcrumb":{"@id":"https:\/\/www.erresse-shop.it\/es\/shop\/pequenos-electrodomesticos\/procesadores-de-alimentos\/instant-pot-multicooker-plus-wifi-57-l-negro\/#breadcrumb"},"inLanguage":"es","potentialAction":[{"@type":"ReadAction","target":["https:\/\/www.erresse-shop.it\/es\/shop\/pequenos-electrodomesticos\/procesadores-de-alimentos\/instant-pot-multicooker-plus-wifi-57-l-negro\/"]}]},{"@type":"BreadcrumbList","@id":"https:\/\/www.erresse-shop.it\/es\/shop\/pequenos-electrodomesticos\/procesadores-de-alimentos\/instant-pot-multicooker-plus-wifi-57-l-negro\/#breadcrumb","itemListElement":[{"@type":"ListItem","position":1,"name":"Home","item":"https:\/\/www.erresse-shop.it\/es\/"},{"@type":"ListItem","position":2,"name":"Shop","item":"https:\/\/www.erresse-shop.it\/es\/shop\/"},{"@type":"ListItem","position":3,"name":"INSTANT POT Multicooker Plus Wifi 5,7 L Negro"}]},{"@type":"WebSite","@id":"https:\/\/www.erresse-shop.it\/es\/#website","url":"https:\/\/www.erresse-shop.it\/es\/","name":"Erresse Shop","description":"Articoli di qualit\u00e0 per la casa","potentialAction":[{"@type":"SearchAction","target":{"@type":"EntryPoint","urlTemplate":"https:\/\/www.erresse-shop.it\/es\/?s={search_term_string}"},"query-input":"required name=search_term_string"}],"inLanguage":"es"}]}},"df_price":139,"df_sale_price":139,"df_regular_price":219.99,"df_image_link":"https:\/\/www.erresse-shop.it\/wp-content\/uploads\/2025\/05\/INSTANT-POT-Multicooker-Plus-Wifi-57-L-Nero-300x300.jpg","_links":{"self":[{"href":"https:\/\/www.erresse-shop.it\/es\/wp-json\/wp\/v2\/product\/499283"}],"collection":[{"href":"https:\/\/www.erresse-shop.it\/es\/wp-json\/wp\/v2\/product"}],"about":[{"href":"https:\/\/www.erresse-shop.it\/es\/wp-json\/wp\/v2\/types\/product"}],"wp:featuredmedia":[{"embeddable":true,"href":"https:\/\/www.erresse-shop.it\/es\/wp-json\/wp\/v2\/media\/499303"}],"wp:attachment":[{"href":"https:\/\/www.erresse-shop.it\/es\/wp-json\/wp\/v2\/media?parent=499283"}],"wp:term":[{"taxonomy":"product_cat","embeddable":true,"href":"https:\/\/www.erresse-shop.it\/es\/wp-json\/wp\/v2\/product_cat?post=499283"},{"taxonomy":"product_tag","embeddable":true,"href":"https:\/\/www.erresse-shop.it\/es\/wp-json\/wp\/v2\/product_tag?post=499283"}],"curies":[{"name":"wp","href":"https:\/\/api.w.org\/{rel}","templated":true}]}}