{"id":499145,"date":"2025-05-14T12:45:30","date_gmt":"2025-05-14T12:45:34","guid":{"rendered":"https:\/\/www.erresse-shop.it\/?post_type=product&#038;p=499145"},"modified":"2025-05-14T13:02:59","modified_gmt":"2025-05-14T13:02:59","slug":"villeroy-boch-lave-bandeja-para-servir-verde","status":"publish","type":"product","link":"https:\/\/www.erresse-shop.it\/es\/shop\/tabla\/platos-para-servir\/villeroy-boch-lave-bandeja-para-servir-verde\/","title":{"rendered":"VILLEROY &#038; BOCH Lave Bandeja para servir Verde"},"content":{"rendered":"<p class=\"p1\"><strong>Bandeja para servir<\/strong><\/p>\n<ul>\n<li>Este plato para servir de 31,8 cm x 31,5 cm es perfecto para presentar aperitivos, pasteles o platos peque\u00f1os en cualquier ocasi\u00f3n.<\/li>\n<li>Inspirado en la naturaleza: La t\u00e9cnica de esmaltado garantiza una apariencia suave y org\u00e1nica con un car\u00e1cter \u00fanico.<\/li>\n<li>Dise\u00f1o de mesa personalizado: Los diferentes colores de la colecci\u00f3n Lave hacen que cada mesa sea \u00fanica.<\/li>\n<\/ul>\n<p><strong>Material:<\/strong> Terracota<br \/>\n<strong>Apto para lavavajillas:<\/strong> s\u00ed<br \/>\n<strong>Apto para microondas:<\/strong> s\u00ed<\/p>\n<p><span style=\"font-size: 14pt;\"><strong>Dimensiones:<\/strong><\/span><\/p>\n<div>\n<div>\n<ul>\n<li><strong>Largo:<\/strong> 318 mm<\/li>\n<li><strong>Ancho:<\/strong> 315 mm<\/li>\n<li><strong>Altura:<\/strong> 27 mm<\/li>\n<li><strong>Peso:<\/strong> 1265 g<\/li>\n<\/ul>\n<\/div>\n<\/div>\n","protected":false},"excerpt":{"rendered":"<p>Bandeja para servir Este plato para servir de 31,8 cm x 31,5 cm es perfecto para presentar aperitivos, pasteles o<\/p>\n","protected":false},"featured_media":499171,"template":"","meta":{"_acf_changed":false,"inline_featured_image":false},"product_cat":[16032,16027],"product_tag":[25029,22625,24399,16133,16407,16445],"acf":[],"yoast_head":"<!-- This site is optimized with the Yoast SEO Premium plugin v18.6 (Yoast SEO v19.13) - https:\/\/yoast.com\/wordpress\/plugins\/seo\/ -->\n<title>VILLEROY &amp; BOCH Lave Bandeja para servir Verde - Erresse Shop<\/title>\n<meta name=\"description\" content=\"Bandeja para servir Este plato para servir de 31,8 cm x 31,5 cm es perfecto para presentar aperitivos, pasteles o platos peque\u00f1os en cualquier ocasi\u00f3n.\" \/>\n<meta name=\"robots\" content=\"index, follow, max-snippet:-1, max-image-preview:large, max-video-preview:-1\" \/>\n<link rel=\"canonical\" href=\"https:\/\/www.erresse-shop.it\/es\/shop\/tabla\/platos-para-servir\/villeroy-boch-lave-bandeja-para-servir-verde\/\" \/>\n<meta property=\"og:locale\" content=\"es_ES\" \/>\n<meta property=\"og:type\" content=\"article\" \/>\n<meta property=\"og:title\" content=\"VILLEROY &amp; BOCH Lave Bandeja para servir Verde\" \/>\n<meta property=\"og:description\" content=\"Bandeja para servir Este plato para servir de 31,8 cm x 31,5 cm es perfecto para presentar aperitivos, pasteles o platos peque\u00f1os en cualquier ocasi\u00f3n.\" \/>\n<meta property=\"og:url\" content=\"https:\/\/www.erresse-shop.it\/es\/shop\/tabla\/platos-para-servir\/villeroy-boch-lave-bandeja-para-servir-verde\/\" \/>\n<meta property=\"og:site_name\" content=\"Erresse Shop\" \/>\n<meta property=\"article:modified_time\" content=\"2025-05-14T13:02:59+00:00\" \/>\n<meta property=\"og:image\" content=\"https:\/\/www.erresse-shop.it\/wp-content\/uploads\/2025\/05\/VILLEROY-BOCH-Lave-Vassoio-Portata-Verde.jpg\" \/>\n\t<meta property=\"og:image:width\" content=\"1200\" \/>\n\t<meta property=\"og:image:height\" content=\"1200\" \/>\n\t<meta property=\"og:image:type\" content=\"image\/jpeg\" \/>\n<meta name=\"twitter:card\" content=\"summary_large_image\" \/>\n<script type=\"application\/ld+json\" class=\"yoast-schema-graph\">{\"@context\":\"https:\/\/schema.org\",\"@graph\":[{\"@type\":\"WebPage\",\"@id\":\"https:\/\/www.erresse-shop.it\/es\/shop\/tabla\/platos-para-servir\/villeroy-boch-lave-bandeja-para-servir-verde\/\",\"url\":\"https:\/\/www.erresse-shop.it\/es\/shop\/tabla\/platos-para-servir\/villeroy-boch-lave-bandeja-para-servir-verde\/\",\"name\":\"VILLEROY & BOCH Lave Bandeja para servir Verde - Erresse Shop\",\"isPartOf\":{\"@id\":\"https:\/\/www.erresse-shop.it\/es\/#website\"},\"datePublished\":\"2025-05-14T12:45:34+00:00\",\"dateModified\":\"2025-05-14T13:02:59+00:00\",\"description\":\"Bandeja para servir Este plato para servir de 31,8 cm x 31,5 cm es perfecto para presentar aperitivos, pasteles o platos peque\u00f1os en cualquier ocasi\u00f3n.\",\"breadcrumb\":{\"@id\":\"https:\/\/www.erresse-shop.it\/es\/shop\/tabla\/platos-para-servir\/villeroy-boch-lave-bandeja-para-servir-verde\/#breadcrumb\"},\"inLanguage\":\"es\",\"potentialAction\":[{\"@type\":\"ReadAction\",\"target\":[\"https:\/\/www.erresse-shop.it\/es\/shop\/tabla\/platos-para-servir\/villeroy-boch-lave-bandeja-para-servir-verde\/\"]}]},{\"@type\":\"BreadcrumbList\",\"@id\":\"https:\/\/www.erresse-shop.it\/es\/shop\/tabla\/platos-para-servir\/villeroy-boch-lave-bandeja-para-servir-verde\/#breadcrumb\",\"itemListElement\":[{\"@type\":\"ListItem\",\"position\":1,\"name\":\"Home\",\"item\":\"https:\/\/www.erresse-shop.it\/es\/\"},{\"@type\":\"ListItem\",\"position\":2,\"name\":\"Shop\",\"item\":\"https:\/\/www.erresse-shop.it\/es\/shop\/\"},{\"@type\":\"ListItem\",\"position\":3,\"name\":\"VILLEROY &#038; BOCH Lave Bandeja para servir Verde\"}]},{\"@type\":\"WebSite\",\"@id\":\"https:\/\/www.erresse-shop.it\/es\/#website\",\"url\":\"https:\/\/www.erresse-shop.it\/es\/\",\"name\":\"Erresse Shop\",\"description\":\"Articoli di qualit\u00e0 per la casa\",\"potentialAction\":[{\"@type\":\"SearchAction\",\"target\":{\"@type\":\"EntryPoint\",\"urlTemplate\":\"https:\/\/www.erresse-shop.it\/es\/?s={search_term_string}\"},\"query-input\":\"required name=search_term_string\"}],\"inLanguage\":\"es\"}]}<\/script>\n<!-- \/ Yoast SEO Premium plugin. -->","yoast_head_json":{"title":"VILLEROY & BOCH Lave Bandeja para servir Verde - Erresse Shop","description":"Bandeja para servir Este plato para servir de 31,8 cm x 31,5 cm es perfecto para presentar aperitivos, pasteles o platos peque\u00f1os en cualquier ocasi\u00f3n.","robots":{"index":"index","follow":"follow","max-snippet":"max-snippet:-1","max-image-preview":"max-image-preview:large","max-video-preview":"max-video-preview:-1"},"canonical":"https:\/\/www.erresse-shop.it\/es\/shop\/tabla\/platos-para-servir\/villeroy-boch-lave-bandeja-para-servir-verde\/","og_locale":"es_ES","og_type":"article","og_title":"VILLEROY & BOCH Lave Bandeja para servir Verde","og_description":"Bandeja para servir Este plato para servir de 31,8 cm x 31,5 cm es perfecto para presentar aperitivos, pasteles o platos peque\u00f1os en cualquier ocasi\u00f3n.","og_url":"https:\/\/www.erresse-shop.it\/es\/shop\/tabla\/platos-para-servir\/villeroy-boch-lave-bandeja-para-servir-verde\/","og_site_name":"Erresse Shop","article_modified_time":"2025-05-14T13:02:59+00:00","og_image":[{"width":1200,"height":1200,"url":"https:\/\/www.erresse-shop.it\/wp-content\/uploads\/2025\/05\/VILLEROY-BOCH-Lave-Vassoio-Portata-Verde.jpg","type":"image\/jpeg"}],"twitter_card":"summary_large_image","schema":{"@context":"https:\/\/schema.org","@graph":[{"@type":"WebPage","@id":"https:\/\/www.erresse-shop.it\/es\/shop\/tabla\/platos-para-servir\/villeroy-boch-lave-bandeja-para-servir-verde\/","url":"https:\/\/www.erresse-shop.it\/es\/shop\/tabla\/platos-para-servir\/villeroy-boch-lave-bandeja-para-servir-verde\/","name":"VILLEROY & BOCH Lave Bandeja para servir Verde - Erresse Shop","isPartOf":{"@id":"https:\/\/www.erresse-shop.it\/es\/#website"},"datePublished":"2025-05-14T12:45:34+00:00","dateModified":"2025-05-14T13:02:59+00:00","description":"Bandeja para servir Este plato para servir de 31,8 cm x 31,5 cm es perfecto para presentar aperitivos, pasteles o platos peque\u00f1os en cualquier ocasi\u00f3n.","breadcrumb":{"@id":"https:\/\/www.erresse-shop.it\/es\/shop\/tabla\/platos-para-servir\/villeroy-boch-lave-bandeja-para-servir-verde\/#breadcrumb"},"inLanguage":"es","potentialAction":[{"@type":"ReadAction","target":["https:\/\/www.erresse-shop.it\/es\/shop\/tabla\/platos-para-servir\/villeroy-boch-lave-bandeja-para-servir-verde\/"]}]},{"@type":"BreadcrumbList","@id":"https:\/\/www.erresse-shop.it\/es\/shop\/tabla\/platos-para-servir\/villeroy-boch-lave-bandeja-para-servir-verde\/#breadcrumb","itemListElement":[{"@type":"ListItem","position":1,"name":"Home","item":"https:\/\/www.erresse-shop.it\/es\/"},{"@type":"ListItem","position":2,"name":"Shop","item":"https:\/\/www.erresse-shop.it\/es\/shop\/"},{"@type":"ListItem","position":3,"name":"VILLEROY &#038; BOCH Lave Bandeja para servir Verde"}]},{"@type":"WebSite","@id":"https:\/\/www.erresse-shop.it\/es\/#website","url":"https:\/\/www.erresse-shop.it\/es\/","name":"Erresse Shop","description":"Articoli di qualit\u00e0 per la casa","potentialAction":[{"@type":"SearchAction","target":{"@type":"EntryPoint","urlTemplate":"https:\/\/www.erresse-shop.it\/es\/?s={search_term_string}"},"query-input":"required name=search_term_string"}],"inLanguage":"es"}]}},"df_price":24.95,"df_sale_price":24.95,"df_regular_price":49.9,"df_image_link":"https:\/\/www.erresse-shop.it\/wp-content\/uploads\/2025\/05\/VILLEROY-BOCH-Lave-Vassoio-Portata-Verde-300x300.jpg","_links":{"self":[{"href":"https:\/\/www.erresse-shop.it\/es\/wp-json\/wp\/v2\/product\/499145"}],"collection":[{"href":"https:\/\/www.erresse-shop.it\/es\/wp-json\/wp\/v2\/product"}],"about":[{"href":"https:\/\/www.erresse-shop.it\/es\/wp-json\/wp\/v2\/types\/product"}],"wp:featuredmedia":[{"embeddable":true,"href":"https:\/\/www.erresse-shop.it\/es\/wp-json\/wp\/v2\/media\/499171"}],"wp:attachment":[{"href":"https:\/\/www.erresse-shop.it\/es\/wp-json\/wp\/v2\/media?parent=499145"}],"wp:term":[{"taxonomy":"product_cat","embeddable":true,"href":"https:\/\/www.erresse-shop.it\/es\/wp-json\/wp\/v2\/product_cat?post=499145"},{"taxonomy":"product_tag","embeddable":true,"href":"https:\/\/www.erresse-shop.it\/es\/wp-json\/wp\/v2\/product_tag?post=499145"}],"curies":[{"name":"wp","href":"https:\/\/api.w.org\/{rel}","templated":true}]}}