{"id":499101,"date":"2025-05-14T08:41:13","date_gmt":"2025-05-14T08:41:19","guid":{"rendered":"https:\/\/www.erresse-shop.it\/?post_type=product&#038;p=499101"},"modified":"2025-05-14T09:12:36","modified_gmt":"2025-05-14T09:12:36","slug":"smeg-cafetera-espresso-manual-con-vaporizador-negro","status":"publish","type":"product","link":"https:\/\/www.erresse-shop.it\/es\/shop\/pequenos-electrodomesticos\/maquinas-de-cafe\/manual-es\/smeg-cafetera-espresso-manual-con-vaporizador-negro\/","title":{"rendered":"SMEG Cafetera espresso manual con vaporizador Negro"},"content":{"rendered":"<div class=\"main__description\">Convierte cada ma\u00f1ana en una aut\u00e9ntica experiencia barista con la cafetera Smeg, donde la elegancia se une al rendimiento de nivel profesional. Disfruta del aut\u00e9ntico espresso italiano en la comodidad de tu cocina, personalizando cada taza a tu gusto.<\/div>\n<div class=\"main__description\">\n<ul>\n<li>Inicio r\u00e1pido: Gracias al sistema de calentamiento triple Thermoblock, la m\u00e1quina alcanza la temperatura ideal en tan solo unos minutos, con la funci\u00f3n de vapor siempre lista para usar.<\/li>\n<li>Set de accesorios incluido para completar la experiencia &#8220;Barista&#8221;: filtros de caf\u00e9 individuales y dobles, presurizados y no presurizados, jarra de acero inoxidable, prensador de acero inoxidable, banda de dureza del agua, disco de limpieza, cepillo y aguja de limpieza.<\/li>\n<li>La pantalla facilita el ajuste de ajustes y par\u00e1metros para obtener el caf\u00e9 perfecto en todo momento.<\/li>\n<li>Equipada con una bomba de 15 bares que garantiza una extracci\u00f3n \u00f3ptima del espresso en todo momento.<\/li>\n<li>Cafetera completamente dise\u00f1ada y fabricada en Italia.<\/li>\n<li>Control preciso de la presi\u00f3n: El man\u00f3metro integrado permite controlar f\u00e1cilmente la presi\u00f3n de extracci\u00f3n, asegurando que cada bebida est\u00e9 preparada a la perfecci\u00f3n. Perfecci\u00f3n.<\/li>\n<li>Portafiltros profesional: Con un portafiltros de 58 mm, la m\u00e1quina garantiza resultados de calidad excepcional.<\/li>\n<\/ul>\n<\/div>\n<h3 class=\"title\"><span style=\"font-size: 14pt;\">Extracci\u00f3n profesional<\/span><\/h3>\n<div class=\"text\">\n<p>La cafetera espresso semiprofesional cuenta con <strong>dos funciones de espresso preconfiguradas<\/strong>, una para caf\u00e9 simple y otra para caf\u00e9 doble. Tambi\u00e9n es posible dispensar el caf\u00e9 manualmente, gracias al uso de la palanca, para elegir la longitud deseada. Durante el suministro, la pantalla muestra la cuenta regresiva de los segundos necesarios para extraer la bebida, mientras que el <strong>man\u00f3metro profesional<\/strong> permite controlar el progreso de la extracci\u00f3n.<\/p>\n<h3 class=\"title\"><span style=\"font-size: 14pt;\">3 termobloques<\/span><\/h3>\n<div class=\"text\">\n<p>Con <strong>tres termobloques<\/strong>, la cafetera est\u00e1 lista en pocos minutos, eliminando el tiempo de espera entre la preparaci\u00f3n del caf\u00e9 y la espuma de la leche. Un termobloque se dedica al caf\u00e9, mientras que otro alimenta el circuito de vapor. El cabezal del grupo, por otro lado, se calienta activamente para garantizar un control preciso de la temperatura durante el proceso de extracci\u00f3n.<\/p>\n<\/div>\n<\/div>\n<p><strong>EST\u00c9TICA<\/strong><\/p>\n<div class=\"col-sm\">\n<div id=\"sectionDetail-9\" class=\"detail\"><strong><span class=\"detail__label\">Color: <\/span><\/strong><span class=\"detail__txt\">Negro<\/span><\/div>\n<div id=\"sectionDetail-9\" class=\"detail\"><strong><span class=\"detail__label\">Acabado: <\/span><\/strong><span class=\"detail__txt\">Mate<\/span><\/div>\n<div id=\"sectionDetail-9\" class=\"detail\"><strong><span class=\"detail__label\">Est\u00e9tica:<\/span><\/strong><span class=\"detail__label\">Collezione<\/span><\/div>\n<div id=\"sectionDetail-9\" class=\"detail\"><strong><span class=\"detail__label\">Material del pomo: <\/span><\/strong><span class=\"detail__txt\">ZAMA<\/span><\/div>\n<div id=\"sectionDetail-9\" class=\"detail\"><strong><span class=\"detail__label\">Material del cuerpo: <\/span><\/strong><span class=\"detail__txt\">Acero inoxidable\/pl\u00e1stico<\/span><\/div>\n<div id=\"sectionDetail-9\" class=\"detail\"><strong><span class=\"detail__label\">Material del panel frontal: <\/span><\/strong><span class=\"detail__txt\">Aluminio<\/span><\/div>\n<div id=\"sectionDetail-9\" class=\"detail\"><strong><span class=\"detail__label\">Acabado del panel frontal: <\/span><\/strong><span class=\"detail__txt\">Cepillado con borde pulido<\/span><\/div>\n<div id=\"sectionDetail-9\" class=\"detail\"><strong><span class=\"detail__label\">Material del tanque: <\/span><\/strong><span class=\"detail__txt\">SAN<\/span><\/div>\n<div id=\"sectionDetail-9\" class=\"detail\"><strong><span class=\"detail__label\">Material del calientatazas: <\/span><\/strong><span class=\"detail__txt\">Acero inoxidable<\/span><\/div>\n<\/div>\n<div class=\"col-sm\">\n<div id=\"sectionDetail-9\" class=\"detail\"><strong><span class=\"detail__label\">Material del grupo dispensador: <\/span><\/strong><span class=\"detail__txt\">ZAMA<\/span><\/div>\n<div id=\"sectionDetail-9\" class=\"detail\"><strong><span class=\"detail__label\">Material del portafiltro: <\/span><\/strong><span class=\"detail__txt\">Lat\u00f3n cromado<\/span><\/div>\n<div id=\"sectionDetail-9\" class=\"detail\"><strong><span class=\"detail__label\">Color del brazo portafiltro: <\/span><\/strong><span class=\"detail__txt\">Gris<\/span><\/div>\n<div id=\"sectionDetail-9\" class=\"detail\"><span class=\"detail__label\"><strong>Material del brazo portafiltro:<\/strong> <\/span><span class=\"detail__txt\">Acero y pl\u00e1stico<\/span><\/div>\n<div id=\"sectionDetail-9\" class=\"detail\"><strong><span class=\"detail__label\">Material de la rejilla del posavasos: <\/span><\/strong><span class=\"detail__txt\">Aluminio<\/span><\/div>\n<div id=\"sectionDetail-9\" class=\"detail\"><span class=\"detail__label\"><strong>Material del prensador:<\/strong> <\/span><span class=\"detail__txt\">Acero inoxidable<\/span><\/div>\n<div id=\"sectionDetail-9\" class=\"detail\"><strong><span class=\"detail__label\">Material de la jarra de leche: <\/span><\/strong><span class=\"detail__txt\">Acero inoxidable<\/span><\/div>\n<div id=\"sectionDetail-9\" class=\"detail\"><strong><span class=\"detail__label\">Material del tubo de vapor\/agua caliente: <\/span><\/strong><span class=\"detail__txt\">Acero inoxidable<\/span><\/div>\n<div id=\"sectionDetail-9\" class=\"detail\"><span class=\"detail__label\"><strong>Material de la bandeja de goteo:<\/strong> <\/span><span class=\"detail__txt\">Acero inoxidable<\/span><\/div>\n<\/div>\n<p><strong>FUNCIONES<\/strong><\/p>\n<div class=\"col-sm\">\n<div id=\"sectionDetail-128\" class=\"detail\"><strong><span class=\"detail__label\">Funci\u00f3n de caf\u00e9: <\/span><\/strong><span class=\"detail__txt\">Sencillo, Doble, Manual<\/span><\/div>\n<div id=\"sectionDetail-128\" class=\"detail\"><strong><span class=\"detail__label\">Longitud de caf\u00e9 ajustable: <\/span><\/strong><span class=\"detail__txt\">S\u00ed<\/span><\/div>\n<div id=\"sectionDetail-128\" class=\"detail\"><strong><span class=\"detail__label\">Ajuste del agua utilizada: <\/span><\/strong><span class=\"detail__txt\">Suave \/ Media \/ Fuerte<\/span><\/div>\n<div id=\"sectionDetail-128\" class=\"detail\"><strong><span class=\"detail__label\">Aviso de descalcificaci\u00f3n: <\/span><\/strong><span class=\"detail__txt\">S\u00ed<\/span><\/div>\n<div id=\"sectionDetail-128\" class=\"detail\"><span class=\"detail__label\"><strong>Aviso de dep\u00f3sito de agua vac\u00edo\/faltante:<\/strong> <\/span><span class=\"detail__txt\">S\u00ed<\/span><\/div>\n<div id=\"sectionDetail-128\" class=\"detail\"><strong><span class=\"detail__label\">Funci\u00f3n de agua caliente para t\u00e9 y otras bebidas: <\/span><\/strong><span class=\"detail__txt\">S\u00ed<\/span><\/div>\n<div id=\"sectionDetail-128\" class=\"detail\"><strong><span class=\"detail__label\">Funci\u00f3n de espera ajustable: <\/span><\/strong><span class=\"detail__txt\">S\u00ed<\/span><\/div>\n<\/div>\n<div class=\"col-sm\">\n<div id=\"sectionDetail-128\" class=\"detail\"><strong><span class=\"detail__label\">Ajuste del MODO ECO: <\/span><\/strong><span class=\"detail__txt\">S\u00ed<\/span><\/div>\n<div id=\"sectionDetail-128\" class=\"detail\"><strong><span class=\"detail__label\">Ajuste del modo de espera: <\/span><\/strong><span class=\"detail__txt\">5 min\/10 min\/30 min\/60 min<\/span><\/div>\n<div id=\"sectionDetail-128\" class=\"detail\"><span class=\"detail__label\"><strong>Unidad de medida:<\/strong> <\/span><span class=\"detail__txt\">\u00b0C \/ \u00b0F<\/span><\/div>\n<div id=\"sectionDetail-128\" class=\"detail\"><span class=\"detail__label\"><strong>Configuraci\u00f3n Perfiles de preinfusi\u00f3n:<\/strong><span class=\"detail__txt\">De 0 a 4<\/span><\/span><\/div>\n<div id=\"sectionDetail-128\" class=\"detail\"><strong><span class=\"detail__label\">Ajuste del idioma de la pantalla:<\/span><\/strong><span class=\"detail__txt\">IT &#8211; EN &#8211; FR &#8211; ES &#8211; DE<\/span><\/div>\n<div id=\"sectionDetail-128\" class=\"detail\"><strong><span class=\"detail__label\">Intensidad del vapor:<\/span><\/strong><span class=\"detail__txt\">3 niveles<\/span><\/div>\n<div id=\"sectionDetail-128\" class=\"detail\"><strong><span class=\"detail__label\">Ajuste de la temperatura de extracci\u00f3n del caf\u00e9:<\/span><\/strong><span class=\"detail__txt\">De 90 \u00b0C a 100 \u00b0C<\/span><\/div>\n<\/div>\n<p><strong>COMANDOS<\/strong><\/p>\n<div class=\"col-sm\">\n<div id=\"sectionDetail-24\" class=\"detail\"><span class=\"detail__label\"><strong>Pantalla:<\/strong> <\/span><span class=\"detail__txt\">S\u00ed<\/span><\/div>\n<div id=\"sectionDetail-24\" class=\"detail\"><span class=\"detail__label\"><strong>Tipo de controles:<\/strong> <\/span><span class=\"detail__txt\">Botones, palanca, perilla<\/span><\/div>\n<div id=\"sectionDetail-24\" class=\"detail\"><strong><span class=\"detail__label\">Material del bot\u00f3n:<\/span><\/strong><span class=\"detail__txt\">Pl\u00e1stico<\/span><\/div>\n<div id=\"sectionDetail-24\" class=\"detail\"><strong><span class=\"detail__label\">Color del bot\u00f3n: <\/span><\/strong><span class=\"detail__txt\">Plata<\/span><\/div>\n<\/div>\n<div class=\"col-sm\">\n<div id=\"sectionDetail-24\" class=\"detail\"><strong><span class=\"detail__label\">Bot\u00f3n de encendido\/apagado: <\/span><\/strong><span class=\"detail__txt\">S\u00ed<\/span><\/div>\n<div id=\"sectionDetail-24\" class=\"detail\"><span class=\"detail__label\"><strong>No. Botones:<\/strong> <\/span><span class=\"detail__txt\">3<\/span><\/div>\n<div id=\"sectionDetail-24\" class=\"detail\"><span class=\"detail__label\"><strong>Modo de suministro de vapor:<\/strong> <\/span><span class=\"detail__txt\">Perilla<\/span><\/div>\n<\/div>\n<p><strong>CARACTER\u00cdSTICAS T\u00c9CNICAS<\/strong><\/p>\n<div class=\"col-sm\">\n<div id=\"sectionDetail-13\" class=\"detail\"><span class=\"detail__label\"><strong>Sistema de calentamiento:<\/strong> <\/span><span class=\"detail__txt\">Triple Thermoblock<\/span><\/div>\n<div id=\"sectionDetail-13\" class=\"detail\"><span class=\"detail__label\"><strong>Salida de caf\u00e9:<\/strong> <\/span><span class=\"detail__txt\">Doble<\/span><\/div>\n<div id=\"sectionDetail-13\" class=\"detail\"><span class=\"detail__label\"><strong>Capacidad del dep\u00f3sito de agua:<\/strong><span class=\"detail__txt\">1,7 l<\/span><\/span><\/div>\n<div id=\"sectionDetail-13\" class=\"detail\"><strong><span class=\"detail__label\">Dep\u00f3sito de agua extra\u00edble:<\/span><\/strong><span class=\"detail__txt\">S\u00ed<\/span><\/div>\n<div id=\"sectionDetail-13\" class=\"detail\"><strong><span class=\"detail__label\">Bandeja de goteo extra\u00edble:<\/span><\/strong><span class=\"detail__txt\">S\u00ed<\/span><\/div>\n<div id=\"sectionDetail-13\" class=\"detail\"><strong><span class=\"detail__label\">Man\u00f3metro de dispensaci\u00f3n: <\/span><\/strong><span class=\"detail__txt\">S\u00ed<\/span><\/div>\n<\/div>\n<div class=\"col-sm\">\n<div id=\"sectionDetail-13\" class=\"detail\"><span class=\"detail__label\"><strong>Calentador de tazas:<\/strong> <\/span><span class=\"detail__txt\">Pasivo<\/span><\/div>\n<div id=\"sectionDetail-13\" class=\"detail\"><strong><span class=\"detail__label\">Di\u00e1metro del portafiltro: <\/span><\/strong><span class=\"detail__txt\">58 mm<\/span><\/div>\n<div id=\"sectionDetail-13\" class=\"detail\"><strong><span class=\"detail__label\">Presi\u00f3n de la bomba: <\/span><\/strong><span class=\"detail__txt\">15 bar<\/span><\/div>\n<div id=\"sectionDetail-13\" class=\"detail\"><strong><span class=\"detail__label\">Varilla de vapor profesional: <\/span><\/strong><span class=\"detail__txt\">S\u00ed<\/span><\/div>\n<div id=\"sectionDetail-13\" class=\"detail\"><strong><span class=\"detail__label\">Base antideslizante: <\/span><\/strong><span class=\"detail__txt\">S\u00ed<\/span><\/div>\n<\/div>\n<p><strong>ESPECIFICACIONES EL\u00c9CTRICAS<\/strong><\/p>\n<div class=\"col-sm\">\n<div id=\"sectionDetail-15\" class=\"detail\"><strong><span class=\"detail__label\">Enchufe: <\/span><\/strong><span class=\"detail__txt\">(F;E) Schuko<\/span><\/div>\n<div id=\"sectionDetail-15\" class=\"detail\"><strong><span class=\"detail__label\">Voltaje (V):<\/span><\/strong><span class=\"detail__txt\">220 V<\/span><\/div>\n<div class=\"col-sm\">\n<div id=\"sectionDetail-15\" class=\"detail\"><strong><span class=\"detail__label\">Frecuencia Hz: <\/span><\/strong><span class=\"detail__txt\">50\/60 Hz<\/span><\/div>\n<div id=\"sectionDetail-15\" class=\"detail\"><span class=\"detail__label\"><strong>Longitud del cable de alimentaci\u00f3n:<\/strong> <\/span><span class=\"detail__txt\">1 m<\/span><\/div>\n<\/div>\n<p><strong> <span style=\"text-decoration: underline;\">Not for sale outside Europe<\/span><\/strong><\/p>\n<\/div>\n","protected":false},"excerpt":{"rendered":"<p>Convierte cada ma\u00f1ana en una aut\u00e9ntica experiencia barista con la cafetera Smeg, donde la elegancia se une al rendimiento de<\/p>\n","protected":false},"featured_media":499131,"template":"","meta":{"_acf_changed":false,"inline_featured_image":false},"product_cat":[25367,16076,16073],"product_tag":[23574,16398,23583,25023],"acf":[],"yoast_head":"<!-- This site is optimized with the Yoast SEO Premium plugin v18.6 (Yoast SEO v19.13) - https:\/\/yoast.com\/wordpress\/plugins\/seo\/ -->\n<title>SMEG Cafetera espresso manual con vaporizador Negro - Erresse Shop<\/title>\n<meta name=\"description\" content=\"Convierte cada ma\u00f1ana en una aut\u00e9ntica experiencia barista con la cafetera Smeg, donde la elegancia se une al rendimiento de nivel profesional. Disfruta\" \/>\n<meta name=\"robots\" content=\"index, follow, max-snippet:-1, max-image-preview:large, max-video-preview:-1\" \/>\n<link rel=\"canonical\" href=\"https:\/\/www.erresse-shop.it\/es\/shop\/pequenos-electrodomesticos\/maquinas-de-cafe\/manual-es\/smeg-cafetera-espresso-manual-con-vaporizador-negro\/\" \/>\n<meta property=\"og:locale\" content=\"es_ES\" \/>\n<meta property=\"og:type\" content=\"article\" \/>\n<meta property=\"og:title\" content=\"SMEG Cafetera espresso manual con vaporizador Negro\" \/>\n<meta property=\"og:description\" content=\"Convierte cada ma\u00f1ana en una aut\u00e9ntica experiencia barista con la cafetera Smeg, donde la elegancia se une al rendimiento de nivel profesional. Disfruta\" \/>\n<meta property=\"og:url\" content=\"https:\/\/www.erresse-shop.it\/es\/shop\/pequenos-electrodomesticos\/maquinas-de-cafe\/manual-es\/smeg-cafetera-espresso-manual-con-vaporizador-negro\/\" \/>\n<meta property=\"og:site_name\" content=\"Erresse Shop\" \/>\n<meta property=\"article:modified_time\" content=\"2025-05-14T09:12:36+00:00\" \/>\n<meta property=\"og:image\" content=\"https:\/\/www.erresse-shop.it\/wp-content\/uploads\/2025\/05\/SMEG-Macchina-da-Caffe-Espresso-Manuale-con-Lancia-Vapore-Nero.jpg\" \/>\n\t<meta property=\"og:image:width\" content=\"1200\" \/>\n\t<meta property=\"og:image:height\" content=\"1200\" \/>\n\t<meta property=\"og:image:type\" content=\"image\/jpeg\" \/>\n<meta name=\"twitter:card\" content=\"summary_large_image\" \/>\n<script type=\"application\/ld+json\" class=\"yoast-schema-graph\">{\"@context\":\"https:\/\/schema.org\",\"@graph\":[{\"@type\":\"WebPage\",\"@id\":\"https:\/\/www.erresse-shop.it\/es\/shop\/pequenos-electrodomesticos\/maquinas-de-cafe\/manual-es\/smeg-cafetera-espresso-manual-con-vaporizador-negro\/\",\"url\":\"https:\/\/www.erresse-shop.it\/es\/shop\/pequenos-electrodomesticos\/maquinas-de-cafe\/manual-es\/smeg-cafetera-espresso-manual-con-vaporizador-negro\/\",\"name\":\"SMEG Cafetera espresso manual con vaporizador Negro - Erresse Shop\",\"isPartOf\":{\"@id\":\"https:\/\/www.erresse-shop.it\/es\/#website\"},\"datePublished\":\"2025-05-14T08:41:19+00:00\",\"dateModified\":\"2025-05-14T09:12:36+00:00\",\"description\":\"Convierte cada ma\u00f1ana en una aut\u00e9ntica experiencia barista con la cafetera Smeg, donde la elegancia se une al rendimiento de nivel profesional. Disfruta\",\"breadcrumb\":{\"@id\":\"https:\/\/www.erresse-shop.it\/es\/shop\/pequenos-electrodomesticos\/maquinas-de-cafe\/manual-es\/smeg-cafetera-espresso-manual-con-vaporizador-negro\/#breadcrumb\"},\"inLanguage\":\"es\",\"potentialAction\":[{\"@type\":\"ReadAction\",\"target\":[\"https:\/\/www.erresse-shop.it\/es\/shop\/pequenos-electrodomesticos\/maquinas-de-cafe\/manual-es\/smeg-cafetera-espresso-manual-con-vaporizador-negro\/\"]}]},{\"@type\":\"BreadcrumbList\",\"@id\":\"https:\/\/www.erresse-shop.it\/es\/shop\/pequenos-electrodomesticos\/maquinas-de-cafe\/manual-es\/smeg-cafetera-espresso-manual-con-vaporizador-negro\/#breadcrumb\",\"itemListElement\":[{\"@type\":\"ListItem\",\"position\":1,\"name\":\"Home\",\"item\":\"https:\/\/www.erresse-shop.it\/es\/\"},{\"@type\":\"ListItem\",\"position\":2,\"name\":\"Shop\",\"item\":\"https:\/\/www.erresse-shop.it\/es\/shop\/\"},{\"@type\":\"ListItem\",\"position\":3,\"name\":\"SMEG Cafetera espresso manual con vaporizador Negro\"}]},{\"@type\":\"WebSite\",\"@id\":\"https:\/\/www.erresse-shop.it\/es\/#website\",\"url\":\"https:\/\/www.erresse-shop.it\/es\/\",\"name\":\"Erresse Shop\",\"description\":\"Articoli di qualit\u00e0 per la casa\",\"potentialAction\":[{\"@type\":\"SearchAction\",\"target\":{\"@type\":\"EntryPoint\",\"urlTemplate\":\"https:\/\/www.erresse-shop.it\/es\/?s={search_term_string}\"},\"query-input\":\"required name=search_term_string\"}],\"inLanguage\":\"es\"}]}<\/script>\n<!-- \/ Yoast SEO Premium plugin. -->","yoast_head_json":{"title":"SMEG Cafetera espresso manual con vaporizador Negro - Erresse Shop","description":"Convierte cada ma\u00f1ana en una aut\u00e9ntica experiencia barista con la cafetera Smeg, donde la elegancia se une al rendimiento de nivel profesional. Disfruta","robots":{"index":"index","follow":"follow","max-snippet":"max-snippet:-1","max-image-preview":"max-image-preview:large","max-video-preview":"max-video-preview:-1"},"canonical":"https:\/\/www.erresse-shop.it\/es\/shop\/pequenos-electrodomesticos\/maquinas-de-cafe\/manual-es\/smeg-cafetera-espresso-manual-con-vaporizador-negro\/","og_locale":"es_ES","og_type":"article","og_title":"SMEG Cafetera espresso manual con vaporizador Negro","og_description":"Convierte cada ma\u00f1ana en una aut\u00e9ntica experiencia barista con la cafetera Smeg, donde la elegancia se une al rendimiento de nivel profesional. Disfruta","og_url":"https:\/\/www.erresse-shop.it\/es\/shop\/pequenos-electrodomesticos\/maquinas-de-cafe\/manual-es\/smeg-cafetera-espresso-manual-con-vaporizador-negro\/","og_site_name":"Erresse Shop","article_modified_time":"2025-05-14T09:12:36+00:00","og_image":[{"width":1200,"height":1200,"url":"https:\/\/www.erresse-shop.it\/wp-content\/uploads\/2025\/05\/SMEG-Macchina-da-Caffe-Espresso-Manuale-con-Lancia-Vapore-Nero.jpg","type":"image\/jpeg"}],"twitter_card":"summary_large_image","schema":{"@context":"https:\/\/schema.org","@graph":[{"@type":"WebPage","@id":"https:\/\/www.erresse-shop.it\/es\/shop\/pequenos-electrodomesticos\/maquinas-de-cafe\/manual-es\/smeg-cafetera-espresso-manual-con-vaporizador-negro\/","url":"https:\/\/www.erresse-shop.it\/es\/shop\/pequenos-electrodomesticos\/maquinas-de-cafe\/manual-es\/smeg-cafetera-espresso-manual-con-vaporizador-negro\/","name":"SMEG Cafetera espresso manual con vaporizador Negro - Erresse Shop","isPartOf":{"@id":"https:\/\/www.erresse-shop.it\/es\/#website"},"datePublished":"2025-05-14T08:41:19+00:00","dateModified":"2025-05-14T09:12:36+00:00","description":"Convierte cada ma\u00f1ana en una aut\u00e9ntica experiencia barista con la cafetera Smeg, donde la elegancia se une al rendimiento de nivel profesional. Disfruta","breadcrumb":{"@id":"https:\/\/www.erresse-shop.it\/es\/shop\/pequenos-electrodomesticos\/maquinas-de-cafe\/manual-es\/smeg-cafetera-espresso-manual-con-vaporizador-negro\/#breadcrumb"},"inLanguage":"es","potentialAction":[{"@type":"ReadAction","target":["https:\/\/www.erresse-shop.it\/es\/shop\/pequenos-electrodomesticos\/maquinas-de-cafe\/manual-es\/smeg-cafetera-espresso-manual-con-vaporizador-negro\/"]}]},{"@type":"BreadcrumbList","@id":"https:\/\/www.erresse-shop.it\/es\/shop\/pequenos-electrodomesticos\/maquinas-de-cafe\/manual-es\/smeg-cafetera-espresso-manual-con-vaporizador-negro\/#breadcrumb","itemListElement":[{"@type":"ListItem","position":1,"name":"Home","item":"https:\/\/www.erresse-shop.it\/es\/"},{"@type":"ListItem","position":2,"name":"Shop","item":"https:\/\/www.erresse-shop.it\/es\/shop\/"},{"@type":"ListItem","position":3,"name":"SMEG Cafetera espresso manual con vaporizador Negro"}]},{"@type":"WebSite","@id":"https:\/\/www.erresse-shop.it\/es\/#website","url":"https:\/\/www.erresse-shop.it\/es\/","name":"Erresse Shop","description":"Articoli di qualit\u00e0 per la casa","potentialAction":[{"@type":"SearchAction","target":{"@type":"EntryPoint","urlTemplate":"https:\/\/www.erresse-shop.it\/es\/?s={search_term_string}"},"query-input":"required name=search_term_string"}],"inLanguage":"es"}]}},"df_price":1299.95,"df_sale_price":1299.95,"df_regular_price":1499,"df_image_link":"https:\/\/www.erresse-shop.it\/wp-content\/uploads\/2025\/05\/SMEG-Macchina-da-Caffe-Espresso-Manuale-con-Lancia-Vapore-Nero-300x300.jpg","_links":{"self":[{"href":"https:\/\/www.erresse-shop.it\/es\/wp-json\/wp\/v2\/product\/499101"}],"collection":[{"href":"https:\/\/www.erresse-shop.it\/es\/wp-json\/wp\/v2\/product"}],"about":[{"href":"https:\/\/www.erresse-shop.it\/es\/wp-json\/wp\/v2\/types\/product"}],"wp:featuredmedia":[{"embeddable":true,"href":"https:\/\/www.erresse-shop.it\/es\/wp-json\/wp\/v2\/media\/499131"}],"wp:attachment":[{"href":"https:\/\/www.erresse-shop.it\/es\/wp-json\/wp\/v2\/media?parent=499101"}],"wp:term":[{"taxonomy":"product_cat","embeddable":true,"href":"https:\/\/www.erresse-shop.it\/es\/wp-json\/wp\/v2\/product_cat?post=499101"},{"taxonomy":"product_tag","embeddable":true,"href":"https:\/\/www.erresse-shop.it\/es\/wp-json\/wp\/v2\/product_tag?post=499101"}],"curies":[{"name":"wp","href":"https:\/\/api.w.org\/{rel}","templated":true}]}}