{"id":497067,"date":"2025-05-05T06:27:10","date_gmt":"2025-05-05T06:27:14","guid":{"rendered":"https:\/\/www.erresse-shop.it\/?post_type=product&#038;p=497067"},"modified":"2026-02-27T08:46:59","modified_gmt":"2026-02-27T08:46:59","slug":"staub-cocotte-redonda-20-cm-sabio","status":"publish","type":"product","link":"https:\/\/www.erresse-shop.it\/es\/shop\/sartenes-y-ollas\/marmitas-y-cocottes\/staub-cocotte-redonda-20-cm-sabio\/","title":{"rendered":"STAUB Cocotte Redonda 20 cm Sabio"},"content":{"rendered":"<p>Cocinar en cocotte es f\u00e1cil y saludable. De hecho, chefs y gourmets estrella llevan utilizando esta sart\u00e9n de origen franc\u00e9s durante cientos de a\u00f1os. Est\u00e1 fabricado en hierro fundido, lo que no s\u00f3lo garantiza una perfecta distribuci\u00f3n de la temperatura, sino tambi\u00e9n la conservaci\u00f3n de l\u00edquidos y aromas. El revestimiento de esmalte realza a\u00fan m\u00e1s estas cualidades y hace que el uso de la cocotte sea a\u00fan m\u00e1s pr\u00e1ctico. Esta cocotte circular con un di\u00e1metro de 20 cm y una capacidad de 2,2 l es perfecta para 2 personas o para porciones m\u00e1s grandes de guarniciones. Puedes usarlo para cocinar a fuego lento, para sopas o para platos de pescado y verduras. Gracias al dise\u00f1o especial de la tapa con sistema de autopulverizaci\u00f3n, todo el vapor de agua se recoge y se vierte uniformemente sobre los alimentos. De esta manera, la carne y el pescado quedan jugosos, las verduras quedan especialmente tiernas y todos los aromas se conservan en la deliciosa salsa. Esta cocotte. Su aspecto discreto lo convierte en el marco perfecto para platos coloridos como el \u201cGazpacho de tomate\u201d, que, servido en una cocotte, se mantiene deliciosamente fr\u00edo incluso en los d\u00edas m\u00e1s calurosos. Sin embargo, tambi\u00e9n puedes servir platos calientes en la cocotte, como un delicioso pisto, que mantendr\u00e1 su temperatura durante mucho tiempo.<\/p>\n<ul>\n<li>Ideal para sellar y cocinar a fuego lento carne, pescado o verduras<\/li>\n<li>Para una cocci\u00f3n jugosa y tierna gracias a la tapa<\/li>\n<li>El esmalte interior negro mate es ideal para dorar los alimentos de forma especialmente crujiente y es muy duradero.<\/li>\n<li>Apto para todo tipo de fuegos, incluida la inducci\u00f3n, tambi\u00e9n se puede utilizar en el horno\/grill<\/li>\n<li>Color intenso<\/li>\n<\/ul>\n<p><strong>Caracter\u00edsticas<\/strong><\/p>\n<ul>\n<li class=\"attribute\"><span class=\"label\">Resistencia al calor: <\/span><span class=\"value\">260 \u00baC<\/span><\/li>\n<li class=\"attribute\"><span class=\"label\">Resistencia al fr\u00edo: <\/span><span class=\"value\">-20 \u00baC<\/span><\/li>\n<li class=\"attribute\"><span class=\"label\">Material: <\/span><span class=\"value\">hierro fundido<\/span><\/li>\n<li class=\"attribute\"><span class=\"label\">Recubrimiento interno: <\/span><span class=\"value\">esmalte<\/span><\/li>\n<li class=\"attribute\"><span class=\"label\">Tapa existente: <\/span><span class=\"value\">s\u00ed<\/span><\/li>\n<li class=\"attribute\"><span class=\"label\">Inducci\u00f3n: <\/span><span class=\"value\">S\u00ed<\/span><\/li>\n<li class=\"attribute\"><span class=\"label\">Apto para horno: <\/span><span class=\"value\">S\u00ed<\/span><\/li>\n<li class=\"attribute\"><span class=\"label\">Apto para congelador: <\/span><span class=\"value\">S\u00ed<\/span><\/li>\n<li class=\"attribute\"><span class=\"label\">Apto para estufa: <\/span><span class=\"value\">S\u00ed<\/span><\/li>\n<li class=\"attribute\"><span class=\"label\">Apto para lavavajillas: <\/span><span class=\"value\">S\u00ed<\/span><\/li>\n<\/ul>\n<p>Dimensiones<\/p>\n<ul>\n<li class=\"attribute\"><span class=\"label\">Peso neto: <\/span><span class=\"value\">3,50 kg<\/span><\/li>\n<li class=\"attribute\"><span class=\"label\">Capacidad: <\/span><span class=\"value\">2,20 l<\/span><\/li>\n<li class=\"attribute\"><span class=\"label\">Longitud del producto: <\/span><span class=\"value\">26,30 cm<\/span><\/li>\n<li class=\"attribute\"><span class=\"label\">Ancho del producto: <\/span><span class=\"value\">20,00 cm<\/span><\/li>\n<li class=\"attribute\"><span class=\"label\">Altura del producto: <\/span><span class=\"value\">14,20 cm<\/span><\/li>\n<li class=\"attribute\"><span class=\"label\">Altura sin tapa: <\/span><span class=\"value\">9,50 cm<\/span><\/li>\n<li class=\"attribute\"><span class=\"label\">Di\u00e1metro superior: <\/span><span class=\"value\">20,00 cm<\/span><\/li>\n<li class=\"attribute\"><span class=\"label\">Di\u00e1metro del fondo: <\/span><span class=\"value\">16,10 cm<\/span><\/li>\n<\/ul>\n","protected":false},"excerpt":{"rendered":"<p>Cocinar en cocotte es f\u00e1cil y saludable. De hecho, chefs y gourmets estrella llevan utilizando esta sart\u00e9n de origen franc\u00e9s<\/p>\n","protected":false},"featured_media":497103,"template":"","meta":{"_acf_changed":false,"inline_featured_image":false},"product_cat":[16065,16058],"product_tag":[25090,16111,21537,16781,16158,16654,25023],"acf":[],"yoast_head":"<!-- This site is optimized with the Yoast SEO Premium plugin v18.6 (Yoast SEO v19.13) - https:\/\/yoast.com\/wordpress\/plugins\/seo\/ -->\n<title>STAUB Cocotte Redonda 20 cm Sabio - Erresse Shop<\/title>\n<meta name=\"description\" content=\"Cocinar en cocotte es f\u00e1cil y saludable. De hecho, chefs y gourmets estrella llevan utilizando esta sart\u00e9n de origen franc\u00e9s durante cientos de a\u00f1os. Est\u00e1\" \/>\n<meta name=\"robots\" content=\"index, follow, max-snippet:-1, max-image-preview:large, max-video-preview:-1\" \/>\n<link rel=\"canonical\" href=\"https:\/\/www.erresse-shop.it\/es\/shop\/sartenes-y-ollas\/marmitas-y-cocottes\/staub-cocotte-redonda-20-cm-sabio\/\" \/>\n<meta property=\"og:locale\" content=\"es_ES\" \/>\n<meta property=\"og:type\" content=\"article\" \/>\n<meta property=\"og:title\" content=\"STAUB Cocotte Redonda 20 cm Sabio\" \/>\n<meta property=\"og:description\" content=\"Cocinar en cocotte es f\u00e1cil y saludable. De hecho, chefs y gourmets estrella llevan utilizando esta sart\u00e9n de origen franc\u00e9s durante cientos de a\u00f1os. Est\u00e1\" \/>\n<meta property=\"og:url\" content=\"https:\/\/www.erresse-shop.it\/es\/shop\/sartenes-y-ollas\/marmitas-y-cocottes\/staub-cocotte-redonda-20-cm-sabio\/\" \/>\n<meta property=\"og:site_name\" content=\"Erresse Shop\" \/>\n<meta property=\"article:modified_time\" content=\"2026-02-27T08:46:59+00:00\" \/>\n<meta property=\"og:image\" content=\"https:\/\/www.erresse-shop.it\/wp-content\/uploads\/2025\/05\/STAUB-Cocotte-Tonda-20-cm-Salvia.jpg\" \/>\n\t<meta property=\"og:image:width\" content=\"1200\" \/>\n\t<meta property=\"og:image:height\" content=\"1200\" \/>\n\t<meta property=\"og:image:type\" content=\"image\/jpeg\" \/>\n<meta name=\"twitter:card\" content=\"summary_large_image\" \/>\n<script type=\"application\/ld+json\" class=\"yoast-schema-graph\">{\"@context\":\"https:\/\/schema.org\",\"@graph\":[{\"@type\":\"WebPage\",\"@id\":\"https:\/\/www.erresse-shop.it\/es\/shop\/sartenes-y-ollas\/marmitas-y-cocottes\/staub-cocotte-redonda-20-cm-sabio\/\",\"url\":\"https:\/\/www.erresse-shop.it\/es\/shop\/sartenes-y-ollas\/marmitas-y-cocottes\/staub-cocotte-redonda-20-cm-sabio\/\",\"name\":\"STAUB Cocotte Redonda 20 cm Sabio - Erresse Shop\",\"isPartOf\":{\"@id\":\"https:\/\/www.erresse-shop.it\/es\/#website\"},\"datePublished\":\"2025-05-05T06:27:14+00:00\",\"dateModified\":\"2026-02-27T08:46:59+00:00\",\"description\":\"Cocinar en cocotte es f\u00e1cil y saludable. De hecho, chefs y gourmets estrella llevan utilizando esta sart\u00e9n de origen franc\u00e9s durante cientos de a\u00f1os. Est\u00e1\",\"breadcrumb\":{\"@id\":\"https:\/\/www.erresse-shop.it\/es\/shop\/sartenes-y-ollas\/marmitas-y-cocottes\/staub-cocotte-redonda-20-cm-sabio\/#breadcrumb\"},\"inLanguage\":\"es\",\"potentialAction\":[{\"@type\":\"ReadAction\",\"target\":[\"https:\/\/www.erresse-shop.it\/es\/shop\/sartenes-y-ollas\/marmitas-y-cocottes\/staub-cocotte-redonda-20-cm-sabio\/\"]}]},{\"@type\":\"BreadcrumbList\",\"@id\":\"https:\/\/www.erresse-shop.it\/es\/shop\/sartenes-y-ollas\/marmitas-y-cocottes\/staub-cocotte-redonda-20-cm-sabio\/#breadcrumb\",\"itemListElement\":[{\"@type\":\"ListItem\",\"position\":1,\"name\":\"Home\",\"item\":\"https:\/\/www.erresse-shop.it\/es\/\"},{\"@type\":\"ListItem\",\"position\":2,\"name\":\"Shop\",\"item\":\"https:\/\/www.erresse-shop.it\/es\/shop\/\"},{\"@type\":\"ListItem\",\"position\":3,\"name\":\"STAUB Cocotte Redonda 20 cm Sabio\"}]},{\"@type\":\"WebSite\",\"@id\":\"https:\/\/www.erresse-shop.it\/es\/#website\",\"url\":\"https:\/\/www.erresse-shop.it\/es\/\",\"name\":\"Erresse Shop\",\"description\":\"Articoli di qualit\u00e0 per la casa\",\"potentialAction\":[{\"@type\":\"SearchAction\",\"target\":{\"@type\":\"EntryPoint\",\"urlTemplate\":\"https:\/\/www.erresse-shop.it\/es\/?s={search_term_string}\"},\"query-input\":\"required name=search_term_string\"}],\"inLanguage\":\"es\"}]}<\/script>\n<!-- \/ Yoast SEO Premium plugin. -->","yoast_head_json":{"title":"STAUB Cocotte Redonda 20 cm Sabio - Erresse Shop","description":"Cocinar en cocotte es f\u00e1cil y saludable. De hecho, chefs y gourmets estrella llevan utilizando esta sart\u00e9n de origen franc\u00e9s durante cientos de a\u00f1os. Est\u00e1","robots":{"index":"index","follow":"follow","max-snippet":"max-snippet:-1","max-image-preview":"max-image-preview:large","max-video-preview":"max-video-preview:-1"},"canonical":"https:\/\/www.erresse-shop.it\/es\/shop\/sartenes-y-ollas\/marmitas-y-cocottes\/staub-cocotte-redonda-20-cm-sabio\/","og_locale":"es_ES","og_type":"article","og_title":"STAUB Cocotte Redonda 20 cm Sabio","og_description":"Cocinar en cocotte es f\u00e1cil y saludable. De hecho, chefs y gourmets estrella llevan utilizando esta sart\u00e9n de origen franc\u00e9s durante cientos de a\u00f1os. Est\u00e1","og_url":"https:\/\/www.erresse-shop.it\/es\/shop\/sartenes-y-ollas\/marmitas-y-cocottes\/staub-cocotte-redonda-20-cm-sabio\/","og_site_name":"Erresse Shop","article_modified_time":"2026-02-27T08:46:59+00:00","og_image":[{"width":1200,"height":1200,"url":"https:\/\/www.erresse-shop.it\/wp-content\/uploads\/2025\/05\/STAUB-Cocotte-Tonda-20-cm-Salvia.jpg","type":"image\/jpeg"}],"twitter_card":"summary_large_image","schema":{"@context":"https:\/\/schema.org","@graph":[{"@type":"WebPage","@id":"https:\/\/www.erresse-shop.it\/es\/shop\/sartenes-y-ollas\/marmitas-y-cocottes\/staub-cocotte-redonda-20-cm-sabio\/","url":"https:\/\/www.erresse-shop.it\/es\/shop\/sartenes-y-ollas\/marmitas-y-cocottes\/staub-cocotte-redonda-20-cm-sabio\/","name":"STAUB Cocotte Redonda 20 cm Sabio - Erresse Shop","isPartOf":{"@id":"https:\/\/www.erresse-shop.it\/es\/#website"},"datePublished":"2025-05-05T06:27:14+00:00","dateModified":"2026-02-27T08:46:59+00:00","description":"Cocinar en cocotte es f\u00e1cil y saludable. De hecho, chefs y gourmets estrella llevan utilizando esta sart\u00e9n de origen franc\u00e9s durante cientos de a\u00f1os. Est\u00e1","breadcrumb":{"@id":"https:\/\/www.erresse-shop.it\/es\/shop\/sartenes-y-ollas\/marmitas-y-cocottes\/staub-cocotte-redonda-20-cm-sabio\/#breadcrumb"},"inLanguage":"es","potentialAction":[{"@type":"ReadAction","target":["https:\/\/www.erresse-shop.it\/es\/shop\/sartenes-y-ollas\/marmitas-y-cocottes\/staub-cocotte-redonda-20-cm-sabio\/"]}]},{"@type":"BreadcrumbList","@id":"https:\/\/www.erresse-shop.it\/es\/shop\/sartenes-y-ollas\/marmitas-y-cocottes\/staub-cocotte-redonda-20-cm-sabio\/#breadcrumb","itemListElement":[{"@type":"ListItem","position":1,"name":"Home","item":"https:\/\/www.erresse-shop.it\/es\/"},{"@type":"ListItem","position":2,"name":"Shop","item":"https:\/\/www.erresse-shop.it\/es\/shop\/"},{"@type":"ListItem","position":3,"name":"STAUB Cocotte Redonda 20 cm Sabio"}]},{"@type":"WebSite","@id":"https:\/\/www.erresse-shop.it\/es\/#website","url":"https:\/\/www.erresse-shop.it\/es\/","name":"Erresse Shop","description":"Articoli di qualit\u00e0 per la casa","potentialAction":[{"@type":"SearchAction","target":{"@type":"EntryPoint","urlTemplate":"https:\/\/www.erresse-shop.it\/es\/?s={search_term_string}"},"query-input":"required name=search_term_string"}],"inLanguage":"es"}]}},"df_price":114.5,"df_sale_price":114.5,"df_regular_price":229,"df_image_link":"https:\/\/www.erresse-shop.it\/wp-content\/uploads\/2025\/05\/STAUB-Cocotte-Tonda-20-cm-Salvia-300x300.jpg","_links":{"self":[{"href":"https:\/\/www.erresse-shop.it\/es\/wp-json\/wp\/v2\/product\/497067"}],"collection":[{"href":"https:\/\/www.erresse-shop.it\/es\/wp-json\/wp\/v2\/product"}],"about":[{"href":"https:\/\/www.erresse-shop.it\/es\/wp-json\/wp\/v2\/types\/product"}],"wp:featuredmedia":[{"embeddable":true,"href":"https:\/\/www.erresse-shop.it\/es\/wp-json\/wp\/v2\/media\/497103"}],"wp:attachment":[{"href":"https:\/\/www.erresse-shop.it\/es\/wp-json\/wp\/v2\/media?parent=497067"}],"wp:term":[{"taxonomy":"product_cat","embeddable":true,"href":"https:\/\/www.erresse-shop.it\/es\/wp-json\/wp\/v2\/product_cat?post=497067"},{"taxonomy":"product_tag","embeddable":true,"href":"https:\/\/www.erresse-shop.it\/es\/wp-json\/wp\/v2\/product_tag?post=497067"}],"curies":[{"name":"wp","href":"https:\/\/api.w.org\/{rel}","templated":true}]}}