{"id":496982,"date":"2025-05-02T16:43:29","date_gmt":"2025-05-02T16:43:32","guid":{"rendered":"https:\/\/www.erresse-shop.it\/?post_type=product&#038;p=496982"},"modified":"2026-02-09T11:48:59","modified_gmt":"2026-02-09T11:48:59","slug":"villeroy-boch-artesano-set-de-2-vasos-para-latte-macchiato-250-ml-sin-mango","status":"publish","type":"product","link":"https:\/\/www.erresse-shop.it\/es\/shop\/tabla\/vasos\/villeroy-boch-artesano-set-de-2-vasos-para-latte-macchiato-250-ml-sin-mango\/","title":{"rendered":"VILLEROY &#038; BOCH Artesano Set de 2 vasos para Latte Macchiato 250 ml Sin mango"},"content":{"rendered":"<h3 class=\"chakra-heading css-1djizvy\">Artesano Vaso para Latte Macchiato<\/h3>\n<p><strong>Material:<\/strong> Vetro Borosilicato<br \/>\n<strong>Lavabile en lavatoviglie:<\/strong> s\u00ec<br \/>\n<strong>Adatto per microonde:<\/strong> s\u00ed<\/p>\n<div>\n<p><strong>Di\u00e1metro:<\/strong> 90 mm<br \/>\n<strong>Altura:<\/strong> 114 mm<br \/>\n<strong>Volumen:<\/strong> 250 ml<\/p>\n<\/div>\n","protected":false},"excerpt":{"rendered":"<p>Artesano Vaso para Latte Macchiato Material: Vetro Borosilicato Lavabile en lavatoviglie: s\u00ec Adatto per microonde: s\u00ed Di\u00e1metro: 90 mm Altura:<\/p>\n","protected":false},"featured_media":496996,"template":"","meta":{"_acf_changed":false,"inline_featured_image":false},"product_cat":[16027,16028],"product_tag":[25029,23912,16342,17518,16117,20687,25023],"acf":[],"yoast_head":"<!-- This site is optimized with the Yoast SEO Premium plugin v18.6 (Yoast SEO v19.13) - https:\/\/yoast.com\/wordpress\/plugins\/seo\/ -->\n<title>VILLEROY &amp; BOCH Artesano Set de 2 vasos para Latte Macchiato 250 ml Sin mango - Erresse Shop<\/title>\n<meta name=\"description\" content=\"Artesano Vaso para Latte Macchiato Material: Vetro Borosilicato Lavabile en lavatoviglie: s\u00ec Adatto per microonde: s\u00ed Di\u00e1metro: 90 mm Altura: 114 mm\" \/>\n<meta name=\"robots\" content=\"index, follow, max-snippet:-1, max-image-preview:large, max-video-preview:-1\" \/>\n<link rel=\"canonical\" href=\"https:\/\/www.erresse-shop.it\/es\/shop\/tabla\/vasos\/villeroy-boch-artesano-set-de-2-vasos-para-latte-macchiato-250-ml-sin-mango\/\" \/>\n<meta property=\"og:locale\" content=\"es_ES\" \/>\n<meta property=\"og:type\" content=\"article\" \/>\n<meta property=\"og:title\" content=\"VILLEROY &amp; BOCH Artesano Set de 2 vasos para Latte Macchiato 250 ml Sin mango\" \/>\n<meta property=\"og:description\" content=\"Artesano Vaso para Latte Macchiato Material: Vetro Borosilicato Lavabile en lavatoviglie: s\u00ec Adatto per microonde: s\u00ed Di\u00e1metro: 90 mm Altura: 114 mm\" \/>\n<meta property=\"og:url\" content=\"https:\/\/www.erresse-shop.it\/es\/shop\/tabla\/vasos\/villeroy-boch-artesano-set-de-2-vasos-para-latte-macchiato-250-ml-sin-mango\/\" \/>\n<meta property=\"og:site_name\" content=\"Erresse Shop\" \/>\n<meta property=\"article:modified_time\" content=\"2026-02-09T11:48:59+00:00\" \/>\n<meta property=\"og:image\" content=\"https:\/\/www.erresse-shop.it\/wp-content\/uploads\/2025\/05\/VILLEROY-BOCH-Artesano-Set-2-Bicchieri-da-Latte-Macchiato-250-ml-Senza-Manico.jpg\" \/>\n\t<meta property=\"og:image:width\" content=\"1200\" \/>\n\t<meta property=\"og:image:height\" content=\"1200\" \/>\n\t<meta property=\"og:image:type\" content=\"image\/jpeg\" \/>\n<meta name=\"twitter:card\" content=\"summary_large_image\" \/>\n<script type=\"application\/ld+json\" class=\"yoast-schema-graph\">{\"@context\":\"https:\/\/schema.org\",\"@graph\":[{\"@type\":\"WebPage\",\"@id\":\"https:\/\/www.erresse-shop.it\/es\/shop\/tabla\/vasos\/villeroy-boch-artesano-set-de-2-vasos-para-latte-macchiato-250-ml-sin-mango\/\",\"url\":\"https:\/\/www.erresse-shop.it\/es\/shop\/tabla\/vasos\/villeroy-boch-artesano-set-de-2-vasos-para-latte-macchiato-250-ml-sin-mango\/\",\"name\":\"VILLEROY & BOCH Artesano Set de 2 vasos para Latte Macchiato 250 ml Sin mango - Erresse Shop\",\"isPartOf\":{\"@id\":\"https:\/\/www.erresse-shop.it\/es\/#website\"},\"datePublished\":\"2025-05-02T16:43:32+00:00\",\"dateModified\":\"2026-02-09T11:48:59+00:00\",\"description\":\"Artesano Vaso para Latte Macchiato Material: Vetro Borosilicato Lavabile en lavatoviglie: s\u00ec Adatto per microonde: s\u00ed Di\u00e1metro: 90 mm Altura: 114 mm\",\"breadcrumb\":{\"@id\":\"https:\/\/www.erresse-shop.it\/es\/shop\/tabla\/vasos\/villeroy-boch-artesano-set-de-2-vasos-para-latte-macchiato-250-ml-sin-mango\/#breadcrumb\"},\"inLanguage\":\"es\",\"potentialAction\":[{\"@type\":\"ReadAction\",\"target\":[\"https:\/\/www.erresse-shop.it\/es\/shop\/tabla\/vasos\/villeroy-boch-artesano-set-de-2-vasos-para-latte-macchiato-250-ml-sin-mango\/\"]}]},{\"@type\":\"BreadcrumbList\",\"@id\":\"https:\/\/www.erresse-shop.it\/es\/shop\/tabla\/vasos\/villeroy-boch-artesano-set-de-2-vasos-para-latte-macchiato-250-ml-sin-mango\/#breadcrumb\",\"itemListElement\":[{\"@type\":\"ListItem\",\"position\":1,\"name\":\"Home\",\"item\":\"https:\/\/www.erresse-shop.it\/es\/\"},{\"@type\":\"ListItem\",\"position\":2,\"name\":\"Shop\",\"item\":\"https:\/\/www.erresse-shop.it\/es\/shop\/\"},{\"@type\":\"ListItem\",\"position\":3,\"name\":\"VILLEROY &#038; BOCH Artesano Set de 2 vasos para Latte Macchiato 250 ml Sin mango\"}]},{\"@type\":\"WebSite\",\"@id\":\"https:\/\/www.erresse-shop.it\/es\/#website\",\"url\":\"https:\/\/www.erresse-shop.it\/es\/\",\"name\":\"Erresse Shop\",\"description\":\"Articoli di qualit\u00e0 per la casa\",\"potentialAction\":[{\"@type\":\"SearchAction\",\"target\":{\"@type\":\"EntryPoint\",\"urlTemplate\":\"https:\/\/www.erresse-shop.it\/es\/?s={search_term_string}\"},\"query-input\":\"required name=search_term_string\"}],\"inLanguage\":\"es\"}]}<\/script>\n<!-- \/ Yoast SEO Premium plugin. -->","yoast_head_json":{"title":"VILLEROY & BOCH Artesano Set de 2 vasos para Latte Macchiato 250 ml Sin mango - Erresse Shop","description":"Artesano Vaso para Latte Macchiato Material: Vetro Borosilicato Lavabile en lavatoviglie: s\u00ec Adatto per microonde: s\u00ed Di\u00e1metro: 90 mm Altura: 114 mm","robots":{"index":"index","follow":"follow","max-snippet":"max-snippet:-1","max-image-preview":"max-image-preview:large","max-video-preview":"max-video-preview:-1"},"canonical":"https:\/\/www.erresse-shop.it\/es\/shop\/tabla\/vasos\/villeroy-boch-artesano-set-de-2-vasos-para-latte-macchiato-250-ml-sin-mango\/","og_locale":"es_ES","og_type":"article","og_title":"VILLEROY & BOCH Artesano Set de 2 vasos para Latte Macchiato 250 ml Sin mango","og_description":"Artesano Vaso para Latte Macchiato Material: Vetro Borosilicato Lavabile en lavatoviglie: s\u00ec Adatto per microonde: s\u00ed Di\u00e1metro: 90 mm Altura: 114 mm","og_url":"https:\/\/www.erresse-shop.it\/es\/shop\/tabla\/vasos\/villeroy-boch-artesano-set-de-2-vasos-para-latte-macchiato-250-ml-sin-mango\/","og_site_name":"Erresse Shop","article_modified_time":"2026-02-09T11:48:59+00:00","og_image":[{"width":1200,"height":1200,"url":"https:\/\/www.erresse-shop.it\/wp-content\/uploads\/2025\/05\/VILLEROY-BOCH-Artesano-Set-2-Bicchieri-da-Latte-Macchiato-250-ml-Senza-Manico.jpg","type":"image\/jpeg"}],"twitter_card":"summary_large_image","schema":{"@context":"https:\/\/schema.org","@graph":[{"@type":"WebPage","@id":"https:\/\/www.erresse-shop.it\/es\/shop\/tabla\/vasos\/villeroy-boch-artesano-set-de-2-vasos-para-latte-macchiato-250-ml-sin-mango\/","url":"https:\/\/www.erresse-shop.it\/es\/shop\/tabla\/vasos\/villeroy-boch-artesano-set-de-2-vasos-para-latte-macchiato-250-ml-sin-mango\/","name":"VILLEROY & BOCH Artesano Set de 2 vasos para Latte Macchiato 250 ml Sin mango - Erresse Shop","isPartOf":{"@id":"https:\/\/www.erresse-shop.it\/es\/#website"},"datePublished":"2025-05-02T16:43:32+00:00","dateModified":"2026-02-09T11:48:59+00:00","description":"Artesano Vaso para Latte Macchiato Material: Vetro Borosilicato Lavabile en lavatoviglie: s\u00ec Adatto per microonde: s\u00ed Di\u00e1metro: 90 mm Altura: 114 mm","breadcrumb":{"@id":"https:\/\/www.erresse-shop.it\/es\/shop\/tabla\/vasos\/villeroy-boch-artesano-set-de-2-vasos-para-latte-macchiato-250-ml-sin-mango\/#breadcrumb"},"inLanguage":"es","potentialAction":[{"@type":"ReadAction","target":["https:\/\/www.erresse-shop.it\/es\/shop\/tabla\/vasos\/villeroy-boch-artesano-set-de-2-vasos-para-latte-macchiato-250-ml-sin-mango\/"]}]},{"@type":"BreadcrumbList","@id":"https:\/\/www.erresse-shop.it\/es\/shop\/tabla\/vasos\/villeroy-boch-artesano-set-de-2-vasos-para-latte-macchiato-250-ml-sin-mango\/#breadcrumb","itemListElement":[{"@type":"ListItem","position":1,"name":"Home","item":"https:\/\/www.erresse-shop.it\/es\/"},{"@type":"ListItem","position":2,"name":"Shop","item":"https:\/\/www.erresse-shop.it\/es\/shop\/"},{"@type":"ListItem","position":3,"name":"VILLEROY &#038; BOCH Artesano Set de 2 vasos para Latte Macchiato 250 ml Sin mango"}]},{"@type":"WebSite","@id":"https:\/\/www.erresse-shop.it\/es\/#website","url":"https:\/\/www.erresse-shop.it\/es\/","name":"Erresse Shop","description":"Articoli di qualit\u00e0 per la casa","potentialAction":[{"@type":"SearchAction","target":{"@type":"EntryPoint","urlTemplate":"https:\/\/www.erresse-shop.it\/es\/?s={search_term_string}"},"query-input":"required name=search_term_string"}],"inLanguage":"es"}]}},"df_price":19.95,"df_sale_price":19.95,"df_regular_price":39.9,"df_image_link":"https:\/\/www.erresse-shop.it\/wp-content\/uploads\/2025\/05\/VILLEROY-BOCH-Artesano-Set-2-Bicchieri-da-Latte-Macchiato-250-ml-Senza-Manico-300x300.jpg","_links":{"self":[{"href":"https:\/\/www.erresse-shop.it\/es\/wp-json\/wp\/v2\/product\/496982"}],"collection":[{"href":"https:\/\/www.erresse-shop.it\/es\/wp-json\/wp\/v2\/product"}],"about":[{"href":"https:\/\/www.erresse-shop.it\/es\/wp-json\/wp\/v2\/types\/product"}],"wp:featuredmedia":[{"embeddable":true,"href":"https:\/\/www.erresse-shop.it\/es\/wp-json\/wp\/v2\/media\/496996"}],"wp:attachment":[{"href":"https:\/\/www.erresse-shop.it\/es\/wp-json\/wp\/v2\/media?parent=496982"}],"wp:term":[{"taxonomy":"product_cat","embeddable":true,"href":"https:\/\/www.erresse-shop.it\/es\/wp-json\/wp\/v2\/product_cat?post=496982"},{"taxonomy":"product_tag","embeddable":true,"href":"https:\/\/www.erresse-shop.it\/es\/wp-json\/wp\/v2\/product_tag?post=496982"}],"curies":[{"name":"wp","href":"https:\/\/api.w.org\/{rel}","templated":true}]}}