{"id":496469,"date":"2025-05-02T07:39:30","date_gmt":"2025-05-02T07:39:32","guid":{"rendered":"https:\/\/www.erresse-shop.it\/?post_type=product&#038;p=496469"},"modified":"2026-02-27T09:01:31","modified_gmt":"2026-02-27T09:01:31","slug":"villeroy-boch-travertine-plato-para-servir-con-pedestal","status":"publish","type":"product","link":"https:\/\/www.erresse-shop.it\/es\/shop\/tabla\/platos-para-servir\/villeroy-boch-travertine-plato-para-servir-con-pedestal\/","title":{"rendered":"VILLEROY &#038; BOCH Travertine Plato para servir con pedestal"},"content":{"rendered":"<h3 class=\"chakra-heading css-1djizvy\">Plato para servir con pedestal<\/h3>\n<ul>\n<li>Cuenco de pedestal vers\u00e1til: ideal para servir quesos finos, aperitivos mediterr\u00e1neos o fruta fresca. La elegante elevaci\u00f3n crea el ambiente perfecto para cualquier arreglo.<\/li>\n<li>El punto culminante de cualquier plato de aperitivos: Presente aperitivos y quesos con estilo en fiestas, buf\u00e9s o aperitivos informales con amigos.<\/li>\n<li>Un trocito de naturaleza para su hogar: Hecho de aut\u00e9ntico travertino, cada producto se caracteriza por su veta individual y est\u00e1 elaborado a mano con cari\u00f1o para crear una pieza \u00fanica e inconfundible.<\/li>\n<\/ul>\n<p><strong>Material:<\/strong> Terracota<br \/>\n<strong>Se recomienda lavar a mano<\/strong><br \/>\n<strong>Apto para microondas:<\/strong> no<\/p>\n<p><span style=\"font-size: 14pt;\"><strong>Dimensiones:<\/strong><\/span><\/p>\n<div>\n<ul>\n<li><b>Di\u00e1metro:<\/b> 280 mm<\/li>\n<li><strong>Altura:<\/strong> 100 mm<\/li>\n<\/ul>\n<\/div>\n","protected":false},"excerpt":{"rendered":"<p>Plato para servir con pedestal Cuenco de pedestal vers\u00e1til: ideal para servir quesos finos, aperitivos mediterr\u00e1neos o fruta fresca. La<\/p>\n","protected":false},"featured_media":496483,"template":"","meta":{"_acf_changed":false,"inline_featured_image":false},"product_cat":[16032,16027],"product_tag":[25029,24399,16133,16407,16445],"acf":[],"yoast_head":"<!-- This site is optimized with the Yoast SEO Premium plugin v18.6 (Yoast SEO v19.13) - https:\/\/yoast.com\/wordpress\/plugins\/seo\/ -->\n<title>VILLEROY &amp; BOCH Travertine Plato para servir con pedestal - Erresse Shop<\/title>\n<meta name=\"description\" content=\"Plato para servir con pedestal Cuenco de pedestal vers\u00e1til: ideal para servir quesos finos, aperitivos mediterr\u00e1neos o fruta fresca. La elegante elevaci\u00f3n\" \/>\n<meta name=\"robots\" content=\"index, follow, max-snippet:-1, max-image-preview:large, max-video-preview:-1\" \/>\n<link rel=\"canonical\" href=\"https:\/\/www.erresse-shop.it\/es\/shop\/tabla\/platos-para-servir\/villeroy-boch-travertine-plato-para-servir-con-pedestal\/\" \/>\n<meta property=\"og:locale\" content=\"es_ES\" \/>\n<meta property=\"og:type\" content=\"article\" \/>\n<meta property=\"og:title\" content=\"VILLEROY &amp; BOCH Travertine Plato para servir con pedestal\" \/>\n<meta property=\"og:description\" content=\"Plato para servir con pedestal Cuenco de pedestal vers\u00e1til: ideal para servir quesos finos, aperitivos mediterr\u00e1neos o fruta fresca. La elegante elevaci\u00f3n\" \/>\n<meta property=\"og:url\" content=\"https:\/\/www.erresse-shop.it\/es\/shop\/tabla\/platos-para-servir\/villeroy-boch-travertine-plato-para-servir-con-pedestal\/\" \/>\n<meta property=\"og:site_name\" content=\"Erresse Shop\" \/>\n<meta property=\"article:modified_time\" content=\"2026-02-27T09:01:31+00:00\" \/>\n<meta property=\"og:image\" content=\"https:\/\/www.erresse-shop.it\/wp-content\/uploads\/2025\/05\/VILLEROY-BOCH-Travertine-Piatto-da-Portata-con-Piedistallo.jpg\" \/>\n\t<meta property=\"og:image:width\" content=\"1200\" \/>\n\t<meta property=\"og:image:height\" content=\"1200\" \/>\n\t<meta property=\"og:image:type\" content=\"image\/jpeg\" \/>\n<meta name=\"twitter:card\" content=\"summary_large_image\" \/>\n<script type=\"application\/ld+json\" class=\"yoast-schema-graph\">{\"@context\":\"https:\/\/schema.org\",\"@graph\":[{\"@type\":\"WebPage\",\"@id\":\"https:\/\/www.erresse-shop.it\/es\/shop\/tabla\/platos-para-servir\/villeroy-boch-travertine-plato-para-servir-con-pedestal\/\",\"url\":\"https:\/\/www.erresse-shop.it\/es\/shop\/tabla\/platos-para-servir\/villeroy-boch-travertine-plato-para-servir-con-pedestal\/\",\"name\":\"VILLEROY & BOCH Travertine Plato para servir con pedestal - Erresse Shop\",\"isPartOf\":{\"@id\":\"https:\/\/www.erresse-shop.it\/es\/#website\"},\"datePublished\":\"2025-05-02T07:39:32+00:00\",\"dateModified\":\"2026-02-27T09:01:31+00:00\",\"description\":\"Plato para servir con pedestal Cuenco de pedestal vers\u00e1til: ideal para servir quesos finos, aperitivos mediterr\u00e1neos o fruta fresca. La elegante elevaci\u00f3n\",\"breadcrumb\":{\"@id\":\"https:\/\/www.erresse-shop.it\/es\/shop\/tabla\/platos-para-servir\/villeroy-boch-travertine-plato-para-servir-con-pedestal\/#breadcrumb\"},\"inLanguage\":\"es\",\"potentialAction\":[{\"@type\":\"ReadAction\",\"target\":[\"https:\/\/www.erresse-shop.it\/es\/shop\/tabla\/platos-para-servir\/villeroy-boch-travertine-plato-para-servir-con-pedestal\/\"]}]},{\"@type\":\"BreadcrumbList\",\"@id\":\"https:\/\/www.erresse-shop.it\/es\/shop\/tabla\/platos-para-servir\/villeroy-boch-travertine-plato-para-servir-con-pedestal\/#breadcrumb\",\"itemListElement\":[{\"@type\":\"ListItem\",\"position\":1,\"name\":\"Home\",\"item\":\"https:\/\/www.erresse-shop.it\/es\/\"},{\"@type\":\"ListItem\",\"position\":2,\"name\":\"Shop\",\"item\":\"https:\/\/www.erresse-shop.it\/es\/shop\/\"},{\"@type\":\"ListItem\",\"position\":3,\"name\":\"VILLEROY &#038; BOCH Travertine Plato para servir con pedestal\"}]},{\"@type\":\"WebSite\",\"@id\":\"https:\/\/www.erresse-shop.it\/es\/#website\",\"url\":\"https:\/\/www.erresse-shop.it\/es\/\",\"name\":\"Erresse Shop\",\"description\":\"Articoli di qualit\u00e0 per la casa\",\"potentialAction\":[{\"@type\":\"SearchAction\",\"target\":{\"@type\":\"EntryPoint\",\"urlTemplate\":\"https:\/\/www.erresse-shop.it\/es\/?s={search_term_string}\"},\"query-input\":\"required name=search_term_string\"}],\"inLanguage\":\"es\"}]}<\/script>\n<!-- \/ Yoast SEO Premium plugin. -->","yoast_head_json":{"title":"VILLEROY & BOCH Travertine Plato para servir con pedestal - Erresse Shop","description":"Plato para servir con pedestal Cuenco de pedestal vers\u00e1til: ideal para servir quesos finos, aperitivos mediterr\u00e1neos o fruta fresca. La elegante elevaci\u00f3n","robots":{"index":"index","follow":"follow","max-snippet":"max-snippet:-1","max-image-preview":"max-image-preview:large","max-video-preview":"max-video-preview:-1"},"canonical":"https:\/\/www.erresse-shop.it\/es\/shop\/tabla\/platos-para-servir\/villeroy-boch-travertine-plato-para-servir-con-pedestal\/","og_locale":"es_ES","og_type":"article","og_title":"VILLEROY & BOCH Travertine Plato para servir con pedestal","og_description":"Plato para servir con pedestal Cuenco de pedestal vers\u00e1til: ideal para servir quesos finos, aperitivos mediterr\u00e1neos o fruta fresca. La elegante elevaci\u00f3n","og_url":"https:\/\/www.erresse-shop.it\/es\/shop\/tabla\/platos-para-servir\/villeroy-boch-travertine-plato-para-servir-con-pedestal\/","og_site_name":"Erresse Shop","article_modified_time":"2026-02-27T09:01:31+00:00","og_image":[{"width":1200,"height":1200,"url":"https:\/\/www.erresse-shop.it\/wp-content\/uploads\/2025\/05\/VILLEROY-BOCH-Travertine-Piatto-da-Portata-con-Piedistallo.jpg","type":"image\/jpeg"}],"twitter_card":"summary_large_image","schema":{"@context":"https:\/\/schema.org","@graph":[{"@type":"WebPage","@id":"https:\/\/www.erresse-shop.it\/es\/shop\/tabla\/platos-para-servir\/villeroy-boch-travertine-plato-para-servir-con-pedestal\/","url":"https:\/\/www.erresse-shop.it\/es\/shop\/tabla\/platos-para-servir\/villeroy-boch-travertine-plato-para-servir-con-pedestal\/","name":"VILLEROY & BOCH Travertine Plato para servir con pedestal - Erresse Shop","isPartOf":{"@id":"https:\/\/www.erresse-shop.it\/es\/#website"},"datePublished":"2025-05-02T07:39:32+00:00","dateModified":"2026-02-27T09:01:31+00:00","description":"Plato para servir con pedestal Cuenco de pedestal vers\u00e1til: ideal para servir quesos finos, aperitivos mediterr\u00e1neos o fruta fresca. La elegante elevaci\u00f3n","breadcrumb":{"@id":"https:\/\/www.erresse-shop.it\/es\/shop\/tabla\/platos-para-servir\/villeroy-boch-travertine-plato-para-servir-con-pedestal\/#breadcrumb"},"inLanguage":"es","potentialAction":[{"@type":"ReadAction","target":["https:\/\/www.erresse-shop.it\/es\/shop\/tabla\/platos-para-servir\/villeroy-boch-travertine-plato-para-servir-con-pedestal\/"]}]},{"@type":"BreadcrumbList","@id":"https:\/\/www.erresse-shop.it\/es\/shop\/tabla\/platos-para-servir\/villeroy-boch-travertine-plato-para-servir-con-pedestal\/#breadcrumb","itemListElement":[{"@type":"ListItem","position":1,"name":"Home","item":"https:\/\/www.erresse-shop.it\/es\/"},{"@type":"ListItem","position":2,"name":"Shop","item":"https:\/\/www.erresse-shop.it\/es\/shop\/"},{"@type":"ListItem","position":3,"name":"VILLEROY &#038; BOCH Travertine Plato para servir con pedestal"}]},{"@type":"WebSite","@id":"https:\/\/www.erresse-shop.it\/es\/#website","url":"https:\/\/www.erresse-shop.it\/es\/","name":"Erresse Shop","description":"Articoli di qualit\u00e0 per la casa","potentialAction":[{"@type":"SearchAction","target":{"@type":"EntryPoint","urlTemplate":"https:\/\/www.erresse-shop.it\/es\/?s={search_term_string}"},"query-input":"required name=search_term_string"}],"inLanguage":"es"}]}},"df_price":64.5,"df_sale_price":64.5,"df_regular_price":129,"df_image_link":"https:\/\/www.erresse-shop.it\/wp-content\/uploads\/2025\/05\/VILLEROY-BOCH-Travertine-Piatto-da-Portata-con-Piedistallo-300x300.jpg","_links":{"self":[{"href":"https:\/\/www.erresse-shop.it\/es\/wp-json\/wp\/v2\/product\/496469"}],"collection":[{"href":"https:\/\/www.erresse-shop.it\/es\/wp-json\/wp\/v2\/product"}],"about":[{"href":"https:\/\/www.erresse-shop.it\/es\/wp-json\/wp\/v2\/types\/product"}],"wp:featuredmedia":[{"embeddable":true,"href":"https:\/\/www.erresse-shop.it\/es\/wp-json\/wp\/v2\/media\/496483"}],"wp:attachment":[{"href":"https:\/\/www.erresse-shop.it\/es\/wp-json\/wp\/v2\/media?parent=496469"}],"wp:term":[{"taxonomy":"product_cat","embeddable":true,"href":"https:\/\/www.erresse-shop.it\/es\/wp-json\/wp\/v2\/product_cat?post=496469"},{"taxonomy":"product_tag","embeddable":true,"href":"https:\/\/www.erresse-shop.it\/es\/wp-json\/wp\/v2\/product_tag?post=496469"}],"curies":[{"name":"wp","href":"https:\/\/api.w.org\/{rel}","templated":true}]}}