{"id":495308,"date":"2025-04-28T06:21:11","date_gmt":"2025-04-28T06:22:10","guid":{"rendered":"https:\/\/www.erresse-shop.it\/?post_type=product&#038;p=495308"},"modified":"2026-02-27T09:32:12","modified_gmt":"2026-02-27T09:32:12","slug":"staub-cocotte-tonda-con-cestello-a-vapore-24-cm-blanco","status":"publish","type":"product","link":"https:\/\/www.erresse-shop.it\/es\/shop\/sartenes-y-ollas\/marmitas-y-cocottes\/staub-cocotte-tonda-con-cestello-a-vapore-24-cm-blanco\/","title":{"rendered":"STAUB Cocotte Tonda con Cestello a Vapore 24 cm Blanco"},"content":{"rendered":"<p>La cocotte, con una cesta de cocci\u00f3n al vapor especial fabricada en acero inoxidable 18\/10 de alta calidad, permite cocinar varios ingredientes al mismo tiempo. Gracias a la gruesa junta de silicona y a los orificios en la superficie de la cesta, el calor se distribuye uniformemente por toda la sart\u00e9n. La cocotte tiene un di\u00e1metro de 24 cm y una capacidad de 3,7 litros. Puedes utilizar la cocotte en todo tipo de fuegos, incluida la inducci\u00f3n, e incluso en el horno. El interior presenta un esmalte negro mate. El material es duradero, f\u00e1cil de limpiar y es apreciado tanto por los grandes chefs como por los novatos de la cocina, gracias a sus excepcionales cualidades. La cocotte permite cocinar a fuego lento los alimentos de forma eficiente y conserva los sabores naturales de los ingredientes. El revestimiento de esmalte retiene el calor y lo libera de forma gradual y uniforme. La estructura especial de \u201chemisferio\u201d dentro de la tapa permite que la condensaci\u00f3n gotee uniformemente sobre los alimentos que se est\u00e1n cocinando, manteni\u00e9ndolos bastante jugosos y tiernos. Una vez retirada la cesta, la cocotte Staub negra se puede utilizar para servir platos con estilo.<\/p>\n<p>&#8211; Ideal para estofar y guisar al mismo tiempo, por ejemplo cocinando el arroz abajo y el pescado arriba<br \/>\n&#8211; Para un resultado de cocci\u00f3n jugoso y tierno gracias a la tapa<br \/>\n&#8211; El esmalte interior negro mate es ideal para cocinar a fuego lento de forma especialmente crujiente y es muy resistente.<br \/>\n&#8211; Apto para todo tipo de fuegos, incluida inducci\u00f3n, tambi\u00e9n se puede colocar en el horno\/grill.<br \/>\n&#8211; Color intenso<\/p>\n<p><strong>Caracter\u00edsticas<\/strong><\/p>\n<p>&#8211; Resistencia al calor (\u00b0C): 240,00 \u00baC<br \/>\n&#8211; Resistencia al fr\u00edo: -20,00 \u00baC<br \/>\n&#8211; Material: hierro fundido<br \/>\n&#8211; Tapa existente: s\u00ed<br \/>\n&#8211; Inducci\u00f3n: S\u00ed<br \/>\n&#8211; Apto para horno: S\u00ed<br \/>\n&#8211; Apto para congelador: S\u00ed<br \/>\n&#8211; Apto para vitrocer\u00e1mica: S\u00ed<br \/>\n&#8211; Apto para lavavajillas: S\u00ed<\/p>\n<p><strong>Tama\u00f1o<\/strong><\/p>\n<p>&#8211; Peso neto: 5,5 kg<br \/>\n&#8211; Capacidad: 3,70 l<br \/>\n&#8211; Di\u00e1metro: 24 cm<br \/>\n&#8211; Altura: 22,6 cm<\/p>\n","protected":false},"excerpt":{"rendered":"<p>La cocotte, con una cesta de cocci\u00f3n al vapor especial fabricada en acero inoxidable 18\/10 de alta calidad, permite cocinar<\/p>\n","protected":false},"featured_media":495329,"template":"","meta":{"_acf_changed":false,"inline_featured_image":false},"product_cat":[16065,16058],"product_tag":[25090,16782,21537,16781,16158,16654,25023],"acf":[],"yoast_head":"<!-- This site is optimized with the Yoast SEO Premium plugin v18.6 (Yoast SEO v19.13) - https:\/\/yoast.com\/wordpress\/plugins\/seo\/ -->\n<title>STAUB Cocotte Tonda con Cestello a Vapore 24 cm Blanco - Erresse Shop<\/title>\n<meta name=\"description\" content=\"La cocotte, con una cesta de cocci\u00f3n al vapor especial fabricada en acero inoxidable 18\/10 de alta calidad, permite cocinar varios ingredientes al mismo\" \/>\n<meta name=\"robots\" content=\"index, follow, max-snippet:-1, max-image-preview:large, max-video-preview:-1\" \/>\n<link rel=\"canonical\" href=\"https:\/\/www.erresse-shop.it\/es\/shop\/sartenes-y-ollas\/marmitas-y-cocottes\/staub-cocotte-tonda-con-cestello-a-vapore-24-cm-blanco\/\" \/>\n<meta property=\"og:locale\" content=\"es_ES\" \/>\n<meta property=\"og:type\" content=\"article\" \/>\n<meta property=\"og:title\" content=\"STAUB Cocotte Tonda con Cestello a Vapore 24 cm Blanco\" \/>\n<meta property=\"og:description\" content=\"La cocotte, con una cesta de cocci\u00f3n al vapor especial fabricada en acero inoxidable 18\/10 de alta calidad, permite cocinar varios ingredientes al mismo\" \/>\n<meta property=\"og:url\" content=\"https:\/\/www.erresse-shop.it\/es\/shop\/sartenes-y-ollas\/marmitas-y-cocottes\/staub-cocotte-tonda-con-cestello-a-vapore-24-cm-blanco\/\" \/>\n<meta property=\"og:site_name\" content=\"Erresse Shop\" \/>\n<meta property=\"article:modified_time\" content=\"2026-02-27T09:32:12+00:00\" \/>\n<meta property=\"og:image\" content=\"https:\/\/www.erresse-shop.it\/wp-content\/uploads\/2025\/04\/STAUB-Cocotte-Tonda-con-Cestello-a-Vapore-24-cm-Bianco.jpg\" \/>\n\t<meta property=\"og:image:width\" content=\"1200\" \/>\n\t<meta property=\"og:image:height\" content=\"1200\" \/>\n\t<meta property=\"og:image:type\" content=\"image\/jpeg\" \/>\n<meta name=\"twitter:card\" content=\"summary_large_image\" \/>\n<script type=\"application\/ld+json\" class=\"yoast-schema-graph\">{\"@context\":\"https:\/\/schema.org\",\"@graph\":[{\"@type\":\"WebPage\",\"@id\":\"https:\/\/www.erresse-shop.it\/es\/shop\/sartenes-y-ollas\/marmitas-y-cocottes\/staub-cocotte-tonda-con-cestello-a-vapore-24-cm-blanco\/\",\"url\":\"https:\/\/www.erresse-shop.it\/es\/shop\/sartenes-y-ollas\/marmitas-y-cocottes\/staub-cocotte-tonda-con-cestello-a-vapore-24-cm-blanco\/\",\"name\":\"STAUB Cocotte Tonda con Cestello a Vapore 24 cm Blanco - Erresse Shop\",\"isPartOf\":{\"@id\":\"https:\/\/www.erresse-shop.it\/es\/#website\"},\"datePublished\":\"2025-04-28T06:22:10+00:00\",\"dateModified\":\"2026-02-27T09:32:12+00:00\",\"description\":\"La cocotte, con una cesta de cocci\u00f3n al vapor especial fabricada en acero inoxidable 18\/10 de alta calidad, permite cocinar varios ingredientes al mismo\",\"breadcrumb\":{\"@id\":\"https:\/\/www.erresse-shop.it\/es\/shop\/sartenes-y-ollas\/marmitas-y-cocottes\/staub-cocotte-tonda-con-cestello-a-vapore-24-cm-blanco\/#breadcrumb\"},\"inLanguage\":\"es\",\"potentialAction\":[{\"@type\":\"ReadAction\",\"target\":[\"https:\/\/www.erresse-shop.it\/es\/shop\/sartenes-y-ollas\/marmitas-y-cocottes\/staub-cocotte-tonda-con-cestello-a-vapore-24-cm-blanco\/\"]}]},{\"@type\":\"BreadcrumbList\",\"@id\":\"https:\/\/www.erresse-shop.it\/es\/shop\/sartenes-y-ollas\/marmitas-y-cocottes\/staub-cocotte-tonda-con-cestello-a-vapore-24-cm-blanco\/#breadcrumb\",\"itemListElement\":[{\"@type\":\"ListItem\",\"position\":1,\"name\":\"Home\",\"item\":\"https:\/\/www.erresse-shop.it\/es\/\"},{\"@type\":\"ListItem\",\"position\":2,\"name\":\"Shop\",\"item\":\"https:\/\/www.erresse-shop.it\/es\/shop\/\"},{\"@type\":\"ListItem\",\"position\":3,\"name\":\"STAUB Cocotte Tonda con Cestello a Vapore 24 cm Blanco\"}]},{\"@type\":\"WebSite\",\"@id\":\"https:\/\/www.erresse-shop.it\/es\/#website\",\"url\":\"https:\/\/www.erresse-shop.it\/es\/\",\"name\":\"Erresse Shop\",\"description\":\"Articoli di qualit\u00e0 per la casa\",\"potentialAction\":[{\"@type\":\"SearchAction\",\"target\":{\"@type\":\"EntryPoint\",\"urlTemplate\":\"https:\/\/www.erresse-shop.it\/es\/?s={search_term_string}\"},\"query-input\":\"required name=search_term_string\"}],\"inLanguage\":\"es\"}]}<\/script>\n<!-- \/ Yoast SEO Premium plugin. -->","yoast_head_json":{"title":"STAUB Cocotte Tonda con Cestello a Vapore 24 cm Blanco - Erresse Shop","description":"La cocotte, con una cesta de cocci\u00f3n al vapor especial fabricada en acero inoxidable 18\/10 de alta calidad, permite cocinar varios ingredientes al mismo","robots":{"index":"index","follow":"follow","max-snippet":"max-snippet:-1","max-image-preview":"max-image-preview:large","max-video-preview":"max-video-preview:-1"},"canonical":"https:\/\/www.erresse-shop.it\/es\/shop\/sartenes-y-ollas\/marmitas-y-cocottes\/staub-cocotte-tonda-con-cestello-a-vapore-24-cm-blanco\/","og_locale":"es_ES","og_type":"article","og_title":"STAUB Cocotte Tonda con Cestello a Vapore 24 cm Blanco","og_description":"La cocotte, con una cesta de cocci\u00f3n al vapor especial fabricada en acero inoxidable 18\/10 de alta calidad, permite cocinar varios ingredientes al mismo","og_url":"https:\/\/www.erresse-shop.it\/es\/shop\/sartenes-y-ollas\/marmitas-y-cocottes\/staub-cocotte-tonda-con-cestello-a-vapore-24-cm-blanco\/","og_site_name":"Erresse Shop","article_modified_time":"2026-02-27T09:32:12+00:00","og_image":[{"width":1200,"height":1200,"url":"https:\/\/www.erresse-shop.it\/wp-content\/uploads\/2025\/04\/STAUB-Cocotte-Tonda-con-Cestello-a-Vapore-24-cm-Bianco.jpg","type":"image\/jpeg"}],"twitter_card":"summary_large_image","schema":{"@context":"https:\/\/schema.org","@graph":[{"@type":"WebPage","@id":"https:\/\/www.erresse-shop.it\/es\/shop\/sartenes-y-ollas\/marmitas-y-cocottes\/staub-cocotte-tonda-con-cestello-a-vapore-24-cm-blanco\/","url":"https:\/\/www.erresse-shop.it\/es\/shop\/sartenes-y-ollas\/marmitas-y-cocottes\/staub-cocotte-tonda-con-cestello-a-vapore-24-cm-blanco\/","name":"STAUB Cocotte Tonda con Cestello a Vapore 24 cm Blanco - Erresse Shop","isPartOf":{"@id":"https:\/\/www.erresse-shop.it\/es\/#website"},"datePublished":"2025-04-28T06:22:10+00:00","dateModified":"2026-02-27T09:32:12+00:00","description":"La cocotte, con una cesta de cocci\u00f3n al vapor especial fabricada en acero inoxidable 18\/10 de alta calidad, permite cocinar varios ingredientes al mismo","breadcrumb":{"@id":"https:\/\/www.erresse-shop.it\/es\/shop\/sartenes-y-ollas\/marmitas-y-cocottes\/staub-cocotte-tonda-con-cestello-a-vapore-24-cm-blanco\/#breadcrumb"},"inLanguage":"es","potentialAction":[{"@type":"ReadAction","target":["https:\/\/www.erresse-shop.it\/es\/shop\/sartenes-y-ollas\/marmitas-y-cocottes\/staub-cocotte-tonda-con-cestello-a-vapore-24-cm-blanco\/"]}]},{"@type":"BreadcrumbList","@id":"https:\/\/www.erresse-shop.it\/es\/shop\/sartenes-y-ollas\/marmitas-y-cocottes\/staub-cocotte-tonda-con-cestello-a-vapore-24-cm-blanco\/#breadcrumb","itemListElement":[{"@type":"ListItem","position":1,"name":"Home","item":"https:\/\/www.erresse-shop.it\/es\/"},{"@type":"ListItem","position":2,"name":"Shop","item":"https:\/\/www.erresse-shop.it\/es\/shop\/"},{"@type":"ListItem","position":3,"name":"STAUB Cocotte Tonda con Cestello a Vapore 24 cm Blanco"}]},{"@type":"WebSite","@id":"https:\/\/www.erresse-shop.it\/es\/#website","url":"https:\/\/www.erresse-shop.it\/es\/","name":"Erresse Shop","description":"Articoli di qualit\u00e0 per la casa","potentialAction":[{"@type":"SearchAction","target":{"@type":"EntryPoint","urlTemplate":"https:\/\/www.erresse-shop.it\/es\/?s={search_term_string}"},"query-input":"required name=search_term_string"}],"inLanguage":"es"}]}},"df_price":149.5,"df_sale_price":149.5,"df_regular_price":299,"df_image_link":"https:\/\/www.erresse-shop.it\/wp-content\/uploads\/2025\/04\/STAUB-Cocotte-Tonda-con-Cestello-a-Vapore-24-cm-Bianco-300x300.jpg","_links":{"self":[{"href":"https:\/\/www.erresse-shop.it\/es\/wp-json\/wp\/v2\/product\/495308"}],"collection":[{"href":"https:\/\/www.erresse-shop.it\/es\/wp-json\/wp\/v2\/product"}],"about":[{"href":"https:\/\/www.erresse-shop.it\/es\/wp-json\/wp\/v2\/types\/product"}],"wp:featuredmedia":[{"embeddable":true,"href":"https:\/\/www.erresse-shop.it\/es\/wp-json\/wp\/v2\/media\/495329"}],"wp:attachment":[{"href":"https:\/\/www.erresse-shop.it\/es\/wp-json\/wp\/v2\/media?parent=495308"}],"wp:term":[{"taxonomy":"product_cat","embeddable":true,"href":"https:\/\/www.erresse-shop.it\/es\/wp-json\/wp\/v2\/product_cat?post=495308"},{"taxonomy":"product_tag","embeddable":true,"href":"https:\/\/www.erresse-shop.it\/es\/wp-json\/wp\/v2\/product_tag?post=495308"}],"curies":[{"name":"wp","href":"https:\/\/api.w.org\/{rel}","templated":true}]}}