{"id":495269,"date":"2025-04-28T05:53:34","date_gmt":"2025-04-28T05:53:38","guid":{"rendered":"https:\/\/www.erresse-shop.it\/?post_type=product&#038;p=495269"},"modified":"2026-02-27T09:34:47","modified_gmt":"2026-02-27T09:34:47","slug":"staub-tajine-de-hierro-fundido-20-cm-crema","status":"publish","type":"product","link":"https:\/\/www.erresse-shop.it\/es\/shop\/sartenes-y-ollas\/tajine-es\/staub-tajine-de-hierro-fundido-20-cm-crema\/","title":{"rendered":"STAUB Tajine de hierro fundido 20 cm Crema"},"content":{"rendered":"<p>El tagine redondo de la serie especial Staub permite preparar exquisitas especialidades culinarias. Estas ollas son originarias de Marruecos, fabricadas y desarrolladas hace mucho tiempo por las tribus bereberes. Su forma especial y tapa herm\u00e9tica permiten que los aromas de los ingredientes se revelen y se mezclen plenamente. El tagine tiene una base de hierro fundido negro que retiene perfectamente el calor y lo redistribuye de forma lenta y uniforme. Los platos se cocinan de forma suave y saludable. La tapa de cer\u00e1mica de color crema crea un hermoso contraste con la base. Podr\u00e1s utilizar esta olla en todo tipo de fuegos y tambi\u00e9n, por supuesto, en el horno. Tus invitados quedar\u00e1n sorprendidos por el aspecto ex\u00f3tico de esta olla y estar\u00e1n ansiosos por probar tus deliciosas creaciones. Este tagine de 20 cm de di\u00e1metro es lo suficientemente grande como para permitir la composici\u00f3n de m\u00faltiples capas de ingredientes. Podr\u00e1s cocinar carnes, verduras y deliciosos guisos con numerosos ingredientes. Podr\u00e1s utilizar esta olla para preparar especialidades marroqu\u00edes, dej\u00e1ndote inspirar por un viaje para descubrir la cocina sana y sabrosa del norte de \u00c1frica.<\/p>\n<ul>\n<li>Es ideal para preparar platos tradicionales marroqu\u00edes<\/li>\n<li>Dorar la carne en la base de hierro fundido<\/li>\n<li>A\u00f1adir las especias y las verduras y continuar cocinando en el horno tapando con la tapa de cer\u00e1mica<\/li>\n<li>El esmalte interior negro mate es ideal para cocinar a fuego lento de forma especialmente crujiente y es muy resistente.<\/li>\n<li>Apto para todo tipo de fuegos, incluida la inducci\u00f3n, tambi\u00e9n se puede colocar en el horno\/grill<\/li>\n<\/ul>\n<div class=\"dimensiones-contenido\">\n<p><strong><span class=\"dimensions\">Caracter\u00edsticas<\/span><\/strong><\/p>\n<div class=\"atributos-principales-del-producto\">\n<ul>\n<li class=\"attribute\"><strong><span class=\"label\">Resistencia al calor: <\/span><\/strong><span class=\"value\">260 \u00baC<\/span><\/li>\n<li class=\"attribute\"><strong><span class=\"label\">Resistencia al fr\u00edo: <\/span><\/strong><span class=\"value\">-20 \u00baC<\/span><\/li>\n<li class=\"attribute\"><strong><span class=\"label\">Material: <\/span><\/strong><span class=\"value\">hierro fundido<\/span><\/li>\n<li class=\"attribute\"><span class=\"label\"><strong>Recubrimiento interno:<\/strong> <\/span><span class=\"value\">esmalte<\/span><\/li>\n<li class=\"attribute\"><strong><span class=\"label\">Inducci\u00f3n: <\/span><\/strong><span class=\"value\">S\u00ed<\/span><\/li>\n<li class=\"attribute\"><strong><span class=\"label\">Apto para horno:<\/span><\/strong><span class=\"value\">S\u00ed<\/span><\/li>\n<li class=\"attribute\"><span class=\"label\"><strong>Apto para estufa:<\/strong> <\/span><span class=\"value\">S\u00ed<\/span><\/li>\n<li class=\"attribute\"><span class=\"label\"><strong>Apto para lavavajillas:<\/strong> <\/span><span class=\"value\">S\u00ed<\/span><\/li>\n<\/ul>\n<\/div>\n<\/div>\n<div class=\"dimensiones-contenido\">\n<p><strong><span class=\"dimensions\">DIMENSIONES<\/span><\/strong><\/p>\n<div class=\"atributos-principales-del-producto\">\n<ul>\n<li class=\"attribute\"><strong><span class=\"label\">Peso neto: <\/span><\/strong><span class=\"value\">1,80 kg<\/span><\/li>\n<li class=\"attribute\"><span class=\"label\"><strong>Capacidad:<\/strong><span class=\"value\">0,60 l<\/span><\/span><\/li>\n<li class=\"attribute\"><strong><span class=\"label\">Longitud del producto: <\/span><\/strong><span class=\"value\">20,00 cm<\/span><\/li>\n<li class=\"attribute\"><strong><span class=\"label\">Ancho del producto: <\/span><\/strong><span class=\"value\">20,00 cm<\/span><\/li>\n<li class=\"attribute\"><strong><span class=\"label\">Altura del producto: <\/span><\/strong><span class=\"value\">15,60 cm<\/span><\/li>\n<li class=\"attribute\"><strong><span class=\"label\">Altura sin tapa: <\/span><\/strong><span class=\"value\">4,00 cm<\/span><\/li>\n<li class=\"attribute\"><strong><span class=\"label\">Di\u00e1metro superior: <\/span><\/strong><span class=\"value\">20,00 cm<\/span><\/li>\n<li class=\"attribute\"><strong><span class=\"label\">Di\u00e1metro del fondo: <\/span><\/strong><span class=\"value\">14,00 cm<\/span><\/li>\n<\/ul>\n<\/div>\n<\/div>\n","protected":false},"excerpt":{"rendered":"<p>El tagine redondo de la serie especial Staub permite preparar exquisitas especialidades culinarias. Estas ollas son originarias de Marruecos, fabricadas<\/p>\n","protected":false},"featured_media":495294,"template":"","meta":{"_acf_changed":false,"inline_featured_image":false},"product_cat":[16058,16070],"product_tag":[25090,16111,16211,21537,16158,16654,16753,25023],"acf":[],"yoast_head":"<!-- This site is optimized with the Yoast SEO Premium plugin v18.6 (Yoast SEO v19.13) - https:\/\/yoast.com\/wordpress\/plugins\/seo\/ -->\n<title>STAUB Tajine de hierro fundido 20 cm Crema - Erresse Shop<\/title>\n<meta name=\"description\" content=\"El tagine redondo de la serie especial Staub permite preparar exquisitas especialidades culinarias. Estas ollas son originarias de Marruecos, fabricadas y\" \/>\n<meta name=\"robots\" content=\"index, follow, max-snippet:-1, max-image-preview:large, max-video-preview:-1\" \/>\n<link rel=\"canonical\" href=\"https:\/\/www.erresse-shop.it\/es\/shop\/sartenes-y-ollas\/tajine-es\/staub-tajine-de-hierro-fundido-20-cm-crema\/\" \/>\n<meta property=\"og:locale\" content=\"es_ES\" \/>\n<meta property=\"og:type\" content=\"article\" \/>\n<meta property=\"og:title\" content=\"STAUB Tajine de hierro fundido 20 cm Crema\" \/>\n<meta property=\"og:description\" content=\"El tagine redondo de la serie especial Staub permite preparar exquisitas especialidades culinarias. Estas ollas son originarias de Marruecos, fabricadas y\" \/>\n<meta property=\"og:url\" content=\"https:\/\/www.erresse-shop.it\/es\/shop\/sartenes-y-ollas\/tajine-es\/staub-tajine-de-hierro-fundido-20-cm-crema\/\" \/>\n<meta property=\"og:site_name\" content=\"Erresse Shop\" \/>\n<meta property=\"article:modified_time\" content=\"2026-02-27T09:34:47+00:00\" \/>\n<meta property=\"og:image\" content=\"https:\/\/www.erresse-shop.it\/wp-content\/uploads\/2025\/04\/STAUB-Tajine-Ghisa-20-cm-Crema.jpg\" \/>\n\t<meta property=\"og:image:width\" content=\"1200\" \/>\n\t<meta property=\"og:image:height\" content=\"1200\" \/>\n\t<meta property=\"og:image:type\" content=\"image\/jpeg\" \/>\n<meta name=\"twitter:card\" content=\"summary_large_image\" \/>\n<script type=\"application\/ld+json\" class=\"yoast-schema-graph\">{\"@context\":\"https:\/\/schema.org\",\"@graph\":[{\"@type\":\"WebPage\",\"@id\":\"https:\/\/www.erresse-shop.it\/es\/shop\/sartenes-y-ollas\/tajine-es\/staub-tajine-de-hierro-fundido-20-cm-crema\/\",\"url\":\"https:\/\/www.erresse-shop.it\/es\/shop\/sartenes-y-ollas\/tajine-es\/staub-tajine-de-hierro-fundido-20-cm-crema\/\",\"name\":\"STAUB Tajine de hierro fundido 20 cm Crema - Erresse Shop\",\"isPartOf\":{\"@id\":\"https:\/\/www.erresse-shop.it\/es\/#website\"},\"datePublished\":\"2025-04-28T05:53:38+00:00\",\"dateModified\":\"2026-02-27T09:34:47+00:00\",\"description\":\"El tagine redondo de la serie especial Staub permite preparar exquisitas especialidades culinarias. Estas ollas son originarias de Marruecos, fabricadas y\",\"breadcrumb\":{\"@id\":\"https:\/\/www.erresse-shop.it\/es\/shop\/sartenes-y-ollas\/tajine-es\/staub-tajine-de-hierro-fundido-20-cm-crema\/#breadcrumb\"},\"inLanguage\":\"es\",\"potentialAction\":[{\"@type\":\"ReadAction\",\"target\":[\"https:\/\/www.erresse-shop.it\/es\/shop\/sartenes-y-ollas\/tajine-es\/staub-tajine-de-hierro-fundido-20-cm-crema\/\"]}]},{\"@type\":\"BreadcrumbList\",\"@id\":\"https:\/\/www.erresse-shop.it\/es\/shop\/sartenes-y-ollas\/tajine-es\/staub-tajine-de-hierro-fundido-20-cm-crema\/#breadcrumb\",\"itemListElement\":[{\"@type\":\"ListItem\",\"position\":1,\"name\":\"Home\",\"item\":\"https:\/\/www.erresse-shop.it\/es\/\"},{\"@type\":\"ListItem\",\"position\":2,\"name\":\"Shop\",\"item\":\"https:\/\/www.erresse-shop.it\/es\/shop\/\"},{\"@type\":\"ListItem\",\"position\":3,\"name\":\"STAUB Tajine de hierro fundido 20 cm Crema\"}]},{\"@type\":\"WebSite\",\"@id\":\"https:\/\/www.erresse-shop.it\/es\/#website\",\"url\":\"https:\/\/www.erresse-shop.it\/es\/\",\"name\":\"Erresse Shop\",\"description\":\"Articoli di qualit\u00e0 per la casa\",\"potentialAction\":[{\"@type\":\"SearchAction\",\"target\":{\"@type\":\"EntryPoint\",\"urlTemplate\":\"https:\/\/www.erresse-shop.it\/es\/?s={search_term_string}\"},\"query-input\":\"required name=search_term_string\"}],\"inLanguage\":\"es\"}]}<\/script>\n<!-- \/ Yoast SEO Premium plugin. -->","yoast_head_json":{"title":"STAUB Tajine de hierro fundido 20 cm Crema - Erresse Shop","description":"El tagine redondo de la serie especial Staub permite preparar exquisitas especialidades culinarias. Estas ollas son originarias de Marruecos, fabricadas y","robots":{"index":"index","follow":"follow","max-snippet":"max-snippet:-1","max-image-preview":"max-image-preview:large","max-video-preview":"max-video-preview:-1"},"canonical":"https:\/\/www.erresse-shop.it\/es\/shop\/sartenes-y-ollas\/tajine-es\/staub-tajine-de-hierro-fundido-20-cm-crema\/","og_locale":"es_ES","og_type":"article","og_title":"STAUB Tajine de hierro fundido 20 cm Crema","og_description":"El tagine redondo de la serie especial Staub permite preparar exquisitas especialidades culinarias. Estas ollas son originarias de Marruecos, fabricadas y","og_url":"https:\/\/www.erresse-shop.it\/es\/shop\/sartenes-y-ollas\/tajine-es\/staub-tajine-de-hierro-fundido-20-cm-crema\/","og_site_name":"Erresse Shop","article_modified_time":"2026-02-27T09:34:47+00:00","og_image":[{"width":1200,"height":1200,"url":"https:\/\/www.erresse-shop.it\/wp-content\/uploads\/2025\/04\/STAUB-Tajine-Ghisa-20-cm-Crema.jpg","type":"image\/jpeg"}],"twitter_card":"summary_large_image","schema":{"@context":"https:\/\/schema.org","@graph":[{"@type":"WebPage","@id":"https:\/\/www.erresse-shop.it\/es\/shop\/sartenes-y-ollas\/tajine-es\/staub-tajine-de-hierro-fundido-20-cm-crema\/","url":"https:\/\/www.erresse-shop.it\/es\/shop\/sartenes-y-ollas\/tajine-es\/staub-tajine-de-hierro-fundido-20-cm-crema\/","name":"STAUB Tajine de hierro fundido 20 cm Crema - Erresse Shop","isPartOf":{"@id":"https:\/\/www.erresse-shop.it\/es\/#website"},"datePublished":"2025-04-28T05:53:38+00:00","dateModified":"2026-02-27T09:34:47+00:00","description":"El tagine redondo de la serie especial Staub permite preparar exquisitas especialidades culinarias. Estas ollas son originarias de Marruecos, fabricadas y","breadcrumb":{"@id":"https:\/\/www.erresse-shop.it\/es\/shop\/sartenes-y-ollas\/tajine-es\/staub-tajine-de-hierro-fundido-20-cm-crema\/#breadcrumb"},"inLanguage":"es","potentialAction":[{"@type":"ReadAction","target":["https:\/\/www.erresse-shop.it\/es\/shop\/sartenes-y-ollas\/tajine-es\/staub-tajine-de-hierro-fundido-20-cm-crema\/"]}]},{"@type":"BreadcrumbList","@id":"https:\/\/www.erresse-shop.it\/es\/shop\/sartenes-y-ollas\/tajine-es\/staub-tajine-de-hierro-fundido-20-cm-crema\/#breadcrumb","itemListElement":[{"@type":"ListItem","position":1,"name":"Home","item":"https:\/\/www.erresse-shop.it\/es\/"},{"@type":"ListItem","position":2,"name":"Shop","item":"https:\/\/www.erresse-shop.it\/es\/shop\/"},{"@type":"ListItem","position":3,"name":"STAUB Tajine de hierro fundido 20 cm Crema"}]},{"@type":"WebSite","@id":"https:\/\/www.erresse-shop.it\/es\/#website","url":"https:\/\/www.erresse-shop.it\/es\/","name":"Erresse Shop","description":"Articoli di qualit\u00e0 per la casa","potentialAction":[{"@type":"SearchAction","target":{"@type":"EntryPoint","urlTemplate":"https:\/\/www.erresse-shop.it\/es\/?s={search_term_string}"},"query-input":"required name=search_term_string"}],"inLanguage":"es"}]}},"df_price":49.975,"df_sale_price":49.975,"df_regular_price":99.95,"df_image_link":"https:\/\/www.erresse-shop.it\/wp-content\/uploads\/2025\/04\/STAUB-Tajine-Ghisa-20-cm-Crema-300x300.jpg","_links":{"self":[{"href":"https:\/\/www.erresse-shop.it\/es\/wp-json\/wp\/v2\/product\/495269"}],"collection":[{"href":"https:\/\/www.erresse-shop.it\/es\/wp-json\/wp\/v2\/product"}],"about":[{"href":"https:\/\/www.erresse-shop.it\/es\/wp-json\/wp\/v2\/types\/product"}],"wp:featuredmedia":[{"embeddable":true,"href":"https:\/\/www.erresse-shop.it\/es\/wp-json\/wp\/v2\/media\/495294"}],"wp:attachment":[{"href":"https:\/\/www.erresse-shop.it\/es\/wp-json\/wp\/v2\/media?parent=495269"}],"wp:term":[{"taxonomy":"product_cat","embeddable":true,"href":"https:\/\/www.erresse-shop.it\/es\/wp-json\/wp\/v2\/product_cat?post=495269"},{"taxonomy":"product_tag","embeddable":true,"href":"https:\/\/www.erresse-shop.it\/es\/wp-json\/wp\/v2\/product_tag?post=495269"}],"curies":[{"name":"wp","href":"https:\/\/api.w.org\/{rel}","templated":true}]}}