{"id":495102,"date":"2025-04-24T13:44:01","date_gmt":"2025-04-24T13:44:06","guid":{"rendered":"https:\/\/www.erresse-shop.it\/?post_type=product&#038;p=495102"},"modified":"2026-02-27T09:36:42","modified_gmt":"2026-02-27T09:36:42","slug":"smeg-aesthetic-50s-espumador-de-leche-verde-2","status":"publish","type":"product","link":"https:\/\/www.erresse-shop.it\/es\/shop\/pequenos-electrodomesticos\/espumadores-de-leche\/smeg-aesthetic-50s-espumador-de-leche-verde-2\/","title":{"rendered":"SMEG Aesthetic 50s Espumador de Leche Verde"},"content":{"rendered":"<p><b>SMEG<\/b> serie a\u00f1os 50<br \/>\nObjetos simb\u00f3licos de encuentro, \u00edconos que transforman el espacio. Los nuevos peque\u00f1os electrodom\u00e9sticos de la l\u00ednea A\u00f1os 50, dise\u00f1ados junto a Matteo Bazzicalupo y Raffaella Mangiarotti de deepdesign, evocan otros tiempos y transforman los espacios cotidianos, d\u00e1ndole un nuevo sentido a lo que ya existe o existi\u00f3, como ocurre en el arte o la memoria.<br \/>\nCon formas redondeadas y compactas, son protagonistas en la cocina. Pensados para quienes desean vivir una experiencia de chef, pero tambi\u00e9n para quienes valoran los objetos con gran estilo sin renunciar a un alto rendimiento.<\/p>\n<p><strong>UN OBJETO DE DISE\u00d1O LLENO DE TECNOLOG\u00cdA<\/strong><br \/>\nDise\u00f1ado para ofrecer alto rendimiento, facilidad, seguridad y comodidad de uso. El sistema de calentamiento por inducci\u00f3n, seguro y r\u00e1pido, se activa solo al seleccionar el tipo de preparaci\u00f3n y se apaga autom\u00e1ticamente al finalizar el programa.<\/p>\n<p><strong>\u00bfCAPUCHINO, LECHE CALIENTE O CHOCOLATE? NO LIMITES TU MOMENTO<\/strong><br \/>\nEl MFF01 no es solo un espumador de leche. Con 6 programas autom\u00e1ticos y una funci\u00f3n manual, permite preparar bebidas fr\u00edas y calientes, con o sin espuma, totalmente personalizadas. Cambiando los batidores incluidos tambi\u00e9n puedes preparar t\u00e9s, infusiones y otras bebidas solubles como el caf\u00e9 de cebada.<\/p>\n<p><strong>FUNCI\u00d3N CHOCOLATE<\/strong><br \/>\nSeleccionando la funci\u00f3n chocolate y utilizando los ingredientes tradicionales \u2013 leche y trozos de chocolate \u2013 gracias al movimiento uniforme del batidor y la temperatura \u00f3ptima predefinida, se consigue sin esfuerzo un chocolate espeso, suave y aut\u00e9ntico.<\/p>\n<p><strong>EST\u00c9TICA<\/strong><br \/>\nColor: Verde pastel<\/p>\n<p>Acabado: Brillante<\/p>\n<p>Estilo: A\u00f1os 50<\/p>\n<p>Cuerpo: Acero inoxidable<\/p>\n<p>Tapa: Tritan\u2122 Renew<\/p>\n<p>Tapa dosificadora: Tritan\u2122 Renew<\/p>\n<p>Jarra: Acero inoxidable<\/p>\n<p>Color del asa: Gris interior \/ Cromado brillante exterior<\/p>\n<p>Material del asa: Pl\u00e1stico interior \/ Acero inoxidable exterior<\/p>\n<p>Material del anillo: Pl\u00e1stico<\/p>\n<p>Color del anillo: Cromado brillante<\/p>\n<p>Color de base: Cromado brillante<\/p>\n<p>Material de la base: Pl\u00e1stico<\/p>\n<p>Color del cable: Gris<\/p>\n<p><strong>CONTROLES<\/strong><br \/>\nTipo: Bot\u00f3n, Perilla<\/p>\n<p>Material perilla: Pl\u00e1stico<\/p>\n<p>Material bot\u00f3n: Pl\u00e1stico<\/p>\n<p><strong>PROGRAMAS \/ FUNCIONES<\/strong><br \/>\nChocolate caliente: S\u00ed<\/p>\n<p>Leche caliente: S\u00ed<\/p>\n<p>Leche caliente con espuma ligera: S\u00ed<\/p>\n<p>Leche caliente con espuma densa: S\u00ed<\/p>\n<p>Leche fr\u00eda con espuma ligera: S\u00ed<\/p>\n<p>Leche fr\u00eda con espuma densa: S\u00ed<\/p>\n<p>Funci\u00f3n manual caliente: S\u00ed<\/p>\n<p>Funci\u00f3n manual fr\u00eda: S\u00ed<\/p>\n<p><strong>CARACTER\u00cdSTICAS T\u00c9CNICAS<\/strong><br \/>\nSistema de inducci\u00f3n con apagado autom\u00e1tico: S\u00ed<\/p>\n<p>Tapa dosificadora desmontable: S\u00ed<\/p>\n<p>Jarra desmontable: S\u00ed<\/p>\n<p>Capacidad para espumar leche: 250 ml \/ 1 taza<\/p>\n<p>Capacidad para calentar leche o chocolate: 600 ml \/ 2,5 tazas<\/p>\n<p>Base antideslizante: S\u00ed<\/p>\n<p>Recogecable integrado: S\u00ed<\/p>\n<p><strong>CONEXI\u00d3N EL\u00c9CTRICA<\/strong><br \/>\nVoltaje: 220-240 V<\/p>\n<p>Frecuencia: 50\/60 Hz<\/p>\n<p>Tipo de enchufe: Schuko<\/p>\n<p>Potencia: 500 W<\/p>\n<p>Longitud del cable: 1 m<\/p>\n<p><strong>ACCESORIOS INCLUIDOS<\/strong><br \/>\nBatidor liso para leche caliente &amp; manual: S\u00ed<\/p>\n<p>Batidor dentado para espuma &amp; manual: S\u00ed<\/p>\n<p>Material batidores: Pl\u00e1stico<\/p>\n<p>Color batidores: Gris<\/p>\n<p><u><strong>No disponible fuera de Europa<\/strong><\/u><\/p>\n","protected":false},"excerpt":{"rendered":"<p>SMEG serie a\u00f1os 50 Objetos simb\u00f3licos de encuentro, \u00edconos que transforman el espacio. Los nuevos peque\u00f1os electrodom\u00e9sticos de la l\u00ednea<\/p>\n","protected":false},"featured_media":495140,"template":"","meta":{"_acf_changed":false,"inline_featured_image":false},"product_cat":[20621,16073],"product_tag":[25183,16390,23574,16392,16307,23625,25023],"acf":[],"yoast_head":"<!-- This site is optimized with the Yoast SEO Premium plugin v18.6 (Yoast SEO v19.13) - https:\/\/yoast.com\/wordpress\/plugins\/seo\/ -->\n<title>SMEG Aesthetic 50s Espumador de Leche Verde - Erresse Shop<\/title>\n<meta name=\"description\" content=\"SMEG serie a\u00f1os 50 Objetos simb\u00f3licos de encuentro, \u00edconos que transforman el espacio. Los nuevos peque\u00f1os electrodom\u00e9sticos de la l\u00ednea A\u00f1os 50,\" \/>\n<meta name=\"robots\" content=\"index, follow, max-snippet:-1, max-image-preview:large, max-video-preview:-1\" \/>\n<link rel=\"canonical\" href=\"https:\/\/www.erresse-shop.it\/es\/shop\/pequenos-electrodomesticos\/espumadores-de-leche\/smeg-aesthetic-50s-espumador-de-leche-verde-2\/\" \/>\n<meta property=\"og:locale\" content=\"es_ES\" \/>\n<meta property=\"og:type\" content=\"article\" \/>\n<meta property=\"og:title\" content=\"SMEG Aesthetic 50s Espumador de Leche Verde\" \/>\n<meta property=\"og:description\" content=\"SMEG serie a\u00f1os 50 Objetos simb\u00f3licos de encuentro, \u00edconos que transforman el espacio. Los nuevos peque\u00f1os electrodom\u00e9sticos de la l\u00ednea A\u00f1os 50,\" \/>\n<meta property=\"og:url\" content=\"https:\/\/www.erresse-shop.it\/es\/shop\/pequenos-electrodomesticos\/espumadores-de-leche\/smeg-aesthetic-50s-espumador-de-leche-verde-2\/\" \/>\n<meta property=\"og:site_name\" content=\"Erresse Shop\" \/>\n<meta property=\"article:modified_time\" content=\"2026-02-27T09:36:42+00:00\" \/>\n<meta property=\"og:image\" content=\"https:\/\/www.erresse-shop.it\/wp-content\/uploads\/2025\/04\/SMEG-Estetica-Anni-50-Montalatte-Verde.jpg\" \/>\n\t<meta property=\"og:image:width\" content=\"1200\" \/>\n\t<meta property=\"og:image:height\" content=\"1200\" \/>\n\t<meta property=\"og:image:type\" content=\"image\/jpeg\" \/>\n<meta name=\"twitter:card\" content=\"summary_large_image\" \/>\n<script type=\"application\/ld+json\" class=\"yoast-schema-graph\">{\"@context\":\"https:\/\/schema.org\",\"@graph\":[{\"@type\":\"WebPage\",\"@id\":\"https:\/\/www.erresse-shop.it\/es\/shop\/pequenos-electrodomesticos\/espumadores-de-leche\/smeg-aesthetic-50s-espumador-de-leche-verde-2\/\",\"url\":\"https:\/\/www.erresse-shop.it\/es\/shop\/pequenos-electrodomesticos\/espumadores-de-leche\/smeg-aesthetic-50s-espumador-de-leche-verde-2\/\",\"name\":\"SMEG Aesthetic 50s Espumador de Leche Verde - Erresse Shop\",\"isPartOf\":{\"@id\":\"https:\/\/www.erresse-shop.it\/es\/#website\"},\"datePublished\":\"2025-04-24T13:44:06+00:00\",\"dateModified\":\"2026-02-27T09:36:42+00:00\",\"description\":\"SMEG serie a\u00f1os 50 Objetos simb\u00f3licos de encuentro, \u00edconos que transforman el espacio. Los nuevos peque\u00f1os electrodom\u00e9sticos de la l\u00ednea A\u00f1os 50,\",\"breadcrumb\":{\"@id\":\"https:\/\/www.erresse-shop.it\/es\/shop\/pequenos-electrodomesticos\/espumadores-de-leche\/smeg-aesthetic-50s-espumador-de-leche-verde-2\/#breadcrumb\"},\"inLanguage\":\"es\",\"potentialAction\":[{\"@type\":\"ReadAction\",\"target\":[\"https:\/\/www.erresse-shop.it\/es\/shop\/pequenos-electrodomesticos\/espumadores-de-leche\/smeg-aesthetic-50s-espumador-de-leche-verde-2\/\"]}]},{\"@type\":\"BreadcrumbList\",\"@id\":\"https:\/\/www.erresse-shop.it\/es\/shop\/pequenos-electrodomesticos\/espumadores-de-leche\/smeg-aesthetic-50s-espumador-de-leche-verde-2\/#breadcrumb\",\"itemListElement\":[{\"@type\":\"ListItem\",\"position\":1,\"name\":\"Home\",\"item\":\"https:\/\/www.erresse-shop.it\/es\/\"},{\"@type\":\"ListItem\",\"position\":2,\"name\":\"Shop\",\"item\":\"https:\/\/www.erresse-shop.it\/es\/shop\/\"},{\"@type\":\"ListItem\",\"position\":3,\"name\":\"SMEG Aesthetic 50s Espumador de Leche Verde\"}]},{\"@type\":\"WebSite\",\"@id\":\"https:\/\/www.erresse-shop.it\/es\/#website\",\"url\":\"https:\/\/www.erresse-shop.it\/es\/\",\"name\":\"Erresse Shop\",\"description\":\"Articoli di qualit\u00e0 per la casa\",\"potentialAction\":[{\"@type\":\"SearchAction\",\"target\":{\"@type\":\"EntryPoint\",\"urlTemplate\":\"https:\/\/www.erresse-shop.it\/es\/?s={search_term_string}\"},\"query-input\":\"required name=search_term_string\"}],\"inLanguage\":\"es\"}]}<\/script>\n<!-- \/ Yoast SEO Premium plugin. -->","yoast_head_json":{"title":"SMEG Aesthetic 50s Espumador de Leche Verde - Erresse Shop","description":"SMEG serie a\u00f1os 50 Objetos simb\u00f3licos de encuentro, \u00edconos que transforman el espacio. Los nuevos peque\u00f1os electrodom\u00e9sticos de la l\u00ednea A\u00f1os 50,","robots":{"index":"index","follow":"follow","max-snippet":"max-snippet:-1","max-image-preview":"max-image-preview:large","max-video-preview":"max-video-preview:-1"},"canonical":"https:\/\/www.erresse-shop.it\/es\/shop\/pequenos-electrodomesticos\/espumadores-de-leche\/smeg-aesthetic-50s-espumador-de-leche-verde-2\/","og_locale":"es_ES","og_type":"article","og_title":"SMEG Aesthetic 50s Espumador de Leche Verde","og_description":"SMEG serie a\u00f1os 50 Objetos simb\u00f3licos de encuentro, \u00edconos que transforman el espacio. Los nuevos peque\u00f1os electrodom\u00e9sticos de la l\u00ednea A\u00f1os 50,","og_url":"https:\/\/www.erresse-shop.it\/es\/shop\/pequenos-electrodomesticos\/espumadores-de-leche\/smeg-aesthetic-50s-espumador-de-leche-verde-2\/","og_site_name":"Erresse Shop","article_modified_time":"2026-02-27T09:36:42+00:00","og_image":[{"width":1200,"height":1200,"url":"https:\/\/www.erresse-shop.it\/wp-content\/uploads\/2025\/04\/SMEG-Estetica-Anni-50-Montalatte-Verde.jpg","type":"image\/jpeg"}],"twitter_card":"summary_large_image","schema":{"@context":"https:\/\/schema.org","@graph":[{"@type":"WebPage","@id":"https:\/\/www.erresse-shop.it\/es\/shop\/pequenos-electrodomesticos\/espumadores-de-leche\/smeg-aesthetic-50s-espumador-de-leche-verde-2\/","url":"https:\/\/www.erresse-shop.it\/es\/shop\/pequenos-electrodomesticos\/espumadores-de-leche\/smeg-aesthetic-50s-espumador-de-leche-verde-2\/","name":"SMEG Aesthetic 50s Espumador de Leche Verde - Erresse Shop","isPartOf":{"@id":"https:\/\/www.erresse-shop.it\/es\/#website"},"datePublished":"2025-04-24T13:44:06+00:00","dateModified":"2026-02-27T09:36:42+00:00","description":"SMEG serie a\u00f1os 50 Objetos simb\u00f3licos de encuentro, \u00edconos que transforman el espacio. Los nuevos peque\u00f1os electrodom\u00e9sticos de la l\u00ednea A\u00f1os 50,","breadcrumb":{"@id":"https:\/\/www.erresse-shop.it\/es\/shop\/pequenos-electrodomesticos\/espumadores-de-leche\/smeg-aesthetic-50s-espumador-de-leche-verde-2\/#breadcrumb"},"inLanguage":"es","potentialAction":[{"@type":"ReadAction","target":["https:\/\/www.erresse-shop.it\/es\/shop\/pequenos-electrodomesticos\/espumadores-de-leche\/smeg-aesthetic-50s-espumador-de-leche-verde-2\/"]}]},{"@type":"BreadcrumbList","@id":"https:\/\/www.erresse-shop.it\/es\/shop\/pequenos-electrodomesticos\/espumadores-de-leche\/smeg-aesthetic-50s-espumador-de-leche-verde-2\/#breadcrumb","itemListElement":[{"@type":"ListItem","position":1,"name":"Home","item":"https:\/\/www.erresse-shop.it\/es\/"},{"@type":"ListItem","position":2,"name":"Shop","item":"https:\/\/www.erresse-shop.it\/es\/shop\/"},{"@type":"ListItem","position":3,"name":"SMEG Aesthetic 50s Espumador de Leche Verde"}]},{"@type":"WebSite","@id":"https:\/\/www.erresse-shop.it\/es\/#website","url":"https:\/\/www.erresse-shop.it\/es\/","name":"Erresse Shop","description":"Articoli di qualit\u00e0 per la casa","potentialAction":[{"@type":"SearchAction","target":{"@type":"EntryPoint","urlTemplate":"https:\/\/www.erresse-shop.it\/es\/?s={search_term_string}"},"query-input":"required name=search_term_string"}],"inLanguage":"es"}]}},"df_price":139.29999999999998,"df_sale_price":139.29999999999998,"df_regular_price":199,"df_image_link":"https:\/\/www.erresse-shop.it\/wp-content\/uploads\/2025\/04\/SMEG-Estetica-Anni-50-Montalatte-Verde-300x300.jpg","_links":{"self":[{"href":"https:\/\/www.erresse-shop.it\/es\/wp-json\/wp\/v2\/product\/495102"}],"collection":[{"href":"https:\/\/www.erresse-shop.it\/es\/wp-json\/wp\/v2\/product"}],"about":[{"href":"https:\/\/www.erresse-shop.it\/es\/wp-json\/wp\/v2\/types\/product"}],"wp:featuredmedia":[{"embeddable":true,"href":"https:\/\/www.erresse-shop.it\/es\/wp-json\/wp\/v2\/media\/495140"}],"wp:attachment":[{"href":"https:\/\/www.erresse-shop.it\/es\/wp-json\/wp\/v2\/media?parent=495102"}],"wp:term":[{"taxonomy":"product_cat","embeddable":true,"href":"https:\/\/www.erresse-shop.it\/es\/wp-json\/wp\/v2\/product_cat?post=495102"},{"taxonomy":"product_tag","embeddable":true,"href":"https:\/\/www.erresse-shop.it\/es\/wp-json\/wp\/v2\/product_tag?post=495102"}],"curies":[{"name":"wp","href":"https:\/\/api.w.org\/{rel}","templated":true}]}}