{"id":494340,"date":"2025-04-23T06:16:14","date_gmt":"2025-04-23T06:16:17","guid":{"rendered":"https:\/\/www.erresse-shop.it\/?post_type=product&#038;p=494340"},"modified":"2026-02-10T10:57:30","modified_gmt":"2026-02-10T10:57:30","slug":"vista-alegre-accento-sillon","status":"publish","type":"product","link":"https:\/\/www.erresse-shop.it\/es\/shop\/mobiliario\/sillas-y-sillones\/vista-alegre-accento-sillon\/","title":{"rendered":"VISTA ALEGRE Accento Sill\u00f3n"},"content":{"rendered":"<p>Un asiento envolvente a la vez que espacioso, que esconde un sill\u00f3n c\u00f3modo y elegante en su contraste de colores y texturas. Las costuras de diamante amarillo son un homenaje a los asientos de los coches antiguos, donde este era un motivo com\u00fan, y sirven como contraste con el lado exterior del asiento, que presenta un elegante revestimiento de cuero negro. En la parte inferior hay una placa de cer\u00e1mica blanca, grabada con el logotipo de Vista Alegre: un gui\u00f1o a los or\u00edgenes de la empresa como fabricante de productos de porcelana de alta gama.<\/p>\n<p>Altura: 775 mm<br \/>\nLongitud: 765 mm<br \/>\nAncho: 745<\/p>\n<p>Madera de fresno te\u00f1ida con carb\u00f3n<br \/>\nCuero de grano amarillo<\/p>\n","protected":false},"excerpt":{"rendered":"<p>Un asiento envolvente a la vez que espacioso, que esconde un sill\u00f3n c\u00f3modo y elegante en su contraste de colores<\/p>\n","protected":false},"featured_media":494348,"template":"","meta":{"_acf_changed":false,"inline_featured_image":false},"product_cat":[16016,16022],"product_tag":[25029,24682,24605,16334,25023],"acf":[],"yoast_head":"<!-- This site is optimized with the Yoast SEO Premium plugin v18.6 (Yoast SEO v19.13) - https:\/\/yoast.com\/wordpress\/plugins\/seo\/ -->\n<title>VISTA ALEGRE Accento Sill\u00f3n - Erresse Shop<\/title>\n<meta name=\"description\" content=\"Un asiento envolvente a la vez que espacioso, que esconde un sill\u00f3n c\u00f3modo y elegante en su contraste de colores y texturas. Las costuras de diamante\" \/>\n<meta name=\"robots\" content=\"index, follow, max-snippet:-1, max-image-preview:large, max-video-preview:-1\" \/>\n<link rel=\"canonical\" href=\"https:\/\/www.erresse-shop.it\/es\/shop\/mobiliario\/sillas-y-sillones\/vista-alegre-accento-sillon\/\" \/>\n<meta property=\"og:locale\" content=\"es_ES\" \/>\n<meta property=\"og:type\" content=\"article\" \/>\n<meta property=\"og:title\" content=\"VISTA ALEGRE Accento Sill\u00f3n\" \/>\n<meta property=\"og:description\" content=\"Un asiento envolvente a la vez que espacioso, que esconde un sill\u00f3n c\u00f3modo y elegante en su contraste de colores y texturas. Las costuras de diamante\" \/>\n<meta property=\"og:url\" content=\"https:\/\/www.erresse-shop.it\/es\/shop\/mobiliario\/sillas-y-sillones\/vista-alegre-accento-sillon\/\" \/>\n<meta property=\"og:site_name\" content=\"Erresse Shop\" \/>\n<meta property=\"article:modified_time\" content=\"2026-02-10T10:57:30+00:00\" \/>\n<meta property=\"og:image\" content=\"https:\/\/www.erresse-shop.it\/wp-content\/uploads\/2025\/04\/VISTA-ALEGRE-Accento-Poltrona.jpg\" \/>\n\t<meta property=\"og:image:width\" content=\"1200\" \/>\n\t<meta property=\"og:image:height\" content=\"1200\" \/>\n\t<meta property=\"og:image:type\" content=\"image\/jpeg\" \/>\n<meta name=\"twitter:card\" content=\"summary_large_image\" \/>\n<script type=\"application\/ld+json\" class=\"yoast-schema-graph\">{\"@context\":\"https:\/\/schema.org\",\"@graph\":[{\"@type\":\"WebPage\",\"@id\":\"https:\/\/www.erresse-shop.it\/es\/shop\/mobiliario\/sillas-y-sillones\/vista-alegre-accento-sillon\/\",\"url\":\"https:\/\/www.erresse-shop.it\/es\/shop\/mobiliario\/sillas-y-sillones\/vista-alegre-accento-sillon\/\",\"name\":\"VISTA ALEGRE Accento Sill\u00f3n - Erresse Shop\",\"isPartOf\":{\"@id\":\"https:\/\/www.erresse-shop.it\/es\/#website\"},\"datePublished\":\"2025-04-23T06:16:17+00:00\",\"dateModified\":\"2026-02-10T10:57:30+00:00\",\"description\":\"Un asiento envolvente a la vez que espacioso, que esconde un sill\u00f3n c\u00f3modo y elegante en su contraste de colores y texturas. Las costuras de diamante\",\"breadcrumb\":{\"@id\":\"https:\/\/www.erresse-shop.it\/es\/shop\/mobiliario\/sillas-y-sillones\/vista-alegre-accento-sillon\/#breadcrumb\"},\"inLanguage\":\"es\",\"potentialAction\":[{\"@type\":\"ReadAction\",\"target\":[\"https:\/\/www.erresse-shop.it\/es\/shop\/mobiliario\/sillas-y-sillones\/vista-alegre-accento-sillon\/\"]}]},{\"@type\":\"BreadcrumbList\",\"@id\":\"https:\/\/www.erresse-shop.it\/es\/shop\/mobiliario\/sillas-y-sillones\/vista-alegre-accento-sillon\/#breadcrumb\",\"itemListElement\":[{\"@type\":\"ListItem\",\"position\":1,\"name\":\"Home\",\"item\":\"https:\/\/www.erresse-shop.it\/es\/\"},{\"@type\":\"ListItem\",\"position\":2,\"name\":\"Shop\",\"item\":\"https:\/\/www.erresse-shop.it\/es\/shop\/\"},{\"@type\":\"ListItem\",\"position\":3,\"name\":\"VISTA ALEGRE Accento Sill\u00f3n\"}]},{\"@type\":\"WebSite\",\"@id\":\"https:\/\/www.erresse-shop.it\/es\/#website\",\"url\":\"https:\/\/www.erresse-shop.it\/es\/\",\"name\":\"Erresse Shop\",\"description\":\"Articoli di qualit\u00e0 per la casa\",\"potentialAction\":[{\"@type\":\"SearchAction\",\"target\":{\"@type\":\"EntryPoint\",\"urlTemplate\":\"https:\/\/www.erresse-shop.it\/es\/?s={search_term_string}\"},\"query-input\":\"required name=search_term_string\"}],\"inLanguage\":\"es\"}]}<\/script>\n<!-- \/ Yoast SEO Premium plugin. -->","yoast_head_json":{"title":"VISTA ALEGRE Accento Sill\u00f3n - Erresse Shop","description":"Un asiento envolvente a la vez que espacioso, que esconde un sill\u00f3n c\u00f3modo y elegante en su contraste de colores y texturas. Las costuras de diamante","robots":{"index":"index","follow":"follow","max-snippet":"max-snippet:-1","max-image-preview":"max-image-preview:large","max-video-preview":"max-video-preview:-1"},"canonical":"https:\/\/www.erresse-shop.it\/es\/shop\/mobiliario\/sillas-y-sillones\/vista-alegre-accento-sillon\/","og_locale":"es_ES","og_type":"article","og_title":"VISTA ALEGRE Accento Sill\u00f3n","og_description":"Un asiento envolvente a la vez que espacioso, que esconde un sill\u00f3n c\u00f3modo y elegante en su contraste de colores y texturas. Las costuras de diamante","og_url":"https:\/\/www.erresse-shop.it\/es\/shop\/mobiliario\/sillas-y-sillones\/vista-alegre-accento-sillon\/","og_site_name":"Erresse Shop","article_modified_time":"2026-02-10T10:57:30+00:00","og_image":[{"width":1200,"height":1200,"url":"https:\/\/www.erresse-shop.it\/wp-content\/uploads\/2025\/04\/VISTA-ALEGRE-Accento-Poltrona.jpg","type":"image\/jpeg"}],"twitter_card":"summary_large_image","schema":{"@context":"https:\/\/schema.org","@graph":[{"@type":"WebPage","@id":"https:\/\/www.erresse-shop.it\/es\/shop\/mobiliario\/sillas-y-sillones\/vista-alegre-accento-sillon\/","url":"https:\/\/www.erresse-shop.it\/es\/shop\/mobiliario\/sillas-y-sillones\/vista-alegre-accento-sillon\/","name":"VISTA ALEGRE Accento Sill\u00f3n - Erresse Shop","isPartOf":{"@id":"https:\/\/www.erresse-shop.it\/es\/#website"},"datePublished":"2025-04-23T06:16:17+00:00","dateModified":"2026-02-10T10:57:30+00:00","description":"Un asiento envolvente a la vez que espacioso, que esconde un sill\u00f3n c\u00f3modo y elegante en su contraste de colores y texturas. Las costuras de diamante","breadcrumb":{"@id":"https:\/\/www.erresse-shop.it\/es\/shop\/mobiliario\/sillas-y-sillones\/vista-alegre-accento-sillon\/#breadcrumb"},"inLanguage":"es","potentialAction":[{"@type":"ReadAction","target":["https:\/\/www.erresse-shop.it\/es\/shop\/mobiliario\/sillas-y-sillones\/vista-alegre-accento-sillon\/"]}]},{"@type":"BreadcrumbList","@id":"https:\/\/www.erresse-shop.it\/es\/shop\/mobiliario\/sillas-y-sillones\/vista-alegre-accento-sillon\/#breadcrumb","itemListElement":[{"@type":"ListItem","position":1,"name":"Home","item":"https:\/\/www.erresse-shop.it\/es\/"},{"@type":"ListItem","position":2,"name":"Shop","item":"https:\/\/www.erresse-shop.it\/es\/shop\/"},{"@type":"ListItem","position":3,"name":"VISTA ALEGRE Accento Sill\u00f3n"}]},{"@type":"WebSite","@id":"https:\/\/www.erresse-shop.it\/es\/#website","url":"https:\/\/www.erresse-shop.it\/es\/","name":"Erresse Shop","description":"Articoli di qualit\u00e0 per la casa","potentialAction":[{"@type":"SearchAction","target":{"@type":"EntryPoint","urlTemplate":"https:\/\/www.erresse-shop.it\/es\/?s={search_term_string}"},"query-input":"required name=search_term_string"}],"inLanguage":"es"}]}},"df_price":1807.3754999999999,"df_sale_price":1807.3754999999999,"df_regular_price":4016.39,"df_image_link":"https:\/\/www.erresse-shop.it\/wp-content\/uploads\/2025\/04\/VISTA-ALEGRE-Accento-Poltrona-300x300.jpg","_links":{"self":[{"href":"https:\/\/www.erresse-shop.it\/es\/wp-json\/wp\/v2\/product\/494340"}],"collection":[{"href":"https:\/\/www.erresse-shop.it\/es\/wp-json\/wp\/v2\/product"}],"about":[{"href":"https:\/\/www.erresse-shop.it\/es\/wp-json\/wp\/v2\/types\/product"}],"wp:featuredmedia":[{"embeddable":true,"href":"https:\/\/www.erresse-shop.it\/es\/wp-json\/wp\/v2\/media\/494348"}],"wp:attachment":[{"href":"https:\/\/www.erresse-shop.it\/es\/wp-json\/wp\/v2\/media?parent=494340"}],"wp:term":[{"taxonomy":"product_cat","embeddable":true,"href":"https:\/\/www.erresse-shop.it\/es\/wp-json\/wp\/v2\/product_cat?post=494340"},{"taxonomy":"product_tag","embeddable":true,"href":"https:\/\/www.erresse-shop.it\/es\/wp-json\/wp\/v2\/product_tag?post=494340"}],"curies":[{"name":"wp","href":"https:\/\/api.w.org\/{rel}","templated":true}]}}