{"id":493617,"date":"2025-04-22T06:27:29","date_gmt":"2025-04-22T06:27:31","guid":{"rendered":"https:\/\/www.erresse-shop.it\/?post_type=product&#038;p=493617"},"modified":"2025-04-22T06:40:17","modified_gmt":"2025-04-22T06:40:17","slug":"bamix-set-baking-copia","status":"publish","type":"product","link":"https:\/\/www.erresse-shop.it\/es\/shop\/pequenos-electrodomesticos\/licuadoras\/bamix-set-baking-copia\/","title":{"rendered":"BAMIX Gastro 350 Blanco"},"content":{"rendered":"<p><strong>Gastro: la versi\u00f3n profesional del peque\u00f1o robot de cocina Bamix<\/strong><\/p>\n<p>Gastro es la versi\u00f3n m\u00e1s avanzada del robot de cocina bamix, dise\u00f1ado para uso profesional. Equipado con un motor AC extremadamente potente, alcanza velocidades de 18.000 y 22.000 rpm, garantizando un alto rendimiento para cada preparaci\u00f3n culinaria. Su varilla de 28,7 cm de largo permite trabajar directamente en las ollas sobre el fuego, sin necesidad de transferir los ingredientes a otros recipientes.<\/p>\n<p><strong>Cuchilla multiusos: La versatilidad de Gastro<\/strong><\/p>\n<p>Uno de los puntos fuertes de Gastro es su cuchilla multiusos. Esta cuchilla universal es capaz de picar, cortar y mezclar una amplia gama de alimentos, incluidos alimentos congelados y cubitos de hielo. Perfecta para elaborar sopas, cremas, pesto, mermeladas, helados, batidos, malteadas, masa de pizza y masas dulces, la cuchilla multiusos destaca por su versatilidad.<\/p>\n<p><strong>Batidor para preparaciones ligeras y esponjosas<\/strong><\/p>\n<p>El batidor Gastro es ideal para obtener consistencias ligeras y homog\u00e9neas. Monta nata, leche desnatada y claras de huevo en pocos instantes y es perfecto para preparar mousse, zabaglione, tiramis\u00fa y salsa bechamel. Adem\u00e1s de hacer los postres a\u00fan m\u00e1s suaves, el batidor emulsiona salsas y batidos con gran facilidad, haciendo cada preparaci\u00f3n r\u00e1pida y sin grumos.<\/p>\n<p><strong>Batidora: la soluci\u00f3n para preparaciones cremosas<\/strong><\/p>\n<p>La batidora Gastro est\u00e1 dise\u00f1ada para crear emulsiones perfectas y mezclas homog\u00e9neas. Desde pur\u00e9 de patatas hasta mayonesa, pasando por budines y flanes, este accesorio es perfecto para preparaciones cremosas y densas. Tambi\u00e9n es ideal para preparar c\u00f3cteles y batidos de forma r\u00e1pida y sencilla.<\/p>\n<p><strong>Innovaci\u00f3n y poder a tu alcance<\/strong><\/p>\n<p>Gastro by bamix representa la excelencia en el campo de los procesadores de alimentos profesionales. Con su dise\u00f1o ergon\u00f3mico y prestaciones avanzadas, se adapta perfectamente a cualquier necesidad culinaria. Ya sea una cocina dom\u00e9stica o profesional, este procesador de alimentos garantiza un alto rendimiento y resultados impecables en cada preparaci\u00f3n.<\/p>\n<p><strong>CARACTER\u00cdSTICAS<\/strong><\/p>\n<ul>\n<li><strong>Material<\/strong>: pl\u00e1stico y acero.<\/li>\n<li><strong>Dimensiones<\/strong>: 7 x 6,5 x 35,5 cm<\/li>\n<li><strong>Peso<\/strong>: 950 g<\/li>\n<\/ul>\n<p><strong>NOT FOR SALE OUTSIDE EUROPE<\/strong><\/p>\n","protected":false},"excerpt":{"rendered":"<p>Gastro: la versi\u00f3n profesional del peque\u00f1o robot de cocina Bamix Gastro es la versi\u00f3n m\u00e1s avanzada del robot de cocina<\/p>\n","protected":false},"featured_media":493637,"template":"","meta":{"_acf_changed":false,"inline_featured_image":false},"product_cat":[16075,16073],"product_tag":[16554,20854,21537,16259,16178],"acf":[],"yoast_head":"<!-- This site is optimized with the Yoast SEO Premium plugin v18.6 (Yoast SEO v19.13) - https:\/\/yoast.com\/wordpress\/plugins\/seo\/ -->\n<title>BAMIX Gastro 350 Blanco - Erresse Shop<\/title>\n<meta name=\"description\" content=\"Gastro: la versi\u00f3n profesional del peque\u00f1o robot de cocina Bamix Gastro es la versi\u00f3n m\u00e1s avanzada del robot de cocina bamix, dise\u00f1ado para uso\" \/>\n<meta name=\"robots\" content=\"index, follow, max-snippet:-1, max-image-preview:large, max-video-preview:-1\" \/>\n<link rel=\"canonical\" href=\"https:\/\/www.erresse-shop.it\/es\/shop\/pequenos-electrodomesticos\/licuadoras\/bamix-set-baking-copia\/\" \/>\n<meta property=\"og:locale\" content=\"es_ES\" \/>\n<meta property=\"og:type\" content=\"article\" \/>\n<meta property=\"og:title\" content=\"BAMIX Gastro 350 Blanco\" \/>\n<meta property=\"og:description\" content=\"Gastro: la versi\u00f3n profesional del peque\u00f1o robot de cocina Bamix Gastro es la versi\u00f3n m\u00e1s avanzada del robot de cocina bamix, dise\u00f1ado para uso\" \/>\n<meta property=\"og:url\" content=\"https:\/\/www.erresse-shop.it\/es\/shop\/pequenos-electrodomesticos\/licuadoras\/bamix-set-baking-copia\/\" \/>\n<meta property=\"og:site_name\" content=\"Erresse Shop\" \/>\n<meta property=\"article:modified_time\" content=\"2025-04-22T06:40:17+00:00\" \/>\n<meta property=\"og:image\" content=\"https:\/\/www.erresse-shop.it\/wp-content\/uploads\/2025\/04\/BAMIX-Gastro-350-Bianco.jpg\" \/>\n\t<meta property=\"og:image:width\" content=\"1200\" \/>\n\t<meta property=\"og:image:height\" content=\"1200\" \/>\n\t<meta property=\"og:image:type\" content=\"image\/jpeg\" \/>\n<meta name=\"twitter:card\" content=\"summary_large_image\" \/>\n<script type=\"application\/ld+json\" class=\"yoast-schema-graph\">{\"@context\":\"https:\/\/schema.org\",\"@graph\":[{\"@type\":\"WebPage\",\"@id\":\"https:\/\/www.erresse-shop.it\/es\/shop\/pequenos-electrodomesticos\/licuadoras\/bamix-set-baking-copia\/\",\"url\":\"https:\/\/www.erresse-shop.it\/es\/shop\/pequenos-electrodomesticos\/licuadoras\/bamix-set-baking-copia\/\",\"name\":\"BAMIX Gastro 350 Blanco - Erresse Shop\",\"isPartOf\":{\"@id\":\"https:\/\/www.erresse-shop.it\/es\/#website\"},\"datePublished\":\"2025-04-22T06:27:31+00:00\",\"dateModified\":\"2025-04-22T06:40:17+00:00\",\"description\":\"Gastro: la versi\u00f3n profesional del peque\u00f1o robot de cocina Bamix Gastro es la versi\u00f3n m\u00e1s avanzada del robot de cocina bamix, dise\u00f1ado para uso\",\"breadcrumb\":{\"@id\":\"https:\/\/www.erresse-shop.it\/es\/shop\/pequenos-electrodomesticos\/licuadoras\/bamix-set-baking-copia\/#breadcrumb\"},\"inLanguage\":\"es\",\"potentialAction\":[{\"@type\":\"ReadAction\",\"target\":[\"https:\/\/www.erresse-shop.it\/es\/shop\/pequenos-electrodomesticos\/licuadoras\/bamix-set-baking-copia\/\"]}]},{\"@type\":\"BreadcrumbList\",\"@id\":\"https:\/\/www.erresse-shop.it\/es\/shop\/pequenos-electrodomesticos\/licuadoras\/bamix-set-baking-copia\/#breadcrumb\",\"itemListElement\":[{\"@type\":\"ListItem\",\"position\":1,\"name\":\"Home\",\"item\":\"https:\/\/www.erresse-shop.it\/es\/\"},{\"@type\":\"ListItem\",\"position\":2,\"name\":\"Shop\",\"item\":\"https:\/\/www.erresse-shop.it\/es\/shop\/\"},{\"@type\":\"ListItem\",\"position\":3,\"name\":\"BAMIX Gastro 350 Blanco\"}]},{\"@type\":\"WebSite\",\"@id\":\"https:\/\/www.erresse-shop.it\/es\/#website\",\"url\":\"https:\/\/www.erresse-shop.it\/es\/\",\"name\":\"Erresse Shop\",\"description\":\"Articoli di qualit\u00e0 per la casa\",\"potentialAction\":[{\"@type\":\"SearchAction\",\"target\":{\"@type\":\"EntryPoint\",\"urlTemplate\":\"https:\/\/www.erresse-shop.it\/es\/?s={search_term_string}\"},\"query-input\":\"required name=search_term_string\"}],\"inLanguage\":\"es\"}]}<\/script>\n<!-- \/ Yoast SEO Premium plugin. -->","yoast_head_json":{"title":"BAMIX Gastro 350 Blanco - Erresse Shop","description":"Gastro: la versi\u00f3n profesional del peque\u00f1o robot de cocina Bamix Gastro es la versi\u00f3n m\u00e1s avanzada del robot de cocina bamix, dise\u00f1ado para uso","robots":{"index":"index","follow":"follow","max-snippet":"max-snippet:-1","max-image-preview":"max-image-preview:large","max-video-preview":"max-video-preview:-1"},"canonical":"https:\/\/www.erresse-shop.it\/es\/shop\/pequenos-electrodomesticos\/licuadoras\/bamix-set-baking-copia\/","og_locale":"es_ES","og_type":"article","og_title":"BAMIX Gastro 350 Blanco","og_description":"Gastro: la versi\u00f3n profesional del peque\u00f1o robot de cocina Bamix Gastro es la versi\u00f3n m\u00e1s avanzada del robot de cocina bamix, dise\u00f1ado para uso","og_url":"https:\/\/www.erresse-shop.it\/es\/shop\/pequenos-electrodomesticos\/licuadoras\/bamix-set-baking-copia\/","og_site_name":"Erresse Shop","article_modified_time":"2025-04-22T06:40:17+00:00","og_image":[{"width":1200,"height":1200,"url":"https:\/\/www.erresse-shop.it\/wp-content\/uploads\/2025\/04\/BAMIX-Gastro-350-Bianco.jpg","type":"image\/jpeg"}],"twitter_card":"summary_large_image","schema":{"@context":"https:\/\/schema.org","@graph":[{"@type":"WebPage","@id":"https:\/\/www.erresse-shop.it\/es\/shop\/pequenos-electrodomesticos\/licuadoras\/bamix-set-baking-copia\/","url":"https:\/\/www.erresse-shop.it\/es\/shop\/pequenos-electrodomesticos\/licuadoras\/bamix-set-baking-copia\/","name":"BAMIX Gastro 350 Blanco - Erresse Shop","isPartOf":{"@id":"https:\/\/www.erresse-shop.it\/es\/#website"},"datePublished":"2025-04-22T06:27:31+00:00","dateModified":"2025-04-22T06:40:17+00:00","description":"Gastro: la versi\u00f3n profesional del peque\u00f1o robot de cocina Bamix Gastro es la versi\u00f3n m\u00e1s avanzada del robot de cocina bamix, dise\u00f1ado para uso","breadcrumb":{"@id":"https:\/\/www.erresse-shop.it\/es\/shop\/pequenos-electrodomesticos\/licuadoras\/bamix-set-baking-copia\/#breadcrumb"},"inLanguage":"es","potentialAction":[{"@type":"ReadAction","target":["https:\/\/www.erresse-shop.it\/es\/shop\/pequenos-electrodomesticos\/licuadoras\/bamix-set-baking-copia\/"]}]},{"@type":"BreadcrumbList","@id":"https:\/\/www.erresse-shop.it\/es\/shop\/pequenos-electrodomesticos\/licuadoras\/bamix-set-baking-copia\/#breadcrumb","itemListElement":[{"@type":"ListItem","position":1,"name":"Home","item":"https:\/\/www.erresse-shop.it\/es\/"},{"@type":"ListItem","position":2,"name":"Shop","item":"https:\/\/www.erresse-shop.it\/es\/shop\/"},{"@type":"ListItem","position":3,"name":"BAMIX Gastro 350 Blanco"}]},{"@type":"WebSite","@id":"https:\/\/www.erresse-shop.it\/es\/#website","url":"https:\/\/www.erresse-shop.it\/es\/","name":"Erresse Shop","description":"Articoli di qualit\u00e0 per la casa","potentialAction":[{"@type":"SearchAction","target":{"@type":"EntryPoint","urlTemplate":"https:\/\/www.erresse-shop.it\/es\/?s={search_term_string}"},"query-input":"required name=search_term_string"}],"inLanguage":"es"}]}},"df_price":399.9,"df_sale_price":399.9,"df_regular_price":399.9,"df_image_link":"https:\/\/www.erresse-shop.it\/wp-content\/uploads\/2025\/04\/BAMIX-Gastro-350-Bianco-300x300.jpg","_links":{"self":[{"href":"https:\/\/www.erresse-shop.it\/es\/wp-json\/wp\/v2\/product\/493617"}],"collection":[{"href":"https:\/\/www.erresse-shop.it\/es\/wp-json\/wp\/v2\/product"}],"about":[{"href":"https:\/\/www.erresse-shop.it\/es\/wp-json\/wp\/v2\/types\/product"}],"wp:featuredmedia":[{"embeddable":true,"href":"https:\/\/www.erresse-shop.it\/es\/wp-json\/wp\/v2\/media\/493637"}],"wp:attachment":[{"href":"https:\/\/www.erresse-shop.it\/es\/wp-json\/wp\/v2\/media?parent=493617"}],"wp:term":[{"taxonomy":"product_cat","embeddable":true,"href":"https:\/\/www.erresse-shop.it\/es\/wp-json\/wp\/v2\/product_cat?post=493617"},{"taxonomy":"product_tag","embeddable":true,"href":"https:\/\/www.erresse-shop.it\/es\/wp-json\/wp\/v2\/product_tag?post=493617"}],"curies":[{"name":"wp","href":"https:\/\/api.w.org\/{rel}","templated":true}]}}