{"id":493590,"date":"2025-04-22T06:08:10","date_gmt":"2025-04-22T06:08:12","guid":{"rendered":"https:\/\/www.erresse-shop.it\/?post_type=product&#038;p=493590"},"modified":"2026-02-10T11:00:36","modified_gmt":"2026-02-10T11:00:36","slug":"bamix-set-baking","status":"publish","type":"product","link":"https:\/\/www.erresse-shop.it\/es\/shop\/pequenos-electrodomesticos\/licuadoras\/bamix-set-baking\/","title":{"rendered":"BAMIX Set Baking"},"content":{"rendered":"<p><strong>Bamix Baking: Introducci\u00f3n a la batidora de inmersi\u00f3n<\/strong><\/p>\n<p>Bamix Baking es una batidora de mano vers\u00e1til con motor de CA y doble aislamiento, dise\u00f1ada para ofrecer un rendimiento confiable y duradero en la cocina. Este procesador de alimentos es por tanto un compa\u00f1ero fiable e indispensable para aquellos que aman experimentar en la cocina con facilidad y precisi\u00f3n.<\/p>\n<p><strong>Batidora: Preparaciones cremosas y vers\u00e1tiles<\/strong><\/p>\n<p>Gracias a su capacidad para emulsionar aderezos, cremas y rebozados, bamix Baking es ideal para preparar mayonesas, pur\u00e9s, c\u00f3cteles y mucho m\u00e1s. Tambi\u00e9n es perfecto para mezclar pur\u00e9s y preparar deliciosas salsas y budines en solo unos instantes.<\/p>\n<p><strong>Cuchilla para carne y verduras: Versatilidad para cada corte<\/strong><\/p>\n<p>La cuchilla dedicada a carnes y verduras permite picar, trocear y hacer pur\u00e9 f\u00e1cilmente carne, pescado y verduras fibrosas. Es perfecto para preparaciones que requieren un procesamiento preciso y r\u00e1pido.<\/p>\n<p><strong>Hoja multiusos: universal y pr\u00e1ctica.<\/strong><\/p>\n<p>La cuchilla multiusos bamix tritura, corta y mezcla todo tipo de ingredientes, incluidos alimentos congelados y cubitos de hielo. Se puede utilizar directamente en ollas al fuego, es adecuado para preparar sopas, cremas, helados, pesto y mucho m\u00e1s.<\/p>\n<p><strong>L\u00e1tigo: ligereza y suavidad<\/strong><\/p>\n<p>Equipado con un batidor, Bamix Baking es ideal para batir crema, claras de huevo y mousse. Emulsiona salsas, cremas y batidos, facilitando la preparaci\u00f3n de postres como el tiramis\u00fa, el zabaglione y el capuchino cremoso.<\/p>\n<p><strong>CARACTER\u00cdSTICAS<\/strong><\/p>\n<ul>\n<li><strong>Material<\/strong>: pl\u00e1stico y acero.<\/li>\n<li><strong>Dimensiones<\/strong>: 7 x 6,5 x 35,5 cm<\/li>\n<li><strong>Peso<\/strong>: 950 g<\/li>\n<\/ul>\n<p><strong>NOT FOR SALE OUTSIDE EUROPE<\/strong><\/p>\n","protected":false},"excerpt":{"rendered":"<p>Bamix Baking: Introducci\u00f3n a la batidora de inmersi\u00f3n Bamix Baking es una batidora de mano vers\u00e1til con motor de CA<\/p>\n","protected":false},"featured_media":493610,"template":"","meta":{"_acf_changed":false,"inline_featured_image":false},"product_cat":[16075,16073],"product_tag":[16554,20854,16259,16178],"acf":[],"yoast_head":"<!-- This site is optimized with the Yoast SEO Premium plugin v18.6 (Yoast SEO v19.13) - https:\/\/yoast.com\/wordpress\/plugins\/seo\/ -->\n<title>BAMIX Set Baking - Erresse Shop<\/title>\n<meta name=\"description\" content=\"Bamix Baking: Introducci\u00f3n a la batidora de inmersi\u00f3n Bamix Baking es una batidora de mano vers\u00e1til con motor de CA y doble aislamiento, dise\u00f1ada para\" \/>\n<meta name=\"robots\" content=\"index, follow, max-snippet:-1, max-image-preview:large, max-video-preview:-1\" \/>\n<link rel=\"canonical\" href=\"https:\/\/www.erresse-shop.it\/es\/shop\/pequenos-electrodomesticos\/licuadoras\/bamix-set-baking\/\" \/>\n<meta property=\"og:locale\" content=\"es_ES\" \/>\n<meta property=\"og:type\" content=\"article\" \/>\n<meta property=\"og:title\" content=\"BAMIX Set Baking\" \/>\n<meta property=\"og:description\" content=\"Bamix Baking: Introducci\u00f3n a la batidora de inmersi\u00f3n Bamix Baking es una batidora de mano vers\u00e1til con motor de CA y doble aislamiento, dise\u00f1ada para\" \/>\n<meta property=\"og:url\" content=\"https:\/\/www.erresse-shop.it\/es\/shop\/pequenos-electrodomesticos\/licuadoras\/bamix-set-baking\/\" \/>\n<meta property=\"og:site_name\" content=\"Erresse Shop\" \/>\n<meta property=\"article:modified_time\" content=\"2026-02-10T11:00:36+00:00\" \/>\n<meta property=\"og:image\" content=\"https:\/\/www.erresse-shop.it\/wp-content\/uploads\/2025\/04\/BAMIX-Set-Baking.jpg\" \/>\n\t<meta property=\"og:image:width\" content=\"1200\" \/>\n\t<meta property=\"og:image:height\" content=\"1200\" \/>\n\t<meta property=\"og:image:type\" content=\"image\/jpeg\" \/>\n<meta name=\"twitter:card\" content=\"summary_large_image\" \/>\n<script type=\"application\/ld+json\" class=\"yoast-schema-graph\">{\"@context\":\"https:\/\/schema.org\",\"@graph\":[{\"@type\":\"WebPage\",\"@id\":\"https:\/\/www.erresse-shop.it\/es\/shop\/pequenos-electrodomesticos\/licuadoras\/bamix-set-baking\/\",\"url\":\"https:\/\/www.erresse-shop.it\/es\/shop\/pequenos-electrodomesticos\/licuadoras\/bamix-set-baking\/\",\"name\":\"BAMIX Set Baking - Erresse Shop\",\"isPartOf\":{\"@id\":\"https:\/\/www.erresse-shop.it\/es\/#website\"},\"datePublished\":\"2025-04-22T06:08:12+00:00\",\"dateModified\":\"2026-02-10T11:00:36+00:00\",\"description\":\"Bamix Baking: Introducci\u00f3n a la batidora de inmersi\u00f3n Bamix Baking es una batidora de mano vers\u00e1til con motor de CA y doble aislamiento, dise\u00f1ada para\",\"breadcrumb\":{\"@id\":\"https:\/\/www.erresse-shop.it\/es\/shop\/pequenos-electrodomesticos\/licuadoras\/bamix-set-baking\/#breadcrumb\"},\"inLanguage\":\"es\",\"potentialAction\":[{\"@type\":\"ReadAction\",\"target\":[\"https:\/\/www.erresse-shop.it\/es\/shop\/pequenos-electrodomesticos\/licuadoras\/bamix-set-baking\/\"]}]},{\"@type\":\"BreadcrumbList\",\"@id\":\"https:\/\/www.erresse-shop.it\/es\/shop\/pequenos-electrodomesticos\/licuadoras\/bamix-set-baking\/#breadcrumb\",\"itemListElement\":[{\"@type\":\"ListItem\",\"position\":1,\"name\":\"Home\",\"item\":\"https:\/\/www.erresse-shop.it\/es\/\"},{\"@type\":\"ListItem\",\"position\":2,\"name\":\"Shop\",\"item\":\"https:\/\/www.erresse-shop.it\/es\/shop\/\"},{\"@type\":\"ListItem\",\"position\":3,\"name\":\"BAMIX Set Baking\"}]},{\"@type\":\"WebSite\",\"@id\":\"https:\/\/www.erresse-shop.it\/es\/#website\",\"url\":\"https:\/\/www.erresse-shop.it\/es\/\",\"name\":\"Erresse Shop\",\"description\":\"Articoli di qualit\u00e0 per la casa\",\"potentialAction\":[{\"@type\":\"SearchAction\",\"target\":{\"@type\":\"EntryPoint\",\"urlTemplate\":\"https:\/\/www.erresse-shop.it\/es\/?s={search_term_string}\"},\"query-input\":\"required name=search_term_string\"}],\"inLanguage\":\"es\"}]}<\/script>\n<!-- \/ Yoast SEO Premium plugin. -->","yoast_head_json":{"title":"BAMIX Set Baking - Erresse Shop","description":"Bamix Baking: Introducci\u00f3n a la batidora de inmersi\u00f3n Bamix Baking es una batidora de mano vers\u00e1til con motor de CA y doble aislamiento, dise\u00f1ada para","robots":{"index":"index","follow":"follow","max-snippet":"max-snippet:-1","max-image-preview":"max-image-preview:large","max-video-preview":"max-video-preview:-1"},"canonical":"https:\/\/www.erresse-shop.it\/es\/shop\/pequenos-electrodomesticos\/licuadoras\/bamix-set-baking\/","og_locale":"es_ES","og_type":"article","og_title":"BAMIX Set Baking","og_description":"Bamix Baking: Introducci\u00f3n a la batidora de inmersi\u00f3n Bamix Baking es una batidora de mano vers\u00e1til con motor de CA y doble aislamiento, dise\u00f1ada para","og_url":"https:\/\/www.erresse-shop.it\/es\/shop\/pequenos-electrodomesticos\/licuadoras\/bamix-set-baking\/","og_site_name":"Erresse Shop","article_modified_time":"2026-02-10T11:00:36+00:00","og_image":[{"width":1200,"height":1200,"url":"https:\/\/www.erresse-shop.it\/wp-content\/uploads\/2025\/04\/BAMIX-Set-Baking.jpg","type":"image\/jpeg"}],"twitter_card":"summary_large_image","schema":{"@context":"https:\/\/schema.org","@graph":[{"@type":"WebPage","@id":"https:\/\/www.erresse-shop.it\/es\/shop\/pequenos-electrodomesticos\/licuadoras\/bamix-set-baking\/","url":"https:\/\/www.erresse-shop.it\/es\/shop\/pequenos-electrodomesticos\/licuadoras\/bamix-set-baking\/","name":"BAMIX Set Baking - Erresse Shop","isPartOf":{"@id":"https:\/\/www.erresse-shop.it\/es\/#website"},"datePublished":"2025-04-22T06:08:12+00:00","dateModified":"2026-02-10T11:00:36+00:00","description":"Bamix Baking: Introducci\u00f3n a la batidora de inmersi\u00f3n Bamix Baking es una batidora de mano vers\u00e1til con motor de CA y doble aislamiento, dise\u00f1ada para","breadcrumb":{"@id":"https:\/\/www.erresse-shop.it\/es\/shop\/pequenos-electrodomesticos\/licuadoras\/bamix-set-baking\/#breadcrumb"},"inLanguage":"es","potentialAction":[{"@type":"ReadAction","target":["https:\/\/www.erresse-shop.it\/es\/shop\/pequenos-electrodomesticos\/licuadoras\/bamix-set-baking\/"]}]},{"@type":"BreadcrumbList","@id":"https:\/\/www.erresse-shop.it\/es\/shop\/pequenos-electrodomesticos\/licuadoras\/bamix-set-baking\/#breadcrumb","itemListElement":[{"@type":"ListItem","position":1,"name":"Home","item":"https:\/\/www.erresse-shop.it\/es\/"},{"@type":"ListItem","position":2,"name":"Shop","item":"https:\/\/www.erresse-shop.it\/es\/shop\/"},{"@type":"ListItem","position":3,"name":"BAMIX Set Baking"}]},{"@type":"WebSite","@id":"https:\/\/www.erresse-shop.it\/es\/#website","url":"https:\/\/www.erresse-shop.it\/es\/","name":"Erresse Shop","description":"Articoli di qualit\u00e0 per la casa","potentialAction":[{"@type":"SearchAction","target":{"@type":"EntryPoint","urlTemplate":"https:\/\/www.erresse-shop.it\/es\/?s={search_term_string}"},"query-input":"required name=search_term_string"}],"inLanguage":"es"}]}},"df_price":389,"df_sale_price":389,"df_regular_price":389,"df_image_link":"https:\/\/www.erresse-shop.it\/wp-content\/uploads\/2025\/04\/BAMIX-Set-Baking-300x300.jpg","_links":{"self":[{"href":"https:\/\/www.erresse-shop.it\/es\/wp-json\/wp\/v2\/product\/493590"}],"collection":[{"href":"https:\/\/www.erresse-shop.it\/es\/wp-json\/wp\/v2\/product"}],"about":[{"href":"https:\/\/www.erresse-shop.it\/es\/wp-json\/wp\/v2\/types\/product"}],"wp:featuredmedia":[{"embeddable":true,"href":"https:\/\/www.erresse-shop.it\/es\/wp-json\/wp\/v2\/media\/493610"}],"wp:attachment":[{"href":"https:\/\/www.erresse-shop.it\/es\/wp-json\/wp\/v2\/media?parent=493590"}],"wp:term":[{"taxonomy":"product_cat","embeddable":true,"href":"https:\/\/www.erresse-shop.it\/es\/wp-json\/wp\/v2\/product_cat?post=493590"},{"taxonomy":"product_tag","embeddable":true,"href":"https:\/\/www.erresse-shop.it\/es\/wp-json\/wp\/v2\/product_tag?post=493590"}],"curies":[{"name":"wp","href":"https:\/\/api.w.org\/{rel}","templated":true}]}}