{"id":493569,"date":"2025-04-22T05:42:30","date_gmt":"2025-04-22T05:42:33","guid":{"rendered":"https:\/\/www.erresse-shop.it\/?post_type=product&#038;p=493569"},"modified":"2026-02-10T11:03:20","modified_gmt":"2026-02-10T11:03:20","slug":"bamix-set-bbq-negro","status":"publish","type":"product","link":"https:\/\/www.erresse-shop.it\/es\/shop\/pequenos-electrodomesticos\/licuadoras\/bamix-set-bbq-negro\/","title":{"rendered":"BAMIX Set BBQ Negro"},"content":{"rendered":"<p><strong>Descubre un mundo de nuevas recetas con el set de barbacoa Bamix<\/strong><\/p>\n<p>El procesador de alimentos para barbacoa Bamix es un electrodom\u00e9stico vers\u00e1til y potente, dise\u00f1ado para simplificar su experiencia culinaria. Equipado con un robusto motor AC y doble aislamiento, garantiza seguridad y un excelente rendimiento. La longitud de 14 cm de la varilla la hace manejable y f\u00e1cil de utilizar incluso en las ollas m\u00e1s profundas.<\/p>\n<p><strong>Batidora: perfecta para preparaciones cremosas y espesas<\/strong><\/p>\n<p>La batidora para barbacoa Bamix es ideal para crear una variedad de preparaciones cremosas y densas. Emulsiona aderezos, cremas y masas para crepes y tortillas en segundos. Es perfecto para hacer mayonesa, pur\u00e9 de patatas, budines, flan e incluso mezclar c\u00f3cteles. Con este accesorio cualquier receta se convierte en un juego de ni\u00f1os.<\/p>\n<p><strong>Cuchilla para carne y verduras: pica y corta sin esfuerzo<\/strong><\/p>\n<p>La cuchilla para carne y verduras BBQ de Bamix est\u00e1 dise\u00f1ada para picar, trocear y hacer pur\u00e9 de carne, pescado y verduras fibrosas. Ya sea carne cruda o cocida, pescado o verduras fibrosas, esta cuchilla puede manejar cualquier tipo de ingrediente con facilidad, garantizando resultados perfectos en todo momento.<\/p>\n<p><strong>Cuchilla multiusos: perfecta para cualquier tipo de preparaci\u00f3n.<\/strong><\/p>\n<p>La cuchilla multiusos para barbacoa de Bamix es una soluci\u00f3n universal para picar, cortar y mezclar cualquier ingrediente, incluidos alimentos congelados y cubitos de hielo. Se puede utilizar directamente en ollas sobre la estufa, eliminando la necesidad de otros recipientes. Ideal para sopas, cremas, pesto, mermeladas, helados, batidos, malteadas, masa de pizza y masas dulces.<\/p>\n<p><strong>L\u00e1tigo: Descubre nuevos niveles de ligereza<\/strong><\/p>\n<p>El batidor de barbacoa Bamix es perfecto para todo lo que necesita ser ligero y esponjoso. Batir crema, leche desnatada, claras de huevo y mousse, y emulsionar salsas y batidos con facilidad. \u00dasalo para preparar crema batida, capuchinos, mousse de chocolate, zabaglione, tiramis\u00fa, claras de huevo a punto de nieve y salsa bechamel.<\/p>\n<p><strong>CARACTER\u00cdSTICAS<\/strong><\/p>\n<ul>\n<li><strong>Material<\/strong>: pl\u00e1stico y acero.<\/li>\n<li><strong>Dimensiones<\/strong>: 7 x 6,5 x 35,5 cm<\/li>\n<li><strong>Peso<\/strong>: 950 g<\/li>\n<\/ul>\n<p><strong>NOT FOR SALE OUTSIDE EUROPE<\/strong><\/p>\n","protected":false},"excerpt":{"rendered":"<p>Descubre un mundo de nuevas recetas con el set de barbacoa Bamix El procesador de alimentos para barbacoa Bamix es<\/p>\n","protected":false},"featured_media":493583,"template":"","meta":{"_acf_changed":false,"inline_featured_image":false},"product_cat":[16075,16073],"product_tag":[16554,20854,16259,16178],"acf":[],"yoast_head":"<!-- This site is optimized with the Yoast SEO Premium plugin v18.6 (Yoast SEO v19.13) - https:\/\/yoast.com\/wordpress\/plugins\/seo\/ -->\n<title>BAMIX Set BBQ Negro - Erresse Shop<\/title>\n<meta name=\"description\" content=\"Descubre un mundo de nuevas recetas con el set de barbacoa Bamix El procesador de alimentos para barbacoa Bamix es un electrodom\u00e9stico vers\u00e1til y potente,\" \/>\n<meta name=\"robots\" content=\"index, follow, max-snippet:-1, max-image-preview:large, max-video-preview:-1\" \/>\n<link rel=\"canonical\" href=\"https:\/\/www.erresse-shop.it\/es\/shop\/pequenos-electrodomesticos\/licuadoras\/bamix-set-bbq-negro\/\" \/>\n<meta property=\"og:locale\" content=\"es_ES\" \/>\n<meta property=\"og:type\" content=\"article\" \/>\n<meta property=\"og:title\" content=\"BAMIX Set BBQ Negro\" \/>\n<meta property=\"og:description\" content=\"Descubre un mundo de nuevas recetas con el set de barbacoa Bamix El procesador de alimentos para barbacoa Bamix es un electrodom\u00e9stico vers\u00e1til y potente,\" \/>\n<meta property=\"og:url\" content=\"https:\/\/www.erresse-shop.it\/es\/shop\/pequenos-electrodomesticos\/licuadoras\/bamix-set-bbq-negro\/\" \/>\n<meta property=\"og:site_name\" content=\"Erresse Shop\" \/>\n<meta property=\"article:modified_time\" content=\"2026-02-10T11:03:20+00:00\" \/>\n<meta property=\"og:image\" content=\"https:\/\/www.erresse-shop.it\/wp-content\/uploads\/2025\/04\/BAMIX-Set-BBQ-Nero.jpg\" \/>\n\t<meta property=\"og:image:width\" content=\"1200\" \/>\n\t<meta property=\"og:image:height\" content=\"1200\" \/>\n\t<meta property=\"og:image:type\" content=\"image\/jpeg\" \/>\n<meta name=\"twitter:card\" content=\"summary_large_image\" \/>\n<script type=\"application\/ld+json\" class=\"yoast-schema-graph\">{\"@context\":\"https:\/\/schema.org\",\"@graph\":[{\"@type\":\"WebPage\",\"@id\":\"https:\/\/www.erresse-shop.it\/es\/shop\/pequenos-electrodomesticos\/licuadoras\/bamix-set-bbq-negro\/\",\"url\":\"https:\/\/www.erresse-shop.it\/es\/shop\/pequenos-electrodomesticos\/licuadoras\/bamix-set-bbq-negro\/\",\"name\":\"BAMIX Set BBQ Negro - Erresse Shop\",\"isPartOf\":{\"@id\":\"https:\/\/www.erresse-shop.it\/es\/#website\"},\"datePublished\":\"2025-04-22T05:42:33+00:00\",\"dateModified\":\"2026-02-10T11:03:20+00:00\",\"description\":\"Descubre un mundo de nuevas recetas con el set de barbacoa Bamix El procesador de alimentos para barbacoa Bamix es un electrodom\u00e9stico vers\u00e1til y potente,\",\"breadcrumb\":{\"@id\":\"https:\/\/www.erresse-shop.it\/es\/shop\/pequenos-electrodomesticos\/licuadoras\/bamix-set-bbq-negro\/#breadcrumb\"},\"inLanguage\":\"es\",\"potentialAction\":[{\"@type\":\"ReadAction\",\"target\":[\"https:\/\/www.erresse-shop.it\/es\/shop\/pequenos-electrodomesticos\/licuadoras\/bamix-set-bbq-negro\/\"]}]},{\"@type\":\"BreadcrumbList\",\"@id\":\"https:\/\/www.erresse-shop.it\/es\/shop\/pequenos-electrodomesticos\/licuadoras\/bamix-set-bbq-negro\/#breadcrumb\",\"itemListElement\":[{\"@type\":\"ListItem\",\"position\":1,\"name\":\"Home\",\"item\":\"https:\/\/www.erresse-shop.it\/es\/\"},{\"@type\":\"ListItem\",\"position\":2,\"name\":\"Shop\",\"item\":\"https:\/\/www.erresse-shop.it\/es\/shop\/\"},{\"@type\":\"ListItem\",\"position\":3,\"name\":\"BAMIX Set BBQ Negro\"}]},{\"@type\":\"WebSite\",\"@id\":\"https:\/\/www.erresse-shop.it\/es\/#website\",\"url\":\"https:\/\/www.erresse-shop.it\/es\/\",\"name\":\"Erresse Shop\",\"description\":\"Articoli di qualit\u00e0 per la casa\",\"potentialAction\":[{\"@type\":\"SearchAction\",\"target\":{\"@type\":\"EntryPoint\",\"urlTemplate\":\"https:\/\/www.erresse-shop.it\/es\/?s={search_term_string}\"},\"query-input\":\"required name=search_term_string\"}],\"inLanguage\":\"es\"}]}<\/script>\n<!-- \/ Yoast SEO Premium plugin. -->","yoast_head_json":{"title":"BAMIX Set BBQ Negro - Erresse Shop","description":"Descubre un mundo de nuevas recetas con el set de barbacoa Bamix El procesador de alimentos para barbacoa Bamix es un electrodom\u00e9stico vers\u00e1til y potente,","robots":{"index":"index","follow":"follow","max-snippet":"max-snippet:-1","max-image-preview":"max-image-preview:large","max-video-preview":"max-video-preview:-1"},"canonical":"https:\/\/www.erresse-shop.it\/es\/shop\/pequenos-electrodomesticos\/licuadoras\/bamix-set-bbq-negro\/","og_locale":"es_ES","og_type":"article","og_title":"BAMIX Set BBQ Negro","og_description":"Descubre un mundo de nuevas recetas con el set de barbacoa Bamix El procesador de alimentos para barbacoa Bamix es un electrodom\u00e9stico vers\u00e1til y potente,","og_url":"https:\/\/www.erresse-shop.it\/es\/shop\/pequenos-electrodomesticos\/licuadoras\/bamix-set-bbq-negro\/","og_site_name":"Erresse Shop","article_modified_time":"2026-02-10T11:03:20+00:00","og_image":[{"width":1200,"height":1200,"url":"https:\/\/www.erresse-shop.it\/wp-content\/uploads\/2025\/04\/BAMIX-Set-BBQ-Nero.jpg","type":"image\/jpeg"}],"twitter_card":"summary_large_image","schema":{"@context":"https:\/\/schema.org","@graph":[{"@type":"WebPage","@id":"https:\/\/www.erresse-shop.it\/es\/shop\/pequenos-electrodomesticos\/licuadoras\/bamix-set-bbq-negro\/","url":"https:\/\/www.erresse-shop.it\/es\/shop\/pequenos-electrodomesticos\/licuadoras\/bamix-set-bbq-negro\/","name":"BAMIX Set BBQ Negro - Erresse Shop","isPartOf":{"@id":"https:\/\/www.erresse-shop.it\/es\/#website"},"datePublished":"2025-04-22T05:42:33+00:00","dateModified":"2026-02-10T11:03:20+00:00","description":"Descubre un mundo de nuevas recetas con el set de barbacoa Bamix El procesador de alimentos para barbacoa Bamix es un electrodom\u00e9stico vers\u00e1til y potente,","breadcrumb":{"@id":"https:\/\/www.erresse-shop.it\/es\/shop\/pequenos-electrodomesticos\/licuadoras\/bamix-set-bbq-negro\/#breadcrumb"},"inLanguage":"es","potentialAction":[{"@type":"ReadAction","target":["https:\/\/www.erresse-shop.it\/es\/shop\/pequenos-electrodomesticos\/licuadoras\/bamix-set-bbq-negro\/"]}]},{"@type":"BreadcrumbList","@id":"https:\/\/www.erresse-shop.it\/es\/shop\/pequenos-electrodomesticos\/licuadoras\/bamix-set-bbq-negro\/#breadcrumb","itemListElement":[{"@type":"ListItem","position":1,"name":"Home","item":"https:\/\/www.erresse-shop.it\/es\/"},{"@type":"ListItem","position":2,"name":"Shop","item":"https:\/\/www.erresse-shop.it\/es\/shop\/"},{"@type":"ListItem","position":3,"name":"BAMIX Set BBQ Negro"}]},{"@type":"WebSite","@id":"https:\/\/www.erresse-shop.it\/es\/#website","url":"https:\/\/www.erresse-shop.it\/es\/","name":"Erresse Shop","description":"Articoli di qualit\u00e0 per la casa","potentialAction":[{"@type":"SearchAction","target":{"@type":"EntryPoint","urlTemplate":"https:\/\/www.erresse-shop.it\/es\/?s={search_term_string}"},"query-input":"required name=search_term_string"}],"inLanguage":"es"}]}},"df_price":279,"df_sale_price":279,"df_regular_price":279,"df_image_link":"https:\/\/www.erresse-shop.it\/wp-content\/uploads\/2025\/04\/BAMIX-Set-BBQ-Nero-300x300.jpg","_links":{"self":[{"href":"https:\/\/www.erresse-shop.it\/es\/wp-json\/wp\/v2\/product\/493569"}],"collection":[{"href":"https:\/\/www.erresse-shop.it\/es\/wp-json\/wp\/v2\/product"}],"about":[{"href":"https:\/\/www.erresse-shop.it\/es\/wp-json\/wp\/v2\/types\/product"}],"wp:featuredmedia":[{"embeddable":true,"href":"https:\/\/www.erresse-shop.it\/es\/wp-json\/wp\/v2\/media\/493583"}],"wp:attachment":[{"href":"https:\/\/www.erresse-shop.it\/es\/wp-json\/wp\/v2\/media?parent=493569"}],"wp:term":[{"taxonomy":"product_cat","embeddable":true,"href":"https:\/\/www.erresse-shop.it\/es\/wp-json\/wp\/v2\/product_cat?post=493569"},{"taxonomy":"product_tag","embeddable":true,"href":"https:\/\/www.erresse-shop.it\/es\/wp-json\/wp\/v2\/product_tag?post=493569"}],"curies":[{"name":"wp","href":"https:\/\/api.w.org\/{rel}","templated":true}]}}