{"id":493405,"date":"2025-04-18T06:57:18","date_gmt":"2025-04-18T06:57:23","guid":{"rendered":"https:\/\/www.erresse-shop.it\/?post_type=product&#038;p=493405"},"modified":"2026-02-27T09:47:51","modified_gmt":"2026-02-27T09:47:51","slug":"la-pavoni-maquina-de-cafe-casabar-schwarz","status":"publish","type":"product","link":"https:\/\/www.erresse-shop.it\/es\/shop\/pequenos-electrodomesticos\/maquinas-de-cafe\/manual-es\/la-pavoni-maquina-de-cafe-casabar-schwarz\/","title":{"rendered":"LA PAVONI M\u00e1quina de caf\u00e9 Casabar Schwarz"},"content":{"rendered":"<p>Cafetera para espresso y cappuccino con cuerpo negro y dise\u00f1o compacto. Man\u00f3metro indicador de presi\u00f3n de la bomba, interruptores con LED para cada funci\u00f3n de la m\u00e1quina, para un Espresso perfecto incluso en casa.<\/p>\n<p>Todas las m\u00e1quinas semiprofesionales La Pavoni 230V est\u00e1n certificadas por:<\/p>\n<p><a href=\"https:\/\/www.erresse-shop.it\/wp-content\/uploads\/2021\/02\/La-Pavoni-Certificato-150x150.png\"><img decoding=\"async\" class=\"alignnone size-thumbnail wp-image-91732\" src=\"https:\/\/www.erresse-shop.it\/wp-content\/uploads\/2021\/02\/La-Pavoni-Certificato-150x150.png\" alt=\"La Pavoni Certified\" width=\"150\" height=\"150\" \/><\/a><\/p>\n<p><strong>EST\u00c9TICA<\/strong><\/p>\n<div class=\"col-6 fs-6\">\n<ul>\n<li class=\"col-6 fs-6\"><strong>Color:<\/strong> Negro<\/li>\n<li class=\"col-6 fs-6\"><strong>Acabado:<\/strong> Mate<\/li>\n<li class=\"col-6 fs-6\"><strong>Serie:<\/strong> Casabar<\/li>\n<li class=\"col-6 fs-6\"><strong>Material del cuerpo:<\/strong> Acero pintado<\/li>\n<li class=\"col-6 fs-6\"><strong>Material de la bandeja de goteo:<\/strong> Pl\u00e1stico<\/li>\n<li class=\"col-6 fs-6\"><strong>Material de la rejilla del portavasos:<\/strong> Acero inoxidable<\/li>\n<li class=\"col-6 fs-6\"><strong>Material de la boquilla de vapor:<\/strong> Acero inoxidable<\/li>\n<li class=\"col-6 fs-6\"><strong>Material del grupo dispensador:<\/strong> Lat\u00f3n<\/li>\n<li class=\"col-6 fs-6\"><strong>Color del grupo dispensador:<\/strong> Cromo<\/li>\n<\/ul>\n<\/div>\n<p><strong>PROGRAMAS \/ FUNCIONES<\/strong><\/p>\n<ul>\n<li><strong>Funci\u00f3n de dispensaci\u00f3n de caf\u00e9:<\/strong> S\u00ed<\/li>\n<li><strong>Funci\u00f3n de vapor:<\/strong> S\u00ed<\/li>\n<li><strong>Funci\u00f3n de agua caliente:<\/strong> S\u00ed<\/li>\n<\/ul>\n<p><strong>CARACTER\u00cdSTICAS T\u00c9CNICAS<\/strong><\/p>\n<ul>\n<li><strong>Sistema de calefacci\u00f3n:<\/strong> Caldera<\/li>\n<li><strong>Tipo de caldera:<\/strong> Caldera simple<\/li>\n<li><strong>Capacidad de la caldera:<\/strong> 0,22 l<\/li>\n<li><strong>Tipo de bomba:<\/strong> Vibraci\u00f3n<\/li>\n<li><strong>Presi\u00f3n de la bomba:<\/strong> 15 bar<\/li>\n<li><strong>Capacidad del tanque de agua:<\/strong> 2,9 l<\/li>\n<li><strong>Bandeja de goteo extra\u00edble:<\/strong> S\u00ed<\/li>\n<li><strong>Dep\u00f3sito de agua extra\u00edble:<\/strong> S\u00ed<\/li>\n<li><strong>Indicador de nivel de agua:<\/strong> S\u00ed<\/li>\n<li><strong>Man\u00f3metro de la bomba:<\/strong> S\u00ed<\/li>\n<li><strong>Di\u00e1metro interior del portafiltros (con filtro):<\/strong> 55,0 mm<\/li>\n<li><strong>Luz indicadora de temperatura:<\/strong> S\u00ed<\/li>\n<li><strong>Calentador de tazas:<\/strong> Pasivo<\/li>\n<\/ul>\n<p><strong>ACCESORIOS INCLUIDOS<\/strong><\/p>\n<ul>\n<li><strong>Filtros:<\/strong> 1 taza\/ 2 tazas<\/li>\n<li><strong>Pressino:<\/strong> S\u00ed<\/li>\n<li><strong>Taza medidora:<\/strong> S\u00ed<\/li>\n<li><strong>Portafiltros:<\/strong> Doble pico<\/li>\n<\/ul>\n<p><strong>CONEXI\u00d3N EL\u00c9CTRICA<\/strong><\/p>\n<ul>\n<li><strong>Enchufe:<\/strong> (F;E) Schuko<\/li>\n<li><strong>Voltaje (V):<\/strong> 220-240 V<\/li>\n<li><strong>Frecuencia Hz:<\/strong> 50-60 Hz<\/li>\n<li><strong>Longitud del cable de alimentaci\u00f3n:<\/strong> 1,6 m<\/li>\n<\/ul>\n<p><span style=\"text-decoration: underline;\"><strong>Not for sale outside Europe<\/strong><\/span><\/p>\n","protected":false},"excerpt":{"rendered":"<p>Cafetera para espresso y cappuccino con cuerpo negro y dise\u00f1o compacto. Man\u00f3metro indicador de presi\u00f3n de la bomba, interruptores con<\/p>\n","protected":false},"featured_media":493418,"template":"","meta":{"_acf_changed":false,"inline_featured_image":false},"product_cat":[25367,16076,16073],"product_tag":[23574,24682,16307,23583],"acf":[],"yoast_head":"<!-- This site is optimized with the Yoast SEO Premium plugin v18.6 (Yoast SEO v19.13) - https:\/\/yoast.com\/wordpress\/plugins\/seo\/ -->\n<title>LA PAVONI M\u00e1quina de caf\u00e9 Casabar Schwarz - Erresse Shop<\/title>\n<meta name=\"description\" content=\"Cafetera para espresso y cappuccino con cuerpo negro y dise\u00f1o compacto. Man\u00f3metro indicador de presi\u00f3n de la bomba, interruptores con LED para cada\" \/>\n<meta name=\"robots\" content=\"index, follow, max-snippet:-1, max-image-preview:large, max-video-preview:-1\" \/>\n<link rel=\"canonical\" href=\"https:\/\/www.erresse-shop.it\/es\/shop\/pequenos-electrodomesticos\/maquinas-de-cafe\/manual-es\/la-pavoni-maquina-de-cafe-casabar-schwarz\/\" \/>\n<meta property=\"og:locale\" content=\"es_ES\" \/>\n<meta property=\"og:type\" content=\"article\" \/>\n<meta property=\"og:title\" content=\"LA PAVONI M\u00e1quina de caf\u00e9 Casabar Schwarz\" \/>\n<meta property=\"og:description\" content=\"Cafetera para espresso y cappuccino con cuerpo negro y dise\u00f1o compacto. Man\u00f3metro indicador de presi\u00f3n de la bomba, interruptores con LED para cada\" \/>\n<meta property=\"og:url\" content=\"https:\/\/www.erresse-shop.it\/es\/shop\/pequenos-electrodomesticos\/maquinas-de-cafe\/manual-es\/la-pavoni-maquina-de-cafe-casabar-schwarz\/\" \/>\n<meta property=\"og:site_name\" content=\"Erresse Shop\" \/>\n<meta property=\"article:modified_time\" content=\"2026-02-27T09:47:51+00:00\" \/>\n<meta property=\"og:image\" content=\"https:\/\/www.erresse-shop.it\/wp-content\/uploads\/2025\/04\/LA-PAVONI-Macchina-da-Caffe-Casabar-Nero.jpg\" \/>\n\t<meta property=\"og:image:width\" content=\"1200\" \/>\n\t<meta property=\"og:image:height\" content=\"1200\" \/>\n\t<meta property=\"og:image:type\" content=\"image\/jpeg\" \/>\n<meta name=\"twitter:card\" content=\"summary_large_image\" \/>\n<script type=\"application\/ld+json\" class=\"yoast-schema-graph\">{\"@context\":\"https:\/\/schema.org\",\"@graph\":[{\"@type\":\"WebPage\",\"@id\":\"https:\/\/www.erresse-shop.it\/es\/shop\/pequenos-electrodomesticos\/maquinas-de-cafe\/manual-es\/la-pavoni-maquina-de-cafe-casabar-schwarz\/\",\"url\":\"https:\/\/www.erresse-shop.it\/es\/shop\/pequenos-electrodomesticos\/maquinas-de-cafe\/manual-es\/la-pavoni-maquina-de-cafe-casabar-schwarz\/\",\"name\":\"LA PAVONI M\u00e1quina de caf\u00e9 Casabar Schwarz - Erresse Shop\",\"isPartOf\":{\"@id\":\"https:\/\/www.erresse-shop.it\/es\/#website\"},\"datePublished\":\"2025-04-18T06:57:23+00:00\",\"dateModified\":\"2026-02-27T09:47:51+00:00\",\"description\":\"Cafetera para espresso y cappuccino con cuerpo negro y dise\u00f1o compacto. Man\u00f3metro indicador de presi\u00f3n de la bomba, interruptores con LED para cada\",\"breadcrumb\":{\"@id\":\"https:\/\/www.erresse-shop.it\/es\/shop\/pequenos-electrodomesticos\/maquinas-de-cafe\/manual-es\/la-pavoni-maquina-de-cafe-casabar-schwarz\/#breadcrumb\"},\"inLanguage\":\"es\",\"potentialAction\":[{\"@type\":\"ReadAction\",\"target\":[\"https:\/\/www.erresse-shop.it\/es\/shop\/pequenos-electrodomesticos\/maquinas-de-cafe\/manual-es\/la-pavoni-maquina-de-cafe-casabar-schwarz\/\"]}]},{\"@type\":\"BreadcrumbList\",\"@id\":\"https:\/\/www.erresse-shop.it\/es\/shop\/pequenos-electrodomesticos\/maquinas-de-cafe\/manual-es\/la-pavoni-maquina-de-cafe-casabar-schwarz\/#breadcrumb\",\"itemListElement\":[{\"@type\":\"ListItem\",\"position\":1,\"name\":\"Home\",\"item\":\"https:\/\/www.erresse-shop.it\/es\/\"},{\"@type\":\"ListItem\",\"position\":2,\"name\":\"Shop\",\"item\":\"https:\/\/www.erresse-shop.it\/es\/shop\/\"},{\"@type\":\"ListItem\",\"position\":3,\"name\":\"LA PAVONI M\u00e1quina de caf\u00e9 Casabar Schwarz\"}]},{\"@type\":\"WebSite\",\"@id\":\"https:\/\/www.erresse-shop.it\/es\/#website\",\"url\":\"https:\/\/www.erresse-shop.it\/es\/\",\"name\":\"Erresse Shop\",\"description\":\"Articoli di qualit\u00e0 per la casa\",\"potentialAction\":[{\"@type\":\"SearchAction\",\"target\":{\"@type\":\"EntryPoint\",\"urlTemplate\":\"https:\/\/www.erresse-shop.it\/es\/?s={search_term_string}\"},\"query-input\":\"required name=search_term_string\"}],\"inLanguage\":\"es\"}]}<\/script>\n<!-- \/ Yoast SEO Premium plugin. -->","yoast_head_json":{"title":"LA PAVONI M\u00e1quina de caf\u00e9 Casabar Schwarz - Erresse Shop","description":"Cafetera para espresso y cappuccino con cuerpo negro y dise\u00f1o compacto. Man\u00f3metro indicador de presi\u00f3n de la bomba, interruptores con LED para cada","robots":{"index":"index","follow":"follow","max-snippet":"max-snippet:-1","max-image-preview":"max-image-preview:large","max-video-preview":"max-video-preview:-1"},"canonical":"https:\/\/www.erresse-shop.it\/es\/shop\/pequenos-electrodomesticos\/maquinas-de-cafe\/manual-es\/la-pavoni-maquina-de-cafe-casabar-schwarz\/","og_locale":"es_ES","og_type":"article","og_title":"LA PAVONI M\u00e1quina de caf\u00e9 Casabar Schwarz","og_description":"Cafetera para espresso y cappuccino con cuerpo negro y dise\u00f1o compacto. Man\u00f3metro indicador de presi\u00f3n de la bomba, interruptores con LED para cada","og_url":"https:\/\/www.erresse-shop.it\/es\/shop\/pequenos-electrodomesticos\/maquinas-de-cafe\/manual-es\/la-pavoni-maquina-de-cafe-casabar-schwarz\/","og_site_name":"Erresse Shop","article_modified_time":"2026-02-27T09:47:51+00:00","og_image":[{"width":1200,"height":1200,"url":"https:\/\/www.erresse-shop.it\/wp-content\/uploads\/2025\/04\/LA-PAVONI-Macchina-da-Caffe-Casabar-Nero.jpg","type":"image\/jpeg"}],"twitter_card":"summary_large_image","schema":{"@context":"https:\/\/schema.org","@graph":[{"@type":"WebPage","@id":"https:\/\/www.erresse-shop.it\/es\/shop\/pequenos-electrodomesticos\/maquinas-de-cafe\/manual-es\/la-pavoni-maquina-de-cafe-casabar-schwarz\/","url":"https:\/\/www.erresse-shop.it\/es\/shop\/pequenos-electrodomesticos\/maquinas-de-cafe\/manual-es\/la-pavoni-maquina-de-cafe-casabar-schwarz\/","name":"LA PAVONI M\u00e1quina de caf\u00e9 Casabar Schwarz - Erresse Shop","isPartOf":{"@id":"https:\/\/www.erresse-shop.it\/es\/#website"},"datePublished":"2025-04-18T06:57:23+00:00","dateModified":"2026-02-27T09:47:51+00:00","description":"Cafetera para espresso y cappuccino con cuerpo negro y dise\u00f1o compacto. Man\u00f3metro indicador de presi\u00f3n de la bomba, interruptores con LED para cada","breadcrumb":{"@id":"https:\/\/www.erresse-shop.it\/es\/shop\/pequenos-electrodomesticos\/maquinas-de-cafe\/manual-es\/la-pavoni-maquina-de-cafe-casabar-schwarz\/#breadcrumb"},"inLanguage":"es","potentialAction":[{"@type":"ReadAction","target":["https:\/\/www.erresse-shop.it\/es\/shop\/pequenos-electrodomesticos\/maquinas-de-cafe\/manual-es\/la-pavoni-maquina-de-cafe-casabar-schwarz\/"]}]},{"@type":"BreadcrumbList","@id":"https:\/\/www.erresse-shop.it\/es\/shop\/pequenos-electrodomesticos\/maquinas-de-cafe\/manual-es\/la-pavoni-maquina-de-cafe-casabar-schwarz\/#breadcrumb","itemListElement":[{"@type":"ListItem","position":1,"name":"Home","item":"https:\/\/www.erresse-shop.it\/es\/"},{"@type":"ListItem","position":2,"name":"Shop","item":"https:\/\/www.erresse-shop.it\/es\/shop\/"},{"@type":"ListItem","position":3,"name":"LA PAVONI M\u00e1quina de caf\u00e9 Casabar Schwarz"}]},{"@type":"WebSite","@id":"https:\/\/www.erresse-shop.it\/es\/#website","url":"https:\/\/www.erresse-shop.it\/es\/","name":"Erresse Shop","description":"Articoli di qualit\u00e0 per la casa","potentialAction":[{"@type":"SearchAction","target":{"@type":"EntryPoint","urlTemplate":"https:\/\/www.erresse-shop.it\/es\/?s={search_term_string}"},"query-input":"required name=search_term_string"}],"inLanguage":"es"}]}},"df_price":329.45000000000005,"df_sale_price":329.45000000000005,"df_regular_price":599,"df_image_link":"https:\/\/www.erresse-shop.it\/wp-content\/uploads\/2025\/04\/LA-PAVONI-Macchina-da-Caffe-Casabar-Nero-300x300.jpg","_links":{"self":[{"href":"https:\/\/www.erresse-shop.it\/es\/wp-json\/wp\/v2\/product\/493405"}],"collection":[{"href":"https:\/\/www.erresse-shop.it\/es\/wp-json\/wp\/v2\/product"}],"about":[{"href":"https:\/\/www.erresse-shop.it\/es\/wp-json\/wp\/v2\/types\/product"}],"wp:featuredmedia":[{"embeddable":true,"href":"https:\/\/www.erresse-shop.it\/es\/wp-json\/wp\/v2\/media\/493418"}],"wp:attachment":[{"href":"https:\/\/www.erresse-shop.it\/es\/wp-json\/wp\/v2\/media?parent=493405"}],"wp:term":[{"taxonomy":"product_cat","embeddable":true,"href":"https:\/\/www.erresse-shop.it\/es\/wp-json\/wp\/v2\/product_cat?post=493405"},{"taxonomy":"product_tag","embeddable":true,"href":"https:\/\/www.erresse-shop.it\/es\/wp-json\/wp\/v2\/product_tag?post=493405"}],"curies":[{"name":"wp","href":"https:\/\/api.w.org\/{rel}","templated":true}]}}