{"id":493228,"date":"2025-04-17T10:25:00","date_gmt":"2025-04-17T10:25:08","guid":{"rendered":"https:\/\/www.erresse-shop.it\/?post_type=product&#038;p=493228"},"modified":"2026-02-27T10:24:05","modified_gmt":"2026-02-27T10:24:05","slug":"la-pavoni-cafetera-semiprofesional-botticelli-evolution","status":"publish","type":"product","link":"https:\/\/www.erresse-shop.it\/es\/shop\/pequenos-electrodomesticos\/maquinas-de-cafe\/manual-es\/la-pavoni-cafetera-semiprofesional-botticelli-evolution\/","title":{"rendered":"LA PAVONI Cafetera semiprofesional Botticelli Evolution"},"content":{"rendered":"<p>M\u00e1quina para especialistas. El doble PID ofrece una elecci\u00f3n \u00f3ptima de la temperatura de la caldera. Dependiendo de sus necesidades, puede elegir entre un tanque de agua o una conexi\u00f3n de agua y apagar la caldera de vapor.<\/p>\n<p>Todas las m\u00e1quinas semiprofesionales La Pavoni 230V est\u00e1n certificadas por:<\/p>\n<p><a href=\"https:\/\/www.erresse-shop.it\/wp-content\/uploads\/2021\/02\/La-Pavoni-Certificato-150x150.png\"><img decoding=\"async\" class=\"alignnone size-thumbnail wp-image-91732\" src=\"https:\/\/www.erresse-shop.it\/wp-content\/uploads\/2021\/02\/La-Pavoni-Certificato-150x150.png\" alt=\"La Pavoni Certified\" width=\"150\" height=\"150\" \/><\/a><\/p>\n<p><strong>EST\u00c9TICA<\/strong><\/p>\n<ul>\n<li>\n<div class=\"col-6 fs-6\"><strong>Color<\/strong>: Acero inoxidable<\/div>\n<\/li>\n<li>\n<div class=\"col-6 fs-6\"><strong>Acabado:<\/strong> Brillante<\/div>\n<\/li>\n<li>\n<div class=\"col-6 fs-6\"><strong>Est\u00e9tica:<\/strong> Evoluci\u00f3n<\/div>\n<\/li>\n<li>\n<div class=\"col-6 fs-6\"><strong>Serie:<\/strong> Botticelli<\/div>\n<\/li>\n<li>\n<div class=\"col-6 fs-6\"><strong>Material del cuerpo:<\/strong> Acero inoxidable<\/div>\n<\/li>\n<li>\n<div class=\"col-6 fs-6\"><strong>Material de la bandeja de goteo:<\/strong> Acero inoxidable<\/div>\n<\/li>\n<li>\n<div class=\"col-6 fs-6\"><strong>Material de la rejilla del posavasos:<\/strong> Acero inoxidable<\/div>\n<\/li>\n<li>\n<div class=\"col-6 fs-6\"><strong>Material de la boquilla de vapor:<\/strong> Acero inoxidable &#8211; Fr\u00edo al tacto<\/div>\n<\/li>\n<li>\n<div class=\"col-6 fs-6\"><strong>Material de la boquilla de agua caliente:<\/strong> Acero inoxidable &#8211; Tacto fr\u00edo<\/div>\n<\/li>\n<li>\n<div class=\"col-6 fs-6\"><strong>Grupo de dispensaci\u00f3n:<\/strong> E61<\/div>\n<\/li>\n<li>\n<div class=\"col-6 fs-6\"><strong>Material del grupo dispensador:<\/strong> Lat\u00f3n<\/div>\n<\/li>\n<li>\n<div class=\"col-6 fs-6\"><strong>Color del grupo dispensador:<\/strong> Cromo<\/div>\n<\/li>\n<li>\n<div class=\"col-6 fs-6\"><strong>Material de la empu\u00f1adura:<\/strong> Baquelita negra<\/div>\n<\/li>\n<li>\n<div class=\"col-6 fs-6\"><strong>Tipo de agarre:<\/strong> Palanca<\/div>\n<\/li>\n<\/ul>\n<p><strong>PROGRAMAS \/ FUNCIONES<\/strong><\/p>\n<ul>\n<li><strong>Funci\u00f3n de dispensaci\u00f3n de caf\u00e9<\/strong>: S\u00ed<\/li>\n<li><strong>Funci\u00f3n de vapor<\/strong>: S\u00ed<\/li>\n<li><strong>Funci\u00f3n de agua caliente<\/strong>: S\u00ed<\/li>\n<li><strong>Alerta de escasez de agua<\/strong>: S\u00ed<\/li>\n<\/ul>\n<p><strong>CARACTER\u00cdSTICAS T\u00c9CNICAS<\/strong><\/p>\n<ul>\n<li><strong>Tipo de caldera:<\/strong> Caldera doble<\/li>\n<li><strong>Material de la caldera de caf\u00e9:<\/strong> Cobre y lat\u00f3n<\/li>\n<li><strong>Material de la caldera de servicio:<\/strong> Cobre y lat\u00f3n<\/li>\n<li><strong>Capacidad de la caldera de caf\u00e9:<\/strong> 0,6 l<\/li>\n<li><strong>Capacidad de la caldera de servicio:<\/strong> 1,8 l<\/li>\n<li><strong>Tipo de bomba:<\/strong> Rotativa<\/li>\n<li><strong>Presi\u00f3n de la bomba:<\/strong> 20 bar<\/li>\n<li><strong>Capacidad del tanque de agua:<\/strong> 2,9 l<\/li>\n<li><strong>Nivel autom\u00e1tico electr\u00f3nico:<\/strong> S\u00ed<\/li>\n<li><strong>Dispositivo anti-vac\u00edo:<\/strong> S\u00ed<\/li>\n<li><strong>Bandeja de goteo extra\u00edble:<\/strong> S\u00ed<\/li>\n<li><strong>Desag\u00fce de agua:<\/strong> S\u00ed<\/li>\n<li><strong>Dep\u00f3sito de agua extra\u00edble:<\/strong> S\u00ed<\/li>\n<li><strong>Conexi\u00f3n a la red de agua:<\/strong> S\u00ed<\/li>\n<li><strong>Man\u00f3metro de la bomba:<\/strong> S\u00ed<\/li>\n<li><strong>Man\u00f3metro de la caldera:<\/strong> S\u00ed<\/li>\n<li><strong>PID para la temperatura del caf\u00e9:<\/strong> S\u00ed<\/li>\n<li><strong>PID para temperatura del vapor:<\/strong> S\u00ed<\/li>\n<li><strong>Di\u00e1metro interior del portafiltros (con filtro):<\/strong> 58 mm<\/li>\n<li><strong>Luz indicadora de temperatura:<\/strong> S\u00ed<\/li>\n<li><strong>Calentador de tazas:<\/strong> Pasivo<\/li>\n<li><strong>Varilla de vapor:<\/strong> S\u00ed &#8211; Toque fr\u00edo<\/li>\n<li><strong>Dispensador de agua caliente:<\/strong> Si-Cool Touch<\/li>\n<\/ul>\n<p><strong>ACCESORIOS INCLUIDOS<\/strong><\/p>\n<ul>\n<li><strong>Filtros<\/strong>: 1 taza \/ 2 tazas \/ Ciego<\/li>\n<li><strong>Cepillo de limpieza:<\/strong> S\u00ed<\/li>\n<li><strong>Pressino:<\/strong> S\u00ed<\/li>\n<li><strong>Taza medidora:<\/strong> S\u00ed<\/li>\n<li><strong>Portafiltros:<\/strong> Ca\u00f1o doble, Ca\u00f1o simple<\/li>\n<li><strong>Junta del portafiltro:<\/strong> S\u00ed<\/li>\n<li><strong>Tuber\u00eda de conexi\u00f3n a la red de agua:<\/strong> S\u00ed<\/li>\n<li><strong>Manguera de drenaje de agua:<\/strong> S\u00ed<\/li>\n<\/ul>\n<p><strong>CONEXI\u00d3N EL\u00c9CTRICA<\/strong><\/p>\n<ul>\n<li><strong>Enchufe:<\/strong> (F;E) Schuko<\/li>\n<li><strong>Voltaje (V):<\/strong> 220-240 V<\/li>\n<li><strong>Frecuencia Hz:<\/strong> 50 Hz<\/li>\n<li><strong>Longitud del cable de alimentaci\u00f3n:<\/strong> 1,8 m<\/li>\n<\/ul>\n<p><span style=\"text-decoration: underline;\"><strong>Not for sale outside Europe<\/strong><\/span><\/p>\n","protected":false},"excerpt":{"rendered":"<p>M\u00e1quina para especialistas. El doble PID ofrece una elecci\u00f3n \u00f3ptima de la temperatura de la caldera. Dependiendo de sus necesidades,<\/p>\n","protected":false},"featured_media":493240,"template":"","meta":{"_acf_changed":false,"inline_featured_image":false},"product_cat":[25367,16076,16073],"product_tag":[23574,24682,16307,23583],"acf":[],"yoast_head":"<!-- This site is optimized with the Yoast SEO Premium plugin v18.6 (Yoast SEO v19.13) - https:\/\/yoast.com\/wordpress\/plugins\/seo\/ -->\n<title>LA PAVONI Cafetera semiprofesional Botticelli Evolution - Erresse Shop<\/title>\n<meta name=\"description\" content=\"M\u00e1quina para especialistas. El doble PID ofrece una elecci\u00f3n \u00f3ptima de la temperatura de la caldera. Dependiendo de sus necesidades, puede elegir entre un\" \/>\n<meta name=\"robots\" content=\"index, follow, max-snippet:-1, max-image-preview:large, max-video-preview:-1\" \/>\n<link rel=\"canonical\" href=\"https:\/\/www.erresse-shop.it\/es\/shop\/pequenos-electrodomesticos\/maquinas-de-cafe\/manual-es\/la-pavoni-cafetera-semiprofesional-botticelli-evolution\/\" \/>\n<meta property=\"og:locale\" content=\"es_ES\" \/>\n<meta property=\"og:type\" content=\"article\" \/>\n<meta property=\"og:title\" content=\"LA PAVONI Cafetera semiprofesional Botticelli Evolution\" \/>\n<meta property=\"og:description\" content=\"M\u00e1quina para especialistas. El doble PID ofrece una elecci\u00f3n \u00f3ptima de la temperatura de la caldera. Dependiendo de sus necesidades, puede elegir entre un\" \/>\n<meta property=\"og:url\" content=\"https:\/\/www.erresse-shop.it\/es\/shop\/pequenos-electrodomesticos\/maquinas-de-cafe\/manual-es\/la-pavoni-cafetera-semiprofesional-botticelli-evolution\/\" \/>\n<meta property=\"og:site_name\" content=\"Erresse Shop\" \/>\n<meta property=\"article:modified_time\" content=\"2026-02-27T10:24:05+00:00\" \/>\n<meta property=\"og:image\" content=\"https:\/\/www.erresse-shop.it\/wp-content\/uploads\/2025\/04\/LA-PAVONI-Macchina-da-Caffe-Semi-Professionale-Botticelli-Evolution.jpg\" \/>\n\t<meta property=\"og:image:width\" content=\"1200\" \/>\n\t<meta property=\"og:image:height\" content=\"1200\" \/>\n\t<meta property=\"og:image:type\" content=\"image\/jpeg\" \/>\n<meta name=\"twitter:card\" content=\"summary_large_image\" \/>\n<script type=\"application\/ld+json\" class=\"yoast-schema-graph\">{\"@context\":\"https:\/\/schema.org\",\"@graph\":[{\"@type\":\"WebPage\",\"@id\":\"https:\/\/www.erresse-shop.it\/es\/shop\/pequenos-electrodomesticos\/maquinas-de-cafe\/manual-es\/la-pavoni-cafetera-semiprofesional-botticelli-evolution\/\",\"url\":\"https:\/\/www.erresse-shop.it\/es\/shop\/pequenos-electrodomesticos\/maquinas-de-cafe\/manual-es\/la-pavoni-cafetera-semiprofesional-botticelli-evolution\/\",\"name\":\"LA PAVONI Cafetera semiprofesional Botticelli Evolution - Erresse Shop\",\"isPartOf\":{\"@id\":\"https:\/\/www.erresse-shop.it\/es\/#website\"},\"datePublished\":\"2025-04-17T10:25:08+00:00\",\"dateModified\":\"2026-02-27T10:24:05+00:00\",\"description\":\"M\u00e1quina para especialistas. El doble PID ofrece una elecci\u00f3n \u00f3ptima de la temperatura de la caldera. Dependiendo de sus necesidades, puede elegir entre un\",\"breadcrumb\":{\"@id\":\"https:\/\/www.erresse-shop.it\/es\/shop\/pequenos-electrodomesticos\/maquinas-de-cafe\/manual-es\/la-pavoni-cafetera-semiprofesional-botticelli-evolution\/#breadcrumb\"},\"inLanguage\":\"es\",\"potentialAction\":[{\"@type\":\"ReadAction\",\"target\":[\"https:\/\/www.erresse-shop.it\/es\/shop\/pequenos-electrodomesticos\/maquinas-de-cafe\/manual-es\/la-pavoni-cafetera-semiprofesional-botticelli-evolution\/\"]}]},{\"@type\":\"BreadcrumbList\",\"@id\":\"https:\/\/www.erresse-shop.it\/es\/shop\/pequenos-electrodomesticos\/maquinas-de-cafe\/manual-es\/la-pavoni-cafetera-semiprofesional-botticelli-evolution\/#breadcrumb\",\"itemListElement\":[{\"@type\":\"ListItem\",\"position\":1,\"name\":\"Home\",\"item\":\"https:\/\/www.erresse-shop.it\/es\/\"},{\"@type\":\"ListItem\",\"position\":2,\"name\":\"Shop\",\"item\":\"https:\/\/www.erresse-shop.it\/es\/shop\/\"},{\"@type\":\"ListItem\",\"position\":3,\"name\":\"LA PAVONI Cafetera semiprofesional Botticelli Evolution\"}]},{\"@type\":\"WebSite\",\"@id\":\"https:\/\/www.erresse-shop.it\/es\/#website\",\"url\":\"https:\/\/www.erresse-shop.it\/es\/\",\"name\":\"Erresse Shop\",\"description\":\"Articoli di qualit\u00e0 per la casa\",\"potentialAction\":[{\"@type\":\"SearchAction\",\"target\":{\"@type\":\"EntryPoint\",\"urlTemplate\":\"https:\/\/www.erresse-shop.it\/es\/?s={search_term_string}\"},\"query-input\":\"required name=search_term_string\"}],\"inLanguage\":\"es\"}]}<\/script>\n<!-- \/ Yoast SEO Premium plugin. -->","yoast_head_json":{"title":"LA PAVONI Cafetera semiprofesional Botticelli Evolution - Erresse Shop","description":"M\u00e1quina para especialistas. El doble PID ofrece una elecci\u00f3n \u00f3ptima de la temperatura de la caldera. Dependiendo de sus necesidades, puede elegir entre un","robots":{"index":"index","follow":"follow","max-snippet":"max-snippet:-1","max-image-preview":"max-image-preview:large","max-video-preview":"max-video-preview:-1"},"canonical":"https:\/\/www.erresse-shop.it\/es\/shop\/pequenos-electrodomesticos\/maquinas-de-cafe\/manual-es\/la-pavoni-cafetera-semiprofesional-botticelli-evolution\/","og_locale":"es_ES","og_type":"article","og_title":"LA PAVONI Cafetera semiprofesional Botticelli Evolution","og_description":"M\u00e1quina para especialistas. El doble PID ofrece una elecci\u00f3n \u00f3ptima de la temperatura de la caldera. Dependiendo de sus necesidades, puede elegir entre un","og_url":"https:\/\/www.erresse-shop.it\/es\/shop\/pequenos-electrodomesticos\/maquinas-de-cafe\/manual-es\/la-pavoni-cafetera-semiprofesional-botticelli-evolution\/","og_site_name":"Erresse Shop","article_modified_time":"2026-02-27T10:24:05+00:00","og_image":[{"width":1200,"height":1200,"url":"https:\/\/www.erresse-shop.it\/wp-content\/uploads\/2025\/04\/LA-PAVONI-Macchina-da-Caffe-Semi-Professionale-Botticelli-Evolution.jpg","type":"image\/jpeg"}],"twitter_card":"summary_large_image","schema":{"@context":"https:\/\/schema.org","@graph":[{"@type":"WebPage","@id":"https:\/\/www.erresse-shop.it\/es\/shop\/pequenos-electrodomesticos\/maquinas-de-cafe\/manual-es\/la-pavoni-cafetera-semiprofesional-botticelli-evolution\/","url":"https:\/\/www.erresse-shop.it\/es\/shop\/pequenos-electrodomesticos\/maquinas-de-cafe\/manual-es\/la-pavoni-cafetera-semiprofesional-botticelli-evolution\/","name":"LA PAVONI Cafetera semiprofesional Botticelli Evolution - Erresse Shop","isPartOf":{"@id":"https:\/\/www.erresse-shop.it\/es\/#website"},"datePublished":"2025-04-17T10:25:08+00:00","dateModified":"2026-02-27T10:24:05+00:00","description":"M\u00e1quina para especialistas. El doble PID ofrece una elecci\u00f3n \u00f3ptima de la temperatura de la caldera. Dependiendo de sus necesidades, puede elegir entre un","breadcrumb":{"@id":"https:\/\/www.erresse-shop.it\/es\/shop\/pequenos-electrodomesticos\/maquinas-de-cafe\/manual-es\/la-pavoni-cafetera-semiprofesional-botticelli-evolution\/#breadcrumb"},"inLanguage":"es","potentialAction":[{"@type":"ReadAction","target":["https:\/\/www.erresse-shop.it\/es\/shop\/pequenos-electrodomesticos\/maquinas-de-cafe\/manual-es\/la-pavoni-cafetera-semiprofesional-botticelli-evolution\/"]}]},{"@type":"BreadcrumbList","@id":"https:\/\/www.erresse-shop.it\/es\/shop\/pequenos-electrodomesticos\/maquinas-de-cafe\/manual-es\/la-pavoni-cafetera-semiprofesional-botticelli-evolution\/#breadcrumb","itemListElement":[{"@type":"ListItem","position":1,"name":"Home","item":"https:\/\/www.erresse-shop.it\/es\/"},{"@type":"ListItem","position":2,"name":"Shop","item":"https:\/\/www.erresse-shop.it\/es\/shop\/"},{"@type":"ListItem","position":3,"name":"LA PAVONI Cafetera semiprofesional Botticelli Evolution"}]},{"@type":"WebSite","@id":"https:\/\/www.erresse-shop.it\/es\/#website","url":"https:\/\/www.erresse-shop.it\/es\/","name":"Erresse Shop","description":"Articoli di qualit\u00e0 per la casa","potentialAction":[{"@type":"SearchAction","target":{"@type":"EntryPoint","urlTemplate":"https:\/\/www.erresse-shop.it\/es\/?s={search_term_string}"},"query-input":"required name=search_term_string"}],"inLanguage":"es"}]}},"df_price":1291.95,"df_sale_price":1291.95,"df_regular_price":2349,"df_image_link":"https:\/\/www.erresse-shop.it\/wp-content\/uploads\/2025\/04\/LA-PAVONI-Macchina-da-Caffe-Semi-Professionale-Botticelli-Evolution-300x300.jpg","_links":{"self":[{"href":"https:\/\/www.erresse-shop.it\/es\/wp-json\/wp\/v2\/product\/493228"}],"collection":[{"href":"https:\/\/www.erresse-shop.it\/es\/wp-json\/wp\/v2\/product"}],"about":[{"href":"https:\/\/www.erresse-shop.it\/es\/wp-json\/wp\/v2\/types\/product"}],"wp:featuredmedia":[{"embeddable":true,"href":"https:\/\/www.erresse-shop.it\/es\/wp-json\/wp\/v2\/media\/493240"}],"wp:attachment":[{"href":"https:\/\/www.erresse-shop.it\/es\/wp-json\/wp\/v2\/media?parent=493228"}],"wp:term":[{"taxonomy":"product_cat","embeddable":true,"href":"https:\/\/www.erresse-shop.it\/es\/wp-json\/wp\/v2\/product_cat?post=493228"},{"taxonomy":"product_tag","embeddable":true,"href":"https:\/\/www.erresse-shop.it\/es\/wp-json\/wp\/v2\/product_tag?post=493228"}],"curies":[{"name":"wp","href":"https:\/\/api.w.org\/{rel}","templated":true}]}}