{"id":493102,"date":"2025-04-17T08:08:51","date_gmt":"2025-04-17T08:08:56","guid":{"rendered":"https:\/\/www.erresse-shop.it\/?post_type=product&#038;p=493102"},"modified":"2026-02-27T10:49:51","modified_gmt":"2026-02-27T10:49:51","slug":"la-pavoni-cafetera-semiprofesional-cellini-classic","status":"publish","type":"product","link":"https:\/\/www.erresse-shop.it\/es\/shop\/pequenos-electrodomesticos\/maquinas-de-cafe\/manual-es\/la-pavoni-cafetera-semiprofesional-cellini-classic\/","title":{"rendered":"LA PAVONI Cafetera semiprofesional Cellini Classic"},"content":{"rendered":"<p>El modelo <strong>Cellini Evoluzione<\/strong> est\u00e1 equipado con una caldera de cobre con brida de lat\u00f3n. Caldera con aislamiento exterior para mayor estabilidad t\u00e9rmica y ahorro energ\u00e9tico.<\/p>\n<p>Todas las m\u00e1quinas semiprofesionales La Pavoni 230V est\u00e1n certificadas por:<\/p>\n<p><img decoding=\"async\" src=\"https:\/\/www.erresse-shop.it\/wp-content\/uploads\/2021\/02\/La-Pavoni-Certificato-150x150.png\" alt=\"La Pavoni Certificato\" \/><\/p>\n<p>&nbsp;<\/p>\n<p><strong>EST\u00c9TICA<\/strong><\/p>\n<ul>\n<li><strong>Color:<\/strong> Acero inoxidable<\/li>\n<li><strong>Acabado:<\/strong> Brillante<\/li>\n<li><strong>Est\u00e9tica:<\/strong> Cl\u00e1sica<\/li>\n<li><strong>Serie:<\/strong> Cellini<\/li>\n<li><strong>Material del cuerpo:<\/strong> Acero inoxidable<\/li>\n<li><strong>Material de la bandeja de goteo:<\/strong> Acero inoxidable<\/li>\n<li><strong>Material de la rejilla del portavasos:<\/strong> Acero<\/li>\n<li><strong>Material de la boquilla de vapor:<\/strong> Acero inoxidable &#8211; Tacto fr\u00edo<\/li>\n<li><strong>Material de la boquilla de agua caliente:<\/strong> Acero inoxidable &#8211; Tacto fr\u00edo<\/li>\n<li><strong>Grupo de dispensaci\u00f3n:<\/strong> E61<\/li>\n<li><strong>Material del grupo dispensador:<\/strong> Lat\u00f3n<\/li>\n<li><strong>Color del grupo dispensador:<\/strong> Cromo<\/li>\n<li><strong>Material de la empu\u00f1adura:<\/strong> Baquelita negra<\/li>\n<li><strong>Tipo de perilla:<\/strong> Giratoria<\/li>\n<\/ul>\n<p><strong>PROGRAMAS \/ FUNCIONES<\/strong><\/p>\n<ul>\n<li><strong>Funci\u00f3n de dispensaci\u00f3n de caf\u00e9<\/strong>: S\u00ed<\/li>\n<li><strong>Funci\u00f3n de vapor<\/strong>: S\u00ed<\/li>\n<li><strong>Funci\u00f3n de agua caliente<\/strong>: S\u00ed<\/li>\n<li><strong>Alerta de escasez de agua<\/strong>: S\u00ed<\/li>\n<\/ul>\n<p><strong>CARACTER\u00cdSTICAS T\u00c9CNICAS<\/strong><\/p>\n<ul>\n<li><strong>Tipo de caldera:<\/strong> Caldera individual con intercambiador de calor<\/li>\n<li><strong>Material de la caldera:<\/strong> Cobre y lat\u00f3n<\/li>\n<li><strong>Capacidad de la caldera:<\/strong> 1,8 l<\/li>\n<li><strong>Tipo de bomba:<\/strong> Vibraci\u00f3n<\/li>\n<li><strong>Presi\u00f3n de la bomba:<\/strong> 15 bar<\/li>\n<li><strong>Capacidad del tanque de agua:<\/strong> 2,9 l<\/li>\n<li><strong>Presostato:<\/strong> S\u00ed, Mater<\/li>\n<li><strong>Nivel autom\u00e1tico electr\u00f3nico:<\/strong> S\u00ed<\/li>\n<li><strong>Dispositivo anti-vac\u00edo:<\/strong> S\u00ed<\/li>\n<li><strong>Bandeja de goteo extra\u00edble:<\/strong> S\u00ed<\/li>\n<li><strong>Desag\u00fce de agua:<\/strong> S\u00ed<\/li>\n<li><strong>Dep\u00f3sito de agua extra\u00edble:<\/strong> S\u00ed<\/li>\n<li><strong>Man\u00f3metro de la caldera:<\/strong> S\u00ed<\/li>\n<li><strong>Di\u00e1metro interior del portafiltros (con filtro):<\/strong> 58 mm<\/li>\n<li><strong>Luz indicadora de temperatura:<\/strong> S\u00ed<\/li>\n<li><strong>Calentador de tazas:<\/strong> Pasivo<\/li>\n<li><strong>Varilla de vapor:<\/strong> S\u00ed &#8211; Toque fr\u00edo<\/li>\n<li><strong>Dispensador de agua caliente:<\/strong> Si-Cool Touch<\/li>\n<\/ul>\n<p><strong>ACCESORIOS INCLUIDOS<\/strong><\/p>\n<ul>\n<li><strong>Filtros:<\/strong> 1 taza \/ 2 tazas \/ Ciego<\/li>\n<li><strong>Cepillo de limpieza:<\/strong> S\u00ed<\/li>\n<li><strong>Pressino:<\/strong> S\u00ed<\/li>\n<li><strong>Taza medidora:<\/strong> S\u00ed<\/li>\n<li><strong>Portafiltros:<\/strong> Ca\u00f1o doble, Ca\u00f1o simple<\/li>\n<li><strong>Junta del portafiltro:<\/strong> S\u00ed<\/li>\n<\/ul>\n<p><strong>CONEXI\u00d3N EL\u00c9CTRICA<\/strong><\/p>\n<ul>\n<li><strong>Enchufe:<\/strong> (F;E) Schuko<\/li>\n<li><strong>Voltaje (V):<\/strong> 220-240 V<\/li>\n<li><strong>Frecuencia Hz:<\/strong> 50 Hz<\/li>\n<li><strong>Longitud del cable de alimentaci\u00f3n:<\/strong> 1,8 m<\/li>\n<\/ul>\n<p><span style=\"text-decoration: underline;\"><strong>Not for sale outside Europe<\/strong><\/span><\/p>\n<p>&nbsp;<\/p>\n","protected":false},"excerpt":{"rendered":"<p>El modelo Cellini Evoluzione est\u00e1 equipado con una caldera de cobre con brida de lat\u00f3n. Caldera con aislamiento exterior para<\/p>\n","protected":false},"featured_media":493114,"template":"","meta":{"_acf_changed":false,"inline_featured_image":false},"product_cat":[25367,16076,16073],"product_tag":[23574,24682,16307,23583],"acf":[],"yoast_head":"<!-- This site is optimized with the Yoast SEO Premium plugin v18.6 (Yoast SEO v19.13) - https:\/\/yoast.com\/wordpress\/plugins\/seo\/ -->\n<title>LA PAVONI Cafetera semiprofesional Cellini Classic - Erresse Shop<\/title>\n<meta name=\"description\" content=\"El modelo Cellini Evoluzione est\u00e1 equipado con una caldera de cobre con brida de lat\u00f3n. Caldera con aislamiento exterior para mayor estabilidad t\u00e9rmica y\" \/>\n<meta name=\"robots\" content=\"index, follow, max-snippet:-1, max-image-preview:large, max-video-preview:-1\" \/>\n<link rel=\"canonical\" href=\"https:\/\/www.erresse-shop.it\/es\/shop\/pequenos-electrodomesticos\/maquinas-de-cafe\/manual-es\/la-pavoni-cafetera-semiprofesional-cellini-classic\/\" \/>\n<meta property=\"og:locale\" content=\"es_ES\" \/>\n<meta property=\"og:type\" content=\"article\" \/>\n<meta property=\"og:title\" content=\"LA PAVONI Cafetera semiprofesional Cellini Classic\" \/>\n<meta property=\"og:description\" content=\"El modelo Cellini Evoluzione est\u00e1 equipado con una caldera de cobre con brida de lat\u00f3n. Caldera con aislamiento exterior para mayor estabilidad t\u00e9rmica y\" \/>\n<meta property=\"og:url\" content=\"https:\/\/www.erresse-shop.it\/es\/shop\/pequenos-electrodomesticos\/maquinas-de-cafe\/manual-es\/la-pavoni-cafetera-semiprofesional-cellini-classic\/\" \/>\n<meta property=\"og:site_name\" content=\"Erresse Shop\" \/>\n<meta property=\"article:modified_time\" content=\"2026-02-27T10:49:51+00:00\" \/>\n<meta property=\"og:image\" content=\"https:\/\/www.erresse-shop.it\/wp-content\/uploads\/2025\/04\/LA-PAVONI-Macchina-da-Caffe-Semi-Professionale-Cellini-Classic.jpg\" \/>\n\t<meta property=\"og:image:width\" content=\"1200\" \/>\n\t<meta property=\"og:image:height\" content=\"1200\" \/>\n\t<meta property=\"og:image:type\" content=\"image\/jpeg\" \/>\n<meta name=\"twitter:card\" content=\"summary_large_image\" \/>\n<script type=\"application\/ld+json\" class=\"yoast-schema-graph\">{\"@context\":\"https:\/\/schema.org\",\"@graph\":[{\"@type\":\"WebPage\",\"@id\":\"https:\/\/www.erresse-shop.it\/es\/shop\/pequenos-electrodomesticos\/maquinas-de-cafe\/manual-es\/la-pavoni-cafetera-semiprofesional-cellini-classic\/\",\"url\":\"https:\/\/www.erresse-shop.it\/es\/shop\/pequenos-electrodomesticos\/maquinas-de-cafe\/manual-es\/la-pavoni-cafetera-semiprofesional-cellini-classic\/\",\"name\":\"LA PAVONI Cafetera semiprofesional Cellini Classic - Erresse Shop\",\"isPartOf\":{\"@id\":\"https:\/\/www.erresse-shop.it\/es\/#website\"},\"datePublished\":\"2025-04-17T08:08:56+00:00\",\"dateModified\":\"2026-02-27T10:49:51+00:00\",\"description\":\"El modelo Cellini Evoluzione est\u00e1 equipado con una caldera de cobre con brida de lat\u00f3n. Caldera con aislamiento exterior para mayor estabilidad t\u00e9rmica y\",\"breadcrumb\":{\"@id\":\"https:\/\/www.erresse-shop.it\/es\/shop\/pequenos-electrodomesticos\/maquinas-de-cafe\/manual-es\/la-pavoni-cafetera-semiprofesional-cellini-classic\/#breadcrumb\"},\"inLanguage\":\"es\",\"potentialAction\":[{\"@type\":\"ReadAction\",\"target\":[\"https:\/\/www.erresse-shop.it\/es\/shop\/pequenos-electrodomesticos\/maquinas-de-cafe\/manual-es\/la-pavoni-cafetera-semiprofesional-cellini-classic\/\"]}]},{\"@type\":\"BreadcrumbList\",\"@id\":\"https:\/\/www.erresse-shop.it\/es\/shop\/pequenos-electrodomesticos\/maquinas-de-cafe\/manual-es\/la-pavoni-cafetera-semiprofesional-cellini-classic\/#breadcrumb\",\"itemListElement\":[{\"@type\":\"ListItem\",\"position\":1,\"name\":\"Home\",\"item\":\"https:\/\/www.erresse-shop.it\/es\/\"},{\"@type\":\"ListItem\",\"position\":2,\"name\":\"Shop\",\"item\":\"https:\/\/www.erresse-shop.it\/es\/shop\/\"},{\"@type\":\"ListItem\",\"position\":3,\"name\":\"LA PAVONI Cafetera semiprofesional Cellini Classic\"}]},{\"@type\":\"WebSite\",\"@id\":\"https:\/\/www.erresse-shop.it\/es\/#website\",\"url\":\"https:\/\/www.erresse-shop.it\/es\/\",\"name\":\"Erresse Shop\",\"description\":\"Articoli di qualit\u00e0 per la casa\",\"potentialAction\":[{\"@type\":\"SearchAction\",\"target\":{\"@type\":\"EntryPoint\",\"urlTemplate\":\"https:\/\/www.erresse-shop.it\/es\/?s={search_term_string}\"},\"query-input\":\"required name=search_term_string\"}],\"inLanguage\":\"es\"}]}<\/script>\n<!-- \/ Yoast SEO Premium plugin. -->","yoast_head_json":{"title":"LA PAVONI Cafetera semiprofesional Cellini Classic - Erresse Shop","description":"El modelo Cellini Evoluzione est\u00e1 equipado con una caldera de cobre con brida de lat\u00f3n. Caldera con aislamiento exterior para mayor estabilidad t\u00e9rmica y","robots":{"index":"index","follow":"follow","max-snippet":"max-snippet:-1","max-image-preview":"max-image-preview:large","max-video-preview":"max-video-preview:-1"},"canonical":"https:\/\/www.erresse-shop.it\/es\/shop\/pequenos-electrodomesticos\/maquinas-de-cafe\/manual-es\/la-pavoni-cafetera-semiprofesional-cellini-classic\/","og_locale":"es_ES","og_type":"article","og_title":"LA PAVONI Cafetera semiprofesional Cellini Classic","og_description":"El modelo Cellini Evoluzione est\u00e1 equipado con una caldera de cobre con brida de lat\u00f3n. Caldera con aislamiento exterior para mayor estabilidad t\u00e9rmica y","og_url":"https:\/\/www.erresse-shop.it\/es\/shop\/pequenos-electrodomesticos\/maquinas-de-cafe\/manual-es\/la-pavoni-cafetera-semiprofesional-cellini-classic\/","og_site_name":"Erresse Shop","article_modified_time":"2026-02-27T10:49:51+00:00","og_image":[{"width":1200,"height":1200,"url":"https:\/\/www.erresse-shop.it\/wp-content\/uploads\/2025\/04\/LA-PAVONI-Macchina-da-Caffe-Semi-Professionale-Cellini-Classic.jpg","type":"image\/jpeg"}],"twitter_card":"summary_large_image","schema":{"@context":"https:\/\/schema.org","@graph":[{"@type":"WebPage","@id":"https:\/\/www.erresse-shop.it\/es\/shop\/pequenos-electrodomesticos\/maquinas-de-cafe\/manual-es\/la-pavoni-cafetera-semiprofesional-cellini-classic\/","url":"https:\/\/www.erresse-shop.it\/es\/shop\/pequenos-electrodomesticos\/maquinas-de-cafe\/manual-es\/la-pavoni-cafetera-semiprofesional-cellini-classic\/","name":"LA PAVONI Cafetera semiprofesional Cellini Classic - Erresse Shop","isPartOf":{"@id":"https:\/\/www.erresse-shop.it\/es\/#website"},"datePublished":"2025-04-17T08:08:56+00:00","dateModified":"2026-02-27T10:49:51+00:00","description":"El modelo Cellini Evoluzione est\u00e1 equipado con una caldera de cobre con brida de lat\u00f3n. Caldera con aislamiento exterior para mayor estabilidad t\u00e9rmica y","breadcrumb":{"@id":"https:\/\/www.erresse-shop.it\/es\/shop\/pequenos-electrodomesticos\/maquinas-de-cafe\/manual-es\/la-pavoni-cafetera-semiprofesional-cellini-classic\/#breadcrumb"},"inLanguage":"es","potentialAction":[{"@type":"ReadAction","target":["https:\/\/www.erresse-shop.it\/es\/shop\/pequenos-electrodomesticos\/maquinas-de-cafe\/manual-es\/la-pavoni-cafetera-semiprofesional-cellini-classic\/"]}]},{"@type":"BreadcrumbList","@id":"https:\/\/www.erresse-shop.it\/es\/shop\/pequenos-electrodomesticos\/maquinas-de-cafe\/manual-es\/la-pavoni-cafetera-semiprofesional-cellini-classic\/#breadcrumb","itemListElement":[{"@type":"ListItem","position":1,"name":"Home","item":"https:\/\/www.erresse-shop.it\/es\/"},{"@type":"ListItem","position":2,"name":"Shop","item":"https:\/\/www.erresse-shop.it\/es\/shop\/"},{"@type":"ListItem","position":3,"name":"LA PAVONI Cafetera semiprofesional Cellini Classic"}]},{"@type":"WebSite","@id":"https:\/\/www.erresse-shop.it\/es\/#website","url":"https:\/\/www.erresse-shop.it\/es\/","name":"Erresse Shop","description":"Articoli di qualit\u00e0 per la casa","potentialAction":[{"@type":"SearchAction","target":{"@type":"EntryPoint","urlTemplate":"https:\/\/www.erresse-shop.it\/es\/?s={search_term_string}"},"query-input":"required name=search_term_string"}],"inLanguage":"es"}]}},"df_price":824.45,"df_sale_price":824.45,"df_regular_price":1499,"df_image_link":"https:\/\/www.erresse-shop.it\/wp-content\/uploads\/2025\/04\/LA-PAVONI-Macchina-da-Caffe-Semi-Professionale-Cellini-Classic-300x300.jpg","_links":{"self":[{"href":"https:\/\/www.erresse-shop.it\/es\/wp-json\/wp\/v2\/product\/493102"}],"collection":[{"href":"https:\/\/www.erresse-shop.it\/es\/wp-json\/wp\/v2\/product"}],"about":[{"href":"https:\/\/www.erresse-shop.it\/es\/wp-json\/wp\/v2\/types\/product"}],"wp:featuredmedia":[{"embeddable":true,"href":"https:\/\/www.erresse-shop.it\/es\/wp-json\/wp\/v2\/media\/493114"}],"wp:attachment":[{"href":"https:\/\/www.erresse-shop.it\/es\/wp-json\/wp\/v2\/media?parent=493102"}],"wp:term":[{"taxonomy":"product_cat","embeddable":true,"href":"https:\/\/www.erresse-shop.it\/es\/wp-json\/wp\/v2\/product_cat?post=493102"},{"taxonomy":"product_tag","embeddable":true,"href":"https:\/\/www.erresse-shop.it\/es\/wp-json\/wp\/v2\/product_tag?post=493102"}],"curies":[{"name":"wp","href":"https:\/\/api.w.org\/{rel}","templated":true}]}}