{"id":492279,"date":"2025-04-15T12:39:23","date_gmt":"2025-04-15T12:39:24","guid":{"rendered":"https:\/\/www.erresse-shop.it\/?post_type=product&#038;p=492279"},"modified":"2026-02-27T10:55:53","modified_gmt":"2026-02-27T10:55:53","slug":"outdoorchef-ascona-barbacoa-de-gas-570-g-all-black","status":"publish","type":"product","link":"https:\/\/www.erresse-shop.it\/es\/shop\/pequenos-electrodomesticos\/parrillas-y-barbacoas\/outdoorchef-ascona-barbacoa-de-gas-570-g-all-black\/","title":{"rendered":"Outdoorchef Ascona Barbacoa de gas 570 G All Black"},"content":{"rendered":"<p><span style=\"font-size: 14pt;\"><strong>Versatilidad sin l\u00edmites para todo tipo de cocina<\/strong><\/span><\/p>\n<p>Con la barbacoa de gas Outdoorchef Ascona 570 G All Black, puedes pasar de las cl\u00e1sicas parrilladas de carne a una cocci\u00f3n lenta y controlada para resultados jugosos e irresistibles. Gracias al control de temperatura entre 80\u2013120\u00b0C y 180\u2013360\u00b0C, podr\u00e1s cocinar a baja temperatura, ahumar, asar pescado y verduras e incluso preparar pizzas y postres con una cocci\u00f3n perfectamente uniforme.<\/p>\n<p><span style=\"font-size: 14pt;\"><strong>Sistema de embudo para una limpieza sin esfuerzo<\/strong><\/span><\/p>\n<p>\u00a1Olv\u00eddate de la limpieza despu\u00e9s de la barbacoa! El pr\u00e1ctico sistema de embudo recoge la grasa de forma sencilla y r\u00e1pida, evitando llamaradas inesperadas y reduciendo desperdicios. En pocos minutos, tu barbacoa estar\u00e1 lista para una nueva aventura culinaria sin complicaciones.<\/p>\n<p><span style=\"font-size: 14pt;\"><strong>Materiales resistentes y dise\u00f1o funcional<\/strong><\/span><\/p>\n<p>Fabricada con materiales de alta calidad y acabado porcelanado, la Ascona 570 G All Black garantiza durabilidad y resistencia a altas temperaturas. La amplia superficie de apoyo permite tener utensilios e ingredientes siempre a mano, haciendo que cada paso de la cocci\u00f3n sea m\u00e1s pr\u00e1ctico y organizado.<\/p>\n<p><span style=\"font-size: 14pt;\"><strong>F\u00e1cil de llevar a cualquier lugar.<\/strong><\/span><\/p>\n<p>Gracias a las grandes ruedas de pl\u00e1stico, mover la barbacoa ya no ser\u00e1 un problema. Ya sea que quieras colocarlo en el jard\u00edn, en la terraza o en una zona de barbacoa, podr\u00e1s moverlo sin esfuerzo y disfrutar al m\u00e1ximo de tu espacio exterior.<\/p>\n<p><span style=\"font-size: 14pt;\"><strong>Potencia y eficiencia para una parrillada impecable<\/strong><\/span><\/p>\n<p>Con una potencia de 9,7 kW y un di\u00e1metro de parrilla de 54 cm, esta barbacoa ofrece una gran superficie de cocci\u00f3n para preparar m\u00faltiples platos al mismo tiempo. Perfecto para quienes aman cocinar al aire libre con calidad y precisi\u00f3n, sin sacrificar la comodidad y facilidad de uso.<\/p>\n<p><span style=\"font-size: 14pt;\"><strong>Dimensiones:<\/strong><\/span><\/p>\n<ul>\n<li>Ancho: 65 cm<\/li>\n<li>Altura: 107 cm<\/li>\n<li>Profundidad: 97 cm<\/li>\n<\/ul>\n","protected":false},"excerpt":{"rendered":"<p>Versatilidad sin l\u00edmites para todo tipo de cocina Con la barbacoa de gas Outdoorchef Ascona 570 G All Black, puedes<\/p>\n","protected":false},"featured_media":492319,"template":"","meta":{"_acf_changed":false,"inline_featured_image":false},"product_cat":[16083,16073],"product_tag":[25183,16167,23633,16138,24605,16168,25023,22518],"acf":[],"yoast_head":"<!-- This site is optimized with the Yoast SEO Premium plugin v18.6 (Yoast SEO v19.13) - https:\/\/yoast.com\/wordpress\/plugins\/seo\/ -->\n<title>Outdoorchef Ascona Barbacoa de gas 570 G All Black - Erresse Shop<\/title>\n<meta name=\"description\" content=\"Versatilidad sin l\u00edmites para todo tipo de cocina Con la barbacoa de gas Outdoorchef Ascona 570 G All Black, puedes pasar de las cl\u00e1sicas parrilladas de\" \/>\n<meta name=\"robots\" content=\"index, follow, max-snippet:-1, max-image-preview:large, max-video-preview:-1\" \/>\n<link rel=\"canonical\" href=\"https:\/\/www.erresse-shop.it\/es\/shop\/pequenos-electrodomesticos\/parrillas-y-barbacoas\/outdoorchef-ascona-barbacoa-de-gas-570-g-all-black\/\" \/>\n<meta property=\"og:locale\" content=\"es_ES\" \/>\n<meta property=\"og:type\" content=\"article\" \/>\n<meta property=\"og:title\" content=\"Outdoorchef Ascona Barbacoa de gas 570 G All Black\" \/>\n<meta property=\"og:description\" content=\"Versatilidad sin l\u00edmites para todo tipo de cocina Con la barbacoa de gas Outdoorchef Ascona 570 G All Black, puedes pasar de las cl\u00e1sicas parrilladas de\" \/>\n<meta property=\"og:url\" content=\"https:\/\/www.erresse-shop.it\/es\/shop\/pequenos-electrodomesticos\/parrillas-y-barbacoas\/outdoorchef-ascona-barbacoa-de-gas-570-g-all-black\/\" \/>\n<meta property=\"og:site_name\" content=\"Erresse Shop\" \/>\n<meta property=\"article:modified_time\" content=\"2026-02-27T10:55:53+00:00\" \/>\n<meta property=\"og:image\" content=\"https:\/\/www.erresse-shop.it\/wp-content\/uploads\/2025\/04\/Outdoorchef-Ascona-Barbecue-a-Gas-570-G-All-Black.jpg\" \/>\n\t<meta property=\"og:image:width\" content=\"1200\" \/>\n\t<meta property=\"og:image:height\" content=\"1200\" \/>\n\t<meta property=\"og:image:type\" content=\"image\/jpeg\" \/>\n<meta name=\"twitter:card\" content=\"summary_large_image\" \/>\n<script type=\"application\/ld+json\" class=\"yoast-schema-graph\">{\"@context\":\"https:\/\/schema.org\",\"@graph\":[{\"@type\":\"WebPage\",\"@id\":\"https:\/\/www.erresse-shop.it\/es\/shop\/pequenos-electrodomesticos\/parrillas-y-barbacoas\/outdoorchef-ascona-barbacoa-de-gas-570-g-all-black\/\",\"url\":\"https:\/\/www.erresse-shop.it\/es\/shop\/pequenos-electrodomesticos\/parrillas-y-barbacoas\/outdoorchef-ascona-barbacoa-de-gas-570-g-all-black\/\",\"name\":\"Outdoorchef Ascona Barbacoa de gas 570 G All Black - Erresse Shop\",\"isPartOf\":{\"@id\":\"https:\/\/www.erresse-shop.it\/es\/#website\"},\"datePublished\":\"2025-04-15T12:39:24+00:00\",\"dateModified\":\"2026-02-27T10:55:53+00:00\",\"description\":\"Versatilidad sin l\u00edmites para todo tipo de cocina Con la barbacoa de gas Outdoorchef Ascona 570 G All Black, puedes pasar de las cl\u00e1sicas parrilladas de\",\"breadcrumb\":{\"@id\":\"https:\/\/www.erresse-shop.it\/es\/shop\/pequenos-electrodomesticos\/parrillas-y-barbacoas\/outdoorchef-ascona-barbacoa-de-gas-570-g-all-black\/#breadcrumb\"},\"inLanguage\":\"es\",\"potentialAction\":[{\"@type\":\"ReadAction\",\"target\":[\"https:\/\/www.erresse-shop.it\/es\/shop\/pequenos-electrodomesticos\/parrillas-y-barbacoas\/outdoorchef-ascona-barbacoa-de-gas-570-g-all-black\/\"]}]},{\"@type\":\"BreadcrumbList\",\"@id\":\"https:\/\/www.erresse-shop.it\/es\/shop\/pequenos-electrodomesticos\/parrillas-y-barbacoas\/outdoorchef-ascona-barbacoa-de-gas-570-g-all-black\/#breadcrumb\",\"itemListElement\":[{\"@type\":\"ListItem\",\"position\":1,\"name\":\"Home\",\"item\":\"https:\/\/www.erresse-shop.it\/es\/\"},{\"@type\":\"ListItem\",\"position\":2,\"name\":\"Shop\",\"item\":\"https:\/\/www.erresse-shop.it\/es\/shop\/\"},{\"@type\":\"ListItem\",\"position\":3,\"name\":\"Outdoorchef Ascona Barbacoa de gas 570 G All Black\"}]},{\"@type\":\"WebSite\",\"@id\":\"https:\/\/www.erresse-shop.it\/es\/#website\",\"url\":\"https:\/\/www.erresse-shop.it\/es\/\",\"name\":\"Erresse Shop\",\"description\":\"Articoli di qualit\u00e0 per la casa\",\"potentialAction\":[{\"@type\":\"SearchAction\",\"target\":{\"@type\":\"EntryPoint\",\"urlTemplate\":\"https:\/\/www.erresse-shop.it\/es\/?s={search_term_string}\"},\"query-input\":\"required name=search_term_string\"}],\"inLanguage\":\"es\"}]}<\/script>\n<!-- \/ Yoast SEO Premium plugin. -->","yoast_head_json":{"title":"Outdoorchef Ascona Barbacoa de gas 570 G All Black - Erresse Shop","description":"Versatilidad sin l\u00edmites para todo tipo de cocina Con la barbacoa de gas Outdoorchef Ascona 570 G All Black, puedes pasar de las cl\u00e1sicas parrilladas de","robots":{"index":"index","follow":"follow","max-snippet":"max-snippet:-1","max-image-preview":"max-image-preview:large","max-video-preview":"max-video-preview:-1"},"canonical":"https:\/\/www.erresse-shop.it\/es\/shop\/pequenos-electrodomesticos\/parrillas-y-barbacoas\/outdoorchef-ascona-barbacoa-de-gas-570-g-all-black\/","og_locale":"es_ES","og_type":"article","og_title":"Outdoorchef Ascona Barbacoa de gas 570 G All Black","og_description":"Versatilidad sin l\u00edmites para todo tipo de cocina Con la barbacoa de gas Outdoorchef Ascona 570 G All Black, puedes pasar de las cl\u00e1sicas parrilladas de","og_url":"https:\/\/www.erresse-shop.it\/es\/shop\/pequenos-electrodomesticos\/parrillas-y-barbacoas\/outdoorchef-ascona-barbacoa-de-gas-570-g-all-black\/","og_site_name":"Erresse Shop","article_modified_time":"2026-02-27T10:55:53+00:00","og_image":[{"width":1200,"height":1200,"url":"https:\/\/www.erresse-shop.it\/wp-content\/uploads\/2025\/04\/Outdoorchef-Ascona-Barbecue-a-Gas-570-G-All-Black.jpg","type":"image\/jpeg"}],"twitter_card":"summary_large_image","schema":{"@context":"https:\/\/schema.org","@graph":[{"@type":"WebPage","@id":"https:\/\/www.erresse-shop.it\/es\/shop\/pequenos-electrodomesticos\/parrillas-y-barbacoas\/outdoorchef-ascona-barbacoa-de-gas-570-g-all-black\/","url":"https:\/\/www.erresse-shop.it\/es\/shop\/pequenos-electrodomesticos\/parrillas-y-barbacoas\/outdoorchef-ascona-barbacoa-de-gas-570-g-all-black\/","name":"Outdoorchef Ascona Barbacoa de gas 570 G All Black - Erresse Shop","isPartOf":{"@id":"https:\/\/www.erresse-shop.it\/es\/#website"},"datePublished":"2025-04-15T12:39:24+00:00","dateModified":"2026-02-27T10:55:53+00:00","description":"Versatilidad sin l\u00edmites para todo tipo de cocina Con la barbacoa de gas Outdoorchef Ascona 570 G All Black, puedes pasar de las cl\u00e1sicas parrilladas de","breadcrumb":{"@id":"https:\/\/www.erresse-shop.it\/es\/shop\/pequenos-electrodomesticos\/parrillas-y-barbacoas\/outdoorchef-ascona-barbacoa-de-gas-570-g-all-black\/#breadcrumb"},"inLanguage":"es","potentialAction":[{"@type":"ReadAction","target":["https:\/\/www.erresse-shop.it\/es\/shop\/pequenos-electrodomesticos\/parrillas-y-barbacoas\/outdoorchef-ascona-barbacoa-de-gas-570-g-all-black\/"]}]},{"@type":"BreadcrumbList","@id":"https:\/\/www.erresse-shop.it\/es\/shop\/pequenos-electrodomesticos\/parrillas-y-barbacoas\/outdoorchef-ascona-barbacoa-de-gas-570-g-all-black\/#breadcrumb","itemListElement":[{"@type":"ListItem","position":1,"name":"Home","item":"https:\/\/www.erresse-shop.it\/es\/"},{"@type":"ListItem","position":2,"name":"Shop","item":"https:\/\/www.erresse-shop.it\/es\/shop\/"},{"@type":"ListItem","position":3,"name":"Outdoorchef Ascona Barbacoa de gas 570 G All Black"}]},{"@type":"WebSite","@id":"https:\/\/www.erresse-shop.it\/es\/#website","url":"https:\/\/www.erresse-shop.it\/es\/","name":"Erresse Shop","description":"Articoli di qualit\u00e0 per la casa","potentialAction":[{"@type":"SearchAction","target":{"@type":"EntryPoint","urlTemplate":"https:\/\/www.erresse-shop.it\/es\/?s={search_term_string}"},"query-input":"required name=search_term_string"}],"inLanguage":"es"}]}},"df_price":454.35,"df_sale_price":454.35,"df_regular_price":699,"df_image_link":"https:\/\/www.erresse-shop.it\/wp-content\/uploads\/2025\/04\/Outdoorchef-Ascona-Barbecue-a-Gas-570-G-All-Black-300x300.jpg","_links":{"self":[{"href":"https:\/\/www.erresse-shop.it\/es\/wp-json\/wp\/v2\/product\/492279"}],"collection":[{"href":"https:\/\/www.erresse-shop.it\/es\/wp-json\/wp\/v2\/product"}],"about":[{"href":"https:\/\/www.erresse-shop.it\/es\/wp-json\/wp\/v2\/types\/product"}],"wp:featuredmedia":[{"embeddable":true,"href":"https:\/\/www.erresse-shop.it\/es\/wp-json\/wp\/v2\/media\/492319"}],"wp:attachment":[{"href":"https:\/\/www.erresse-shop.it\/es\/wp-json\/wp\/v2\/media?parent=492279"}],"wp:term":[{"taxonomy":"product_cat","embeddable":true,"href":"https:\/\/www.erresse-shop.it\/es\/wp-json\/wp\/v2\/product_cat?post=492279"},{"taxonomy":"product_tag","embeddable":true,"href":"https:\/\/www.erresse-shop.it\/es\/wp-json\/wp\/v2\/product_tag?post=492279"}],"curies":[{"name":"wp","href":"https:\/\/api.w.org\/{rel}","templated":true}]}}