{"id":490515,"date":"2025-04-11T07:14:48","date_gmt":"2025-04-11T07:14:51","guid":{"rendered":"https:\/\/www.erresse-shop.it\/?post_type=product&#038;p=490515"},"modified":"2026-02-13T08:28:48","modified_gmt":"2026-02-13T08:28:48","slug":"zafferano-bilia-candy-4-vasos-verde-rojo","status":"publish","type":"product","link":"https:\/\/www.erresse-shop.it\/es\/shop\/tabla\/vasos\/zafferano-bilia-candy-4-vasos-verde-rojo\/","title":{"rendered":"ZAFFERANO Bilia Candy 4 Vasos Verde Rojo"},"content":{"rendered":"<p>Bilia Candy renueva el cl\u00e1sico vaso Bilia con un toque de nostalgia l\u00fadica. Esta versi\u00f3n se caracteriza por una esfera de cristal en su interior, decorada con rayas de colores brillantes que recuerdan los dulces de anta\u00f1o, disponible en cuatro irresistibles variaciones. Fabricado con vidrio de borosilicato soplado y elaborado a mano, Bilia Candy aporta una explosi\u00f3n de alegr\u00eda a la mesa, mientras que la funci\u00f3n pr\u00e1ctica de proporcionar vasos \u00fanicos para cada invitado garantiza una experiencia gastron\u00f3mica sin complicaciones.<\/p>\n<p><strong>Caracter\u00edsticas:<\/strong><\/p>\n<ul>\n<li>Di\u00e1metro: 8,8 cm<\/li>\n<li>Altura total: 9 cm<\/li>\n<li>Capacidad: 44 cl<\/li>\n<\/ul>\n","protected":false},"excerpt":{"rendered":"<p>Bilia Candy renueva el cl\u00e1sico vaso Bilia con un toque de nostalgia l\u00fadica. Esta versi\u00f3n se caracteriza por una esfera<\/p>\n","protected":false},"featured_media":490540,"template":"","meta":{"_acf_changed":false,"inline_featured_image":false},"product_cat":[16027,16028],"product_tag":[25029,16324,16303,24605,16282,16117,21823,25023,16308],"acf":[],"yoast_head":"<!-- This site is optimized with the Yoast SEO Premium plugin v18.6 (Yoast SEO v19.13) - https:\/\/yoast.com\/wordpress\/plugins\/seo\/ -->\n<title>ZAFFERANO Bilia Candy 4 Vasos Verde Rojo - Erresse Shop<\/title>\n<meta name=\"description\" content=\"Bilia Candy renueva el cl\u00e1sico vaso Bilia con un toque de nostalgia l\u00fadica. Esta versi\u00f3n se caracteriza por una esfera de cristal en su interior, decorada\" \/>\n<meta name=\"robots\" content=\"index, follow, max-snippet:-1, max-image-preview:large, max-video-preview:-1\" \/>\n<link rel=\"canonical\" href=\"https:\/\/www.erresse-shop.it\/es\/shop\/tabla\/vasos\/zafferano-bilia-candy-4-vasos-verde-rojo\/\" \/>\n<meta property=\"og:locale\" content=\"es_ES\" \/>\n<meta property=\"og:type\" content=\"article\" \/>\n<meta property=\"og:title\" content=\"ZAFFERANO Bilia Candy 4 Vasos Verde Rojo\" \/>\n<meta property=\"og:description\" content=\"Bilia Candy renueva el cl\u00e1sico vaso Bilia con un toque de nostalgia l\u00fadica. Esta versi\u00f3n se caracteriza por una esfera de cristal en su interior, decorada\" \/>\n<meta property=\"og:url\" content=\"https:\/\/www.erresse-shop.it\/es\/shop\/tabla\/vasos\/zafferano-bilia-candy-4-vasos-verde-rojo\/\" \/>\n<meta property=\"og:site_name\" content=\"Erresse Shop\" \/>\n<meta property=\"article:modified_time\" content=\"2026-02-13T08:28:48+00:00\" \/>\n<meta property=\"og:image\" content=\"https:\/\/www.erresse-shop.it\/wp-content\/uploads\/2025\/04\/ZAFFERANO-Bilia-Candy-Set-4-Bicchieri-Tumbler-Rosso.jpg\" \/>\n\t<meta property=\"og:image:width\" content=\"1200\" \/>\n\t<meta property=\"og:image:height\" content=\"1200\" \/>\n\t<meta property=\"og:image:type\" content=\"image\/jpeg\" \/>\n<meta name=\"twitter:card\" content=\"summary_large_image\" \/>\n<script type=\"application\/ld+json\" class=\"yoast-schema-graph\">{\"@context\":\"https:\/\/schema.org\",\"@graph\":[{\"@type\":\"WebPage\",\"@id\":\"https:\/\/www.erresse-shop.it\/es\/shop\/tabla\/vasos\/zafferano-bilia-candy-4-vasos-verde-rojo\/\",\"url\":\"https:\/\/www.erresse-shop.it\/es\/shop\/tabla\/vasos\/zafferano-bilia-candy-4-vasos-verde-rojo\/\",\"name\":\"ZAFFERANO Bilia Candy 4 Vasos Verde Rojo - Erresse Shop\",\"isPartOf\":{\"@id\":\"https:\/\/www.erresse-shop.it\/es\/#website\"},\"datePublished\":\"2025-04-11T07:14:51+00:00\",\"dateModified\":\"2026-02-13T08:28:48+00:00\",\"description\":\"Bilia Candy renueva el cl\u00e1sico vaso Bilia con un toque de nostalgia l\u00fadica. Esta versi\u00f3n se caracteriza por una esfera de cristal en su interior, decorada\",\"breadcrumb\":{\"@id\":\"https:\/\/www.erresse-shop.it\/es\/shop\/tabla\/vasos\/zafferano-bilia-candy-4-vasos-verde-rojo\/#breadcrumb\"},\"inLanguage\":\"es\",\"potentialAction\":[{\"@type\":\"ReadAction\",\"target\":[\"https:\/\/www.erresse-shop.it\/es\/shop\/tabla\/vasos\/zafferano-bilia-candy-4-vasos-verde-rojo\/\"]}]},{\"@type\":\"BreadcrumbList\",\"@id\":\"https:\/\/www.erresse-shop.it\/es\/shop\/tabla\/vasos\/zafferano-bilia-candy-4-vasos-verde-rojo\/#breadcrumb\",\"itemListElement\":[{\"@type\":\"ListItem\",\"position\":1,\"name\":\"Home\",\"item\":\"https:\/\/www.erresse-shop.it\/es\/\"},{\"@type\":\"ListItem\",\"position\":2,\"name\":\"Shop\",\"item\":\"https:\/\/www.erresse-shop.it\/es\/shop\/\"},{\"@type\":\"ListItem\",\"position\":3,\"name\":\"ZAFFERANO Bilia Candy 4 Vasos Verde Rojo\"}]},{\"@type\":\"WebSite\",\"@id\":\"https:\/\/www.erresse-shop.it\/es\/#website\",\"url\":\"https:\/\/www.erresse-shop.it\/es\/\",\"name\":\"Erresse Shop\",\"description\":\"Articoli di qualit\u00e0 per la casa\",\"potentialAction\":[{\"@type\":\"SearchAction\",\"target\":{\"@type\":\"EntryPoint\",\"urlTemplate\":\"https:\/\/www.erresse-shop.it\/es\/?s={search_term_string}\"},\"query-input\":\"required name=search_term_string\"}],\"inLanguage\":\"es\"}]}<\/script>\n<!-- \/ Yoast SEO Premium plugin. -->","yoast_head_json":{"title":"ZAFFERANO Bilia Candy 4 Vasos Verde Rojo - Erresse Shop","description":"Bilia Candy renueva el cl\u00e1sico vaso Bilia con un toque de nostalgia l\u00fadica. Esta versi\u00f3n se caracteriza por una esfera de cristal en su interior, decorada","robots":{"index":"index","follow":"follow","max-snippet":"max-snippet:-1","max-image-preview":"max-image-preview:large","max-video-preview":"max-video-preview:-1"},"canonical":"https:\/\/www.erresse-shop.it\/es\/shop\/tabla\/vasos\/zafferano-bilia-candy-4-vasos-verde-rojo\/","og_locale":"es_ES","og_type":"article","og_title":"ZAFFERANO Bilia Candy 4 Vasos Verde Rojo","og_description":"Bilia Candy renueva el cl\u00e1sico vaso Bilia con un toque de nostalgia l\u00fadica. Esta versi\u00f3n se caracteriza por una esfera de cristal en su interior, decorada","og_url":"https:\/\/www.erresse-shop.it\/es\/shop\/tabla\/vasos\/zafferano-bilia-candy-4-vasos-verde-rojo\/","og_site_name":"Erresse Shop","article_modified_time":"2026-02-13T08:28:48+00:00","og_image":[{"width":1200,"height":1200,"url":"https:\/\/www.erresse-shop.it\/wp-content\/uploads\/2025\/04\/ZAFFERANO-Bilia-Candy-Set-4-Bicchieri-Tumbler-Rosso.jpg","type":"image\/jpeg"}],"twitter_card":"summary_large_image","schema":{"@context":"https:\/\/schema.org","@graph":[{"@type":"WebPage","@id":"https:\/\/www.erresse-shop.it\/es\/shop\/tabla\/vasos\/zafferano-bilia-candy-4-vasos-verde-rojo\/","url":"https:\/\/www.erresse-shop.it\/es\/shop\/tabla\/vasos\/zafferano-bilia-candy-4-vasos-verde-rojo\/","name":"ZAFFERANO Bilia Candy 4 Vasos Verde Rojo - Erresse Shop","isPartOf":{"@id":"https:\/\/www.erresse-shop.it\/es\/#website"},"datePublished":"2025-04-11T07:14:51+00:00","dateModified":"2026-02-13T08:28:48+00:00","description":"Bilia Candy renueva el cl\u00e1sico vaso Bilia con un toque de nostalgia l\u00fadica. Esta versi\u00f3n se caracteriza por una esfera de cristal en su interior, decorada","breadcrumb":{"@id":"https:\/\/www.erresse-shop.it\/es\/shop\/tabla\/vasos\/zafferano-bilia-candy-4-vasos-verde-rojo\/#breadcrumb"},"inLanguage":"es","potentialAction":[{"@type":"ReadAction","target":["https:\/\/www.erresse-shop.it\/es\/shop\/tabla\/vasos\/zafferano-bilia-candy-4-vasos-verde-rojo\/"]}]},{"@type":"BreadcrumbList","@id":"https:\/\/www.erresse-shop.it\/es\/shop\/tabla\/vasos\/zafferano-bilia-candy-4-vasos-verde-rojo\/#breadcrumb","itemListElement":[{"@type":"ListItem","position":1,"name":"Home","item":"https:\/\/www.erresse-shop.it\/es\/"},{"@type":"ListItem","position":2,"name":"Shop","item":"https:\/\/www.erresse-shop.it\/es\/shop\/"},{"@type":"ListItem","position":3,"name":"ZAFFERANO Bilia Candy 4 Vasos Verde Rojo"}]},{"@type":"WebSite","@id":"https:\/\/www.erresse-shop.it\/es\/#website","url":"https:\/\/www.erresse-shop.it\/es\/","name":"Erresse Shop","description":"Articoli di qualit\u00e0 per la casa","potentialAction":[{"@type":"SearchAction","target":{"@type":"EntryPoint","urlTemplate":"https:\/\/www.erresse-shop.it\/es\/?s={search_term_string}"},"query-input":"required name=search_term_string"}],"inLanguage":"es"}]}},"df_price":34.95,"df_sale_price":34.95,"df_regular_price":46.8,"df_image_link":"https:\/\/www.erresse-shop.it\/wp-content\/uploads\/2025\/04\/ZAFFERANO-Bilia-Candy-Set-4-Bicchieri-Tumbler-Rosso-300x300.jpg","_links":{"self":[{"href":"https:\/\/www.erresse-shop.it\/es\/wp-json\/wp\/v2\/product\/490515"}],"collection":[{"href":"https:\/\/www.erresse-shop.it\/es\/wp-json\/wp\/v2\/product"}],"about":[{"href":"https:\/\/www.erresse-shop.it\/es\/wp-json\/wp\/v2\/types\/product"}],"wp:featuredmedia":[{"embeddable":true,"href":"https:\/\/www.erresse-shop.it\/es\/wp-json\/wp\/v2\/media\/490540"}],"wp:attachment":[{"href":"https:\/\/www.erresse-shop.it\/es\/wp-json\/wp\/v2\/media?parent=490515"}],"wp:term":[{"taxonomy":"product_cat","embeddable":true,"href":"https:\/\/www.erresse-shop.it\/es\/wp-json\/wp\/v2\/product_cat?post=490515"},{"taxonomy":"product_tag","embeddable":true,"href":"https:\/\/www.erresse-shop.it\/es\/wp-json\/wp\/v2\/product_tag?post=490515"}],"curies":[{"name":"wp","href":"https:\/\/api.w.org\/{rel}","templated":true}]}}