{"id":490488,"date":"2025-04-11T07:06:20","date_gmt":"2025-04-11T07:06:23","guid":{"rendered":"https:\/\/www.erresse-shop.it\/?post_type=product&#038;p=490488"},"modified":"2026-02-13T08:33:30","modified_gmt":"2026-02-13T08:33:30","slug":"zafferano-bilia-caleido-4-vasos-verde","status":"publish","type":"product","link":"https:\/\/www.erresse-shop.it\/es\/shop\/tabla\/vasos\/zafferano-bilia-caleido-4-vasos-verde\/","title":{"rendered":"ZAFFERANO Bilia Caleido 4 Vasos Verde"},"content":{"rendered":"<p>&#8220;Bilia Caleido&#8221; reinventa el cl\u00e1sico vaso en vidrio de borosilicato soplado y elaborado artesanalmente con un toque de magia. Esta versi\u00f3n destaca por su esfera decorada con un motivo que evoca un cielo estrellado, disponible en cuatro elegantes variaciones de color. \u00bfLa verdadera sorpresa? Vista de perfil, la esfera parece transparente, pero al observarla desde arriba, su encantador dise\u00f1o se revela. Adem\u00e1s de a\u00f1adir sofisticaci\u00f3n a la mesa, &#8220;Bilia Caleido&#8221; tambi\u00e9n ofrece una funci\u00f3n pr\u00e1ctica: cada invitado tendr\u00e1 un vaso \u00fanico, reduciendo la confusi\u00f3n y aportando un toque de encanto y funcionalidad a sus momentos de convivencia.<\/p>\n<p>Caracter\u00edsticas:<\/p>\n<ul>\n<li style=\"list-style-type: none;\">\n<ul>Di\u00e1metro: 8,8 cm<\/ul>\n<\/li>\n<\/ul>\n<p>&nbsp;<\/p>\n<ul>\n<li style=\"list-style-type: none;\">\n<ul>Altura total: 9 cm<\/ul>\n<\/li>\n<\/ul>\n<p>&nbsp;<\/p>\n<ul>Capacidad: 44 cl<\/ul>\n","protected":false},"excerpt":{"rendered":"<p>&#8220;Bilia Caleido&#8221; reinventa el cl\u00e1sico vaso en vidrio de borosilicato soplado y elaborado artesanalmente con un toque de magia. Esta<\/p>\n","protected":false},"featured_media":490507,"template":"","meta":{"_acf_changed":false,"inline_featured_image":false},"product_cat":[16027,16028],"product_tag":[25029,16324,16303,24605,16282,16117,21823,25023,16308],"acf":[],"yoast_head":"<!-- This site is optimized with the Yoast SEO Premium plugin v18.6 (Yoast SEO v19.13) - https:\/\/yoast.com\/wordpress\/plugins\/seo\/ -->\n<title>ZAFFERANO Bilia Caleido 4 Vasos Verde - Erresse Shop<\/title>\n<meta name=\"description\" content=\"&quot;Bilia Caleido&quot; reinventa el cl\u00e1sico vaso en vidrio de borosilicato soplado y elaborado artesanalmente con un toque de magia. Esta versi\u00f3n destaca por su\" \/>\n<meta name=\"robots\" content=\"index, follow, max-snippet:-1, max-image-preview:large, max-video-preview:-1\" \/>\n<link rel=\"canonical\" href=\"https:\/\/www.erresse-shop.it\/es\/shop\/tabla\/vasos\/zafferano-bilia-caleido-4-vasos-verde\/\" \/>\n<meta property=\"og:locale\" content=\"es_ES\" \/>\n<meta property=\"og:type\" content=\"article\" \/>\n<meta property=\"og:title\" content=\"ZAFFERANO Bilia Caleido 4 Vasos Verde\" \/>\n<meta property=\"og:description\" content=\"&quot;Bilia Caleido&quot; reinventa el cl\u00e1sico vaso en vidrio de borosilicato soplado y elaborado artesanalmente con un toque de magia. Esta versi\u00f3n destaca por su\" \/>\n<meta property=\"og:url\" content=\"https:\/\/www.erresse-shop.it\/es\/shop\/tabla\/vasos\/zafferano-bilia-caleido-4-vasos-verde\/\" \/>\n<meta property=\"og:site_name\" content=\"Erresse Shop\" \/>\n<meta property=\"article:modified_time\" content=\"2026-02-13T08:33:30+00:00\" \/>\n<meta property=\"og:image\" content=\"https:\/\/www.erresse-shop.it\/wp-content\/uploads\/2025\/04\/ZAFFERANO-Bilia-Caleido-Set-4-Bicchieri-Tumbler-Verde.jpg\" \/>\n\t<meta property=\"og:image:width\" content=\"1200\" \/>\n\t<meta property=\"og:image:height\" content=\"1200\" \/>\n\t<meta property=\"og:image:type\" content=\"image\/jpeg\" \/>\n<meta name=\"twitter:card\" content=\"summary_large_image\" \/>\n<script type=\"application\/ld+json\" class=\"yoast-schema-graph\">{\"@context\":\"https:\/\/schema.org\",\"@graph\":[{\"@type\":\"WebPage\",\"@id\":\"https:\/\/www.erresse-shop.it\/es\/shop\/tabla\/vasos\/zafferano-bilia-caleido-4-vasos-verde\/\",\"url\":\"https:\/\/www.erresse-shop.it\/es\/shop\/tabla\/vasos\/zafferano-bilia-caleido-4-vasos-verde\/\",\"name\":\"ZAFFERANO Bilia Caleido 4 Vasos Verde - Erresse Shop\",\"isPartOf\":{\"@id\":\"https:\/\/www.erresse-shop.it\/es\/#website\"},\"datePublished\":\"2025-04-11T07:06:23+00:00\",\"dateModified\":\"2026-02-13T08:33:30+00:00\",\"description\":\"\\\"Bilia Caleido\\\" reinventa el cl\u00e1sico vaso en vidrio de borosilicato soplado y elaborado artesanalmente con un toque de magia. Esta versi\u00f3n destaca por su\",\"breadcrumb\":{\"@id\":\"https:\/\/www.erresse-shop.it\/es\/shop\/tabla\/vasos\/zafferano-bilia-caleido-4-vasos-verde\/#breadcrumb\"},\"inLanguage\":\"es\",\"potentialAction\":[{\"@type\":\"ReadAction\",\"target\":[\"https:\/\/www.erresse-shop.it\/es\/shop\/tabla\/vasos\/zafferano-bilia-caleido-4-vasos-verde\/\"]}]},{\"@type\":\"BreadcrumbList\",\"@id\":\"https:\/\/www.erresse-shop.it\/es\/shop\/tabla\/vasos\/zafferano-bilia-caleido-4-vasos-verde\/#breadcrumb\",\"itemListElement\":[{\"@type\":\"ListItem\",\"position\":1,\"name\":\"Home\",\"item\":\"https:\/\/www.erresse-shop.it\/es\/\"},{\"@type\":\"ListItem\",\"position\":2,\"name\":\"Shop\",\"item\":\"https:\/\/www.erresse-shop.it\/es\/shop\/\"},{\"@type\":\"ListItem\",\"position\":3,\"name\":\"ZAFFERANO Bilia Caleido 4 Vasos Verde\"}]},{\"@type\":\"WebSite\",\"@id\":\"https:\/\/www.erresse-shop.it\/es\/#website\",\"url\":\"https:\/\/www.erresse-shop.it\/es\/\",\"name\":\"Erresse Shop\",\"description\":\"Articoli di qualit\u00e0 per la casa\",\"potentialAction\":[{\"@type\":\"SearchAction\",\"target\":{\"@type\":\"EntryPoint\",\"urlTemplate\":\"https:\/\/www.erresse-shop.it\/es\/?s={search_term_string}\"},\"query-input\":\"required name=search_term_string\"}],\"inLanguage\":\"es\"}]}<\/script>\n<!-- \/ Yoast SEO Premium plugin. -->","yoast_head_json":{"title":"ZAFFERANO Bilia Caleido 4 Vasos Verde - Erresse Shop","description":"\"Bilia Caleido\" reinventa el cl\u00e1sico vaso en vidrio de borosilicato soplado y elaborado artesanalmente con un toque de magia. Esta versi\u00f3n destaca por su","robots":{"index":"index","follow":"follow","max-snippet":"max-snippet:-1","max-image-preview":"max-image-preview:large","max-video-preview":"max-video-preview:-1"},"canonical":"https:\/\/www.erresse-shop.it\/es\/shop\/tabla\/vasos\/zafferano-bilia-caleido-4-vasos-verde\/","og_locale":"es_ES","og_type":"article","og_title":"ZAFFERANO Bilia Caleido 4 Vasos Verde","og_description":"\"Bilia Caleido\" reinventa el cl\u00e1sico vaso en vidrio de borosilicato soplado y elaborado artesanalmente con un toque de magia. Esta versi\u00f3n destaca por su","og_url":"https:\/\/www.erresse-shop.it\/es\/shop\/tabla\/vasos\/zafferano-bilia-caleido-4-vasos-verde\/","og_site_name":"Erresse Shop","article_modified_time":"2026-02-13T08:33:30+00:00","og_image":[{"width":1200,"height":1200,"url":"https:\/\/www.erresse-shop.it\/wp-content\/uploads\/2025\/04\/ZAFFERANO-Bilia-Caleido-Set-4-Bicchieri-Tumbler-Verde.jpg","type":"image\/jpeg"}],"twitter_card":"summary_large_image","schema":{"@context":"https:\/\/schema.org","@graph":[{"@type":"WebPage","@id":"https:\/\/www.erresse-shop.it\/es\/shop\/tabla\/vasos\/zafferano-bilia-caleido-4-vasos-verde\/","url":"https:\/\/www.erresse-shop.it\/es\/shop\/tabla\/vasos\/zafferano-bilia-caleido-4-vasos-verde\/","name":"ZAFFERANO Bilia Caleido 4 Vasos Verde - Erresse Shop","isPartOf":{"@id":"https:\/\/www.erresse-shop.it\/es\/#website"},"datePublished":"2025-04-11T07:06:23+00:00","dateModified":"2026-02-13T08:33:30+00:00","description":"\"Bilia Caleido\" reinventa el cl\u00e1sico vaso en vidrio de borosilicato soplado y elaborado artesanalmente con un toque de magia. Esta versi\u00f3n destaca por su","breadcrumb":{"@id":"https:\/\/www.erresse-shop.it\/es\/shop\/tabla\/vasos\/zafferano-bilia-caleido-4-vasos-verde\/#breadcrumb"},"inLanguage":"es","potentialAction":[{"@type":"ReadAction","target":["https:\/\/www.erresse-shop.it\/es\/shop\/tabla\/vasos\/zafferano-bilia-caleido-4-vasos-verde\/"]}]},{"@type":"BreadcrumbList","@id":"https:\/\/www.erresse-shop.it\/es\/shop\/tabla\/vasos\/zafferano-bilia-caleido-4-vasos-verde\/#breadcrumb","itemListElement":[{"@type":"ListItem","position":1,"name":"Home","item":"https:\/\/www.erresse-shop.it\/es\/"},{"@type":"ListItem","position":2,"name":"Shop","item":"https:\/\/www.erresse-shop.it\/es\/shop\/"},{"@type":"ListItem","position":3,"name":"ZAFFERANO Bilia Caleido 4 Vasos Verde"}]},{"@type":"WebSite","@id":"https:\/\/www.erresse-shop.it\/es\/#website","url":"https:\/\/www.erresse-shop.it\/es\/","name":"Erresse Shop","description":"Articoli di qualit\u00e0 per la casa","potentialAction":[{"@type":"SearchAction","target":{"@type":"EntryPoint","urlTemplate":"https:\/\/www.erresse-shop.it\/es\/?s={search_term_string}"},"query-input":"required name=search_term_string"}],"inLanguage":"es"}]}},"df_price":34.95,"df_sale_price":34.95,"df_regular_price":46.8,"df_image_link":"https:\/\/www.erresse-shop.it\/wp-content\/uploads\/2025\/04\/ZAFFERANO-Bilia-Caleido-Set-4-Bicchieri-Tumbler-Verde-300x300.jpg","_links":{"self":[{"href":"https:\/\/www.erresse-shop.it\/es\/wp-json\/wp\/v2\/product\/490488"}],"collection":[{"href":"https:\/\/www.erresse-shop.it\/es\/wp-json\/wp\/v2\/product"}],"about":[{"href":"https:\/\/www.erresse-shop.it\/es\/wp-json\/wp\/v2\/types\/product"}],"wp:featuredmedia":[{"embeddable":true,"href":"https:\/\/www.erresse-shop.it\/es\/wp-json\/wp\/v2\/media\/490507"}],"wp:attachment":[{"href":"https:\/\/www.erresse-shop.it\/es\/wp-json\/wp\/v2\/media?parent=490488"}],"wp:term":[{"taxonomy":"product_cat","embeddable":true,"href":"https:\/\/www.erresse-shop.it\/es\/wp-json\/wp\/v2\/product_cat?post=490488"},{"taxonomy":"product_tag","embeddable":true,"href":"https:\/\/www.erresse-shop.it\/es\/wp-json\/wp\/v2\/product_tag?post=490488"}],"curies":[{"name":"wp","href":"https:\/\/api.w.org\/{rel}","templated":true}]}}