{"id":490347,"date":"2025-04-11T05:55:24","date_gmt":"2025-04-11T05:55:27","guid":{"rendered":"https:\/\/www.erresse-shop.it\/?post_type=product&#038;p=490347"},"modified":"2026-02-13T08:57:58","modified_gmt":"2026-02-13T08:57:58","slug":"joseph-joseph-totem-max-contenedor-de-residuos-y-reciclaje-60-litros-piedra","status":"publish","type":"product","link":"https:\/\/www.erresse-shop.it\/es\/shop\/mobiliario\/cubos-de-basura\/joseph-joseph-totem-max-contenedor-de-residuos-y-reciclaje-60-litros-piedra\/","title":{"rendered":"JOSEPH JOSEPH Totem Max Contenedor de residuos y reciclaje 60 litros Piedra"},"content":{"rendered":"<p>El bote de basura de la cocina es el h\u00e9roe an\u00f3nimo en el coraz\u00f3n del hogar, pero pocos est\u00e1n a la altura de la tarea de gestionar los desechos generales, los restos de comida y el reciclaje. Descubra Totem. Nuestro galardonado contenedor tiene m\u00faltiples compartimentos para todo tipo de residuos dom\u00e9sticos, lo que le permite separar todo en una unidad compacta. Su control de olores incorporado tambi\u00e9n mantiene su cocina con un olor fresco.<\/p>\n<ul>\n<li>El dise\u00f1o galardonado combina tres contenedores en uno<\/li>\n<li>Incluye dos contenedores de 30 litros para facilitar la clasificaci\u00f3n y el reciclaje de residuos, adem\u00e1s de un contenedor de residuos de alimentos extra\u00edble de 3 litros.<\/li>\n<li>El dise\u00f1o vertical \u00fanico maximiza la capacidad en un espacio compacto<\/li>\n<li>El control de olores integrado reduce los olores desagradables con filtros de carb\u00f3n activado reemplazables<\/li>\n<li>Los compartimentos extra\u00edbles cuentan con orificios para sujetar bolsas y ganchos para vaciarlas f\u00e1cilmente.<\/li>\n<\/ul>\n<p><strong>Cuidado y uso<\/strong><\/p>\n<ul>\n<li>Utilice 60 litros con contenedores a medida IW2 e IW6 (tambi\u00e9n apto para usar con contenedores est\u00e1ndar).<\/li>\n<li>Superficies externas: limpiar con un pa\u00f1o h\u00famedo y secar con un pa\u00f1o suave y seco. No utilice pa\u00f1os abrasivos ni limpiadores qu\u00edmicos fuertes.<\/li>\n<li>Cubos y contenedores de residuos de alimentos: Ret\u00edrelos de la unidad y l\u00edmpielos con agua caliente y jab\u00f3n. S\u00e9quelos antes de volver a colocarlos en la unidad (para eliminar los malos olores, tambi\u00e9n puede utilizar una soluci\u00f3n de bicarbonato de sodio y agua).<\/li>\n<li>Filtro de olores: para un rendimiento \u00f3ptimo, recomendamos reemplazar el filtro de olores cada 3 meses.<\/li>\n<\/ul>\n<p><strong>Dimensiones:<\/strong><\/p>\n<p>Alto 81,4 (tapa cerrada) Alto 111 (tapa abierta) x Ancho 39 x Fondo 36,6 cm<\/p>\n<p><strong>Peso:<\/strong> 9,7 kg<\/p>\n","protected":false},"excerpt":{"rendered":"<p>El bote de basura de la cocina es el h\u00e9roe an\u00f3nimo en el coraz\u00f3n del hogar, pero pocos est\u00e1n a<\/p>\n","protected":false},"featured_media":490379,"template":"","meta":{"_acf_changed":false,"inline_featured_image":false},"product_cat":[16021,16016],"product_tag":[16225,21232,21231,21233,21230],"acf":[],"yoast_head":"<!-- This site is optimized with the Yoast SEO Premium plugin v18.6 (Yoast SEO v19.13) - https:\/\/yoast.com\/wordpress\/plugins\/seo\/ -->\n<title>JOSEPH JOSEPH Totem Max Contenedor de residuos y reciclaje 60 litros Piedra - Erresse Shop<\/title>\n<meta name=\"description\" content=\"El bote de basura de la cocina es el h\u00e9roe an\u00f3nimo en el coraz\u00f3n del hogar, pero pocos est\u00e1n a la altura de la tarea de gestionar los desechos generales,\" \/>\n<meta name=\"robots\" content=\"index, follow, max-snippet:-1, max-image-preview:large, max-video-preview:-1\" \/>\n<link rel=\"canonical\" href=\"https:\/\/www.erresse-shop.it\/es\/shop\/mobiliario\/cubos-de-basura\/joseph-joseph-totem-max-contenedor-de-residuos-y-reciclaje-60-litros-piedra\/\" \/>\n<meta property=\"og:locale\" content=\"es_ES\" \/>\n<meta property=\"og:type\" content=\"article\" \/>\n<meta property=\"og:title\" content=\"JOSEPH JOSEPH Totem Max Contenedor de residuos y reciclaje 60 litros Piedra\" \/>\n<meta property=\"og:description\" content=\"El bote de basura de la cocina es el h\u00e9roe an\u00f3nimo en el coraz\u00f3n del hogar, pero pocos est\u00e1n a la altura de la tarea de gestionar los desechos generales,\" \/>\n<meta property=\"og:url\" content=\"https:\/\/www.erresse-shop.it\/es\/shop\/mobiliario\/cubos-de-basura\/joseph-joseph-totem-max-contenedor-de-residuos-y-reciclaje-60-litros-piedra\/\" \/>\n<meta property=\"og:site_name\" content=\"Erresse Shop\" \/>\n<meta property=\"article:modified_time\" content=\"2026-02-13T08:57:58+00:00\" \/>\n<meta property=\"og:image\" content=\"https:\/\/www.erresse-shop.it\/wp-content\/uploads\/2025\/04\/JOSEPH-JOSEPH-Totem-Max-Pattumiera-60-litri-Pietra.jpg\" \/>\n\t<meta property=\"og:image:width\" content=\"1200\" \/>\n\t<meta property=\"og:image:height\" content=\"1200\" \/>\n\t<meta property=\"og:image:type\" content=\"image\/jpeg\" \/>\n<meta name=\"twitter:card\" content=\"summary_large_image\" \/>\n<script type=\"application\/ld+json\" class=\"yoast-schema-graph\">{\"@context\":\"https:\/\/schema.org\",\"@graph\":[{\"@type\":\"WebPage\",\"@id\":\"https:\/\/www.erresse-shop.it\/es\/shop\/mobiliario\/cubos-de-basura\/joseph-joseph-totem-max-contenedor-de-residuos-y-reciclaje-60-litros-piedra\/\",\"url\":\"https:\/\/www.erresse-shop.it\/es\/shop\/mobiliario\/cubos-de-basura\/joseph-joseph-totem-max-contenedor-de-residuos-y-reciclaje-60-litros-piedra\/\",\"name\":\"JOSEPH JOSEPH Totem Max Contenedor de residuos y reciclaje 60 litros Piedra - Erresse Shop\",\"isPartOf\":{\"@id\":\"https:\/\/www.erresse-shop.it\/es\/#website\"},\"datePublished\":\"2025-04-11T05:55:27+00:00\",\"dateModified\":\"2026-02-13T08:57:58+00:00\",\"description\":\"El bote de basura de la cocina es el h\u00e9roe an\u00f3nimo en el coraz\u00f3n del hogar, pero pocos est\u00e1n a la altura de la tarea de gestionar los desechos generales,\",\"breadcrumb\":{\"@id\":\"https:\/\/www.erresse-shop.it\/es\/shop\/mobiliario\/cubos-de-basura\/joseph-joseph-totem-max-contenedor-de-residuos-y-reciclaje-60-litros-piedra\/#breadcrumb\"},\"inLanguage\":\"es\",\"potentialAction\":[{\"@type\":\"ReadAction\",\"target\":[\"https:\/\/www.erresse-shop.it\/es\/shop\/mobiliario\/cubos-de-basura\/joseph-joseph-totem-max-contenedor-de-residuos-y-reciclaje-60-litros-piedra\/\"]}]},{\"@type\":\"BreadcrumbList\",\"@id\":\"https:\/\/www.erresse-shop.it\/es\/shop\/mobiliario\/cubos-de-basura\/joseph-joseph-totem-max-contenedor-de-residuos-y-reciclaje-60-litros-piedra\/#breadcrumb\",\"itemListElement\":[{\"@type\":\"ListItem\",\"position\":1,\"name\":\"Home\",\"item\":\"https:\/\/www.erresse-shop.it\/es\/\"},{\"@type\":\"ListItem\",\"position\":2,\"name\":\"Shop\",\"item\":\"https:\/\/www.erresse-shop.it\/es\/shop\/\"},{\"@type\":\"ListItem\",\"position\":3,\"name\":\"JOSEPH JOSEPH Totem Max Contenedor de residuos y reciclaje 60 litros Piedra\"}]},{\"@type\":\"WebSite\",\"@id\":\"https:\/\/www.erresse-shop.it\/es\/#website\",\"url\":\"https:\/\/www.erresse-shop.it\/es\/\",\"name\":\"Erresse Shop\",\"description\":\"Articoli di qualit\u00e0 per la casa\",\"potentialAction\":[{\"@type\":\"SearchAction\",\"target\":{\"@type\":\"EntryPoint\",\"urlTemplate\":\"https:\/\/www.erresse-shop.it\/es\/?s={search_term_string}\"},\"query-input\":\"required name=search_term_string\"}],\"inLanguage\":\"es\"}]}<\/script>\n<!-- \/ Yoast SEO Premium plugin. -->","yoast_head_json":{"title":"JOSEPH JOSEPH Totem Max Contenedor de residuos y reciclaje 60 litros Piedra - Erresse Shop","description":"El bote de basura de la cocina es el h\u00e9roe an\u00f3nimo en el coraz\u00f3n del hogar, pero pocos est\u00e1n a la altura de la tarea de gestionar los desechos generales,","robots":{"index":"index","follow":"follow","max-snippet":"max-snippet:-1","max-image-preview":"max-image-preview:large","max-video-preview":"max-video-preview:-1"},"canonical":"https:\/\/www.erresse-shop.it\/es\/shop\/mobiliario\/cubos-de-basura\/joseph-joseph-totem-max-contenedor-de-residuos-y-reciclaje-60-litros-piedra\/","og_locale":"es_ES","og_type":"article","og_title":"JOSEPH JOSEPH Totem Max Contenedor de residuos y reciclaje 60 litros Piedra","og_description":"El bote de basura de la cocina es el h\u00e9roe an\u00f3nimo en el coraz\u00f3n del hogar, pero pocos est\u00e1n a la altura de la tarea de gestionar los desechos generales,","og_url":"https:\/\/www.erresse-shop.it\/es\/shop\/mobiliario\/cubos-de-basura\/joseph-joseph-totem-max-contenedor-de-residuos-y-reciclaje-60-litros-piedra\/","og_site_name":"Erresse Shop","article_modified_time":"2026-02-13T08:57:58+00:00","og_image":[{"width":1200,"height":1200,"url":"https:\/\/www.erresse-shop.it\/wp-content\/uploads\/2025\/04\/JOSEPH-JOSEPH-Totem-Max-Pattumiera-60-litri-Pietra.jpg","type":"image\/jpeg"}],"twitter_card":"summary_large_image","schema":{"@context":"https:\/\/schema.org","@graph":[{"@type":"WebPage","@id":"https:\/\/www.erresse-shop.it\/es\/shop\/mobiliario\/cubos-de-basura\/joseph-joseph-totem-max-contenedor-de-residuos-y-reciclaje-60-litros-piedra\/","url":"https:\/\/www.erresse-shop.it\/es\/shop\/mobiliario\/cubos-de-basura\/joseph-joseph-totem-max-contenedor-de-residuos-y-reciclaje-60-litros-piedra\/","name":"JOSEPH JOSEPH Totem Max Contenedor de residuos y reciclaje 60 litros Piedra - Erresse Shop","isPartOf":{"@id":"https:\/\/www.erresse-shop.it\/es\/#website"},"datePublished":"2025-04-11T05:55:27+00:00","dateModified":"2026-02-13T08:57:58+00:00","description":"El bote de basura de la cocina es el h\u00e9roe an\u00f3nimo en el coraz\u00f3n del hogar, pero pocos est\u00e1n a la altura de la tarea de gestionar los desechos generales,","breadcrumb":{"@id":"https:\/\/www.erresse-shop.it\/es\/shop\/mobiliario\/cubos-de-basura\/joseph-joseph-totem-max-contenedor-de-residuos-y-reciclaje-60-litros-piedra\/#breadcrumb"},"inLanguage":"es","potentialAction":[{"@type":"ReadAction","target":["https:\/\/www.erresse-shop.it\/es\/shop\/mobiliario\/cubos-de-basura\/joseph-joseph-totem-max-contenedor-de-residuos-y-reciclaje-60-litros-piedra\/"]}]},{"@type":"BreadcrumbList","@id":"https:\/\/www.erresse-shop.it\/es\/shop\/mobiliario\/cubos-de-basura\/joseph-joseph-totem-max-contenedor-de-residuos-y-reciclaje-60-litros-piedra\/#breadcrumb","itemListElement":[{"@type":"ListItem","position":1,"name":"Home","item":"https:\/\/www.erresse-shop.it\/es\/"},{"@type":"ListItem","position":2,"name":"Shop","item":"https:\/\/www.erresse-shop.it\/es\/shop\/"},{"@type":"ListItem","position":3,"name":"JOSEPH JOSEPH Totem Max Contenedor de residuos y reciclaje 60 litros Piedra"}]},{"@type":"WebSite","@id":"https:\/\/www.erresse-shop.it\/es\/#website","url":"https:\/\/www.erresse-shop.it\/es\/","name":"Erresse Shop","description":"Articoli di qualit\u00e0 per la casa","potentialAction":[{"@type":"SearchAction","target":{"@type":"EntryPoint","urlTemplate":"https:\/\/www.erresse-shop.it\/es\/?s={search_term_string}"},"query-input":"required name=search_term_string"}],"inLanguage":"es"}]}},"df_price":184.95,"df_sale_price":184.95,"df_regular_price":229.99,"df_image_link":"https:\/\/www.erresse-shop.it\/wp-content\/uploads\/2025\/04\/JOSEPH-JOSEPH-Totem-Max-Pattumiera-60-litri-Pietra-300x300.jpg","_links":{"self":[{"href":"https:\/\/www.erresse-shop.it\/es\/wp-json\/wp\/v2\/product\/490347"}],"collection":[{"href":"https:\/\/www.erresse-shop.it\/es\/wp-json\/wp\/v2\/product"}],"about":[{"href":"https:\/\/www.erresse-shop.it\/es\/wp-json\/wp\/v2\/types\/product"}],"wp:featuredmedia":[{"embeddable":true,"href":"https:\/\/www.erresse-shop.it\/es\/wp-json\/wp\/v2\/media\/490379"}],"wp:attachment":[{"href":"https:\/\/www.erresse-shop.it\/es\/wp-json\/wp\/v2\/media?parent=490347"}],"wp:term":[{"taxonomy":"product_cat","embeddable":true,"href":"https:\/\/www.erresse-shop.it\/es\/wp-json\/wp\/v2\/product_cat?post=490347"},{"taxonomy":"product_tag","embeddable":true,"href":"https:\/\/www.erresse-shop.it\/es\/wp-json\/wp\/v2\/product_tag?post=490347"}],"curies":[{"name":"wp","href":"https:\/\/api.w.org\/{rel}","templated":true}]}}