{"id":490247,"date":"2025-04-10T12:52:34","date_gmt":"2025-04-10T12:52:42","guid":{"rendered":"https:\/\/www.erresse-shop.it\/?post_type=product&#038;p=490247"},"modified":"2026-02-27T11:13:05","modified_gmt":"2026-02-27T11:13:05","slug":"magimix-robot-de-cocina-mini-plus-negro-2","status":"publish","type":"product","link":"https:\/\/www.erresse-shop.it\/es\/shop\/pequenos-electrodomesticos\/procesadores-de-alimentos\/magimix-robot-de-cocina-mini-plus-negro-2\/","title":{"rendered":"MAGIMIX Robot de Cocina Mini Plus Negro"},"content":{"rendered":"<p><strong>MAGIMIX.<\/strong> <u>GARANT\u00cdA ITALIANA<\/u><\/p>\n<p>En Francia, en el coraz\u00f3n de Borgo\u00f1a, una regi\u00f3n famosa por su gastronom\u00eda, Magimix invent\u00f3 el robot de cocina hace m\u00e1s de cuarenta a\u00f1os.<br \/>\nHoy en d\u00eda, los electrodom\u00e9sticos Magimix son la versi\u00f3n dom\u00e9stica de los electrodom\u00e9sticos dise\u00f1ados para profesionales. Los mejores restaurantes del mundo utilizan la versi\u00f3n profesional de nuestros productos.<br \/>\nDentro de la gama Magimix, encontrar\u00e1 toda la gama de peque\u00f1os electrodom\u00e9sticos de cocina.<br \/>\nSiempre a la vanguardia de la innovaci\u00f3n en la cocina, Magimix se complace en presentar su \u00faltima colecci\u00f3n para el placer de cocinar como un gran chef.<\/p>\n<p><strong>MINI PLUS.<\/strong> Silencioso, compacto e ingenioso, es ideal para espacios peque\u00f1os.<\/p>\n<ul>\n<li>Ba\u00f1o 1,7 l<\/li>\n<li>Mini bol\u200b 0,5 l<\/li>\n<li>Esp\u00e1tula\u200b 1<\/li>\n<\/ul>\n<p><strong>Capacidad:<\/strong><\/p>\n<ul>\n<li>Sopa cremosa 0,6 litros<\/li>\n<li>Hojaldre bris\u00e9 500 g<\/li>\n<li>Masa de pan 400 g<\/li>\n<li>Carne picada 500 g<\/li>\n<li>Zanahorias 600 g<\/li>\n<li>Claras de huevo 4<\/li>\n<li>Material 0% BPA<\/li>\n<li>Potencia del motor 400 W &#8211; ultrasilencioso<\/li>\n<li>Garant\u00eda 3 a\u00f1os<\/li>\n<li>Garant\u00eda del motor 30 a\u00f1os<\/li>\n<li>Dimensiones\u00a0\u00a0 \u00a0Al 370 x An 155 x D210 mm<\/li>\n<li>Carga: 4,4 kg<\/li>\n<li>Fabricado en Francia<\/li>\n<\/ul>\n<p><span style=\"text-decoration: underline;\"><strong>Prohibida su venta fuera de Europa<\/strong><\/span><\/p>\n","protected":false},"excerpt":{"rendered":"<p>MAGIMIX. GARANT\u00cdA ITALIANA En Francia, en el coraz\u00f3n de Borgo\u00f1a, una regi\u00f3n famosa por su gastronom\u00eda, Magimix invent\u00f3 el robot<\/p>\n","protected":false},"featured_media":490256,"template":"","meta":{"_acf_changed":false,"inline_featured_image":false},"product_cat":[16073,16077],"product_tag":[16654,16646,20900,16655,23263,20922,16653],"acf":[],"yoast_head":"<!-- This site is optimized with the Yoast SEO Premium plugin v18.6 (Yoast SEO v19.13) - https:\/\/yoast.com\/wordpress\/plugins\/seo\/ -->\n<title>MAGIMIX Robot de Cocina Mini Plus Negro - Erresse Shop<\/title>\n<meta name=\"description\" content=\"MAGIMIX. GARANT\u00cdA ITALIANA En Francia, en el coraz\u00f3n de Borgo\u00f1a, una regi\u00f3n famosa por su gastronom\u00eda, Magimix invent\u00f3 el robot de cocina hace m\u00e1s de\" \/>\n<meta name=\"robots\" content=\"index, follow, max-snippet:-1, max-image-preview:large, max-video-preview:-1\" \/>\n<link rel=\"canonical\" href=\"https:\/\/www.erresse-shop.it\/es\/shop\/pequenos-electrodomesticos\/procesadores-de-alimentos\/magimix-robot-de-cocina-mini-plus-negro-2\/\" \/>\n<meta property=\"og:locale\" content=\"es_ES\" \/>\n<meta property=\"og:type\" content=\"article\" \/>\n<meta property=\"og:title\" content=\"MAGIMIX Robot de Cocina Mini Plus Negro\" \/>\n<meta property=\"og:description\" content=\"MAGIMIX. GARANT\u00cdA ITALIANA En Francia, en el coraz\u00f3n de Borgo\u00f1a, una regi\u00f3n famosa por su gastronom\u00eda, Magimix invent\u00f3 el robot de cocina hace m\u00e1s de\" \/>\n<meta property=\"og:url\" content=\"https:\/\/www.erresse-shop.it\/es\/shop\/pequenos-electrodomesticos\/procesadores-de-alimentos\/magimix-robot-de-cocina-mini-plus-negro-2\/\" \/>\n<meta property=\"og:site_name\" content=\"Erresse Shop\" \/>\n<meta property=\"article:modified_time\" content=\"2026-02-27T11:13:05+00:00\" \/>\n<meta property=\"og:image\" content=\"https:\/\/www.erresse-shop.it\/wp-content\/uploads\/2025\/04\/MAGIMIX-Robot-da-cucina-Mini-Plus-Nero.jpg\" \/>\n\t<meta property=\"og:image:width\" content=\"1200\" \/>\n\t<meta property=\"og:image:height\" content=\"1200\" \/>\n\t<meta property=\"og:image:type\" content=\"image\/jpeg\" \/>\n<meta name=\"twitter:card\" content=\"summary_large_image\" \/>\n<script type=\"application\/ld+json\" class=\"yoast-schema-graph\">{\"@context\":\"https:\/\/schema.org\",\"@graph\":[{\"@type\":\"WebPage\",\"@id\":\"https:\/\/www.erresse-shop.it\/es\/shop\/pequenos-electrodomesticos\/procesadores-de-alimentos\/magimix-robot-de-cocina-mini-plus-negro-2\/\",\"url\":\"https:\/\/www.erresse-shop.it\/es\/shop\/pequenos-electrodomesticos\/procesadores-de-alimentos\/magimix-robot-de-cocina-mini-plus-negro-2\/\",\"name\":\"MAGIMIX Robot de Cocina Mini Plus Negro - Erresse Shop\",\"isPartOf\":{\"@id\":\"https:\/\/www.erresse-shop.it\/es\/#website\"},\"datePublished\":\"2025-04-10T12:52:42+00:00\",\"dateModified\":\"2026-02-27T11:13:05+00:00\",\"description\":\"MAGIMIX. GARANT\u00cdA ITALIANA En Francia, en el coraz\u00f3n de Borgo\u00f1a, una regi\u00f3n famosa por su gastronom\u00eda, Magimix invent\u00f3 el robot de cocina hace m\u00e1s de\",\"breadcrumb\":{\"@id\":\"https:\/\/www.erresse-shop.it\/es\/shop\/pequenos-electrodomesticos\/procesadores-de-alimentos\/magimix-robot-de-cocina-mini-plus-negro-2\/#breadcrumb\"},\"inLanguage\":\"es\",\"potentialAction\":[{\"@type\":\"ReadAction\",\"target\":[\"https:\/\/www.erresse-shop.it\/es\/shop\/pequenos-electrodomesticos\/procesadores-de-alimentos\/magimix-robot-de-cocina-mini-plus-negro-2\/\"]}]},{\"@type\":\"BreadcrumbList\",\"@id\":\"https:\/\/www.erresse-shop.it\/es\/shop\/pequenos-electrodomesticos\/procesadores-de-alimentos\/magimix-robot-de-cocina-mini-plus-negro-2\/#breadcrumb\",\"itemListElement\":[{\"@type\":\"ListItem\",\"position\":1,\"name\":\"Home\",\"item\":\"https:\/\/www.erresse-shop.it\/es\/\"},{\"@type\":\"ListItem\",\"position\":2,\"name\":\"Shop\",\"item\":\"https:\/\/www.erresse-shop.it\/es\/shop\/\"},{\"@type\":\"ListItem\",\"position\":3,\"name\":\"MAGIMIX Robot de Cocina Mini Plus Negro\"}]},{\"@type\":\"WebSite\",\"@id\":\"https:\/\/www.erresse-shop.it\/es\/#website\",\"url\":\"https:\/\/www.erresse-shop.it\/es\/\",\"name\":\"Erresse Shop\",\"description\":\"Articoli di qualit\u00e0 per la casa\",\"potentialAction\":[{\"@type\":\"SearchAction\",\"target\":{\"@type\":\"EntryPoint\",\"urlTemplate\":\"https:\/\/www.erresse-shop.it\/es\/?s={search_term_string}\"},\"query-input\":\"required name=search_term_string\"}],\"inLanguage\":\"es\"}]}<\/script>\n<!-- \/ Yoast SEO Premium plugin. -->","yoast_head_json":{"title":"MAGIMIX Robot de Cocina Mini Plus Negro - Erresse Shop","description":"MAGIMIX. GARANT\u00cdA ITALIANA En Francia, en el coraz\u00f3n de Borgo\u00f1a, una regi\u00f3n famosa por su gastronom\u00eda, Magimix invent\u00f3 el robot de cocina hace m\u00e1s de","robots":{"index":"index","follow":"follow","max-snippet":"max-snippet:-1","max-image-preview":"max-image-preview:large","max-video-preview":"max-video-preview:-1"},"canonical":"https:\/\/www.erresse-shop.it\/es\/shop\/pequenos-electrodomesticos\/procesadores-de-alimentos\/magimix-robot-de-cocina-mini-plus-negro-2\/","og_locale":"es_ES","og_type":"article","og_title":"MAGIMIX Robot de Cocina Mini Plus Negro","og_description":"MAGIMIX. GARANT\u00cdA ITALIANA En Francia, en el coraz\u00f3n de Borgo\u00f1a, una regi\u00f3n famosa por su gastronom\u00eda, Magimix invent\u00f3 el robot de cocina hace m\u00e1s de","og_url":"https:\/\/www.erresse-shop.it\/es\/shop\/pequenos-electrodomesticos\/procesadores-de-alimentos\/magimix-robot-de-cocina-mini-plus-negro-2\/","og_site_name":"Erresse Shop","article_modified_time":"2026-02-27T11:13:05+00:00","og_image":[{"width":1200,"height":1200,"url":"https:\/\/www.erresse-shop.it\/wp-content\/uploads\/2025\/04\/MAGIMIX-Robot-da-cucina-Mini-Plus-Nero.jpg","type":"image\/jpeg"}],"twitter_card":"summary_large_image","schema":{"@context":"https:\/\/schema.org","@graph":[{"@type":"WebPage","@id":"https:\/\/www.erresse-shop.it\/es\/shop\/pequenos-electrodomesticos\/procesadores-de-alimentos\/magimix-robot-de-cocina-mini-plus-negro-2\/","url":"https:\/\/www.erresse-shop.it\/es\/shop\/pequenos-electrodomesticos\/procesadores-de-alimentos\/magimix-robot-de-cocina-mini-plus-negro-2\/","name":"MAGIMIX Robot de Cocina Mini Plus Negro - Erresse Shop","isPartOf":{"@id":"https:\/\/www.erresse-shop.it\/es\/#website"},"datePublished":"2025-04-10T12:52:42+00:00","dateModified":"2026-02-27T11:13:05+00:00","description":"MAGIMIX. GARANT\u00cdA ITALIANA En Francia, en el coraz\u00f3n de Borgo\u00f1a, una regi\u00f3n famosa por su gastronom\u00eda, Magimix invent\u00f3 el robot de cocina hace m\u00e1s de","breadcrumb":{"@id":"https:\/\/www.erresse-shop.it\/es\/shop\/pequenos-electrodomesticos\/procesadores-de-alimentos\/magimix-robot-de-cocina-mini-plus-negro-2\/#breadcrumb"},"inLanguage":"es","potentialAction":[{"@type":"ReadAction","target":["https:\/\/www.erresse-shop.it\/es\/shop\/pequenos-electrodomesticos\/procesadores-de-alimentos\/magimix-robot-de-cocina-mini-plus-negro-2\/"]}]},{"@type":"BreadcrumbList","@id":"https:\/\/www.erresse-shop.it\/es\/shop\/pequenos-electrodomesticos\/procesadores-de-alimentos\/magimix-robot-de-cocina-mini-plus-negro-2\/#breadcrumb","itemListElement":[{"@type":"ListItem","position":1,"name":"Home","item":"https:\/\/www.erresse-shop.it\/es\/"},{"@type":"ListItem","position":2,"name":"Shop","item":"https:\/\/www.erresse-shop.it\/es\/shop\/"},{"@type":"ListItem","position":3,"name":"MAGIMIX Robot de Cocina Mini Plus Negro"}]},{"@type":"WebSite","@id":"https:\/\/www.erresse-shop.it\/es\/#website","url":"https:\/\/www.erresse-shop.it\/es\/","name":"Erresse Shop","description":"Articoli di qualit\u00e0 per la casa","potentialAction":[{"@type":"SearchAction","target":{"@type":"EntryPoint","urlTemplate":"https:\/\/www.erresse-shop.it\/es\/?s={search_term_string}"},"query-input":"required name=search_term_string"}],"inLanguage":"es"}]}},"df_price":172.25,"df_sale_price":172.25,"df_regular_price":265,"df_image_link":"https:\/\/www.erresse-shop.it\/wp-content\/uploads\/2025\/04\/MAGIMIX-Robot-da-cucina-Mini-Plus-Nero-300x300.jpg","_links":{"self":[{"href":"https:\/\/www.erresse-shop.it\/es\/wp-json\/wp\/v2\/product\/490247"}],"collection":[{"href":"https:\/\/www.erresse-shop.it\/es\/wp-json\/wp\/v2\/product"}],"about":[{"href":"https:\/\/www.erresse-shop.it\/es\/wp-json\/wp\/v2\/types\/product"}],"wp:featuredmedia":[{"embeddable":true,"href":"https:\/\/www.erresse-shop.it\/es\/wp-json\/wp\/v2\/media\/490256"}],"wp:attachment":[{"href":"https:\/\/www.erresse-shop.it\/es\/wp-json\/wp\/v2\/media?parent=490247"}],"wp:term":[{"taxonomy":"product_cat","embeddable":true,"href":"https:\/\/www.erresse-shop.it\/es\/wp-json\/wp\/v2\/product_cat?post=490247"},{"taxonomy":"product_tag","embeddable":true,"href":"https:\/\/www.erresse-shop.it\/es\/wp-json\/wp\/v2\/product_tag?post=490247"}],"curies":[{"name":"wp","href":"https:\/\/api.w.org\/{rel}","templated":true}]}}