{"id":490212,"date":"2025-04-10T12:32:12","date_gmt":"2025-04-10T12:32:16","guid":{"rendered":"https:\/\/www.erresse-shop.it\/?post_type=product&#038;p=490212"},"modified":"2026-02-27T11:15:54","modified_gmt":"2026-02-27T11:15:54","slug":"staub-crepera-con-mango-de-madera-28-cm-negra","status":"publish","type":"product","link":"https:\/\/www.erresse-shop.it\/es\/shop\/sartenes-y-ollas\/ollas-y-cacerolas\/staub-crepera-con-mango-de-madera-28-cm-negra\/","title":{"rendered":"STAUB Crepera con mango de madera 28 cm Negra"},"content":{"rendered":"<p>Con la crepera STAUB podr\u00e1s preparar crepes dulces y salados para toda la familia. Gracias al borde bajo, incluso los panqueques m\u00e1s finos quedan bien. Incluso dar la vuelta a los crepes y panqueques no ser\u00e1 un problema gracias a la esp\u00e1tula incluida. Tanto a peque\u00f1os como a mayores les encantar\u00e1 la variedad de posibles aderezos: pur\u00e9 de manzana, mermelada, frutas o mezclas de az\u00facar y canela. El mango ergon\u00f3mico de madera a\u00edsla el calor y, por lo tanto, protege contra quemaduras. Al mismo tiempo, facilita el uso de la crepera en cualquier tipo de placa. La superficie esmaltada de la sart\u00e9n impresiona por sus cortos tiempos de calentamiento y su \u00f3ptima distribuci\u00f3n y retenci\u00f3n del calor, lo que garantiza que los alimentos se cocinen de manera uniforme. Gracias a estas propiedades la crepera tambi\u00e9n es adecuada para preparar muchos otros platos. Desde jugosas brochetas a la parrilla hasta crujientes pizzas, no hay l\u00edmites para la creatividad en la cocina.<\/p>\n<ul>\n<li>Perfecto para hornear, asar y cocinar a la parrilla<\/li>\n<li>Para todo tipo de fuegos, incluida la inducci\u00f3n<\/li>\n<li>Mango de madera pr\u00e1ctico, incluye esp\u00e1tula y esparcidor de masa<\/li>\n<li>Cocci\u00f3n con ahorro energ\u00e9tico gracias a las propiedades especiales del hierro fundido<\/li>\n<li>Base lisa para un uso cuidadoso en placas sensibles<\/li>\n<li>Dimensiones con asa (LxAnxAl): 48 x 28 x 6,2 cm, Di\u00e1metro: 28 cm, Fondo: 26,5 cm<\/li>\n<li>Peso: 2,46 kg<\/li>\n<\/ul>\n","protected":false},"excerpt":{"rendered":"<p>Con la crepera STAUB podr\u00e1s preparar crepes dulces y salados para toda la familia. Gracias al borde bajo, incluso los<\/p>\n","protected":false},"featured_media":490236,"template":"","meta":{"_acf_changed":false,"inline_featured_image":false},"product_cat":[16067,16058],"product_tag":[25090,21537,16158,16654,25023],"acf":[],"yoast_head":"<!-- This site is optimized with the Yoast SEO Premium plugin v18.6 (Yoast SEO v19.13) - https:\/\/yoast.com\/wordpress\/plugins\/seo\/ -->\n<title>STAUB Crepera con mango de madera 28 cm Negra - Erresse Shop<\/title>\n<meta name=\"description\" content=\"Con la crepera STAUB podr\u00e1s preparar crepes dulces y salados para toda la familia. Gracias al borde bajo, incluso los panqueques m\u00e1s finos quedan bien.\" \/>\n<meta name=\"robots\" content=\"index, follow, max-snippet:-1, max-image-preview:large, max-video-preview:-1\" \/>\n<link rel=\"canonical\" href=\"https:\/\/www.erresse-shop.it\/es\/shop\/sartenes-y-ollas\/ollas-y-cacerolas\/staub-crepera-con-mango-de-madera-28-cm-negra\/\" \/>\n<meta property=\"og:locale\" content=\"es_ES\" \/>\n<meta property=\"og:type\" content=\"article\" \/>\n<meta property=\"og:title\" content=\"STAUB Crepera con mango de madera 28 cm Negra\" \/>\n<meta property=\"og:description\" content=\"Con la crepera STAUB podr\u00e1s preparar crepes dulces y salados para toda la familia. Gracias al borde bajo, incluso los panqueques m\u00e1s finos quedan bien.\" \/>\n<meta property=\"og:url\" content=\"https:\/\/www.erresse-shop.it\/es\/shop\/sartenes-y-ollas\/ollas-y-cacerolas\/staub-crepera-con-mango-de-madera-28-cm-negra\/\" \/>\n<meta property=\"og:site_name\" content=\"Erresse Shop\" \/>\n<meta property=\"article:modified_time\" content=\"2026-02-27T11:15:54+00:00\" \/>\n<meta property=\"og:image\" content=\"https:\/\/www.erresse-shop.it\/wp-content\/uploads\/2025\/04\/STAUB-Crepiera-Manico-in-Legno-28-cm-Nero.jpg\" \/>\n\t<meta property=\"og:image:width\" content=\"1200\" \/>\n\t<meta property=\"og:image:height\" content=\"1200\" \/>\n\t<meta property=\"og:image:type\" content=\"image\/jpeg\" \/>\n<meta name=\"twitter:card\" content=\"summary_large_image\" \/>\n<script type=\"application\/ld+json\" class=\"yoast-schema-graph\">{\"@context\":\"https:\/\/schema.org\",\"@graph\":[{\"@type\":\"WebPage\",\"@id\":\"https:\/\/www.erresse-shop.it\/es\/shop\/sartenes-y-ollas\/ollas-y-cacerolas\/staub-crepera-con-mango-de-madera-28-cm-negra\/\",\"url\":\"https:\/\/www.erresse-shop.it\/es\/shop\/sartenes-y-ollas\/ollas-y-cacerolas\/staub-crepera-con-mango-de-madera-28-cm-negra\/\",\"name\":\"STAUB Crepera con mango de madera 28 cm Negra - Erresse Shop\",\"isPartOf\":{\"@id\":\"https:\/\/www.erresse-shop.it\/es\/#website\"},\"datePublished\":\"2025-04-10T12:32:16+00:00\",\"dateModified\":\"2026-02-27T11:15:54+00:00\",\"description\":\"Con la crepera STAUB podr\u00e1s preparar crepes dulces y salados para toda la familia. Gracias al borde bajo, incluso los panqueques m\u00e1s finos quedan bien.\",\"breadcrumb\":{\"@id\":\"https:\/\/www.erresse-shop.it\/es\/shop\/sartenes-y-ollas\/ollas-y-cacerolas\/staub-crepera-con-mango-de-madera-28-cm-negra\/#breadcrumb\"},\"inLanguage\":\"es\",\"potentialAction\":[{\"@type\":\"ReadAction\",\"target\":[\"https:\/\/www.erresse-shop.it\/es\/shop\/sartenes-y-ollas\/ollas-y-cacerolas\/staub-crepera-con-mango-de-madera-28-cm-negra\/\"]}]},{\"@type\":\"BreadcrumbList\",\"@id\":\"https:\/\/www.erresse-shop.it\/es\/shop\/sartenes-y-ollas\/ollas-y-cacerolas\/staub-crepera-con-mango-de-madera-28-cm-negra\/#breadcrumb\",\"itemListElement\":[{\"@type\":\"ListItem\",\"position\":1,\"name\":\"Home\",\"item\":\"https:\/\/www.erresse-shop.it\/es\/\"},{\"@type\":\"ListItem\",\"position\":2,\"name\":\"Shop\",\"item\":\"https:\/\/www.erresse-shop.it\/es\/shop\/\"},{\"@type\":\"ListItem\",\"position\":3,\"name\":\"STAUB Crepera con mango de madera 28 cm Negra\"}]},{\"@type\":\"WebSite\",\"@id\":\"https:\/\/www.erresse-shop.it\/es\/#website\",\"url\":\"https:\/\/www.erresse-shop.it\/es\/\",\"name\":\"Erresse Shop\",\"description\":\"Articoli di qualit\u00e0 per la casa\",\"potentialAction\":[{\"@type\":\"SearchAction\",\"target\":{\"@type\":\"EntryPoint\",\"urlTemplate\":\"https:\/\/www.erresse-shop.it\/es\/?s={search_term_string}\"},\"query-input\":\"required name=search_term_string\"}],\"inLanguage\":\"es\"}]}<\/script>\n<!-- \/ Yoast SEO Premium plugin. -->","yoast_head_json":{"title":"STAUB Crepera con mango de madera 28 cm Negra - Erresse Shop","description":"Con la crepera STAUB podr\u00e1s preparar crepes dulces y salados para toda la familia. Gracias al borde bajo, incluso los panqueques m\u00e1s finos quedan bien.","robots":{"index":"index","follow":"follow","max-snippet":"max-snippet:-1","max-image-preview":"max-image-preview:large","max-video-preview":"max-video-preview:-1"},"canonical":"https:\/\/www.erresse-shop.it\/es\/shop\/sartenes-y-ollas\/ollas-y-cacerolas\/staub-crepera-con-mango-de-madera-28-cm-negra\/","og_locale":"es_ES","og_type":"article","og_title":"STAUB Crepera con mango de madera 28 cm Negra","og_description":"Con la crepera STAUB podr\u00e1s preparar crepes dulces y salados para toda la familia. Gracias al borde bajo, incluso los panqueques m\u00e1s finos quedan bien.","og_url":"https:\/\/www.erresse-shop.it\/es\/shop\/sartenes-y-ollas\/ollas-y-cacerolas\/staub-crepera-con-mango-de-madera-28-cm-negra\/","og_site_name":"Erresse Shop","article_modified_time":"2026-02-27T11:15:54+00:00","og_image":[{"width":1200,"height":1200,"url":"https:\/\/www.erresse-shop.it\/wp-content\/uploads\/2025\/04\/STAUB-Crepiera-Manico-in-Legno-28-cm-Nero.jpg","type":"image\/jpeg"}],"twitter_card":"summary_large_image","schema":{"@context":"https:\/\/schema.org","@graph":[{"@type":"WebPage","@id":"https:\/\/www.erresse-shop.it\/es\/shop\/sartenes-y-ollas\/ollas-y-cacerolas\/staub-crepera-con-mango-de-madera-28-cm-negra\/","url":"https:\/\/www.erresse-shop.it\/es\/shop\/sartenes-y-ollas\/ollas-y-cacerolas\/staub-crepera-con-mango-de-madera-28-cm-negra\/","name":"STAUB Crepera con mango de madera 28 cm Negra - Erresse Shop","isPartOf":{"@id":"https:\/\/www.erresse-shop.it\/es\/#website"},"datePublished":"2025-04-10T12:32:16+00:00","dateModified":"2026-02-27T11:15:54+00:00","description":"Con la crepera STAUB podr\u00e1s preparar crepes dulces y salados para toda la familia. Gracias al borde bajo, incluso los panqueques m\u00e1s finos quedan bien.","breadcrumb":{"@id":"https:\/\/www.erresse-shop.it\/es\/shop\/sartenes-y-ollas\/ollas-y-cacerolas\/staub-crepera-con-mango-de-madera-28-cm-negra\/#breadcrumb"},"inLanguage":"es","potentialAction":[{"@type":"ReadAction","target":["https:\/\/www.erresse-shop.it\/es\/shop\/sartenes-y-ollas\/ollas-y-cacerolas\/staub-crepera-con-mango-de-madera-28-cm-negra\/"]}]},{"@type":"BreadcrumbList","@id":"https:\/\/www.erresse-shop.it\/es\/shop\/sartenes-y-ollas\/ollas-y-cacerolas\/staub-crepera-con-mango-de-madera-28-cm-negra\/#breadcrumb","itemListElement":[{"@type":"ListItem","position":1,"name":"Home","item":"https:\/\/www.erresse-shop.it\/es\/"},{"@type":"ListItem","position":2,"name":"Shop","item":"https:\/\/www.erresse-shop.it\/es\/shop\/"},{"@type":"ListItem","position":3,"name":"STAUB Crepera con mango de madera 28 cm Negra"}]},{"@type":"WebSite","@id":"https:\/\/www.erresse-shop.it\/es\/#website","url":"https:\/\/www.erresse-shop.it\/es\/","name":"Erresse Shop","description":"Articoli di qualit\u00e0 per la casa","potentialAction":[{"@type":"SearchAction","target":{"@type":"EntryPoint","urlTemplate":"https:\/\/www.erresse-shop.it\/es\/?s={search_term_string}"},"query-input":"required name=search_term_string"}],"inLanguage":"es"}]}},"df_price":49.975,"df_sale_price":49.975,"df_regular_price":99.95,"df_image_link":"https:\/\/www.erresse-shop.it\/wp-content\/uploads\/2025\/04\/STAUB-Crepiera-Manico-in-Legno-28-cm-Nero-300x300.jpg","_links":{"self":[{"href":"https:\/\/www.erresse-shop.it\/es\/wp-json\/wp\/v2\/product\/490212"}],"collection":[{"href":"https:\/\/www.erresse-shop.it\/es\/wp-json\/wp\/v2\/product"}],"about":[{"href":"https:\/\/www.erresse-shop.it\/es\/wp-json\/wp\/v2\/types\/product"}],"wp:featuredmedia":[{"embeddable":true,"href":"https:\/\/www.erresse-shop.it\/es\/wp-json\/wp\/v2\/media\/490236"}],"wp:attachment":[{"href":"https:\/\/www.erresse-shop.it\/es\/wp-json\/wp\/v2\/media?parent=490212"}],"wp:term":[{"taxonomy":"product_cat","embeddable":true,"href":"https:\/\/www.erresse-shop.it\/es\/wp-json\/wp\/v2\/product_cat?post=490212"},{"taxonomy":"product_tag","embeddable":true,"href":"https:\/\/www.erresse-shop.it\/es\/wp-json\/wp\/v2\/product_tag?post=490212"}],"curies":[{"name":"wp","href":"https:\/\/api.w.org\/{rel}","templated":true}]}}