{"id":490178,"date":"2025-04-10T12:23:00","date_gmt":"2025-04-10T12:23:12","guid":{"rendered":"https:\/\/www.erresse-shop.it\/?post_type=product&#038;p=490178"},"modified":"2026-02-27T11:17:45","modified_gmt":"2026-02-27T11:17:45","slug":"staub-cocotte-redonda-22-cm-azul-oscuro","status":"publish","type":"product","link":"https:\/\/www.erresse-shop.it\/es\/shop\/sartenes-y-ollas\/marmitas-y-cocottes\/staub-cocotte-redonda-22-cm-azul-oscuro\/","title":{"rendered":"STAUB Cocotte Redonda 22 cm Azul oscuro"},"content":{"rendered":"<p>Esta cocotte redonda de la popular serie La Cocotte se puede utilizar para cocinar todo tipo de platos estofados, guisos e incluso postres. A la hora de estofar es importante que todos los ingredientes se calienten de manera uniforme y suave. El hierro fundido del que est\u00e1 hecha la cacerola retiene muy bien el calor y lo redistribuye uniformemente. Este efecto de cocci\u00f3n se ve mejorado a\u00fan m\u00e1s por el revestimiento de esmalte negro mate del interior de la sart\u00e9n, que tambi\u00e9n acent\u00faa el sabor de la comida. El efecto del esmalte de u\u00f1as se intensifica a\u00fan m\u00e1s con el uso regular. De esta manera, tanto principiantes como aficionados a la cocina y cocineros profesionales podr\u00e1n llevar a la mesa sabrosos platos estofados con esta cocotte. El acabado verde albahaca de la cocotte a\u00f1ade un toque decorativo a la mesa, aportando una hermosa explosi\u00f3n de color. La cocotte destaca por el material del que est\u00e1 fabricada y por su resistencia. Adem\u00e1s, el hierro fundido es muy f\u00e1cil de limpiar y es apto para todo tipo de fuegos, incluidos los de inducci\u00f3n. Con un di\u00e1metro de 22 cm y una capacidad de hasta 2,6 litros, la cocotte es especialmente adecuada para cocinar guarniciones y guisos. Con esta cocotte de Staub podr\u00e1s mimar a tus seres queridos con platos sabrosos y a la vez f\u00e1ciles de preparar.<\/p>\n<ul>\n<li>Ideal para sellar y cocinar a fuego lento carne, pescado o verduras<\/li>\n<li>Para un resultado de cocci\u00f3n jugoso y tierno gracias a la tapa<\/li>\n<li>El esmalte interior negro mate es ideal para dorar de forma especialmente crujiente y es muy resistente<\/li>\n<li>Apto para todos<\/li>\n<\/ul>\n<p><strong>Caracter\u00edsticas<\/strong><br \/>\n&#8211; Resistencia al calor (\u00b0C): 240,00 \u00baC<br \/>\n&#8211; Resistencia al fr\u00edo: -20,00 \u00baC<br \/>\n&#8211; Material: hierro fundido<br \/>\n&#8211; Tapa existente: s\u00ed<br \/>\n&#8211; Inducci\u00f3n: S\u00ed<br \/>\n&#8211; Apto para horno: S\u00ed<br \/>\n&#8211; Apto para congelador: S\u00ed<br \/>\n&#8211; Apto para vitrocer\u00e1mica: S\u00ed<br \/>\n&#8211; Apto para lavavajillas: S\u00ed<\/p>\n<p>Tama\u00f1o<\/p>\n<ul>\n<li class=\"attribute\"><span class=\"label\">Peso neto:<\/span><span class=\"value\">3,95 kg<\/span><\/li>\n<li class=\"attribute\"><span class=\"label\">Capacidad:<\/span><span class=\"value\">2,60 l<\/span><\/li>\n<li class=\"attribute\"><span class=\"label\">Longitud del producto:<\/span><span class=\"value\">28,40 cm<\/span><\/li>\n<li class=\"attribute\"><span class=\"label\">Ancho del producto:<\/span><span class=\"value\">22,00 cm<\/span><\/li>\n<li class=\"attribute\"><span class=\"label\">Altura del producto:<\/span><span class=\"value\">14,70 cm<\/span><\/li>\n<li class=\"attribute\"><span class=\"label\">Altura sin tapa:<\/span><span class=\"value\">9,90 cm<\/span><\/li>\n<li class=\"attribute\"><span class=\"label\">Di\u00e1metro superior:<\/span><span class=\"value\">22,00 cm<\/span><\/li>\n<li class=\"attribute\"><span class=\"label\">Di\u00e1metro del fondo:<\/span><span class=\"value\">17,10 cm<\/span><\/li>\n<li class=\"attribute\"><span class=\"label\">Longitud del mango:<\/span><span class=\"value\">3,00 cm<\/span><\/li>\n<\/ul>\n","protected":false},"excerpt":{"rendered":"<p>Esta cocotte redonda de la popular serie La Cocotte se puede utilizar para cocinar todo tipo de platos estofados, guisos<\/p>\n","protected":false},"featured_media":490202,"template":"","meta":{"_acf_changed":false,"inline_featured_image":false},"product_cat":[16065,16058],"product_tag":[16111,16211,21537,16781,16158,16654],"acf":[],"yoast_head":"<!-- This site is optimized with the Yoast SEO Premium plugin v18.6 (Yoast SEO v19.13) - https:\/\/yoast.com\/wordpress\/plugins\/seo\/ -->\n<title>STAUB Cocotte Redonda 22 cm Azul oscuro - Erresse Shop<\/title>\n<meta name=\"description\" content=\"Esta cocotte redonda de la popular serie La Cocotte se puede utilizar para cocinar todo tipo de platos estofados, guisos e incluso postres. A la hora de\" \/>\n<meta name=\"robots\" content=\"index, follow, max-snippet:-1, max-image-preview:large, max-video-preview:-1\" \/>\n<link rel=\"canonical\" href=\"https:\/\/www.erresse-shop.it\/es\/shop\/sartenes-y-ollas\/marmitas-y-cocottes\/staub-cocotte-redonda-22-cm-azul-oscuro\/\" \/>\n<meta property=\"og:locale\" content=\"es_ES\" \/>\n<meta property=\"og:type\" content=\"article\" \/>\n<meta property=\"og:title\" content=\"STAUB Cocotte Redonda 22 cm Azul oscuro\" \/>\n<meta property=\"og:description\" content=\"Esta cocotte redonda de la popular serie La Cocotte se puede utilizar para cocinar todo tipo de platos estofados, guisos e incluso postres. A la hora de\" \/>\n<meta property=\"og:url\" content=\"https:\/\/www.erresse-shop.it\/es\/shop\/sartenes-y-ollas\/marmitas-y-cocottes\/staub-cocotte-redonda-22-cm-azul-oscuro\/\" \/>\n<meta property=\"og:site_name\" content=\"Erresse Shop\" \/>\n<meta property=\"article:modified_time\" content=\"2026-02-27T11:17:45+00:00\" \/>\n<meta property=\"og:image\" content=\"https:\/\/www.erresse-shop.it\/wp-content\/uploads\/2025\/04\/STAUB-Cocotte-Tonda-22-cm-Blu-Scuro.jpg\" \/>\n\t<meta property=\"og:image:width\" content=\"1200\" \/>\n\t<meta property=\"og:image:height\" content=\"1200\" \/>\n\t<meta property=\"og:image:type\" content=\"image\/jpeg\" \/>\n<meta name=\"twitter:card\" content=\"summary_large_image\" \/>\n<script type=\"application\/ld+json\" class=\"yoast-schema-graph\">{\"@context\":\"https:\/\/schema.org\",\"@graph\":[{\"@type\":\"WebPage\",\"@id\":\"https:\/\/www.erresse-shop.it\/es\/shop\/sartenes-y-ollas\/marmitas-y-cocottes\/staub-cocotte-redonda-22-cm-azul-oscuro\/\",\"url\":\"https:\/\/www.erresse-shop.it\/es\/shop\/sartenes-y-ollas\/marmitas-y-cocottes\/staub-cocotte-redonda-22-cm-azul-oscuro\/\",\"name\":\"STAUB Cocotte Redonda 22 cm Azul oscuro - Erresse Shop\",\"isPartOf\":{\"@id\":\"https:\/\/www.erresse-shop.it\/es\/#website\"},\"datePublished\":\"2025-04-10T12:23:12+00:00\",\"dateModified\":\"2026-02-27T11:17:45+00:00\",\"description\":\"Esta cocotte redonda de la popular serie La Cocotte se puede utilizar para cocinar todo tipo de platos estofados, guisos e incluso postres. A la hora de\",\"breadcrumb\":{\"@id\":\"https:\/\/www.erresse-shop.it\/es\/shop\/sartenes-y-ollas\/marmitas-y-cocottes\/staub-cocotte-redonda-22-cm-azul-oscuro\/#breadcrumb\"},\"inLanguage\":\"es\",\"potentialAction\":[{\"@type\":\"ReadAction\",\"target\":[\"https:\/\/www.erresse-shop.it\/es\/shop\/sartenes-y-ollas\/marmitas-y-cocottes\/staub-cocotte-redonda-22-cm-azul-oscuro\/\"]}]},{\"@type\":\"BreadcrumbList\",\"@id\":\"https:\/\/www.erresse-shop.it\/es\/shop\/sartenes-y-ollas\/marmitas-y-cocottes\/staub-cocotte-redonda-22-cm-azul-oscuro\/#breadcrumb\",\"itemListElement\":[{\"@type\":\"ListItem\",\"position\":1,\"name\":\"Home\",\"item\":\"https:\/\/www.erresse-shop.it\/es\/\"},{\"@type\":\"ListItem\",\"position\":2,\"name\":\"Shop\",\"item\":\"https:\/\/www.erresse-shop.it\/es\/shop\/\"},{\"@type\":\"ListItem\",\"position\":3,\"name\":\"STAUB Cocotte Redonda 22 cm Azul oscuro\"}]},{\"@type\":\"WebSite\",\"@id\":\"https:\/\/www.erresse-shop.it\/es\/#website\",\"url\":\"https:\/\/www.erresse-shop.it\/es\/\",\"name\":\"Erresse Shop\",\"description\":\"Articoli di qualit\u00e0 per la casa\",\"potentialAction\":[{\"@type\":\"SearchAction\",\"target\":{\"@type\":\"EntryPoint\",\"urlTemplate\":\"https:\/\/www.erresse-shop.it\/es\/?s={search_term_string}\"},\"query-input\":\"required name=search_term_string\"}],\"inLanguage\":\"es\"}]}<\/script>\n<!-- \/ Yoast SEO Premium plugin. -->","yoast_head_json":{"title":"STAUB Cocotte Redonda 22 cm Azul oscuro - Erresse Shop","description":"Esta cocotte redonda de la popular serie La Cocotte se puede utilizar para cocinar todo tipo de platos estofados, guisos e incluso postres. A la hora de","robots":{"index":"index","follow":"follow","max-snippet":"max-snippet:-1","max-image-preview":"max-image-preview:large","max-video-preview":"max-video-preview:-1"},"canonical":"https:\/\/www.erresse-shop.it\/es\/shop\/sartenes-y-ollas\/marmitas-y-cocottes\/staub-cocotte-redonda-22-cm-azul-oscuro\/","og_locale":"es_ES","og_type":"article","og_title":"STAUB Cocotte Redonda 22 cm Azul oscuro","og_description":"Esta cocotte redonda de la popular serie La Cocotte se puede utilizar para cocinar todo tipo de platos estofados, guisos e incluso postres. A la hora de","og_url":"https:\/\/www.erresse-shop.it\/es\/shop\/sartenes-y-ollas\/marmitas-y-cocottes\/staub-cocotte-redonda-22-cm-azul-oscuro\/","og_site_name":"Erresse Shop","article_modified_time":"2026-02-27T11:17:45+00:00","og_image":[{"width":1200,"height":1200,"url":"https:\/\/www.erresse-shop.it\/wp-content\/uploads\/2025\/04\/STAUB-Cocotte-Tonda-22-cm-Blu-Scuro.jpg","type":"image\/jpeg"}],"twitter_card":"summary_large_image","schema":{"@context":"https:\/\/schema.org","@graph":[{"@type":"WebPage","@id":"https:\/\/www.erresse-shop.it\/es\/shop\/sartenes-y-ollas\/marmitas-y-cocottes\/staub-cocotte-redonda-22-cm-azul-oscuro\/","url":"https:\/\/www.erresse-shop.it\/es\/shop\/sartenes-y-ollas\/marmitas-y-cocottes\/staub-cocotte-redonda-22-cm-azul-oscuro\/","name":"STAUB Cocotte Redonda 22 cm Azul oscuro - Erresse Shop","isPartOf":{"@id":"https:\/\/www.erresse-shop.it\/es\/#website"},"datePublished":"2025-04-10T12:23:12+00:00","dateModified":"2026-02-27T11:17:45+00:00","description":"Esta cocotte redonda de la popular serie La Cocotte se puede utilizar para cocinar todo tipo de platos estofados, guisos e incluso postres. A la hora de","breadcrumb":{"@id":"https:\/\/www.erresse-shop.it\/es\/shop\/sartenes-y-ollas\/marmitas-y-cocottes\/staub-cocotte-redonda-22-cm-azul-oscuro\/#breadcrumb"},"inLanguage":"es","potentialAction":[{"@type":"ReadAction","target":["https:\/\/www.erresse-shop.it\/es\/shop\/sartenes-y-ollas\/marmitas-y-cocottes\/staub-cocotte-redonda-22-cm-azul-oscuro\/"]}]},{"@type":"BreadcrumbList","@id":"https:\/\/www.erresse-shop.it\/es\/shop\/sartenes-y-ollas\/marmitas-y-cocottes\/staub-cocotte-redonda-22-cm-azul-oscuro\/#breadcrumb","itemListElement":[{"@type":"ListItem","position":1,"name":"Home","item":"https:\/\/www.erresse-shop.it\/es\/"},{"@type":"ListItem","position":2,"name":"Shop","item":"https:\/\/www.erresse-shop.it\/es\/shop\/"},{"@type":"ListItem","position":3,"name":"STAUB Cocotte Redonda 22 cm Azul oscuro"}]},{"@type":"WebSite","@id":"https:\/\/www.erresse-shop.it\/es\/#website","url":"https:\/\/www.erresse-shop.it\/es\/","name":"Erresse Shop","description":"Articoli di qualit\u00e0 per la casa","potentialAction":[{"@type":"SearchAction","target":{"@type":"EntryPoint","urlTemplate":"https:\/\/www.erresse-shop.it\/es\/?s={search_term_string}"},"query-input":"required name=search_term_string"}],"inLanguage":"es"}]}},"df_price":169,"df_sale_price":169,"df_regular_price":269,"df_image_link":"https:\/\/www.erresse-shop.it\/wp-content\/uploads\/2025\/04\/STAUB-Cocotte-Tonda-22-cm-Blu-Scuro-300x300.jpg","_links":{"self":[{"href":"https:\/\/www.erresse-shop.it\/es\/wp-json\/wp\/v2\/product\/490178"}],"collection":[{"href":"https:\/\/www.erresse-shop.it\/es\/wp-json\/wp\/v2\/product"}],"about":[{"href":"https:\/\/www.erresse-shop.it\/es\/wp-json\/wp\/v2\/types\/product"}],"wp:featuredmedia":[{"embeddable":true,"href":"https:\/\/www.erresse-shop.it\/es\/wp-json\/wp\/v2\/media\/490202"}],"wp:attachment":[{"href":"https:\/\/www.erresse-shop.it\/es\/wp-json\/wp\/v2\/media?parent=490178"}],"wp:term":[{"taxonomy":"product_cat","embeddable":true,"href":"https:\/\/www.erresse-shop.it\/es\/wp-json\/wp\/v2\/product_cat?post=490178"},{"taxonomy":"product_tag","embeddable":true,"href":"https:\/\/www.erresse-shop.it\/es\/wp-json\/wp\/v2\/product_tag?post=490178"}],"curies":[{"name":"wp","href":"https:\/\/api.w.org\/{rel}","templated":true}]}}