{"id":490060,"date":"2025-04-10T10:22:29","date_gmt":"2025-04-10T10:22:48","guid":{"rendered":"https:\/\/www.erresse-shop.it\/?post_type=product&#038;p=490060"},"modified":"2026-02-27T11:28:35","modified_gmt":"2026-02-27T11:28:35","slug":"staub-cocotte-redonda-20-cm-blanco-trufa","status":"publish","type":"product","link":"https:\/\/www.erresse-shop.it\/es\/shop\/sartenes-y-ollas\/marmitas-y-cocottes\/staub-cocotte-redonda-20-cm-blanco-trufa\/","title":{"rendered":"STAUB Cocotte Redonda 20 cm Blanco Trufa"},"content":{"rendered":"<p>La cocotte Staub es perfecta para cocinar lentamente carne y verduras, garantizando una cocci\u00f3n uniforme y resultados tiernos. Ideal para guisos y sopas, el hierro fundido retiene el calor y la innovadora tapa con p\u00faas internas roc\u00eda continuamente los alimentos, realzando el sabor. El revestimiento de esmalte negro mate y el dise\u00f1o de la tapa permiten dorar y estofar de forma \u00f3ptima. Adecuado para el uso diario, es elegido por los mejores chefs y puede durar generaciones gracias a su excelente durabilidad.<\/p>\n<ul>\n<li>Ideal para sellar y cocinar lentamente carnes, pescados o verduras<\/li>\n<li>Para un resultado de cocci\u00f3n jugoso y tierno gracias a la tapa<\/li>\n<li>El esmalte interior negro mate es ideal para dorar de forma especialmente crujiente y es muy resistente<\/li>\n<li>Apto para todo tipo de fuegos, incluida inducci\u00f3n, tambi\u00e9n se puede colocar en el horno\/grill<\/li>\n<li>Se puede lavar en el lavavajillas, pero no debe hacerse con regularidad<\/li>\n<\/ul>\n<p><strong>Caracter\u00edsticas<\/strong><\/p>\n<ul>\n<li class=\"attribute\"><span class=\"label\">Resistencia al calor:<\/span><span class=\"value\">260 \u00baC<\/span><\/li>\n<li class=\"attribute\"><span class=\"label\">Resistencia al fr\u00edo:<\/span><span class=\"value\">-20 \u00baC<\/span><\/li>\n<li class=\"attribute\"><span class=\"label\">Material:<\/span><span class=\"value\">hierro fundido<\/span><\/li>\n<li class=\"attribute\"><span class=\"label\">Nombre comercial del recubrimiento:<\/span><span class=\"value\">Negro mate<\/span><\/li>\n<li class=\"attribute\"><span class=\"label\">Recubrimiento interno:<\/span><span class=\"value\">esmalte<\/span><\/li>\n<li class=\"attribute\"><span class=\"label\">Tapa existente:<\/span><span class=\"value\">s\u00ed<\/span><\/li>\n<li class=\"attribute\"><span class=\"label\">Inducci\u00f3n:<\/span><span class=\"value\">S\u00ed<\/span><\/li>\n<li class=\"attribute\"><span class=\"label\">Apto para horno:<\/span><span class=\"value\">S\u00ed<\/span><\/li>\n<li class=\"attribute\"><span class=\"label\">Apto para congelador:<\/span><span class=\"value\">S\u00ed<\/span><\/li>\n<li class=\"attribute\"><span class=\"label\">Apto para estufa:<\/span><span class=\"value\">S\u00ed<\/span><\/li>\n<li class=\"attribute\"><span class=\"label\">Apto para lavavajillas:<\/span><span class=\"value\">S\u00ed<\/span><\/li>\n<\/ul>\n<p><strong>Tama\u00f1o<\/strong><\/p>\n<ul>\n<li class=\"attribute\">Peso neto: 3,60 kg<\/li>\n<li class=\"attribute\">Capacidad: 2,20 l<\/li>\n<li class=\"attribute\">Longitud del producto: 26,30 cm<\/li>\n<li class=\"attribute\">Ancho del producto: 20,00 cm<\/li>\n<li class=\"attribute\">Altura del producto: 14,20 cm<\/li>\n<li class=\"attribute\">Altura sin tapa: 9,50 cm<\/li>\n<li class=\"attribute\">Di\u00e1metro superior: 20,00 cm<\/li>\n<li class=\"attribute\">Di\u00e1metro inferior: 16,10 cm<\/li>\n<li class=\"attribute\">Longitud del mango: 3,00 cm<\/li>\n<\/ul>\n","protected":false},"excerpt":{"rendered":"<p>La cocotte Staub es perfecta para cocinar lentamente carne y verduras, garantizando una cocci\u00f3n uniforme y resultados tiernos. Ideal para<\/p>\n","protected":false},"featured_media":490090,"template":"","meta":{"_acf_changed":false,"inline_featured_image":false},"product_cat":[16065,16058],"product_tag":[25090,16111,21537,16781,16158,16654,25023],"acf":[],"yoast_head":"<!-- This site is optimized with the Yoast SEO Premium plugin v18.6 (Yoast SEO v19.13) - https:\/\/yoast.com\/wordpress\/plugins\/seo\/ -->\n<title>STAUB Cocotte Redonda 20 cm Blanco Trufa - Erresse Shop<\/title>\n<meta name=\"description\" content=\"La cocotte Staub es perfecta para cocinar lentamente carne y verduras, garantizando una cocci\u00f3n uniforme y resultados tiernos. Ideal para guisos y sopas,\" \/>\n<meta name=\"robots\" content=\"index, follow, max-snippet:-1, max-image-preview:large, max-video-preview:-1\" \/>\n<link rel=\"canonical\" href=\"https:\/\/www.erresse-shop.it\/es\/shop\/sartenes-y-ollas\/marmitas-y-cocottes\/staub-cocotte-redonda-20-cm-blanco-trufa\/\" \/>\n<meta property=\"og:locale\" content=\"es_ES\" \/>\n<meta property=\"og:type\" content=\"article\" \/>\n<meta property=\"og:title\" content=\"STAUB Cocotte Redonda 20 cm Blanco Trufa\" \/>\n<meta property=\"og:description\" content=\"La cocotte Staub es perfecta para cocinar lentamente carne y verduras, garantizando una cocci\u00f3n uniforme y resultados tiernos. Ideal para guisos y sopas,\" \/>\n<meta property=\"og:url\" content=\"https:\/\/www.erresse-shop.it\/es\/shop\/sartenes-y-ollas\/marmitas-y-cocottes\/staub-cocotte-redonda-20-cm-blanco-trufa\/\" \/>\n<meta property=\"og:site_name\" content=\"Erresse Shop\" \/>\n<meta property=\"article:modified_time\" content=\"2026-02-27T11:28:35+00:00\" \/>\n<meta property=\"og:image\" content=\"https:\/\/www.erresse-shop.it\/wp-content\/uploads\/2025\/04\/STAUB-Cocotte-Tonda-20-cm-Bianco-Tartufo.jpg\" \/>\n\t<meta property=\"og:image:width\" content=\"1200\" \/>\n\t<meta property=\"og:image:height\" content=\"1200\" \/>\n\t<meta property=\"og:image:type\" content=\"image\/jpeg\" \/>\n<meta name=\"twitter:card\" content=\"summary_large_image\" \/>\n<script type=\"application\/ld+json\" class=\"yoast-schema-graph\">{\"@context\":\"https:\/\/schema.org\",\"@graph\":[{\"@type\":\"WebPage\",\"@id\":\"https:\/\/www.erresse-shop.it\/es\/shop\/sartenes-y-ollas\/marmitas-y-cocottes\/staub-cocotte-redonda-20-cm-blanco-trufa\/\",\"url\":\"https:\/\/www.erresse-shop.it\/es\/shop\/sartenes-y-ollas\/marmitas-y-cocottes\/staub-cocotte-redonda-20-cm-blanco-trufa\/\",\"name\":\"STAUB Cocotte Redonda 20 cm Blanco Trufa - Erresse Shop\",\"isPartOf\":{\"@id\":\"https:\/\/www.erresse-shop.it\/es\/#website\"},\"datePublished\":\"2025-04-10T10:22:48+00:00\",\"dateModified\":\"2026-02-27T11:28:35+00:00\",\"description\":\"La cocotte Staub es perfecta para cocinar lentamente carne y verduras, garantizando una cocci\u00f3n uniforme y resultados tiernos. Ideal para guisos y sopas,\",\"breadcrumb\":{\"@id\":\"https:\/\/www.erresse-shop.it\/es\/shop\/sartenes-y-ollas\/marmitas-y-cocottes\/staub-cocotte-redonda-20-cm-blanco-trufa\/#breadcrumb\"},\"inLanguage\":\"es\",\"potentialAction\":[{\"@type\":\"ReadAction\",\"target\":[\"https:\/\/www.erresse-shop.it\/es\/shop\/sartenes-y-ollas\/marmitas-y-cocottes\/staub-cocotte-redonda-20-cm-blanco-trufa\/\"]}]},{\"@type\":\"BreadcrumbList\",\"@id\":\"https:\/\/www.erresse-shop.it\/es\/shop\/sartenes-y-ollas\/marmitas-y-cocottes\/staub-cocotte-redonda-20-cm-blanco-trufa\/#breadcrumb\",\"itemListElement\":[{\"@type\":\"ListItem\",\"position\":1,\"name\":\"Home\",\"item\":\"https:\/\/www.erresse-shop.it\/es\/\"},{\"@type\":\"ListItem\",\"position\":2,\"name\":\"Shop\",\"item\":\"https:\/\/www.erresse-shop.it\/es\/shop\/\"},{\"@type\":\"ListItem\",\"position\":3,\"name\":\"STAUB Cocotte Redonda 20 cm Blanco Trufa\"}]},{\"@type\":\"WebSite\",\"@id\":\"https:\/\/www.erresse-shop.it\/es\/#website\",\"url\":\"https:\/\/www.erresse-shop.it\/es\/\",\"name\":\"Erresse Shop\",\"description\":\"Articoli di qualit\u00e0 per la casa\",\"potentialAction\":[{\"@type\":\"SearchAction\",\"target\":{\"@type\":\"EntryPoint\",\"urlTemplate\":\"https:\/\/www.erresse-shop.it\/es\/?s={search_term_string}\"},\"query-input\":\"required name=search_term_string\"}],\"inLanguage\":\"es\"}]}<\/script>\n<!-- \/ Yoast SEO Premium plugin. -->","yoast_head_json":{"title":"STAUB Cocotte Redonda 20 cm Blanco Trufa - Erresse Shop","description":"La cocotte Staub es perfecta para cocinar lentamente carne y verduras, garantizando una cocci\u00f3n uniforme y resultados tiernos. Ideal para guisos y sopas,","robots":{"index":"index","follow":"follow","max-snippet":"max-snippet:-1","max-image-preview":"max-image-preview:large","max-video-preview":"max-video-preview:-1"},"canonical":"https:\/\/www.erresse-shop.it\/es\/shop\/sartenes-y-ollas\/marmitas-y-cocottes\/staub-cocotte-redonda-20-cm-blanco-trufa\/","og_locale":"es_ES","og_type":"article","og_title":"STAUB Cocotte Redonda 20 cm Blanco Trufa","og_description":"La cocotte Staub es perfecta para cocinar lentamente carne y verduras, garantizando una cocci\u00f3n uniforme y resultados tiernos. Ideal para guisos y sopas,","og_url":"https:\/\/www.erresse-shop.it\/es\/shop\/sartenes-y-ollas\/marmitas-y-cocottes\/staub-cocotte-redonda-20-cm-blanco-trufa\/","og_site_name":"Erresse Shop","article_modified_time":"2026-02-27T11:28:35+00:00","og_image":[{"width":1200,"height":1200,"url":"https:\/\/www.erresse-shop.it\/wp-content\/uploads\/2025\/04\/STAUB-Cocotte-Tonda-20-cm-Bianco-Tartufo.jpg","type":"image\/jpeg"}],"twitter_card":"summary_large_image","schema":{"@context":"https:\/\/schema.org","@graph":[{"@type":"WebPage","@id":"https:\/\/www.erresse-shop.it\/es\/shop\/sartenes-y-ollas\/marmitas-y-cocottes\/staub-cocotte-redonda-20-cm-blanco-trufa\/","url":"https:\/\/www.erresse-shop.it\/es\/shop\/sartenes-y-ollas\/marmitas-y-cocottes\/staub-cocotte-redonda-20-cm-blanco-trufa\/","name":"STAUB Cocotte Redonda 20 cm Blanco Trufa - Erresse Shop","isPartOf":{"@id":"https:\/\/www.erresse-shop.it\/es\/#website"},"datePublished":"2025-04-10T10:22:48+00:00","dateModified":"2026-02-27T11:28:35+00:00","description":"La cocotte Staub es perfecta para cocinar lentamente carne y verduras, garantizando una cocci\u00f3n uniforme y resultados tiernos. Ideal para guisos y sopas,","breadcrumb":{"@id":"https:\/\/www.erresse-shop.it\/es\/shop\/sartenes-y-ollas\/marmitas-y-cocottes\/staub-cocotte-redonda-20-cm-blanco-trufa\/#breadcrumb"},"inLanguage":"es","potentialAction":[{"@type":"ReadAction","target":["https:\/\/www.erresse-shop.it\/es\/shop\/sartenes-y-ollas\/marmitas-y-cocottes\/staub-cocotte-redonda-20-cm-blanco-trufa\/"]}]},{"@type":"BreadcrumbList","@id":"https:\/\/www.erresse-shop.it\/es\/shop\/sartenes-y-ollas\/marmitas-y-cocottes\/staub-cocotte-redonda-20-cm-blanco-trufa\/#breadcrumb","itemListElement":[{"@type":"ListItem","position":1,"name":"Home","item":"https:\/\/www.erresse-shop.it\/es\/"},{"@type":"ListItem","position":2,"name":"Shop","item":"https:\/\/www.erresse-shop.it\/es\/shop\/"},{"@type":"ListItem","position":3,"name":"STAUB Cocotte Redonda 20 cm Blanco Trufa"}]},{"@type":"WebSite","@id":"https:\/\/www.erresse-shop.it\/es\/#website","url":"https:\/\/www.erresse-shop.it\/es\/","name":"Erresse Shop","description":"Articoli di qualit\u00e0 per la casa","potentialAction":[{"@type":"SearchAction","target":{"@type":"EntryPoint","urlTemplate":"https:\/\/www.erresse-shop.it\/es\/?s={search_term_string}"},"query-input":"required name=search_term_string"}],"inLanguage":"es"}]}},"df_price":114.5,"df_sale_price":114.5,"df_regular_price":229,"df_image_link":"https:\/\/www.erresse-shop.it\/wp-content\/uploads\/2025\/04\/STAUB-Cocotte-Tonda-20-cm-Bianco-Tartufo-300x300.jpg","_links":{"self":[{"href":"https:\/\/www.erresse-shop.it\/es\/wp-json\/wp\/v2\/product\/490060"}],"collection":[{"href":"https:\/\/www.erresse-shop.it\/es\/wp-json\/wp\/v2\/product"}],"about":[{"href":"https:\/\/www.erresse-shop.it\/es\/wp-json\/wp\/v2\/types\/product"}],"wp:featuredmedia":[{"embeddable":true,"href":"https:\/\/www.erresse-shop.it\/es\/wp-json\/wp\/v2\/media\/490090"}],"wp:attachment":[{"href":"https:\/\/www.erresse-shop.it\/es\/wp-json\/wp\/v2\/media?parent=490060"}],"wp:term":[{"taxonomy":"product_cat","embeddable":true,"href":"https:\/\/www.erresse-shop.it\/es\/wp-json\/wp\/v2\/product_cat?post=490060"},{"taxonomy":"product_tag","embeddable":true,"href":"https:\/\/www.erresse-shop.it\/es\/wp-json\/wp\/v2\/product_tag?post=490060"}],"curies":[{"name":"wp","href":"https:\/\/api.w.org\/{rel}","templated":true}]}}