{"id":490048,"date":"2025-04-10T09:52:24","date_gmt":"2025-04-10T09:53:05","guid":{"rendered":"https:\/\/www.erresse-shop.it\/?post_type=product&#038;p=490048"},"modified":"2026-02-27T11:33:08","modified_gmt":"2026-02-27T11:33:08","slug":"staub-cocotte-ovalada-37-cm-blanco-trufa","status":"publish","type":"product","link":"https:\/\/www.erresse-shop.it\/es\/shop\/sartenes-y-ollas\/marmitas-y-cocottes\/staub-cocotte-ovalada-37-cm-blanco-trufa\/","title":{"rendered":"STAUB Cocotte Ovalada 37 cm Blanco Trufa"},"content":{"rendered":"<p>La cocotte STAUB en blanco trufa combina la artesan\u00eda tradicional con la funcionalidad moderna para un disfrute \u00fanico. Pimientos rellenos, rollos de col, pisto mediterr\u00e1neo, postres, pan fresco y mucho m\u00e1s: en esta pr\u00e1ctica sart\u00e9n de hierro fundido se puede preparar una gran variedad de platos. Gracias a este material especial, que requiere poca grasa para cocinar, y a la construcci\u00f3n \u00fanica de la sart\u00e9n, la comida es baja en calor\u00edas pero rica en nutrientes y desprende aromas atrayentes. La capa interior de esmalte negro mate intensifica el sabor de los alimentos, mientras que el hierro fundido garantiza una distribuci\u00f3n \u00f3ptima del calor. Tanto los cocineros profesionales como los aficionados encontrar\u00e1n en la olla de hierro fundido un ayudante duradero.<\/p>\n<p>&#8211; Ideal para sellar y cocinar lentamente asados y pollos enteros<br \/>\n&#8211; Para un resultado de cocci\u00f3n jugoso y tierno gracias a la tapa<br \/>\n&#8211; El esmaltado interior negro mate es ideal para un dorado especialmente crujiente y es muy duradero<br \/>\n&#8211; Apto para todo tipo de cocinas, incluida la de inducci\u00f3n, tambi\u00e9n puede utilizarse en el horno\/parrilla<\/p>\n<p><strong>Caracter\u00edsticas<\/strong><br \/>\n&#8211; Resistencia al calor (\u00b0C): 240,00 \u00baC<br \/>\n&#8211; Material: hierro fundido<br \/>\n&#8211; Tapa existente: s\u00ed<br \/>\n&#8211; Inducci\u00f3n: S\u00ed<br \/>\n&#8211; Apto para horno: S\u00ed<br \/>\n&#8211; Apto para la parrilla: S\u00ed<br \/>\n&#8211; Apto para microondas: s\u00ed<br \/>\n&#8211; Apto para el congelador: s\u00ed<br \/>\n&#8211; Amigable con la afici\u00f3n: s\u00ed<br \/>\n&#8211; A prueba de utensilios met\u00e1licos: s\u00ed<br \/>\n&#8211; Apto para el lavavajillas: S\u00ed<\/p>\n<p><strong>Tama\u00f1o<\/strong><\/p>\n<ul>\n<li class=\"attribute\"><span class=\"label\">Peso neto:<\/span><span class=\"value\">8,50 kg<\/span><\/li>\n<li class=\"attribute\"><span class=\"label\">Capacidad:<\/span><span class=\"value\">8,00 l<\/span><\/li>\n<li class=\"attribute\"><span class=\"label\">Longitud del producto:<\/span><span class=\"value\">42,80 cm<\/span><\/li>\n<li class=\"attribute\"><span class=\"label\">Ancho del producto:<\/span><span class=\"value\">37,00 cm<\/span><\/li>\n<li class=\"attribute\"><span class=\"label\">Altura del producto:<\/span><span class=\"value\">18,00 cm<\/span><\/li>\n<li class=\"attribute\"><span class=\"label\">Altura sin tapa:<\/span><span class=\"value\">13,00 cm<\/span><\/li>\n<li class=\"attribute\"><span class=\"label\">Di\u00e1metro superior:<\/span><span class=\"value\">37,00 cm<\/span><\/li>\n<li class=\"attribute\"><span class=\"label\">Di\u00e1metro del fondo:<\/span><span class=\"value\">28,60 cm<\/span><\/li>\n<\/ul>\n","protected":false},"excerpt":{"rendered":"<p>La cocotte STAUB en blanco trufa combina la artesan\u00eda tradicional con la funcionalidad moderna para un disfrute \u00fanico. Pimientos rellenos,<\/p>\n","protected":false},"featured_media":121007,"template":"","meta":{"_acf_changed":false,"inline_featured_image":false},"product_cat":[16065,16058],"product_tag":[25090,16111,16211,21537,16781,16158,16654,25023],"acf":[],"yoast_head":"<!-- This site is optimized with the Yoast SEO Premium plugin v18.6 (Yoast SEO v19.13) - https:\/\/yoast.com\/wordpress\/plugins\/seo\/ -->\n<title>STAUB Cocotte Ovalada 37 cm Blanco Trufa - Erresse Shop<\/title>\n<meta name=\"description\" content=\"La cocotte STAUB en blanco trufa combina la artesan\u00eda tradicional con la funcionalidad moderna para un disfrute \u00fanico. Pimientos rellenos, rollos de col,\" \/>\n<meta name=\"robots\" content=\"index, follow, max-snippet:-1, max-image-preview:large, max-video-preview:-1\" \/>\n<link rel=\"canonical\" href=\"https:\/\/www.erresse-shop.it\/es\/shop\/sartenes-y-ollas\/marmitas-y-cocottes\/staub-cocotte-ovalada-37-cm-blanco-trufa\/\" \/>\n<meta property=\"og:locale\" content=\"es_ES\" \/>\n<meta property=\"og:type\" content=\"article\" \/>\n<meta property=\"og:title\" content=\"STAUB Cocotte Ovalada 37 cm Blanco Trufa\" \/>\n<meta property=\"og:description\" content=\"La cocotte STAUB en blanco trufa combina la artesan\u00eda tradicional con la funcionalidad moderna para un disfrute \u00fanico. Pimientos rellenos, rollos de col,\" \/>\n<meta property=\"og:url\" content=\"https:\/\/www.erresse-shop.it\/es\/shop\/sartenes-y-ollas\/marmitas-y-cocottes\/staub-cocotte-ovalada-37-cm-blanco-trufa\/\" \/>\n<meta property=\"og:site_name\" content=\"Erresse Shop\" \/>\n<meta property=\"article:modified_time\" content=\"2026-02-27T11:33:08+00:00\" \/>\n<meta property=\"og:image\" content=\"https:\/\/www.erresse-shop.it\/wp-content\/uploads\/2021\/08\/STAUB-Cocotte-Ovale-Bianco-Tartufo.jpg\" \/>\n\t<meta property=\"og:image:width\" content=\"1000\" \/>\n\t<meta property=\"og:image:height\" content=\"1000\" \/>\n\t<meta property=\"og:image:type\" content=\"image\/jpeg\" \/>\n<meta name=\"twitter:card\" content=\"summary_large_image\" \/>\n<script type=\"application\/ld+json\" class=\"yoast-schema-graph\">{\"@context\":\"https:\/\/schema.org\",\"@graph\":[{\"@type\":\"WebPage\",\"@id\":\"https:\/\/www.erresse-shop.it\/es\/shop\/sartenes-y-ollas\/marmitas-y-cocottes\/staub-cocotte-ovalada-37-cm-blanco-trufa\/\",\"url\":\"https:\/\/www.erresse-shop.it\/es\/shop\/sartenes-y-ollas\/marmitas-y-cocottes\/staub-cocotte-ovalada-37-cm-blanco-trufa\/\",\"name\":\"STAUB Cocotte Ovalada 37 cm Blanco Trufa - Erresse Shop\",\"isPartOf\":{\"@id\":\"https:\/\/www.erresse-shop.it\/es\/#website\"},\"datePublished\":\"2025-04-10T09:53:05+00:00\",\"dateModified\":\"2026-02-27T11:33:08+00:00\",\"description\":\"La cocotte STAUB en blanco trufa combina la artesan\u00eda tradicional con la funcionalidad moderna para un disfrute \u00fanico. Pimientos rellenos, rollos de col,\",\"breadcrumb\":{\"@id\":\"https:\/\/www.erresse-shop.it\/es\/shop\/sartenes-y-ollas\/marmitas-y-cocottes\/staub-cocotte-ovalada-37-cm-blanco-trufa\/#breadcrumb\"},\"inLanguage\":\"es\",\"potentialAction\":[{\"@type\":\"ReadAction\",\"target\":[\"https:\/\/www.erresse-shop.it\/es\/shop\/sartenes-y-ollas\/marmitas-y-cocottes\/staub-cocotte-ovalada-37-cm-blanco-trufa\/\"]}]},{\"@type\":\"BreadcrumbList\",\"@id\":\"https:\/\/www.erresse-shop.it\/es\/shop\/sartenes-y-ollas\/marmitas-y-cocottes\/staub-cocotte-ovalada-37-cm-blanco-trufa\/#breadcrumb\",\"itemListElement\":[{\"@type\":\"ListItem\",\"position\":1,\"name\":\"Home\",\"item\":\"https:\/\/www.erresse-shop.it\/es\/\"},{\"@type\":\"ListItem\",\"position\":2,\"name\":\"Shop\",\"item\":\"https:\/\/www.erresse-shop.it\/es\/shop\/\"},{\"@type\":\"ListItem\",\"position\":3,\"name\":\"STAUB Cocotte Ovalada 37 cm Blanco Trufa\"}]},{\"@type\":\"WebSite\",\"@id\":\"https:\/\/www.erresse-shop.it\/es\/#website\",\"url\":\"https:\/\/www.erresse-shop.it\/es\/\",\"name\":\"Erresse Shop\",\"description\":\"Articoli di qualit\u00e0 per la casa\",\"potentialAction\":[{\"@type\":\"SearchAction\",\"target\":{\"@type\":\"EntryPoint\",\"urlTemplate\":\"https:\/\/www.erresse-shop.it\/es\/?s={search_term_string}\"},\"query-input\":\"required name=search_term_string\"}],\"inLanguage\":\"es\"}]}<\/script>\n<!-- \/ Yoast SEO Premium plugin. -->","yoast_head_json":{"title":"STAUB Cocotte Ovalada 37 cm Blanco Trufa - Erresse Shop","description":"La cocotte STAUB en blanco trufa combina la artesan\u00eda tradicional con la funcionalidad moderna para un disfrute \u00fanico. Pimientos rellenos, rollos de col,","robots":{"index":"index","follow":"follow","max-snippet":"max-snippet:-1","max-image-preview":"max-image-preview:large","max-video-preview":"max-video-preview:-1"},"canonical":"https:\/\/www.erresse-shop.it\/es\/shop\/sartenes-y-ollas\/marmitas-y-cocottes\/staub-cocotte-ovalada-37-cm-blanco-trufa\/","og_locale":"es_ES","og_type":"article","og_title":"STAUB Cocotte Ovalada 37 cm Blanco Trufa","og_description":"La cocotte STAUB en blanco trufa combina la artesan\u00eda tradicional con la funcionalidad moderna para un disfrute \u00fanico. Pimientos rellenos, rollos de col,","og_url":"https:\/\/www.erresse-shop.it\/es\/shop\/sartenes-y-ollas\/marmitas-y-cocottes\/staub-cocotte-ovalada-37-cm-blanco-trufa\/","og_site_name":"Erresse Shop","article_modified_time":"2026-02-27T11:33:08+00:00","og_image":[{"width":1000,"height":1000,"url":"https:\/\/www.erresse-shop.it\/wp-content\/uploads\/2021\/08\/STAUB-Cocotte-Ovale-Bianco-Tartufo.jpg","type":"image\/jpeg"}],"twitter_card":"summary_large_image","schema":{"@context":"https:\/\/schema.org","@graph":[{"@type":"WebPage","@id":"https:\/\/www.erresse-shop.it\/es\/shop\/sartenes-y-ollas\/marmitas-y-cocottes\/staub-cocotte-ovalada-37-cm-blanco-trufa\/","url":"https:\/\/www.erresse-shop.it\/es\/shop\/sartenes-y-ollas\/marmitas-y-cocottes\/staub-cocotte-ovalada-37-cm-blanco-trufa\/","name":"STAUB Cocotte Ovalada 37 cm Blanco Trufa - Erresse Shop","isPartOf":{"@id":"https:\/\/www.erresse-shop.it\/es\/#website"},"datePublished":"2025-04-10T09:53:05+00:00","dateModified":"2026-02-27T11:33:08+00:00","description":"La cocotte STAUB en blanco trufa combina la artesan\u00eda tradicional con la funcionalidad moderna para un disfrute \u00fanico. Pimientos rellenos, rollos de col,","breadcrumb":{"@id":"https:\/\/www.erresse-shop.it\/es\/shop\/sartenes-y-ollas\/marmitas-y-cocottes\/staub-cocotte-ovalada-37-cm-blanco-trufa\/#breadcrumb"},"inLanguage":"es","potentialAction":[{"@type":"ReadAction","target":["https:\/\/www.erresse-shop.it\/es\/shop\/sartenes-y-ollas\/marmitas-y-cocottes\/staub-cocotte-ovalada-37-cm-blanco-trufa\/"]}]},{"@type":"BreadcrumbList","@id":"https:\/\/www.erresse-shop.it\/es\/shop\/sartenes-y-ollas\/marmitas-y-cocottes\/staub-cocotte-ovalada-37-cm-blanco-trufa\/#breadcrumb","itemListElement":[{"@type":"ListItem","position":1,"name":"Home","item":"https:\/\/www.erresse-shop.it\/es\/"},{"@type":"ListItem","position":2,"name":"Shop","item":"https:\/\/www.erresse-shop.it\/es\/shop\/"},{"@type":"ListItem","position":3,"name":"STAUB Cocotte Ovalada 37 cm Blanco Trufa"}]},{"@type":"WebSite","@id":"https:\/\/www.erresse-shop.it\/es\/#website","url":"https:\/\/www.erresse-shop.it\/es\/","name":"Erresse Shop","description":"Articoli di qualit\u00e0 per la casa","potentialAction":[{"@type":"SearchAction","target":{"@type":"EntryPoint","urlTemplate":"https:\/\/www.erresse-shop.it\/es\/?s={search_term_string}"},"query-input":"required name=search_term_string"}],"inLanguage":"es"}]}},"df_price":199.5,"df_sale_price":199.5,"df_regular_price":399,"df_image_link":"https:\/\/www.erresse-shop.it\/wp-content\/uploads\/2021\/08\/STAUB-Cocotte-Ovale-Bianco-Tartufo-300x300.jpg","_links":{"self":[{"href":"https:\/\/www.erresse-shop.it\/es\/wp-json\/wp\/v2\/product\/490048"}],"collection":[{"href":"https:\/\/www.erresse-shop.it\/es\/wp-json\/wp\/v2\/product"}],"about":[{"href":"https:\/\/www.erresse-shop.it\/es\/wp-json\/wp\/v2\/types\/product"}],"wp:featuredmedia":[{"embeddable":true,"href":"https:\/\/www.erresse-shop.it\/es\/wp-json\/wp\/v2\/media\/121007"}],"wp:attachment":[{"href":"https:\/\/www.erresse-shop.it\/es\/wp-json\/wp\/v2\/media?parent=490048"}],"wp:term":[{"taxonomy":"product_cat","embeddable":true,"href":"https:\/\/www.erresse-shop.it\/es\/wp-json\/wp\/v2\/product_cat?post=490048"},{"taxonomy":"product_tag","embeddable":true,"href":"https:\/\/www.erresse-shop.it\/es\/wp-json\/wp\/v2\/product_tag?post=490048"}],"curies":[{"name":"wp","href":"https:\/\/api.w.org\/{rel}","templated":true}]}}