{"id":490003,"date":"2025-04-10T08:54:54","date_gmt":"2025-04-10T08:54:56","guid":{"rendered":"https:\/\/www.erresse-shop.it\/?post_type=product&#038;p=490003"},"modified":"2025-04-10T09:20:55","modified_gmt":"2025-04-10T09:20:55","slug":"smeg-cafetera-automatica-con-varilla-de-vapor-negro-copia","status":"publish","type":"product","link":"https:\/\/www.erresse-shop.it\/es\/shop\/pequenos-electrodomesticos\/maquinas-de-cafe\/automatico\/smeg-cafetera-automatica-con-varilla-de-vapor-negro-copia\/","title":{"rendered":"SMEG Cafetera Autom\u00e1tica con Varilla de Vapor Verde esmeralda"},"content":{"rendered":"<p><strong>F\u00c1CIL DE USAR<\/strong><br \/>\nSimplemente llene el recipiente con sus granos de caf\u00e9 favoritos y seleccione su bebida. Gracias al panel de control intuitivo y las funciones one touch, en unos segundos su caf\u00e9 estar\u00e1 listo.<\/p>\n<p><strong>BEBIDAS M\u00daLTIPLES<\/strong><br \/>\nA partir de granos reci\u00e9n molidos se pueden obtener diferentes bebidas seg\u00fan su gusto: caf\u00e9 negro, Espresso, Americano, caf\u00e9 Ristretto y, con funci\u00f3n de vaporizaci\u00f3n \/ vaporizaci\u00f3n de la leche, tambi\u00e9n capuchinos y latte macchiato.<\/p>\n<p><strong>F\u00c1CIL MANTENIMIENTO<\/strong><br \/>\nSu mantenimiento es muy sencillo ya que cuenta con una unidad de infusi\u00f3n extra\u00edble y un tanque que permite limpiar la m\u00e1quina con facilidad. Finalmente, la molienda directa del caf\u00e9 permite evitar el uso de c\u00e1psulas, minimizando el desperdicio.<\/p>\n<p><strong>EST\u00c9TICA<\/strong><br \/>\nColor: Verde esmeralda<br \/>\n<strong>Acabado:<\/strong> Mate<br \/>\n<strong>Est\u00e9tica:<\/strong> Estilo de los a\u00f1os 50<br \/>\n<strong>Material del cuerpo:<\/strong> Pl\u00e1stico<br \/>\n<strong>Material del panel frontal:<\/strong> Aluminio<br \/>\n<strong>Color del panel frontal:<\/strong> Aluminio<br \/>\n<strong>Acabado del panel frontal:<\/strong> cepillado con borde pulido<br \/>\n<strong>Color de la bandeja para tazas:<\/strong> Aluminio<br \/>\n<strong>Material de la bandeja para tazas:<\/strong> Aluminio<br \/>\n<strong>Acabado de la bandeja para tazas:<\/strong> Cepillado con borde pulido.<br \/>\n<strong>Material del tanque:<\/strong> SAN<br \/>\n<strong>Color del tanque:<\/strong> Humo<br \/>\n<strong>Material del mango del tanque:<\/strong> Pl\u00e1stico<br \/>\n<strong>Color del asa del tanque:<\/strong> Gris<br \/>\n<strong>Material del dispensador de caf\u00e9:<\/strong> Pl\u00e1stico<br \/>\n<strong>Material de la lanza de vapor:<\/strong> Acero<\/p>\n<p><strong>PROGRAMAS \/ FUNCIONES<\/strong><br \/>\n<strong>Funci\u00f3n del men\u00fa principal:<\/strong> LED blanco<br \/>\n<strong>Funci\u00f3n del men\u00fa secundario:<\/strong> LED naranja<br \/>\n<strong>Caf\u00e9 Ristretto:<\/strong> S\u00ed<br \/>\n<strong>Caf\u00e9 expreso:<\/strong> S\u00ed<br \/>\n<strong>Caf\u00e9:<\/strong> S\u00ed<br \/>\n<strong>Agua caliente:<\/strong> S\u00ed<br \/>\n<strong>Caff\u00e8 Ristretto Light:<\/strong> S\u00ed<br \/>\n<strong>Caf\u00e9 Espresso Ligero:<\/strong> S\u00ed<br \/>\n<strong>Caf\u00e9 largo:<\/strong> S\u00ed<br \/>\nSteam: S\u00ed<br \/>\n<strong>Nivel de molienda ajustable:<\/strong> S\u00ed<br \/>\n<strong>Longitud del caf\u00e9 ajustable:<\/strong> S\u00ed<br \/>\nDispensador de caf\u00e9 regulable en altura: S\u00ed<br \/>\nNivel m\u00edn.\/m\u00e1x. del dispensador de caf\u00e9: 90\/135 mm (185 mm sin bandeja de goteo)<br \/>\n<strong>Configuraci\u00f3n de agua programable:<\/strong> ligera\/media\/dura<br \/>\nEnjuague autom\u00e1tico al inicio: S\u00ed<br \/>\nLimpieza manual del dispensador de caf\u00e9: S\u00ed<br \/>\n<strong>Limpieza manual de la varilla de vapor:<\/strong> S\u00ed<br \/>\n<strong>Advertencia de descalcificaci\u00f3n:<\/strong> S\u00ed<br \/>\n<strong>Advertencia de contenedor de posos de caf\u00e9 lleno:<\/strong> S\u00ed<br \/>\n<strong>Advertencia de contenedor de frijoles vac\u00edo:<\/strong> S\u00ed<br \/>\n<strong>Advertencia de tanque de agua vac\u00edo o faltante<\/strong>: S\u00ed<br \/>\n<strong>Advertencia de grupo de caf\u00e9 faltante o insertado incorrectamente:<\/strong> S\u00ed<br \/>\n<strong>Se\u00f1ales de audio:<\/strong> Opcional<br \/>\n<strong>Dispensador de caf\u00e9 iluminado:<\/strong> S\u00ed<br \/>\n<strong>Apagado autom\u00e1tico:<\/strong> S\u00ed (despu\u00e9s de 20 minutos de inactividad)<\/p>\n<p><strong>COMANDOS<\/strong><br \/>\n<strong>Tipo de control:<\/strong> Botones, perilla<br \/>\n<strong>Material del bot\u00f3n:<\/strong> Pl\u00e1stico<br \/>\n<strong>Color del bot\u00f3n:<\/strong> Verde esmeralda<br \/>\n<strong>No. de botones:<\/strong>2<br \/>\n<strong>No. de Perillas:<\/strong>2<br \/>\n<strong>Bot\u00f3n de men\u00fa:<\/strong> 1<br \/>\n<strong>Bot\u00f3n de encendido\/apagado:<\/strong> S\u00ed<\/p>\n<p><strong>CARACTER\u00cdSTICAS T\u00c9CNICAS<\/strong><br \/>\n<strong>Sistema de calefacci\u00f3n:<\/strong> Thermoblock<br \/>\n<strong>Presi\u00f3n de la bomba:<\/strong> 19 bar<br \/>\n<strong>Grupo de preparaci\u00f3n extra\u00edble:<\/strong> S\u00ed<br \/>\n<strong>Capacidad del recipiente para frijoles:<\/strong> 150 g<br \/>\n<strong>Capacidad del contenedor de posos de caf\u00e9:<\/strong> 8<br \/>\n<strong>Tanque de agua extra\u00edble:<\/strong> S\u00ed<br \/>\n<strong>Capacidad del dep\u00f3sito de agua:<\/strong> 1,4 l<br \/>\n<strong>Bandeja de goteo:<\/strong> S\u00ed<br \/>\n<strong>Boquilla de vapor:<\/strong> S\u00ed<\/p>\n<p><strong>CONEXI\u00d3N EL\u00c9CTRICA<\/strong><br \/>\n<strong>Voltaje (V):<\/strong> 220-240 V<br \/>\n<strong>Frecuencia Hz:<\/strong> 50\/60 Hz<br \/>\n<strong>Longitud del cable de alimentaci\u00f3n:<\/strong> 1 m<\/p>\n<p><u><strong>No se vende fuera de Europa<\/strong><\/u><\/p>\n","protected":false},"excerpt":{"rendered":"<p>F\u00c1CIL DE USAR Simplemente llene el recipiente con sus granos de caf\u00e9 favoritos y seleccione su bebida. Gracias al panel<\/p>\n","protected":false},"featured_media":490035,"template":"","meta":{"_acf_changed":false,"inline_featured_image":false},"product_cat":[25362,16076,16073],"product_tag":[25183,23912,23574,23570,16395,25023],"acf":[],"yoast_head":"<!-- This site is optimized with the Yoast SEO Premium plugin v18.6 (Yoast SEO v19.13) - https:\/\/yoast.com\/wordpress\/plugins\/seo\/ -->\n<title>SMEG Cafetera Autom\u00e1tica con Varilla de Vapor Verde esmeralda - Erresse Shop<\/title>\n<meta name=\"description\" content=\"F\u00c1CIL DE USAR Simplemente llene el recipiente con sus granos de caf\u00e9 favoritos y seleccione su bebida. Gracias al panel de control intuitivo y las\" \/>\n<meta name=\"robots\" content=\"index, follow, max-snippet:-1, max-image-preview:large, max-video-preview:-1\" \/>\n<link rel=\"canonical\" href=\"https:\/\/www.erresse-shop.it\/es\/shop\/pequenos-electrodomesticos\/maquinas-de-cafe\/automatico\/smeg-cafetera-automatica-con-varilla-de-vapor-negro-copia\/\" \/>\n<meta property=\"og:locale\" content=\"es_ES\" \/>\n<meta property=\"og:type\" content=\"article\" \/>\n<meta property=\"og:title\" content=\"SMEG Cafetera Autom\u00e1tica con Varilla de Vapor Verde esmeralda\" \/>\n<meta property=\"og:description\" content=\"F\u00c1CIL DE USAR Simplemente llene el recipiente con sus granos de caf\u00e9 favoritos y seleccione su bebida. Gracias al panel de control intuitivo y las\" \/>\n<meta property=\"og:url\" content=\"https:\/\/www.erresse-shop.it\/es\/shop\/pequenos-electrodomesticos\/maquinas-de-cafe\/automatico\/smeg-cafetera-automatica-con-varilla-de-vapor-negro-copia\/\" \/>\n<meta property=\"og:site_name\" content=\"Erresse Shop\" \/>\n<meta property=\"article:modified_time\" content=\"2025-04-10T09:20:55+00:00\" \/>\n<meta property=\"og:image\" content=\"https:\/\/www.erresse-shop.it\/wp-content\/uploads\/2025\/04\/SMEG-Macchina-da-Caffe-Automatica-con-Lancia-Vapore-Verde-Smeraldo.jpg\" \/>\n\t<meta property=\"og:image:width\" content=\"1200\" \/>\n\t<meta property=\"og:image:height\" content=\"1200\" \/>\n\t<meta property=\"og:image:type\" content=\"image\/jpeg\" \/>\n<meta name=\"twitter:card\" content=\"summary_large_image\" \/>\n<script type=\"application\/ld+json\" class=\"yoast-schema-graph\">{\"@context\":\"https:\/\/schema.org\",\"@graph\":[{\"@type\":\"WebPage\",\"@id\":\"https:\/\/www.erresse-shop.it\/es\/shop\/pequenos-electrodomesticos\/maquinas-de-cafe\/automatico\/smeg-cafetera-automatica-con-varilla-de-vapor-negro-copia\/\",\"url\":\"https:\/\/www.erresse-shop.it\/es\/shop\/pequenos-electrodomesticos\/maquinas-de-cafe\/automatico\/smeg-cafetera-automatica-con-varilla-de-vapor-negro-copia\/\",\"name\":\"SMEG Cafetera Autom\u00e1tica con Varilla de Vapor Verde esmeralda - Erresse Shop\",\"isPartOf\":{\"@id\":\"https:\/\/www.erresse-shop.it\/es\/#website\"},\"datePublished\":\"2025-04-10T08:54:56+00:00\",\"dateModified\":\"2025-04-10T09:20:55+00:00\",\"description\":\"F\u00c1CIL DE USAR Simplemente llene el recipiente con sus granos de caf\u00e9 favoritos y seleccione su bebida. Gracias al panel de control intuitivo y las\",\"breadcrumb\":{\"@id\":\"https:\/\/www.erresse-shop.it\/es\/shop\/pequenos-electrodomesticos\/maquinas-de-cafe\/automatico\/smeg-cafetera-automatica-con-varilla-de-vapor-negro-copia\/#breadcrumb\"},\"inLanguage\":\"es\",\"potentialAction\":[{\"@type\":\"ReadAction\",\"target\":[\"https:\/\/www.erresse-shop.it\/es\/shop\/pequenos-electrodomesticos\/maquinas-de-cafe\/automatico\/smeg-cafetera-automatica-con-varilla-de-vapor-negro-copia\/\"]}]},{\"@type\":\"BreadcrumbList\",\"@id\":\"https:\/\/www.erresse-shop.it\/es\/shop\/pequenos-electrodomesticos\/maquinas-de-cafe\/automatico\/smeg-cafetera-automatica-con-varilla-de-vapor-negro-copia\/#breadcrumb\",\"itemListElement\":[{\"@type\":\"ListItem\",\"position\":1,\"name\":\"Home\",\"item\":\"https:\/\/www.erresse-shop.it\/es\/\"},{\"@type\":\"ListItem\",\"position\":2,\"name\":\"Shop\",\"item\":\"https:\/\/www.erresse-shop.it\/es\/shop\/\"},{\"@type\":\"ListItem\",\"position\":3,\"name\":\"SMEG Cafetera Autom\u00e1tica con Varilla de Vapor Verde esmeralda\"}]},{\"@type\":\"WebSite\",\"@id\":\"https:\/\/www.erresse-shop.it\/es\/#website\",\"url\":\"https:\/\/www.erresse-shop.it\/es\/\",\"name\":\"Erresse Shop\",\"description\":\"Articoli di qualit\u00e0 per la casa\",\"potentialAction\":[{\"@type\":\"SearchAction\",\"target\":{\"@type\":\"EntryPoint\",\"urlTemplate\":\"https:\/\/www.erresse-shop.it\/es\/?s={search_term_string}\"},\"query-input\":\"required name=search_term_string\"}],\"inLanguage\":\"es\"}]}<\/script>\n<!-- \/ Yoast SEO Premium plugin. -->","yoast_head_json":{"title":"SMEG Cafetera Autom\u00e1tica con Varilla de Vapor Verde esmeralda - Erresse Shop","description":"F\u00c1CIL DE USAR Simplemente llene el recipiente con sus granos de caf\u00e9 favoritos y seleccione su bebida. Gracias al panel de control intuitivo y las","robots":{"index":"index","follow":"follow","max-snippet":"max-snippet:-1","max-image-preview":"max-image-preview:large","max-video-preview":"max-video-preview:-1"},"canonical":"https:\/\/www.erresse-shop.it\/es\/shop\/pequenos-electrodomesticos\/maquinas-de-cafe\/automatico\/smeg-cafetera-automatica-con-varilla-de-vapor-negro-copia\/","og_locale":"es_ES","og_type":"article","og_title":"SMEG Cafetera Autom\u00e1tica con Varilla de Vapor Verde esmeralda","og_description":"F\u00c1CIL DE USAR Simplemente llene el recipiente con sus granos de caf\u00e9 favoritos y seleccione su bebida. Gracias al panel de control intuitivo y las","og_url":"https:\/\/www.erresse-shop.it\/es\/shop\/pequenos-electrodomesticos\/maquinas-de-cafe\/automatico\/smeg-cafetera-automatica-con-varilla-de-vapor-negro-copia\/","og_site_name":"Erresse Shop","article_modified_time":"2025-04-10T09:20:55+00:00","og_image":[{"width":1200,"height":1200,"url":"https:\/\/www.erresse-shop.it\/wp-content\/uploads\/2025\/04\/SMEG-Macchina-da-Caffe-Automatica-con-Lancia-Vapore-Verde-Smeraldo.jpg","type":"image\/jpeg"}],"twitter_card":"summary_large_image","schema":{"@context":"https:\/\/schema.org","@graph":[{"@type":"WebPage","@id":"https:\/\/www.erresse-shop.it\/es\/shop\/pequenos-electrodomesticos\/maquinas-de-cafe\/automatico\/smeg-cafetera-automatica-con-varilla-de-vapor-negro-copia\/","url":"https:\/\/www.erresse-shop.it\/es\/shop\/pequenos-electrodomesticos\/maquinas-de-cafe\/automatico\/smeg-cafetera-automatica-con-varilla-de-vapor-negro-copia\/","name":"SMEG Cafetera Autom\u00e1tica con Varilla de Vapor Verde esmeralda - Erresse Shop","isPartOf":{"@id":"https:\/\/www.erresse-shop.it\/es\/#website"},"datePublished":"2025-04-10T08:54:56+00:00","dateModified":"2025-04-10T09:20:55+00:00","description":"F\u00c1CIL DE USAR Simplemente llene el recipiente con sus granos de caf\u00e9 favoritos y seleccione su bebida. Gracias al panel de control intuitivo y las","breadcrumb":{"@id":"https:\/\/www.erresse-shop.it\/es\/shop\/pequenos-electrodomesticos\/maquinas-de-cafe\/automatico\/smeg-cafetera-automatica-con-varilla-de-vapor-negro-copia\/#breadcrumb"},"inLanguage":"es","potentialAction":[{"@type":"ReadAction","target":["https:\/\/www.erresse-shop.it\/es\/shop\/pequenos-electrodomesticos\/maquinas-de-cafe\/automatico\/smeg-cafetera-automatica-con-varilla-de-vapor-negro-copia\/"]}]},{"@type":"BreadcrumbList","@id":"https:\/\/www.erresse-shop.it\/es\/shop\/pequenos-electrodomesticos\/maquinas-de-cafe\/automatico\/smeg-cafetera-automatica-con-varilla-de-vapor-negro-copia\/#breadcrumb","itemListElement":[{"@type":"ListItem","position":1,"name":"Home","item":"https:\/\/www.erresse-shop.it\/es\/"},{"@type":"ListItem","position":2,"name":"Shop","item":"https:\/\/www.erresse-shop.it\/es\/shop\/"},{"@type":"ListItem","position":3,"name":"SMEG Cafetera Autom\u00e1tica con Varilla de Vapor Verde esmeralda"}]},{"@type":"WebSite","@id":"https:\/\/www.erresse-shop.it\/es\/#website","url":"https:\/\/www.erresse-shop.it\/es\/","name":"Erresse Shop","description":"Articoli di qualit\u00e0 per la casa","potentialAction":[{"@type":"SearchAction","target":{"@type":"EntryPoint","urlTemplate":"https:\/\/www.erresse-shop.it\/es\/?s={search_term_string}"},"query-input":"required name=search_term_string"}],"inLanguage":"es"}]}},"df_price":599,"df_sale_price":599,"df_regular_price":699,"df_image_link":"https:\/\/www.erresse-shop.it\/wp-content\/uploads\/2025\/04\/SMEG-Macchina-da-Caffe-Automatica-con-Lancia-Vapore-Verde-Smeraldo-300x300.jpg","_links":{"self":[{"href":"https:\/\/www.erresse-shop.it\/es\/wp-json\/wp\/v2\/product\/490003"}],"collection":[{"href":"https:\/\/www.erresse-shop.it\/es\/wp-json\/wp\/v2\/product"}],"about":[{"href":"https:\/\/www.erresse-shop.it\/es\/wp-json\/wp\/v2\/types\/product"}],"wp:featuredmedia":[{"embeddable":true,"href":"https:\/\/www.erresse-shop.it\/es\/wp-json\/wp\/v2\/media\/490035"}],"wp:attachment":[{"href":"https:\/\/www.erresse-shop.it\/es\/wp-json\/wp\/v2\/media?parent=490003"}],"wp:term":[{"taxonomy":"product_cat","embeddable":true,"href":"https:\/\/www.erresse-shop.it\/es\/wp-json\/wp\/v2\/product_cat?post=490003"},{"taxonomy":"product_tag","embeddable":true,"href":"https:\/\/www.erresse-shop.it\/es\/wp-json\/wp\/v2\/product_tag?post=490003"}],"curies":[{"name":"wp","href":"https:\/\/api.w.org\/{rel}","templated":true}]}}