{"id":486923,"date":"2025-04-02T09:04:09","date_gmt":"2025-04-02T09:04:11","guid":{"rendered":"https:\/\/www.erresse-shop.it\/?post_type=product&#038;p=486923"},"modified":"2026-02-13T09:51:38","modified_gmt":"2026-02-13T09:51:38","slug":"villeroy-boch-vieux-luxembourg-set-de-6-tazas-de-te","status":"publish","type":"product","link":"https:\/\/www.erresse-shop.it\/es\/shop\/tabla\/tazas\/villeroy-boch-vieux-luxembourg-set-de-6-tazas-de-te\/","title":{"rendered":"VILLEROY &#038; BOCH Vieux Luxembourg Set de 6 tazas de t\u00e9"},"content":{"rendered":"<p class=\"p1\"><strong>set de tazas de t\u00e9<\/strong><br \/>\nDescubra el encanto del <strong data-start=\"22\" data-end=\"46\">set de 6 tazas de t\u00e9<\/strong> en <strong data-start=\"50\" data-end=\"79\">porcelana blanca de primera calidad<\/strong>, elegante y sofisticada. Cada taza est\u00e1 enriquecida con refinadas <strong data-start=\"142\" data-end=\"187\">decoraciones de ramitas de flores de color azul cobalto<\/strong>, que aportan un toque de clase y originalidad. Fabricadas con materiales de alta calidad, estas tazas ofrecen una resistencia excepcional, perfectas para el uso diario o para ocasiones especiales. Su forma ergon\u00f3mica asegura un agarre c\u00f3modo, mientras que el elegante dise\u00f1o hace de cada momento del t\u00e9 una experiencia \u00fanica. Un regalo perfecto para quienes aman la tradici\u00f3n del t\u00e9 y aprecian la belleza de los detalles.<\/p>\n<p><strong>Material:<\/strong> Porcelana de primera calidad<br \/>\nVolumen: 150 ml<br \/>\nApto para lavavajillas: s\u00ed<br \/>\nApto para microondas: s\u00ed<\/p>\n","protected":false},"excerpt":{"rendered":"<p>set de tazas de t\u00e9 Descubra el encanto del set de 6 tazas de t\u00e9 en porcelana blanca de primera<\/p>\n","protected":false},"featured_media":486931,"template":"","meta":{"_acf_changed":false,"inline_featured_image":false},"product_cat":[16027,16034],"product_tag":[25029,24399,16354,16450,22679,17518],"acf":[],"yoast_head":"<!-- This site is optimized with the Yoast SEO Premium plugin v18.6 (Yoast SEO v19.13) - https:\/\/yoast.com\/wordpress\/plugins\/seo\/ -->\n<title>VILLEROY &amp; BOCH Vieux Luxembourg Set de 6 tazas de t\u00e9 - Erresse Shop<\/title>\n<meta name=\"description\" content=\"set de tazas de t\u00e9 Descubra el encanto del set de 6 tazas de t\u00e9 en porcelana blanca de primera calidad, elegante y sofisticada. Cada taza est\u00e1 enriquecida\" \/>\n<meta name=\"robots\" content=\"index, follow, max-snippet:-1, max-image-preview:large, max-video-preview:-1\" \/>\n<link rel=\"canonical\" href=\"https:\/\/www.erresse-shop.it\/es\/shop\/tabla\/tazas\/villeroy-boch-vieux-luxembourg-set-de-6-tazas-de-te\/\" \/>\n<meta property=\"og:locale\" content=\"es_ES\" \/>\n<meta property=\"og:type\" content=\"article\" \/>\n<meta property=\"og:title\" content=\"VILLEROY &amp; BOCH Vieux Luxembourg Set de 6 tazas de t\u00e9\" \/>\n<meta property=\"og:description\" content=\"set de tazas de t\u00e9 Descubra el encanto del set de 6 tazas de t\u00e9 en porcelana blanca de primera calidad, elegante y sofisticada. Cada taza est\u00e1 enriquecida\" \/>\n<meta property=\"og:url\" content=\"https:\/\/www.erresse-shop.it\/es\/shop\/tabla\/tazas\/villeroy-boch-vieux-luxembourg-set-de-6-tazas-de-te\/\" \/>\n<meta property=\"og:site_name\" content=\"Erresse Shop\" \/>\n<meta property=\"article:modified_time\" content=\"2026-02-13T09:51:38+00:00\" \/>\n<meta property=\"og:image\" content=\"https:\/\/www.erresse-shop.it\/wp-content\/uploads\/2025\/04\/VILLEROY-BOCH-Vieux-Luxembourg-Set-6-Tazze-da-Te.jpg\" \/>\n\t<meta property=\"og:image:width\" content=\"1200\" \/>\n\t<meta property=\"og:image:height\" content=\"1200\" \/>\n\t<meta property=\"og:image:type\" content=\"image\/jpeg\" \/>\n<meta name=\"twitter:card\" content=\"summary_large_image\" \/>\n<script type=\"application\/ld+json\" class=\"yoast-schema-graph\">{\"@context\":\"https:\/\/schema.org\",\"@graph\":[{\"@type\":\"WebPage\",\"@id\":\"https:\/\/www.erresse-shop.it\/es\/shop\/tabla\/tazas\/villeroy-boch-vieux-luxembourg-set-de-6-tazas-de-te\/\",\"url\":\"https:\/\/www.erresse-shop.it\/es\/shop\/tabla\/tazas\/villeroy-boch-vieux-luxembourg-set-de-6-tazas-de-te\/\",\"name\":\"VILLEROY & BOCH Vieux Luxembourg Set de 6 tazas de t\u00e9 - Erresse Shop\",\"isPartOf\":{\"@id\":\"https:\/\/www.erresse-shop.it\/es\/#website\"},\"datePublished\":\"2025-04-02T09:04:11+00:00\",\"dateModified\":\"2026-02-13T09:51:38+00:00\",\"description\":\"set de tazas de t\u00e9 Descubra el encanto del set de 6 tazas de t\u00e9 en porcelana blanca de primera calidad, elegante y sofisticada. Cada taza est\u00e1 enriquecida\",\"breadcrumb\":{\"@id\":\"https:\/\/www.erresse-shop.it\/es\/shop\/tabla\/tazas\/villeroy-boch-vieux-luxembourg-set-de-6-tazas-de-te\/#breadcrumb\"},\"inLanguage\":\"es\",\"potentialAction\":[{\"@type\":\"ReadAction\",\"target\":[\"https:\/\/www.erresse-shop.it\/es\/shop\/tabla\/tazas\/villeroy-boch-vieux-luxembourg-set-de-6-tazas-de-te\/\"]}]},{\"@type\":\"BreadcrumbList\",\"@id\":\"https:\/\/www.erresse-shop.it\/es\/shop\/tabla\/tazas\/villeroy-boch-vieux-luxembourg-set-de-6-tazas-de-te\/#breadcrumb\",\"itemListElement\":[{\"@type\":\"ListItem\",\"position\":1,\"name\":\"Home\",\"item\":\"https:\/\/www.erresse-shop.it\/es\/\"},{\"@type\":\"ListItem\",\"position\":2,\"name\":\"Shop\",\"item\":\"https:\/\/www.erresse-shop.it\/es\/shop\/\"},{\"@type\":\"ListItem\",\"position\":3,\"name\":\"VILLEROY &#038; BOCH Vieux Luxembourg Set de 6 tazas de t\u00e9\"}]},{\"@type\":\"WebSite\",\"@id\":\"https:\/\/www.erresse-shop.it\/es\/#website\",\"url\":\"https:\/\/www.erresse-shop.it\/es\/\",\"name\":\"Erresse Shop\",\"description\":\"Articoli di qualit\u00e0 per la casa\",\"potentialAction\":[{\"@type\":\"SearchAction\",\"target\":{\"@type\":\"EntryPoint\",\"urlTemplate\":\"https:\/\/www.erresse-shop.it\/es\/?s={search_term_string}\"},\"query-input\":\"required name=search_term_string\"}],\"inLanguage\":\"es\"}]}<\/script>\n<!-- \/ Yoast SEO Premium plugin. -->","yoast_head_json":{"title":"VILLEROY & BOCH Vieux Luxembourg Set de 6 tazas de t\u00e9 - Erresse Shop","description":"set de tazas de t\u00e9 Descubra el encanto del set de 6 tazas de t\u00e9 en porcelana blanca de primera calidad, elegante y sofisticada. Cada taza est\u00e1 enriquecida","robots":{"index":"index","follow":"follow","max-snippet":"max-snippet:-1","max-image-preview":"max-image-preview:large","max-video-preview":"max-video-preview:-1"},"canonical":"https:\/\/www.erresse-shop.it\/es\/shop\/tabla\/tazas\/villeroy-boch-vieux-luxembourg-set-de-6-tazas-de-te\/","og_locale":"es_ES","og_type":"article","og_title":"VILLEROY & BOCH Vieux Luxembourg Set de 6 tazas de t\u00e9","og_description":"set de tazas de t\u00e9 Descubra el encanto del set de 6 tazas de t\u00e9 en porcelana blanca de primera calidad, elegante y sofisticada. Cada taza est\u00e1 enriquecida","og_url":"https:\/\/www.erresse-shop.it\/es\/shop\/tabla\/tazas\/villeroy-boch-vieux-luxembourg-set-de-6-tazas-de-te\/","og_site_name":"Erresse Shop","article_modified_time":"2026-02-13T09:51:38+00:00","og_image":[{"width":1200,"height":1200,"url":"https:\/\/www.erresse-shop.it\/wp-content\/uploads\/2025\/04\/VILLEROY-BOCH-Vieux-Luxembourg-Set-6-Tazze-da-Te.jpg","type":"image\/jpeg"}],"twitter_card":"summary_large_image","schema":{"@context":"https:\/\/schema.org","@graph":[{"@type":"WebPage","@id":"https:\/\/www.erresse-shop.it\/es\/shop\/tabla\/tazas\/villeroy-boch-vieux-luxembourg-set-de-6-tazas-de-te\/","url":"https:\/\/www.erresse-shop.it\/es\/shop\/tabla\/tazas\/villeroy-boch-vieux-luxembourg-set-de-6-tazas-de-te\/","name":"VILLEROY & BOCH Vieux Luxembourg Set de 6 tazas de t\u00e9 - Erresse Shop","isPartOf":{"@id":"https:\/\/www.erresse-shop.it\/es\/#website"},"datePublished":"2025-04-02T09:04:11+00:00","dateModified":"2026-02-13T09:51:38+00:00","description":"set de tazas de t\u00e9 Descubra el encanto del set de 6 tazas de t\u00e9 en porcelana blanca de primera calidad, elegante y sofisticada. Cada taza est\u00e1 enriquecida","breadcrumb":{"@id":"https:\/\/www.erresse-shop.it\/es\/shop\/tabla\/tazas\/villeroy-boch-vieux-luxembourg-set-de-6-tazas-de-te\/#breadcrumb"},"inLanguage":"es","potentialAction":[{"@type":"ReadAction","target":["https:\/\/www.erresse-shop.it\/es\/shop\/tabla\/tazas\/villeroy-boch-vieux-luxembourg-set-de-6-tazas-de-te\/"]}]},{"@type":"BreadcrumbList","@id":"https:\/\/www.erresse-shop.it\/es\/shop\/tabla\/tazas\/villeroy-boch-vieux-luxembourg-set-de-6-tazas-de-te\/#breadcrumb","itemListElement":[{"@type":"ListItem","position":1,"name":"Home","item":"https:\/\/www.erresse-shop.it\/es\/"},{"@type":"ListItem","position":2,"name":"Shop","item":"https:\/\/www.erresse-shop.it\/es\/shop\/"},{"@type":"ListItem","position":3,"name":"VILLEROY &#038; BOCH Vieux Luxembourg Set de 6 tazas de t\u00e9"}]},{"@type":"WebSite","@id":"https:\/\/www.erresse-shop.it\/es\/#website","url":"https:\/\/www.erresse-shop.it\/es\/","name":"Erresse Shop","description":"Articoli di qualit\u00e0 per la casa","potentialAction":[{"@type":"SearchAction","target":{"@type":"EntryPoint","urlTemplate":"https:\/\/www.erresse-shop.it\/es\/?s={search_term_string}"},"query-input":"required name=search_term_string"}],"inLanguage":"es"}]}},"df_price":89.95,"df_sale_price":89.95,"df_regular_price":119.4,"df_image_link":"https:\/\/www.erresse-shop.it\/wp-content\/uploads\/2025\/04\/VILLEROY-BOCH-Vieux-Luxembourg-Set-6-Tazze-da-Te-300x300.jpg","_links":{"self":[{"href":"https:\/\/www.erresse-shop.it\/es\/wp-json\/wp\/v2\/product\/486923"}],"collection":[{"href":"https:\/\/www.erresse-shop.it\/es\/wp-json\/wp\/v2\/product"}],"about":[{"href":"https:\/\/www.erresse-shop.it\/es\/wp-json\/wp\/v2\/types\/product"}],"wp:featuredmedia":[{"embeddable":true,"href":"https:\/\/www.erresse-shop.it\/es\/wp-json\/wp\/v2\/media\/486931"}],"wp:attachment":[{"href":"https:\/\/www.erresse-shop.it\/es\/wp-json\/wp\/v2\/media?parent=486923"}],"wp:term":[{"taxonomy":"product_cat","embeddable":true,"href":"https:\/\/www.erresse-shop.it\/es\/wp-json\/wp\/v2\/product_cat?post=486923"},{"taxonomy":"product_tag","embeddable":true,"href":"https:\/\/www.erresse-shop.it\/es\/wp-json\/wp\/v2\/product_tag?post=486923"}],"curies":[{"name":"wp","href":"https:\/\/api.w.org\/{rel}","templated":true}]}}