{"id":486902,"date":"2025-04-02T08:43:00","date_gmt":"2025-04-02T08:43:02","guid":{"rendered":"https:\/\/www.erresse-shop.it\/?post_type=product&#038;p=486902"},"modified":"2026-02-13T09:56:40","modified_gmt":"2026-02-13T09:56:40","slug":"villeroy-boch-vieux-luxembourg-set-de-6-platillos-para-taza-de-te","status":"publish","type":"product","link":"https:\/\/www.erresse-shop.it\/es\/shop\/tabla\/tazas\/villeroy-boch-vieux-luxembourg-set-de-6-platillos-para-taza-de-te\/","title":{"rendered":"VILLEROY &#038; BOCH Vieux Luxembourg Set de 6 platillos para taza de t\u00e9"},"content":{"rendered":"<p class=\"p1\"><strong>Set de taza y platillo de t\u00e9<\/strong><br \/>\nA\u00f1ade un toque de elegancia a tu mesa con el <strong data-start=\"53\" data-end=\"90\">set de 6 platillos para taza de t\u00e9<\/strong> en <strong data-start=\"94\" data-end=\"123\">porcelana blanca premium<\/strong>. Cada platillo est\u00e1 adornado con delicadas <strong data-start=\"166\" data-end=\"221\">decoraciones de refinadas ramitas de flores de color azul cobalto<\/strong>, que le dan un aire de clase y sofisticaci\u00f3n. Fabricados con materiales de alta calidad, estos platos son duraderos e ideales para el uso diario o para ocasiones especiales. Perfectas para acompa\u00f1ar tus tazas de t\u00e9, se adaptan con estilo a cualquier decoraci\u00f3n, haciendo cada momento del t\u00e9 a\u00fan m\u00e1s especial. Una gran idea de regalo para los amantes de la ceremonia del t\u00e9.<\/p>\n<p><strong>Material:<\/strong> Porcelana de primera calidad<br \/>\n<strong>Dimensiones<\/strong>: \u00d815,8 x H. 2 cm<br \/>\n<strong>Apto para lavavajillas:<\/strong> s\u00ed<br \/>\n<strong>Apto para microondas:<\/strong> s\u00ed<\/p>\n","protected":false},"excerpt":{"rendered":"<p>Set de taza y platillo de t\u00e9 A\u00f1ade un toque de elegancia a tu mesa con el set de 6<\/p>\n","protected":false},"featured_media":486916,"template":"","meta":{"_acf_changed":false,"inline_featured_image":false},"product_cat":[16027,16034],"product_tag":[25029,23574,24399,21947,25023],"acf":[],"yoast_head":"<!-- This site is optimized with the Yoast SEO Premium plugin v18.6 (Yoast SEO v19.13) - https:\/\/yoast.com\/wordpress\/plugins\/seo\/ -->\n<title>VILLEROY &amp; BOCH Vieux Luxembourg Set de 6 platillos para taza de t\u00e9 - Erresse Shop<\/title>\n<meta name=\"description\" content=\"Set de taza y platillo de t\u00e9 A\u00f1ade un toque de elegancia a tu mesa con el set de 6 platillos para taza de t\u00e9 en porcelana blanca premium. Cada platillo\" \/>\n<meta name=\"robots\" content=\"index, follow, max-snippet:-1, max-image-preview:large, max-video-preview:-1\" \/>\n<link rel=\"canonical\" href=\"https:\/\/www.erresse-shop.it\/es\/shop\/tabla\/tazas\/villeroy-boch-vieux-luxembourg-set-de-6-platillos-para-taza-de-te\/\" \/>\n<meta property=\"og:locale\" content=\"es_ES\" \/>\n<meta property=\"og:type\" content=\"article\" \/>\n<meta property=\"og:title\" content=\"VILLEROY &amp; BOCH Vieux Luxembourg Set de 6 platillos para taza de t\u00e9\" \/>\n<meta property=\"og:description\" content=\"Set de taza y platillo de t\u00e9 A\u00f1ade un toque de elegancia a tu mesa con el set de 6 platillos para taza de t\u00e9 en porcelana blanca premium. Cada platillo\" \/>\n<meta property=\"og:url\" content=\"https:\/\/www.erresse-shop.it\/es\/shop\/tabla\/tazas\/villeroy-boch-vieux-luxembourg-set-de-6-platillos-para-taza-de-te\/\" \/>\n<meta property=\"og:site_name\" content=\"Erresse Shop\" \/>\n<meta property=\"article:modified_time\" content=\"2026-02-13T09:56:40+00:00\" \/>\n<meta property=\"og:image\" content=\"https:\/\/www.erresse-shop.it\/wp-content\/uploads\/2025\/04\/VILLEROY-BOCH-Vieux-Luxembourg-Set-6-Piattini-per-Tazze-Te.jpg\" \/>\n\t<meta property=\"og:image:width\" content=\"1200\" \/>\n\t<meta property=\"og:image:height\" content=\"1200\" \/>\n\t<meta property=\"og:image:type\" content=\"image\/jpeg\" \/>\n<meta name=\"twitter:card\" content=\"summary_large_image\" \/>\n<script type=\"application\/ld+json\" class=\"yoast-schema-graph\">{\"@context\":\"https:\/\/schema.org\",\"@graph\":[{\"@type\":\"WebPage\",\"@id\":\"https:\/\/www.erresse-shop.it\/es\/shop\/tabla\/tazas\/villeroy-boch-vieux-luxembourg-set-de-6-platillos-para-taza-de-te\/\",\"url\":\"https:\/\/www.erresse-shop.it\/es\/shop\/tabla\/tazas\/villeroy-boch-vieux-luxembourg-set-de-6-platillos-para-taza-de-te\/\",\"name\":\"VILLEROY & BOCH Vieux Luxembourg Set de 6 platillos para taza de t\u00e9 - Erresse Shop\",\"isPartOf\":{\"@id\":\"https:\/\/www.erresse-shop.it\/es\/#website\"},\"datePublished\":\"2025-04-02T08:43:02+00:00\",\"dateModified\":\"2026-02-13T09:56:40+00:00\",\"description\":\"Set de taza y platillo de t\u00e9 A\u00f1ade un toque de elegancia a tu mesa con el set de 6 platillos para taza de t\u00e9 en porcelana blanca premium. Cada platillo\",\"breadcrumb\":{\"@id\":\"https:\/\/www.erresse-shop.it\/es\/shop\/tabla\/tazas\/villeroy-boch-vieux-luxembourg-set-de-6-platillos-para-taza-de-te\/#breadcrumb\"},\"inLanguage\":\"es\",\"potentialAction\":[{\"@type\":\"ReadAction\",\"target\":[\"https:\/\/www.erresse-shop.it\/es\/shop\/tabla\/tazas\/villeroy-boch-vieux-luxembourg-set-de-6-platillos-para-taza-de-te\/\"]}]},{\"@type\":\"BreadcrumbList\",\"@id\":\"https:\/\/www.erresse-shop.it\/es\/shop\/tabla\/tazas\/villeroy-boch-vieux-luxembourg-set-de-6-platillos-para-taza-de-te\/#breadcrumb\",\"itemListElement\":[{\"@type\":\"ListItem\",\"position\":1,\"name\":\"Home\",\"item\":\"https:\/\/www.erresse-shop.it\/es\/\"},{\"@type\":\"ListItem\",\"position\":2,\"name\":\"Shop\",\"item\":\"https:\/\/www.erresse-shop.it\/es\/shop\/\"},{\"@type\":\"ListItem\",\"position\":3,\"name\":\"VILLEROY &#038; BOCH Vieux Luxembourg Set de 6 platillos para taza de t\u00e9\"}]},{\"@type\":\"WebSite\",\"@id\":\"https:\/\/www.erresse-shop.it\/es\/#website\",\"url\":\"https:\/\/www.erresse-shop.it\/es\/\",\"name\":\"Erresse Shop\",\"description\":\"Articoli di qualit\u00e0 per la casa\",\"potentialAction\":[{\"@type\":\"SearchAction\",\"target\":{\"@type\":\"EntryPoint\",\"urlTemplate\":\"https:\/\/www.erresse-shop.it\/es\/?s={search_term_string}\"},\"query-input\":\"required name=search_term_string\"}],\"inLanguage\":\"es\"}]}<\/script>\n<!-- \/ Yoast SEO Premium plugin. -->","yoast_head_json":{"title":"VILLEROY & BOCH Vieux Luxembourg Set de 6 platillos para taza de t\u00e9 - Erresse Shop","description":"Set de taza y platillo de t\u00e9 A\u00f1ade un toque de elegancia a tu mesa con el set de 6 platillos para taza de t\u00e9 en porcelana blanca premium. Cada platillo","robots":{"index":"index","follow":"follow","max-snippet":"max-snippet:-1","max-image-preview":"max-image-preview:large","max-video-preview":"max-video-preview:-1"},"canonical":"https:\/\/www.erresse-shop.it\/es\/shop\/tabla\/tazas\/villeroy-boch-vieux-luxembourg-set-de-6-platillos-para-taza-de-te\/","og_locale":"es_ES","og_type":"article","og_title":"VILLEROY & BOCH Vieux Luxembourg Set de 6 platillos para taza de t\u00e9","og_description":"Set de taza y platillo de t\u00e9 A\u00f1ade un toque de elegancia a tu mesa con el set de 6 platillos para taza de t\u00e9 en porcelana blanca premium. Cada platillo","og_url":"https:\/\/www.erresse-shop.it\/es\/shop\/tabla\/tazas\/villeroy-boch-vieux-luxembourg-set-de-6-platillos-para-taza-de-te\/","og_site_name":"Erresse Shop","article_modified_time":"2026-02-13T09:56:40+00:00","og_image":[{"width":1200,"height":1200,"url":"https:\/\/www.erresse-shop.it\/wp-content\/uploads\/2025\/04\/VILLEROY-BOCH-Vieux-Luxembourg-Set-6-Piattini-per-Tazze-Te.jpg","type":"image\/jpeg"}],"twitter_card":"summary_large_image","schema":{"@context":"https:\/\/schema.org","@graph":[{"@type":"WebPage","@id":"https:\/\/www.erresse-shop.it\/es\/shop\/tabla\/tazas\/villeroy-boch-vieux-luxembourg-set-de-6-platillos-para-taza-de-te\/","url":"https:\/\/www.erresse-shop.it\/es\/shop\/tabla\/tazas\/villeroy-boch-vieux-luxembourg-set-de-6-platillos-para-taza-de-te\/","name":"VILLEROY & BOCH Vieux Luxembourg Set de 6 platillos para taza de t\u00e9 - Erresse Shop","isPartOf":{"@id":"https:\/\/www.erresse-shop.it\/es\/#website"},"datePublished":"2025-04-02T08:43:02+00:00","dateModified":"2026-02-13T09:56:40+00:00","description":"Set de taza y platillo de t\u00e9 A\u00f1ade un toque de elegancia a tu mesa con el set de 6 platillos para taza de t\u00e9 en porcelana blanca premium. Cada platillo","breadcrumb":{"@id":"https:\/\/www.erresse-shop.it\/es\/shop\/tabla\/tazas\/villeroy-boch-vieux-luxembourg-set-de-6-platillos-para-taza-de-te\/#breadcrumb"},"inLanguage":"es","potentialAction":[{"@type":"ReadAction","target":["https:\/\/www.erresse-shop.it\/es\/shop\/tabla\/tazas\/villeroy-boch-vieux-luxembourg-set-de-6-platillos-para-taza-de-te\/"]}]},{"@type":"BreadcrumbList","@id":"https:\/\/www.erresse-shop.it\/es\/shop\/tabla\/tazas\/villeroy-boch-vieux-luxembourg-set-de-6-platillos-para-taza-de-te\/#breadcrumb","itemListElement":[{"@type":"ListItem","position":1,"name":"Home","item":"https:\/\/www.erresse-shop.it\/es\/"},{"@type":"ListItem","position":2,"name":"Shop","item":"https:\/\/www.erresse-shop.it\/es\/shop\/"},{"@type":"ListItem","position":3,"name":"VILLEROY &#038; BOCH Vieux Luxembourg Set de 6 platillos para taza de t\u00e9"}]},{"@type":"WebSite","@id":"https:\/\/www.erresse-shop.it\/es\/#website","url":"https:\/\/www.erresse-shop.it\/es\/","name":"Erresse Shop","description":"Articoli di qualit\u00e0 per la casa","potentialAction":[{"@type":"SearchAction","target":{"@type":"EntryPoint","urlTemplate":"https:\/\/www.erresse-shop.it\/es\/?s={search_term_string}"},"query-input":"required name=search_term_string"}],"inLanguage":"es"}]}},"df_price":49,"df_sale_price":49,"df_regular_price":78,"df_image_link":"https:\/\/www.erresse-shop.it\/wp-content\/uploads\/2025\/04\/VILLEROY-BOCH-Vieux-Luxembourg-Set-6-Piattini-per-Tazze-Te-300x300.jpg","_links":{"self":[{"href":"https:\/\/www.erresse-shop.it\/es\/wp-json\/wp\/v2\/product\/486902"}],"collection":[{"href":"https:\/\/www.erresse-shop.it\/es\/wp-json\/wp\/v2\/product"}],"about":[{"href":"https:\/\/www.erresse-shop.it\/es\/wp-json\/wp\/v2\/types\/product"}],"wp:featuredmedia":[{"embeddable":true,"href":"https:\/\/www.erresse-shop.it\/es\/wp-json\/wp\/v2\/media\/486916"}],"wp:attachment":[{"href":"https:\/\/www.erresse-shop.it\/es\/wp-json\/wp\/v2\/media?parent=486902"}],"wp:term":[{"taxonomy":"product_cat","embeddable":true,"href":"https:\/\/www.erresse-shop.it\/es\/wp-json\/wp\/v2\/product_cat?post=486902"},{"taxonomy":"product_tag","embeddable":true,"href":"https:\/\/www.erresse-shop.it\/es\/wp-json\/wp\/v2\/product_tag?post=486902"}],"curies":[{"name":"wp","href":"https:\/\/api.w.org\/{rel}","templated":true}]}}