{"id":486874,"date":"2025-04-02T08:22:59","date_gmt":"2025-04-02T08:23:03","guid":{"rendered":"https:\/\/www.erresse-shop.it\/?post_type=product&#038;p=486874"},"modified":"2026-02-13T10:01:41","modified_gmt":"2026-02-13T10:01:41","slug":"villeroy-boch-vieux-luxembourg-set-de-4-tazas-de-capuchino","status":"publish","type":"product","link":"https:\/\/www.erresse-shop.it\/es\/shop\/tabla\/tazas\/villeroy-boch-vieux-luxembourg-set-de-4-tazas-de-capuchino\/","title":{"rendered":"VILLEROY &#038; BOCH Vieux Luxembourg Set de 4 tazas de capuchino"},"content":{"rendered":"<p class=\"p1\"><strong>Juego de tazas para capuchino<\/strong><br \/>\nDelicados dibujos en relieve y discretas decoraciones de filigrana sobre brillante porcelana blanca de la colecci\u00f3n Vieux Luxembourg se combinan para formar un conjunto elegante y sofisticado atemporal. La taza de espresso\/moka trae el encanto italiano a tu hogar. En esta taza el caf\u00e9 moka quedar\u00e1 realmente bueno. Disfruta de un caf\u00e9 a la perfecci\u00f3n.<\/p>\n<p><strong>Material:<\/strong> Porcelana de primera calidad<br \/>\n<strong>Volumen:<\/strong> 240 ml<br \/>\n<strong>Apto para lavavajillas:<\/strong> s\u00ed<br \/>\n<strong>Apto para microondas:<\/strong> s\u00ed<\/p>\n","protected":false},"excerpt":{"rendered":"<p>Juego de tazas para capuchino Delicados dibujos en relieve y discretas decoraciones de filigrana sobre brillante porcelana blanca de la<\/p>\n","protected":false},"featured_media":486894,"template":"","meta":{"_acf_changed":false,"inline_featured_image":false},"product_cat":[16027,16034],"product_tag":[25029,23574,24399,21941,16354,16355,16475,16909,21940,25023],"acf":[],"yoast_head":"<!-- This site is optimized with the Yoast SEO Premium plugin v18.6 (Yoast SEO v19.13) - https:\/\/yoast.com\/wordpress\/plugins\/seo\/ -->\n<title>VILLEROY &amp; BOCH Vieux Luxembourg Set de 4 tazas de capuchino - Erresse Shop<\/title>\n<meta name=\"description\" content=\"Juego de tazas para capuchino Delicados dibujos en relieve y discretas decoraciones de filigrana sobre brillante porcelana blanca de la colecci\u00f3n Vieux\" \/>\n<meta name=\"robots\" content=\"index, follow, max-snippet:-1, max-image-preview:large, max-video-preview:-1\" \/>\n<link rel=\"canonical\" href=\"https:\/\/www.erresse-shop.it\/es\/shop\/tabla\/tazas\/villeroy-boch-vieux-luxembourg-set-de-4-tazas-de-capuchino\/\" \/>\n<meta property=\"og:locale\" content=\"es_ES\" \/>\n<meta property=\"og:type\" content=\"article\" \/>\n<meta property=\"og:title\" content=\"VILLEROY &amp; BOCH Vieux Luxembourg Set de 4 tazas de capuchino\" \/>\n<meta property=\"og:description\" content=\"Juego de tazas para capuchino Delicados dibujos en relieve y discretas decoraciones de filigrana sobre brillante porcelana blanca de la colecci\u00f3n Vieux\" \/>\n<meta property=\"og:url\" content=\"https:\/\/www.erresse-shop.it\/es\/shop\/tabla\/tazas\/villeroy-boch-vieux-luxembourg-set-de-4-tazas-de-capuchino\/\" \/>\n<meta property=\"og:site_name\" content=\"Erresse Shop\" \/>\n<meta property=\"article:modified_time\" content=\"2026-02-13T10:01:41+00:00\" \/>\n<meta property=\"og:image\" content=\"https:\/\/www.erresse-shop.it\/wp-content\/uploads\/2025\/04\/VILLEROY-BOCH-Vieux-Luxembourg-Set-4-Tazze-da-Cappuccino.jpg\" \/>\n\t<meta property=\"og:image:width\" content=\"1200\" \/>\n\t<meta property=\"og:image:height\" content=\"1200\" \/>\n\t<meta property=\"og:image:type\" content=\"image\/jpeg\" \/>\n<meta name=\"twitter:card\" content=\"summary_large_image\" \/>\n<script type=\"application\/ld+json\" class=\"yoast-schema-graph\">{\"@context\":\"https:\/\/schema.org\",\"@graph\":[{\"@type\":\"WebPage\",\"@id\":\"https:\/\/www.erresse-shop.it\/es\/shop\/tabla\/tazas\/villeroy-boch-vieux-luxembourg-set-de-4-tazas-de-capuchino\/\",\"url\":\"https:\/\/www.erresse-shop.it\/es\/shop\/tabla\/tazas\/villeroy-boch-vieux-luxembourg-set-de-4-tazas-de-capuchino\/\",\"name\":\"VILLEROY & BOCH Vieux Luxembourg Set de 4 tazas de capuchino - Erresse Shop\",\"isPartOf\":{\"@id\":\"https:\/\/www.erresse-shop.it\/es\/#website\"},\"datePublished\":\"2025-04-02T08:23:03+00:00\",\"dateModified\":\"2026-02-13T10:01:41+00:00\",\"description\":\"Juego de tazas para capuchino Delicados dibujos en relieve y discretas decoraciones de filigrana sobre brillante porcelana blanca de la colecci\u00f3n Vieux\",\"breadcrumb\":{\"@id\":\"https:\/\/www.erresse-shop.it\/es\/shop\/tabla\/tazas\/villeroy-boch-vieux-luxembourg-set-de-4-tazas-de-capuchino\/#breadcrumb\"},\"inLanguage\":\"es\",\"potentialAction\":[{\"@type\":\"ReadAction\",\"target\":[\"https:\/\/www.erresse-shop.it\/es\/shop\/tabla\/tazas\/villeroy-boch-vieux-luxembourg-set-de-4-tazas-de-capuchino\/\"]}]},{\"@type\":\"BreadcrumbList\",\"@id\":\"https:\/\/www.erresse-shop.it\/es\/shop\/tabla\/tazas\/villeroy-boch-vieux-luxembourg-set-de-4-tazas-de-capuchino\/#breadcrumb\",\"itemListElement\":[{\"@type\":\"ListItem\",\"position\":1,\"name\":\"Home\",\"item\":\"https:\/\/www.erresse-shop.it\/es\/\"},{\"@type\":\"ListItem\",\"position\":2,\"name\":\"Shop\",\"item\":\"https:\/\/www.erresse-shop.it\/es\/shop\/\"},{\"@type\":\"ListItem\",\"position\":3,\"name\":\"VILLEROY &#038; BOCH Vieux Luxembourg Set de 4 tazas de capuchino\"}]},{\"@type\":\"WebSite\",\"@id\":\"https:\/\/www.erresse-shop.it\/es\/#website\",\"url\":\"https:\/\/www.erresse-shop.it\/es\/\",\"name\":\"Erresse Shop\",\"description\":\"Articoli di qualit\u00e0 per la casa\",\"potentialAction\":[{\"@type\":\"SearchAction\",\"target\":{\"@type\":\"EntryPoint\",\"urlTemplate\":\"https:\/\/www.erresse-shop.it\/es\/?s={search_term_string}\"},\"query-input\":\"required name=search_term_string\"}],\"inLanguage\":\"es\"}]}<\/script>\n<!-- \/ Yoast SEO Premium plugin. -->","yoast_head_json":{"title":"VILLEROY & BOCH Vieux Luxembourg Set de 4 tazas de capuchino - Erresse Shop","description":"Juego de tazas para capuchino Delicados dibujos en relieve y discretas decoraciones de filigrana sobre brillante porcelana blanca de la colecci\u00f3n Vieux","robots":{"index":"index","follow":"follow","max-snippet":"max-snippet:-1","max-image-preview":"max-image-preview:large","max-video-preview":"max-video-preview:-1"},"canonical":"https:\/\/www.erresse-shop.it\/es\/shop\/tabla\/tazas\/villeroy-boch-vieux-luxembourg-set-de-4-tazas-de-capuchino\/","og_locale":"es_ES","og_type":"article","og_title":"VILLEROY & BOCH Vieux Luxembourg Set de 4 tazas de capuchino","og_description":"Juego de tazas para capuchino Delicados dibujos en relieve y discretas decoraciones de filigrana sobre brillante porcelana blanca de la colecci\u00f3n Vieux","og_url":"https:\/\/www.erresse-shop.it\/es\/shop\/tabla\/tazas\/villeroy-boch-vieux-luxembourg-set-de-4-tazas-de-capuchino\/","og_site_name":"Erresse Shop","article_modified_time":"2026-02-13T10:01:41+00:00","og_image":[{"width":1200,"height":1200,"url":"https:\/\/www.erresse-shop.it\/wp-content\/uploads\/2025\/04\/VILLEROY-BOCH-Vieux-Luxembourg-Set-4-Tazze-da-Cappuccino.jpg","type":"image\/jpeg"}],"twitter_card":"summary_large_image","schema":{"@context":"https:\/\/schema.org","@graph":[{"@type":"WebPage","@id":"https:\/\/www.erresse-shop.it\/es\/shop\/tabla\/tazas\/villeroy-boch-vieux-luxembourg-set-de-4-tazas-de-capuchino\/","url":"https:\/\/www.erresse-shop.it\/es\/shop\/tabla\/tazas\/villeroy-boch-vieux-luxembourg-set-de-4-tazas-de-capuchino\/","name":"VILLEROY & BOCH Vieux Luxembourg Set de 4 tazas de capuchino - Erresse Shop","isPartOf":{"@id":"https:\/\/www.erresse-shop.it\/es\/#website"},"datePublished":"2025-04-02T08:23:03+00:00","dateModified":"2026-02-13T10:01:41+00:00","description":"Juego de tazas para capuchino Delicados dibujos en relieve y discretas decoraciones de filigrana sobre brillante porcelana blanca de la colecci\u00f3n Vieux","breadcrumb":{"@id":"https:\/\/www.erresse-shop.it\/es\/shop\/tabla\/tazas\/villeroy-boch-vieux-luxembourg-set-de-4-tazas-de-capuchino\/#breadcrumb"},"inLanguage":"es","potentialAction":[{"@type":"ReadAction","target":["https:\/\/www.erresse-shop.it\/es\/shop\/tabla\/tazas\/villeroy-boch-vieux-luxembourg-set-de-4-tazas-de-capuchino\/"]}]},{"@type":"BreadcrumbList","@id":"https:\/\/www.erresse-shop.it\/es\/shop\/tabla\/tazas\/villeroy-boch-vieux-luxembourg-set-de-4-tazas-de-capuchino\/#breadcrumb","itemListElement":[{"@type":"ListItem","position":1,"name":"Home","item":"https:\/\/www.erresse-shop.it\/es\/"},{"@type":"ListItem","position":2,"name":"Shop","item":"https:\/\/www.erresse-shop.it\/es\/shop\/"},{"@type":"ListItem","position":3,"name":"VILLEROY &#038; BOCH Vieux Luxembourg Set de 4 tazas de capuchino"}]},{"@type":"WebSite","@id":"https:\/\/www.erresse-shop.it\/es\/#website","url":"https:\/\/www.erresse-shop.it\/es\/","name":"Erresse Shop","description":"Articoli di qualit\u00e0 per la casa","potentialAction":[{"@type":"SearchAction","target":{"@type":"EntryPoint","urlTemplate":"https:\/\/www.erresse-shop.it\/es\/?s={search_term_string}"},"query-input":"required name=search_term_string"}],"inLanguage":"es"}]}},"df_price":79.95,"df_sale_price":79.95,"df_regular_price":99.6,"df_image_link":"https:\/\/www.erresse-shop.it\/wp-content\/uploads\/2025\/04\/VILLEROY-BOCH-Vieux-Luxembourg-Set-4-Tazze-da-Cappuccino-300x300.jpg","_links":{"self":[{"href":"https:\/\/www.erresse-shop.it\/es\/wp-json\/wp\/v2\/product\/486874"}],"collection":[{"href":"https:\/\/www.erresse-shop.it\/es\/wp-json\/wp\/v2\/product"}],"about":[{"href":"https:\/\/www.erresse-shop.it\/es\/wp-json\/wp\/v2\/types\/product"}],"wp:featuredmedia":[{"embeddable":true,"href":"https:\/\/www.erresse-shop.it\/es\/wp-json\/wp\/v2\/media\/486894"}],"wp:attachment":[{"href":"https:\/\/www.erresse-shop.it\/es\/wp-json\/wp\/v2\/media?parent=486874"}],"wp:term":[{"taxonomy":"product_cat","embeddable":true,"href":"https:\/\/www.erresse-shop.it\/es\/wp-json\/wp\/v2\/product_cat?post=486874"},{"taxonomy":"product_tag","embeddable":true,"href":"https:\/\/www.erresse-shop.it\/es\/wp-json\/wp\/v2\/product_tag?post=486874"}],"curies":[{"name":"wp","href":"https:\/\/api.w.org\/{rel}","templated":true}]}}