{"id":486794,"date":"2025-04-02T07:07:15","date_gmt":"2025-04-02T07:07:18","guid":{"rendered":"https:\/\/www.erresse-shop.it\/?post_type=product&#038;p=486794"},"modified":"2026-02-13T10:29:46","modified_gmt":"2026-02-13T10:29:46","slug":"villeroy-boch-petite-fleur-set-de-4-platos-de-postre-21-cm-copia","status":"publish","type":"product","link":"https:\/\/www.erresse-shop.it\/es\/shop\/tabla\/ensaladeras-y-soperas\/villeroy-boch-petite-fleur-set-de-4-platos-de-postre-21-cm-copia\/","title":{"rendered":"VILLEROY &#038; BOCH Petite Fleur Ensaladera  21 cm"},"content":{"rendered":"<p class=\"p1\"><b>Ensaladera<\/b><br \/>\nHaga que cada comida sea m\u00e1s elegante con nuestra <strong data-start=\"44\" data-end=\"81\">ensaladera de porcelana premium<\/strong>, perfecta para servir ensaladas frescas y platos ligeros. Con un dise\u00f1o refinado y sobrio, esta ensaladera combina practicidad y estilo, adapt\u00e1ndose f\u00e1cilmente a cualquier tipo de decoraci\u00f3n. Hecho de materiales de alta calidad, es duradero y de larga duraci\u00f3n, ideal para el uso diario o para ocasiones especiales. Con su forma amplia y espaciosa, ofrece suficiente espacio para preparar y servir ensaladas para toda la familia. Una excelente opci\u00f3n tambi\u00e9n como regalo, para a\u00f1adir un toque de distinci\u00f3n a la mesa.<\/p>\n<p><strong>Material:<\/strong> porcelana de primera calidad<br \/>\n<strong>Volumen:<\/strong> 1,3 l<br \/>\n<strong>Dimensiones<\/strong>: \u2300 20,9 x alto 8,6 cm<br \/>\n<strong>Apto para lavavajillas:<\/strong> s\u00ed<br \/>\n<strong>Apto para microondas:<\/strong> s\u00ed<\/p>\n","protected":false},"excerpt":{"rendered":"<p>Ensaladera Haga que cada comida sea m\u00e1s elegante con nuestra ensaladera de porcelana premium, perfecta para servir ensaladas frescas y<\/p>\n","protected":false},"featured_media":486810,"template":"","meta":{"_acf_changed":false,"inline_featured_image":false},"product_cat":[16030,16027],"product_tag":[16421,16414,17245],"acf":[],"yoast_head":"<!-- This site is optimized with the Yoast SEO Premium plugin v18.6 (Yoast SEO v19.13) - https:\/\/yoast.com\/wordpress\/plugins\/seo\/ -->\n<title>VILLEROY &amp; BOCH Petite Fleur Ensaladera 21 cm - Erresse Shop<\/title>\n<meta name=\"description\" content=\"Ensaladera Haga que cada comida sea m\u00e1s elegante con nuestra ensaladera de porcelana premium, perfecta para servir ensaladas frescas y platos ligeros. Con\" \/>\n<meta name=\"robots\" content=\"index, follow, max-snippet:-1, max-image-preview:large, max-video-preview:-1\" \/>\n<link rel=\"canonical\" href=\"https:\/\/www.erresse-shop.it\/es\/shop\/tabla\/ensaladeras-y-soperas\/villeroy-boch-petite-fleur-set-de-4-platos-de-postre-21-cm-copia\/\" \/>\n<meta property=\"og:locale\" content=\"es_ES\" \/>\n<meta property=\"og:type\" content=\"article\" \/>\n<meta property=\"og:title\" content=\"VILLEROY &amp; BOCH Petite Fleur Ensaladera 21 cm\" \/>\n<meta property=\"og:description\" content=\"Ensaladera Haga que cada comida sea m\u00e1s elegante con nuestra ensaladera de porcelana premium, perfecta para servir ensaladas frescas y platos ligeros. Con\" \/>\n<meta property=\"og:url\" content=\"https:\/\/www.erresse-shop.it\/es\/shop\/tabla\/ensaladeras-y-soperas\/villeroy-boch-petite-fleur-set-de-4-platos-de-postre-21-cm-copia\/\" \/>\n<meta property=\"og:site_name\" content=\"Erresse Shop\" \/>\n<meta property=\"article:modified_time\" content=\"2026-02-13T10:29:46+00:00\" \/>\n<meta property=\"og:image\" content=\"https:\/\/www.erresse-shop.it\/wp-content\/uploads\/2025\/04\/VILLEROY-BOCH-Petite-Fleur-Insalatiera-21-cm.jpg\" \/>\n\t<meta property=\"og:image:width\" content=\"1200\" \/>\n\t<meta property=\"og:image:height\" content=\"1200\" \/>\n\t<meta property=\"og:image:type\" content=\"image\/jpeg\" \/>\n<meta name=\"twitter:card\" content=\"summary_large_image\" \/>\n<script type=\"application\/ld+json\" class=\"yoast-schema-graph\">{\"@context\":\"https:\/\/schema.org\",\"@graph\":[{\"@type\":\"WebPage\",\"@id\":\"https:\/\/www.erresse-shop.it\/es\/shop\/tabla\/ensaladeras-y-soperas\/villeroy-boch-petite-fleur-set-de-4-platos-de-postre-21-cm-copia\/\",\"url\":\"https:\/\/www.erresse-shop.it\/es\/shop\/tabla\/ensaladeras-y-soperas\/villeroy-boch-petite-fleur-set-de-4-platos-de-postre-21-cm-copia\/\",\"name\":\"VILLEROY & BOCH Petite Fleur Ensaladera 21 cm - Erresse Shop\",\"isPartOf\":{\"@id\":\"https:\/\/www.erresse-shop.it\/es\/#website\"},\"datePublished\":\"2025-04-02T07:07:18+00:00\",\"dateModified\":\"2026-02-13T10:29:46+00:00\",\"description\":\"Ensaladera Haga que cada comida sea m\u00e1s elegante con nuestra ensaladera de porcelana premium, perfecta para servir ensaladas frescas y platos ligeros. Con\",\"breadcrumb\":{\"@id\":\"https:\/\/www.erresse-shop.it\/es\/shop\/tabla\/ensaladeras-y-soperas\/villeroy-boch-petite-fleur-set-de-4-platos-de-postre-21-cm-copia\/#breadcrumb\"},\"inLanguage\":\"es\",\"potentialAction\":[{\"@type\":\"ReadAction\",\"target\":[\"https:\/\/www.erresse-shop.it\/es\/shop\/tabla\/ensaladeras-y-soperas\/villeroy-boch-petite-fleur-set-de-4-platos-de-postre-21-cm-copia\/\"]}]},{\"@type\":\"BreadcrumbList\",\"@id\":\"https:\/\/www.erresse-shop.it\/es\/shop\/tabla\/ensaladeras-y-soperas\/villeroy-boch-petite-fleur-set-de-4-platos-de-postre-21-cm-copia\/#breadcrumb\",\"itemListElement\":[{\"@type\":\"ListItem\",\"position\":1,\"name\":\"Home\",\"item\":\"https:\/\/www.erresse-shop.it\/es\/\"},{\"@type\":\"ListItem\",\"position\":2,\"name\":\"Shop\",\"item\":\"https:\/\/www.erresse-shop.it\/es\/shop\/\"},{\"@type\":\"ListItem\",\"position\":3,\"name\":\"VILLEROY &#038; BOCH Petite Fleur Ensaladera 21 cm\"}]},{\"@type\":\"WebSite\",\"@id\":\"https:\/\/www.erresse-shop.it\/es\/#website\",\"url\":\"https:\/\/www.erresse-shop.it\/es\/\",\"name\":\"Erresse Shop\",\"description\":\"Articoli di qualit\u00e0 per la casa\",\"potentialAction\":[{\"@type\":\"SearchAction\",\"target\":{\"@type\":\"EntryPoint\",\"urlTemplate\":\"https:\/\/www.erresse-shop.it\/es\/?s={search_term_string}\"},\"query-input\":\"required name=search_term_string\"}],\"inLanguage\":\"es\"}]}<\/script>\n<!-- \/ Yoast SEO Premium plugin. -->","yoast_head_json":{"title":"VILLEROY & BOCH Petite Fleur Ensaladera 21 cm - Erresse Shop","description":"Ensaladera Haga que cada comida sea m\u00e1s elegante con nuestra ensaladera de porcelana premium, perfecta para servir ensaladas frescas y platos ligeros. Con","robots":{"index":"index","follow":"follow","max-snippet":"max-snippet:-1","max-image-preview":"max-image-preview:large","max-video-preview":"max-video-preview:-1"},"canonical":"https:\/\/www.erresse-shop.it\/es\/shop\/tabla\/ensaladeras-y-soperas\/villeroy-boch-petite-fleur-set-de-4-platos-de-postre-21-cm-copia\/","og_locale":"es_ES","og_type":"article","og_title":"VILLEROY & BOCH Petite Fleur Ensaladera 21 cm","og_description":"Ensaladera Haga que cada comida sea m\u00e1s elegante con nuestra ensaladera de porcelana premium, perfecta para servir ensaladas frescas y platos ligeros. Con","og_url":"https:\/\/www.erresse-shop.it\/es\/shop\/tabla\/ensaladeras-y-soperas\/villeroy-boch-petite-fleur-set-de-4-platos-de-postre-21-cm-copia\/","og_site_name":"Erresse Shop","article_modified_time":"2026-02-13T10:29:46+00:00","og_image":[{"width":1200,"height":1200,"url":"https:\/\/www.erresse-shop.it\/wp-content\/uploads\/2025\/04\/VILLEROY-BOCH-Petite-Fleur-Insalatiera-21-cm.jpg","type":"image\/jpeg"}],"twitter_card":"summary_large_image","schema":{"@context":"https:\/\/schema.org","@graph":[{"@type":"WebPage","@id":"https:\/\/www.erresse-shop.it\/es\/shop\/tabla\/ensaladeras-y-soperas\/villeroy-boch-petite-fleur-set-de-4-platos-de-postre-21-cm-copia\/","url":"https:\/\/www.erresse-shop.it\/es\/shop\/tabla\/ensaladeras-y-soperas\/villeroy-boch-petite-fleur-set-de-4-platos-de-postre-21-cm-copia\/","name":"VILLEROY & BOCH Petite Fleur Ensaladera 21 cm - Erresse Shop","isPartOf":{"@id":"https:\/\/www.erresse-shop.it\/es\/#website"},"datePublished":"2025-04-02T07:07:18+00:00","dateModified":"2026-02-13T10:29:46+00:00","description":"Ensaladera Haga que cada comida sea m\u00e1s elegante con nuestra ensaladera de porcelana premium, perfecta para servir ensaladas frescas y platos ligeros. Con","breadcrumb":{"@id":"https:\/\/www.erresse-shop.it\/es\/shop\/tabla\/ensaladeras-y-soperas\/villeroy-boch-petite-fleur-set-de-4-platos-de-postre-21-cm-copia\/#breadcrumb"},"inLanguage":"es","potentialAction":[{"@type":"ReadAction","target":["https:\/\/www.erresse-shop.it\/es\/shop\/tabla\/ensaladeras-y-soperas\/villeroy-boch-petite-fleur-set-de-4-platos-de-postre-21-cm-copia\/"]}]},{"@type":"BreadcrumbList","@id":"https:\/\/www.erresse-shop.it\/es\/shop\/tabla\/ensaladeras-y-soperas\/villeroy-boch-petite-fleur-set-de-4-platos-de-postre-21-cm-copia\/#breadcrumb","itemListElement":[{"@type":"ListItem","position":1,"name":"Home","item":"https:\/\/www.erresse-shop.it\/es\/"},{"@type":"ListItem","position":2,"name":"Shop","item":"https:\/\/www.erresse-shop.it\/es\/shop\/"},{"@type":"ListItem","position":3,"name":"VILLEROY &#038; BOCH Petite Fleur Ensaladera 21 cm"}]},{"@type":"WebSite","@id":"https:\/\/www.erresse-shop.it\/es\/#website","url":"https:\/\/www.erresse-shop.it\/es\/","name":"Erresse Shop","description":"Articoli di qualit\u00e0 per la casa","potentialAction":[{"@type":"SearchAction","target":{"@type":"EntryPoint","urlTemplate":"https:\/\/www.erresse-shop.it\/es\/?s={search_term_string}"},"query-input":"required name=search_term_string"}],"inLanguage":"es"}]}},"df_price":34.95,"df_sale_price":34.95,"df_regular_price":69.9,"df_image_link":"https:\/\/www.erresse-shop.it\/wp-content\/uploads\/2025\/04\/VILLEROY-BOCH-Petite-Fleur-Insalatiera-21-cm-300x300.jpg","_links":{"self":[{"href":"https:\/\/www.erresse-shop.it\/es\/wp-json\/wp\/v2\/product\/486794"}],"collection":[{"href":"https:\/\/www.erresse-shop.it\/es\/wp-json\/wp\/v2\/product"}],"about":[{"href":"https:\/\/www.erresse-shop.it\/es\/wp-json\/wp\/v2\/types\/product"}],"wp:featuredmedia":[{"embeddable":true,"href":"https:\/\/www.erresse-shop.it\/es\/wp-json\/wp\/v2\/media\/486810"}],"wp:attachment":[{"href":"https:\/\/www.erresse-shop.it\/es\/wp-json\/wp\/v2\/media?parent=486794"}],"wp:term":[{"taxonomy":"product_cat","embeddable":true,"href":"https:\/\/www.erresse-shop.it\/es\/wp-json\/wp\/v2\/product_cat?post=486794"},{"taxonomy":"product_tag","embeddable":true,"href":"https:\/\/www.erresse-shop.it\/es\/wp-json\/wp\/v2\/product_tag?post=486794"}],"curies":[{"name":"wp","href":"https:\/\/api.w.org\/{rel}","templated":true}]}}