{"id":486721,"date":"2025-04-02T06:28:25","date_gmt":"2025-04-02T06:28:27","guid":{"rendered":"https:\/\/www.erresse-shop.it\/?post_type=product&#038;p=486721"},"modified":"2026-02-13T10:50:43","modified_gmt":"2026-02-13T10:50:43","slug":"villeroy-boch-petite-fleur-set-de-6-platillos-para-taza-de-cafe","status":"publish","type":"product","link":"https:\/\/www.erresse-shop.it\/es\/shop\/tabla\/platos\/villeroy-boch-petite-fleur-set-de-6-platillos-para-taza-de-cafe\/","title":{"rendered":"VILLEROY &#038; BOCH Petite Fleur Set de 6 platillos para taza de caf\u00e9"},"content":{"rendered":"<p class=\"p1\"><b>Set de platillos para taza de caf\u00e9<\/b><br \/>\nElegante y funcional, el <strong data-start=\"26\" data-end=\"68\">set de 6 platillos de porcelana premium para taza de caf\u00e9 latte<\/strong> es el accesorio ideal para completar tu experiencia de caf\u00e9. Cada platillo est\u00e1 elaborado con materiales de alta calidad, presentando un dise\u00f1o simple y refinado que combina perfectamente con las tazas de caf\u00e9 con leche, d\u00e1ndole un toque de clase a tu mesa. Perfectos para cualquier ocasi\u00f3n, desde el desayuno hasta el almuerzo, estos platos tambi\u00e9n son una excelente idea para regalar. Duraderos y atemporales, combinan practicidad y estilo para una experiencia de caf\u00e9 a\u00fan m\u00e1s placentera.<\/p>\n<p><strong>Material:<\/strong> porcelana de primera calidad<br \/>\n<strong>Dimensiones:<\/strong> \u2300 17 x alto 2 cm<br \/>\n<strong>Apto para lavavajillas:<\/strong> s\u00ed<br \/>\n<strong>Apto para microondas:<\/strong> s\u00ed<\/p>\n","protected":false},"excerpt":{"rendered":"<p>Set de platillos para taza de caf\u00e9 Elegante y funcional, el set de 6 platillos de porcelana premium para taza<\/p>\n","protected":false},"featured_media":486741,"template":"","meta":{"_acf_changed":false,"inline_featured_image":false},"product_cat":[16031,16027],"product_tag":[16353,23574,21947],"acf":[],"yoast_head":"<!-- This site is optimized with the Yoast SEO Premium plugin v18.6 (Yoast SEO v19.13) - https:\/\/yoast.com\/wordpress\/plugins\/seo\/ -->\n<title>VILLEROY &amp; BOCH Petite Fleur Set de 6 platillos para taza de caf\u00e9 - Erresse Shop<\/title>\n<meta name=\"description\" content=\"Set de platillos para taza de caf\u00e9 Elegante y funcional, el set de 6 platillos de porcelana premium para taza de caf\u00e9 latte es el accesorio ideal para\" \/>\n<meta name=\"robots\" content=\"index, follow, max-snippet:-1, max-image-preview:large, max-video-preview:-1\" \/>\n<link rel=\"canonical\" href=\"https:\/\/www.erresse-shop.it\/es\/shop\/tabla\/platos\/villeroy-boch-petite-fleur-set-de-6-platillos-para-taza-de-cafe\/\" \/>\n<meta property=\"og:locale\" content=\"es_ES\" \/>\n<meta property=\"og:type\" content=\"article\" \/>\n<meta property=\"og:title\" content=\"VILLEROY &amp; BOCH Petite Fleur Set de 6 platillos para taza de caf\u00e9\" \/>\n<meta property=\"og:description\" content=\"Set de platillos para taza de caf\u00e9 Elegante y funcional, el set de 6 platillos de porcelana premium para taza de caf\u00e9 latte es el accesorio ideal para\" \/>\n<meta property=\"og:url\" content=\"https:\/\/www.erresse-shop.it\/es\/shop\/tabla\/platos\/villeroy-boch-petite-fleur-set-de-6-platillos-para-taza-de-cafe\/\" \/>\n<meta property=\"og:site_name\" content=\"Erresse Shop\" \/>\n<meta property=\"article:modified_time\" content=\"2026-02-13T10:50:43+00:00\" \/>\n<meta property=\"og:image\" content=\"https:\/\/www.erresse-shop.it\/wp-content\/uploads\/2025\/04\/VILLEROY-BOCH-Petite-Fleur-Set-4-Pattini-per-Tazza-Caffelatte-17-cm.jpg\" \/>\n\t<meta property=\"og:image:width\" content=\"1200\" \/>\n\t<meta property=\"og:image:height\" content=\"1200\" \/>\n\t<meta property=\"og:image:type\" content=\"image\/jpeg\" \/>\n<meta name=\"twitter:card\" content=\"summary_large_image\" \/>\n<script type=\"application\/ld+json\" class=\"yoast-schema-graph\">{\"@context\":\"https:\/\/schema.org\",\"@graph\":[{\"@type\":\"WebPage\",\"@id\":\"https:\/\/www.erresse-shop.it\/es\/shop\/tabla\/platos\/villeroy-boch-petite-fleur-set-de-6-platillos-para-taza-de-cafe\/\",\"url\":\"https:\/\/www.erresse-shop.it\/es\/shop\/tabla\/platos\/villeroy-boch-petite-fleur-set-de-6-platillos-para-taza-de-cafe\/\",\"name\":\"VILLEROY & BOCH Petite Fleur Set de 6 platillos para taza de caf\u00e9 - Erresse Shop\",\"isPartOf\":{\"@id\":\"https:\/\/www.erresse-shop.it\/es\/#website\"},\"datePublished\":\"2025-04-02T06:28:27+00:00\",\"dateModified\":\"2026-02-13T10:50:43+00:00\",\"description\":\"Set de platillos para taza de caf\u00e9 Elegante y funcional, el set de 6 platillos de porcelana premium para taza de caf\u00e9 latte es el accesorio ideal para\",\"breadcrumb\":{\"@id\":\"https:\/\/www.erresse-shop.it\/es\/shop\/tabla\/platos\/villeroy-boch-petite-fleur-set-de-6-platillos-para-taza-de-cafe\/#breadcrumb\"},\"inLanguage\":\"es\",\"potentialAction\":[{\"@type\":\"ReadAction\",\"target\":[\"https:\/\/www.erresse-shop.it\/es\/shop\/tabla\/platos\/villeroy-boch-petite-fleur-set-de-6-platillos-para-taza-de-cafe\/\"]}]},{\"@type\":\"BreadcrumbList\",\"@id\":\"https:\/\/www.erresse-shop.it\/es\/shop\/tabla\/platos\/villeroy-boch-petite-fleur-set-de-6-platillos-para-taza-de-cafe\/#breadcrumb\",\"itemListElement\":[{\"@type\":\"ListItem\",\"position\":1,\"name\":\"Home\",\"item\":\"https:\/\/www.erresse-shop.it\/es\/\"},{\"@type\":\"ListItem\",\"position\":2,\"name\":\"Shop\",\"item\":\"https:\/\/www.erresse-shop.it\/es\/shop\/\"},{\"@type\":\"ListItem\",\"position\":3,\"name\":\"VILLEROY &#038; BOCH Petite Fleur Set de 6 platillos para taza de caf\u00e9\"}]},{\"@type\":\"WebSite\",\"@id\":\"https:\/\/www.erresse-shop.it\/es\/#website\",\"url\":\"https:\/\/www.erresse-shop.it\/es\/\",\"name\":\"Erresse Shop\",\"description\":\"Articoli di qualit\u00e0 per la casa\",\"potentialAction\":[{\"@type\":\"SearchAction\",\"target\":{\"@type\":\"EntryPoint\",\"urlTemplate\":\"https:\/\/www.erresse-shop.it\/es\/?s={search_term_string}\"},\"query-input\":\"required name=search_term_string\"}],\"inLanguage\":\"es\"}]}<\/script>\n<!-- \/ Yoast SEO Premium plugin. -->","yoast_head_json":{"title":"VILLEROY & BOCH Petite Fleur Set de 6 platillos para taza de caf\u00e9 - Erresse Shop","description":"Set de platillos para taza de caf\u00e9 Elegante y funcional, el set de 6 platillos de porcelana premium para taza de caf\u00e9 latte es el accesorio ideal para","robots":{"index":"index","follow":"follow","max-snippet":"max-snippet:-1","max-image-preview":"max-image-preview:large","max-video-preview":"max-video-preview:-1"},"canonical":"https:\/\/www.erresse-shop.it\/es\/shop\/tabla\/platos\/villeroy-boch-petite-fleur-set-de-6-platillos-para-taza-de-cafe\/","og_locale":"es_ES","og_type":"article","og_title":"VILLEROY & BOCH Petite Fleur Set de 6 platillos para taza de caf\u00e9","og_description":"Set de platillos para taza de caf\u00e9 Elegante y funcional, el set de 6 platillos de porcelana premium para taza de caf\u00e9 latte es el accesorio ideal para","og_url":"https:\/\/www.erresse-shop.it\/es\/shop\/tabla\/platos\/villeroy-boch-petite-fleur-set-de-6-platillos-para-taza-de-cafe\/","og_site_name":"Erresse Shop","article_modified_time":"2026-02-13T10:50:43+00:00","og_image":[{"width":1200,"height":1200,"url":"https:\/\/www.erresse-shop.it\/wp-content\/uploads\/2025\/04\/VILLEROY-BOCH-Petite-Fleur-Set-4-Pattini-per-Tazza-Caffelatte-17-cm.jpg","type":"image\/jpeg"}],"twitter_card":"summary_large_image","schema":{"@context":"https:\/\/schema.org","@graph":[{"@type":"WebPage","@id":"https:\/\/www.erresse-shop.it\/es\/shop\/tabla\/platos\/villeroy-boch-petite-fleur-set-de-6-platillos-para-taza-de-cafe\/","url":"https:\/\/www.erresse-shop.it\/es\/shop\/tabla\/platos\/villeroy-boch-petite-fleur-set-de-6-platillos-para-taza-de-cafe\/","name":"VILLEROY & BOCH Petite Fleur Set de 6 platillos para taza de caf\u00e9 - Erresse Shop","isPartOf":{"@id":"https:\/\/www.erresse-shop.it\/es\/#website"},"datePublished":"2025-04-02T06:28:27+00:00","dateModified":"2026-02-13T10:50:43+00:00","description":"Set de platillos para taza de caf\u00e9 Elegante y funcional, el set de 6 platillos de porcelana premium para taza de caf\u00e9 latte es el accesorio ideal para","breadcrumb":{"@id":"https:\/\/www.erresse-shop.it\/es\/shop\/tabla\/platos\/villeroy-boch-petite-fleur-set-de-6-platillos-para-taza-de-cafe\/#breadcrumb"},"inLanguage":"es","potentialAction":[{"@type":"ReadAction","target":["https:\/\/www.erresse-shop.it\/es\/shop\/tabla\/platos\/villeroy-boch-petite-fleur-set-de-6-platillos-para-taza-de-cafe\/"]}]},{"@type":"BreadcrumbList","@id":"https:\/\/www.erresse-shop.it\/es\/shop\/tabla\/platos\/villeroy-boch-petite-fleur-set-de-6-platillos-para-taza-de-cafe\/#breadcrumb","itemListElement":[{"@type":"ListItem","position":1,"name":"Home","item":"https:\/\/www.erresse-shop.it\/es\/"},{"@type":"ListItem","position":2,"name":"Shop","item":"https:\/\/www.erresse-shop.it\/es\/shop\/"},{"@type":"ListItem","position":3,"name":"VILLEROY &#038; BOCH Petite Fleur Set de 6 platillos para taza de caf\u00e9"}]},{"@type":"WebSite","@id":"https:\/\/www.erresse-shop.it\/es\/#website","url":"https:\/\/www.erresse-shop.it\/es\/","name":"Erresse Shop","description":"Articoli di qualit\u00e0 per la casa","potentialAction":[{"@type":"SearchAction","target":{"@type":"EntryPoint","urlTemplate":"https:\/\/www.erresse-shop.it\/es\/?s={search_term_string}"},"query-input":"required name=search_term_string"}],"inLanguage":"es"}]}},"df_price":59,"df_sale_price":59,"df_regular_price":108,"df_image_link":"https:\/\/www.erresse-shop.it\/wp-content\/uploads\/2025\/04\/VILLEROY-BOCH-Petite-Fleur-Set-4-Pattini-per-Tazza-Caffelatte-17-cm-300x300.jpg","_links":{"self":[{"href":"https:\/\/www.erresse-shop.it\/es\/wp-json\/wp\/v2\/product\/486721"}],"collection":[{"href":"https:\/\/www.erresse-shop.it\/es\/wp-json\/wp\/v2\/product"}],"about":[{"href":"https:\/\/www.erresse-shop.it\/es\/wp-json\/wp\/v2\/types\/product"}],"wp:featuredmedia":[{"embeddable":true,"href":"https:\/\/www.erresse-shop.it\/es\/wp-json\/wp\/v2\/media\/486741"}],"wp:attachment":[{"href":"https:\/\/www.erresse-shop.it\/es\/wp-json\/wp\/v2\/media?parent=486721"}],"wp:term":[{"taxonomy":"product_cat","embeddable":true,"href":"https:\/\/www.erresse-shop.it\/es\/wp-json\/wp\/v2\/product_cat?post=486721"},{"taxonomy":"product_tag","embeddable":true,"href":"https:\/\/www.erresse-shop.it\/es\/wp-json\/wp\/v2\/product_tag?post=486721"}],"curies":[{"name":"wp","href":"https:\/\/api.w.org\/{rel}","templated":true}]}}