{"id":486617,"date":"2025-04-01T08:30:27","date_gmt":"2025-04-01T08:30:29","guid":{"rendered":"https:\/\/www.erresse-shop.it\/?post_type=product&#038;p=486617"},"modified":"2025-04-01T08:43:57","modified_gmt":"2025-04-01T08:43:57","slug":"toms-drag-comoda-xxl-copia","status":"publish","type":"product","link":"https:\/\/www.erresse-shop.it\/es\/shop\/mobiliario\/muebles\/toms-drag-comoda-xxl-copia\/","title":{"rendered":"TOM&#8217;S DRAG C\u00f3moda BoraBora Negro"},"content":{"rendered":"<p><strong>Material:<\/strong> MDF<\/p>\n<p><strong>C\u00f3moda BoraBora Negro<br \/>\n<\/strong>Armario &#8220;Bora-Bora&#8221; con tres cajones y seis cajones para guardar innumerables peque\u00f1os objetos de uso cotidiano. Lleva el nombre de la isla favorita de Tom en el Pac\u00edfico. Cualquiera que a\u00f1ade un toque atrevido de color a un mueble tan llamativo est\u00e1 expresando naturalmente un fuerte sentido de confianza en el estilo. Los muebles de Tom&#8217;s Drag est\u00e1n hechos a mano con tableros de fibra de madera MDF y luego cada modelo se pinta cuidadosamente hasta el m\u00e1s m\u00ednimo detalle.<\/p>\n<p><strong>Dimensiones:<\/strong> 62 x 31 x 103 cm<\/p>\n","protected":false},"excerpt":{"rendered":"<p>Material: MDF C\u00f3moda BoraBora Negro Armario &#8220;Bora-Bora&#8221; con tres cajones y seis cajones para guardar innumerables peque\u00f1os objetos de uso<\/p>\n","protected":false},"featured_media":486631,"template":"","meta":{"_acf_changed":false,"inline_featured_image":false},"product_cat":[16016,17096],"product_tag":[17136],"acf":[],"yoast_head":"<!-- This site is optimized with the Yoast SEO Premium plugin v18.6 (Yoast SEO v19.13) - https:\/\/yoast.com\/wordpress\/plugins\/seo\/ -->\n<title>TOM&#039;S DRAG C\u00f3moda BoraBora Negro - Erresse Shop<\/title>\n<meta name=\"description\" content=\"Material: MDF C\u00f3moda BoraBora Negro Armario &quot;Bora-Bora&quot; con tres cajones y seis cajones para guardar innumerables peque\u00f1os objetos de uso cotidiano. Lleva\" \/>\n<meta name=\"robots\" content=\"index, follow, max-snippet:-1, max-image-preview:large, max-video-preview:-1\" \/>\n<link rel=\"canonical\" href=\"https:\/\/www.erresse-shop.it\/es\/shop\/mobiliario\/muebles\/toms-drag-comoda-xxl-copia\/\" \/>\n<meta property=\"og:locale\" content=\"es_ES\" \/>\n<meta property=\"og:type\" content=\"article\" \/>\n<meta property=\"og:title\" content=\"TOM&#039;S DRAG C\u00f3moda BoraBora Negro\" \/>\n<meta property=\"og:description\" content=\"Material: MDF C\u00f3moda BoraBora Negro Armario &quot;Bora-Bora&quot; con tres cajones y seis cajones para guardar innumerables peque\u00f1os objetos de uso cotidiano. Lleva\" \/>\n<meta property=\"og:url\" content=\"https:\/\/www.erresse-shop.it\/es\/shop\/mobiliario\/muebles\/toms-drag-comoda-xxl-copia\/\" \/>\n<meta property=\"og:site_name\" content=\"Erresse Shop\" \/>\n<meta property=\"article:modified_time\" content=\"2025-04-01T08:43:57+00:00\" \/>\n<meta property=\"og:image\" content=\"https:\/\/www.erresse-shop.it\/wp-content\/uploads\/2025\/04\/TOMS-DRAG-Cassettiera-BoraBora-Nero.jpg\" \/>\n\t<meta property=\"og:image:width\" content=\"1200\" \/>\n\t<meta property=\"og:image:height\" content=\"1200\" \/>\n\t<meta property=\"og:image:type\" content=\"image\/jpeg\" \/>\n<meta name=\"twitter:card\" content=\"summary_large_image\" \/>\n<script type=\"application\/ld+json\" class=\"yoast-schema-graph\">{\"@context\":\"https:\/\/schema.org\",\"@graph\":[{\"@type\":\"WebPage\",\"@id\":\"https:\/\/www.erresse-shop.it\/es\/shop\/mobiliario\/muebles\/toms-drag-comoda-xxl-copia\/\",\"url\":\"https:\/\/www.erresse-shop.it\/es\/shop\/mobiliario\/muebles\/toms-drag-comoda-xxl-copia\/\",\"name\":\"TOM'S DRAG C\u00f3moda BoraBora Negro - Erresse Shop\",\"isPartOf\":{\"@id\":\"https:\/\/www.erresse-shop.it\/es\/#website\"},\"datePublished\":\"2025-04-01T08:30:29+00:00\",\"dateModified\":\"2025-04-01T08:43:57+00:00\",\"description\":\"Material: MDF C\u00f3moda BoraBora Negro Armario \\\"Bora-Bora\\\" con tres cajones y seis cajones para guardar innumerables peque\u00f1os objetos de uso cotidiano. Lleva\",\"breadcrumb\":{\"@id\":\"https:\/\/www.erresse-shop.it\/es\/shop\/mobiliario\/muebles\/toms-drag-comoda-xxl-copia\/#breadcrumb\"},\"inLanguage\":\"es\",\"potentialAction\":[{\"@type\":\"ReadAction\",\"target\":[\"https:\/\/www.erresse-shop.it\/es\/shop\/mobiliario\/muebles\/toms-drag-comoda-xxl-copia\/\"]}]},{\"@type\":\"BreadcrumbList\",\"@id\":\"https:\/\/www.erresse-shop.it\/es\/shop\/mobiliario\/muebles\/toms-drag-comoda-xxl-copia\/#breadcrumb\",\"itemListElement\":[{\"@type\":\"ListItem\",\"position\":1,\"name\":\"Home\",\"item\":\"https:\/\/www.erresse-shop.it\/es\/\"},{\"@type\":\"ListItem\",\"position\":2,\"name\":\"Shop\",\"item\":\"https:\/\/www.erresse-shop.it\/es\/shop\/\"},{\"@type\":\"ListItem\",\"position\":3,\"name\":\"TOM&#8217;S DRAG C\u00f3moda BoraBora Negro\"}]},{\"@type\":\"WebSite\",\"@id\":\"https:\/\/www.erresse-shop.it\/es\/#website\",\"url\":\"https:\/\/www.erresse-shop.it\/es\/\",\"name\":\"Erresse Shop\",\"description\":\"Articoli di qualit\u00e0 per la casa\",\"potentialAction\":[{\"@type\":\"SearchAction\",\"target\":{\"@type\":\"EntryPoint\",\"urlTemplate\":\"https:\/\/www.erresse-shop.it\/es\/?s={search_term_string}\"},\"query-input\":\"required name=search_term_string\"}],\"inLanguage\":\"es\"}]}<\/script>\n<!-- \/ Yoast SEO Premium plugin. -->","yoast_head_json":{"title":"TOM'S DRAG C\u00f3moda BoraBora Negro - Erresse Shop","description":"Material: MDF C\u00f3moda BoraBora Negro Armario \"Bora-Bora\" con tres cajones y seis cajones para guardar innumerables peque\u00f1os objetos de uso cotidiano. Lleva","robots":{"index":"index","follow":"follow","max-snippet":"max-snippet:-1","max-image-preview":"max-image-preview:large","max-video-preview":"max-video-preview:-1"},"canonical":"https:\/\/www.erresse-shop.it\/es\/shop\/mobiliario\/muebles\/toms-drag-comoda-xxl-copia\/","og_locale":"es_ES","og_type":"article","og_title":"TOM'S DRAG C\u00f3moda BoraBora Negro","og_description":"Material: MDF C\u00f3moda BoraBora Negro Armario \"Bora-Bora\" con tres cajones y seis cajones para guardar innumerables peque\u00f1os objetos de uso cotidiano. Lleva","og_url":"https:\/\/www.erresse-shop.it\/es\/shop\/mobiliario\/muebles\/toms-drag-comoda-xxl-copia\/","og_site_name":"Erresse Shop","article_modified_time":"2025-04-01T08:43:57+00:00","og_image":[{"width":1200,"height":1200,"url":"https:\/\/www.erresse-shop.it\/wp-content\/uploads\/2025\/04\/TOMS-DRAG-Cassettiera-BoraBora-Nero.jpg","type":"image\/jpeg"}],"twitter_card":"summary_large_image","schema":{"@context":"https:\/\/schema.org","@graph":[{"@type":"WebPage","@id":"https:\/\/www.erresse-shop.it\/es\/shop\/mobiliario\/muebles\/toms-drag-comoda-xxl-copia\/","url":"https:\/\/www.erresse-shop.it\/es\/shop\/mobiliario\/muebles\/toms-drag-comoda-xxl-copia\/","name":"TOM'S DRAG C\u00f3moda BoraBora Negro - Erresse Shop","isPartOf":{"@id":"https:\/\/www.erresse-shop.it\/es\/#website"},"datePublished":"2025-04-01T08:30:29+00:00","dateModified":"2025-04-01T08:43:57+00:00","description":"Material: MDF C\u00f3moda BoraBora Negro Armario \"Bora-Bora\" con tres cajones y seis cajones para guardar innumerables peque\u00f1os objetos de uso cotidiano. Lleva","breadcrumb":{"@id":"https:\/\/www.erresse-shop.it\/es\/shop\/mobiliario\/muebles\/toms-drag-comoda-xxl-copia\/#breadcrumb"},"inLanguage":"es","potentialAction":[{"@type":"ReadAction","target":["https:\/\/www.erresse-shop.it\/es\/shop\/mobiliario\/muebles\/toms-drag-comoda-xxl-copia\/"]}]},{"@type":"BreadcrumbList","@id":"https:\/\/www.erresse-shop.it\/es\/shop\/mobiliario\/muebles\/toms-drag-comoda-xxl-copia\/#breadcrumb","itemListElement":[{"@type":"ListItem","position":1,"name":"Home","item":"https:\/\/www.erresse-shop.it\/es\/"},{"@type":"ListItem","position":2,"name":"Shop","item":"https:\/\/www.erresse-shop.it\/es\/shop\/"},{"@type":"ListItem","position":3,"name":"TOM&#8217;S DRAG C\u00f3moda BoraBora Negro"}]},{"@type":"WebSite","@id":"https:\/\/www.erresse-shop.it\/es\/#website","url":"https:\/\/www.erresse-shop.it\/es\/","name":"Erresse Shop","description":"Articoli di qualit\u00e0 per la casa","potentialAction":[{"@type":"SearchAction","target":{"@type":"EntryPoint","urlTemplate":"https:\/\/www.erresse-shop.it\/es\/?s={search_term_string}"},"query-input":"required name=search_term_string"}],"inLanguage":"es"}]}},"df_price":1038.96,"df_sale_price":1038.96,"df_regular_price":1998,"df_image_link":"https:\/\/www.erresse-shop.it\/wp-content\/uploads\/2025\/04\/TOMS-DRAG-Cassettiera-BoraBora-Nero-300x300.jpg","_links":{"self":[{"href":"https:\/\/www.erresse-shop.it\/es\/wp-json\/wp\/v2\/product\/486617"}],"collection":[{"href":"https:\/\/www.erresse-shop.it\/es\/wp-json\/wp\/v2\/product"}],"about":[{"href":"https:\/\/www.erresse-shop.it\/es\/wp-json\/wp\/v2\/types\/product"}],"wp:featuredmedia":[{"embeddable":true,"href":"https:\/\/www.erresse-shop.it\/es\/wp-json\/wp\/v2\/media\/486631"}],"wp:attachment":[{"href":"https:\/\/www.erresse-shop.it\/es\/wp-json\/wp\/v2\/media?parent=486617"}],"wp:term":[{"taxonomy":"product_cat","embeddable":true,"href":"https:\/\/www.erresse-shop.it\/es\/wp-json\/wp\/v2\/product_cat?post=486617"},{"taxonomy":"product_tag","embeddable":true,"href":"https:\/\/www.erresse-shop.it\/es\/wp-json\/wp\/v2\/product_tag?post=486617"}],"curies":[{"name":"wp","href":"https:\/\/api.w.org\/{rel}","templated":true}]}}