{"id":486562,"date":"2025-04-01T06:38:56","date_gmt":"2025-04-01T06:39:02","guid":{"rendered":"https:\/\/www.erresse-shop.it\/?post_type=product&#038;p=486562"},"modified":"2025-04-01T06:49:09","modified_gmt":"2025-04-01T06:49:09","slug":"toms-drag-comoda-tahiti-verde-copia","status":"publish","type":"product","link":"https:\/\/www.erresse-shop.it\/es\/shop\/mobiliario\/muebles\/toms-drag-comoda-tahiti-verde-copia\/","title":{"rendered":"TOM&#8217;S DRAG Mueble para CD"},"content":{"rendered":"<p><strong>Material:<\/strong> MDF<\/p>\n<p><strong>Mueble para CD<br \/>\n<\/strong>Mueble art\u00edstico con cinco cajones, para guardar y ocultar todo tipo de objetos cotidianos, incluidos CDs (separados horizontalmente). Cualquiera que agregue un toque atrevido de color a un mueble \u201cdrag\u201d naturalmente est\u00e1 haciendo una declaraci\u00f3n de estilo segura. Los muebles \u201cDrag\u201d est\u00e1n fabricados artesanalmente con tableros de fibra de madera MDF y cada modelo est\u00e1 pintado cuidadosamente hasta el m\u00e1s m\u00ednimo detalle.<\/p>\n<p><strong>Dimensiones:<\/strong> 24 x 24 x 104 cm<\/p>\n","protected":false},"excerpt":{"rendered":"<p>Material: MDF Mueble para CD Mueble art\u00edstico con cinco cajones, para guardar y ocultar todo tipo de objetos cotidianos, incluidos<\/p>\n","protected":false},"featured_media":486570,"template":"","meta":{"_acf_changed":false,"inline_featured_image":false},"product_cat":[16016,17096],"product_tag":[17136],"acf":[],"yoast_head":"<!-- This site is optimized with the Yoast SEO Premium plugin v18.6 (Yoast SEO v19.13) - https:\/\/yoast.com\/wordpress\/plugins\/seo\/ -->\n<title>TOM&#039;S DRAG Mueble para CD - Erresse Shop<\/title>\n<meta name=\"description\" content=\"Material: MDF Mueble para CD Mueble art\u00edstico con cinco cajones, para guardar y ocultar todo tipo de objetos cotidianos, incluidos CDs (separados\" \/>\n<meta name=\"robots\" content=\"index, follow, max-snippet:-1, max-image-preview:large, max-video-preview:-1\" \/>\n<link rel=\"canonical\" href=\"https:\/\/www.erresse-shop.it\/es\/shop\/mobiliario\/muebles\/toms-drag-comoda-tahiti-verde-copia\/\" \/>\n<meta property=\"og:locale\" content=\"es_ES\" \/>\n<meta property=\"og:type\" content=\"article\" \/>\n<meta property=\"og:title\" content=\"TOM&#039;S DRAG Mueble para CD\" \/>\n<meta property=\"og:description\" content=\"Material: MDF Mueble para CD Mueble art\u00edstico con cinco cajones, para guardar y ocultar todo tipo de objetos cotidianos, incluidos CDs (separados\" \/>\n<meta property=\"og:url\" content=\"https:\/\/www.erresse-shop.it\/es\/shop\/mobiliario\/muebles\/toms-drag-comoda-tahiti-verde-copia\/\" \/>\n<meta property=\"og:site_name\" content=\"Erresse Shop\" \/>\n<meta property=\"article:modified_time\" content=\"2025-04-01T06:49:09+00:00\" \/>\n<meta property=\"og:image\" content=\"https:\/\/www.erresse-shop.it\/wp-content\/uploads\/2025\/04\/TOMS-DRAG-Cassettiera-Porta-CD.jpg\" \/>\n\t<meta property=\"og:image:width\" content=\"1200\" \/>\n\t<meta property=\"og:image:height\" content=\"1200\" \/>\n\t<meta property=\"og:image:type\" content=\"image\/jpeg\" \/>\n<meta name=\"twitter:card\" content=\"summary_large_image\" \/>\n<script type=\"application\/ld+json\" class=\"yoast-schema-graph\">{\"@context\":\"https:\/\/schema.org\",\"@graph\":[{\"@type\":\"WebPage\",\"@id\":\"https:\/\/www.erresse-shop.it\/es\/shop\/mobiliario\/muebles\/toms-drag-comoda-tahiti-verde-copia\/\",\"url\":\"https:\/\/www.erresse-shop.it\/es\/shop\/mobiliario\/muebles\/toms-drag-comoda-tahiti-verde-copia\/\",\"name\":\"TOM'S DRAG Mueble para CD - Erresse Shop\",\"isPartOf\":{\"@id\":\"https:\/\/www.erresse-shop.it\/es\/#website\"},\"datePublished\":\"2025-04-01T06:39:02+00:00\",\"dateModified\":\"2025-04-01T06:49:09+00:00\",\"description\":\"Material: MDF Mueble para CD Mueble art\u00edstico con cinco cajones, para guardar y ocultar todo tipo de objetos cotidianos, incluidos CDs (separados\",\"breadcrumb\":{\"@id\":\"https:\/\/www.erresse-shop.it\/es\/shop\/mobiliario\/muebles\/toms-drag-comoda-tahiti-verde-copia\/#breadcrumb\"},\"inLanguage\":\"es\",\"potentialAction\":[{\"@type\":\"ReadAction\",\"target\":[\"https:\/\/www.erresse-shop.it\/es\/shop\/mobiliario\/muebles\/toms-drag-comoda-tahiti-verde-copia\/\"]}]},{\"@type\":\"BreadcrumbList\",\"@id\":\"https:\/\/www.erresse-shop.it\/es\/shop\/mobiliario\/muebles\/toms-drag-comoda-tahiti-verde-copia\/#breadcrumb\",\"itemListElement\":[{\"@type\":\"ListItem\",\"position\":1,\"name\":\"Home\",\"item\":\"https:\/\/www.erresse-shop.it\/es\/\"},{\"@type\":\"ListItem\",\"position\":2,\"name\":\"Shop\",\"item\":\"https:\/\/www.erresse-shop.it\/es\/shop\/\"},{\"@type\":\"ListItem\",\"position\":3,\"name\":\"TOM&#8217;S DRAG Mueble para CD\"}]},{\"@type\":\"WebSite\",\"@id\":\"https:\/\/www.erresse-shop.it\/es\/#website\",\"url\":\"https:\/\/www.erresse-shop.it\/es\/\",\"name\":\"Erresse Shop\",\"description\":\"Articoli di qualit\u00e0 per la casa\",\"potentialAction\":[{\"@type\":\"SearchAction\",\"target\":{\"@type\":\"EntryPoint\",\"urlTemplate\":\"https:\/\/www.erresse-shop.it\/es\/?s={search_term_string}\"},\"query-input\":\"required name=search_term_string\"}],\"inLanguage\":\"es\"}]}<\/script>\n<!-- \/ Yoast SEO Premium plugin. -->","yoast_head_json":{"title":"TOM'S DRAG Mueble para CD - Erresse Shop","description":"Material: MDF Mueble para CD Mueble art\u00edstico con cinco cajones, para guardar y ocultar todo tipo de objetos cotidianos, incluidos CDs (separados","robots":{"index":"index","follow":"follow","max-snippet":"max-snippet:-1","max-image-preview":"max-image-preview:large","max-video-preview":"max-video-preview:-1"},"canonical":"https:\/\/www.erresse-shop.it\/es\/shop\/mobiliario\/muebles\/toms-drag-comoda-tahiti-verde-copia\/","og_locale":"es_ES","og_type":"article","og_title":"TOM'S DRAG Mueble para CD","og_description":"Material: MDF Mueble para CD Mueble art\u00edstico con cinco cajones, para guardar y ocultar todo tipo de objetos cotidianos, incluidos CDs (separados","og_url":"https:\/\/www.erresse-shop.it\/es\/shop\/mobiliario\/muebles\/toms-drag-comoda-tahiti-verde-copia\/","og_site_name":"Erresse Shop","article_modified_time":"2025-04-01T06:49:09+00:00","og_image":[{"width":1200,"height":1200,"url":"https:\/\/www.erresse-shop.it\/wp-content\/uploads\/2025\/04\/TOMS-DRAG-Cassettiera-Porta-CD.jpg","type":"image\/jpeg"}],"twitter_card":"summary_large_image","schema":{"@context":"https:\/\/schema.org","@graph":[{"@type":"WebPage","@id":"https:\/\/www.erresse-shop.it\/es\/shop\/mobiliario\/muebles\/toms-drag-comoda-tahiti-verde-copia\/","url":"https:\/\/www.erresse-shop.it\/es\/shop\/mobiliario\/muebles\/toms-drag-comoda-tahiti-verde-copia\/","name":"TOM'S DRAG Mueble para CD - Erresse Shop","isPartOf":{"@id":"https:\/\/www.erresse-shop.it\/es\/#website"},"datePublished":"2025-04-01T06:39:02+00:00","dateModified":"2025-04-01T06:49:09+00:00","description":"Material: MDF Mueble para CD Mueble art\u00edstico con cinco cajones, para guardar y ocultar todo tipo de objetos cotidianos, incluidos CDs (separados","breadcrumb":{"@id":"https:\/\/www.erresse-shop.it\/es\/shop\/mobiliario\/muebles\/toms-drag-comoda-tahiti-verde-copia\/#breadcrumb"},"inLanguage":"es","potentialAction":[{"@type":"ReadAction","target":["https:\/\/www.erresse-shop.it\/es\/shop\/mobiliario\/muebles\/toms-drag-comoda-tahiti-verde-copia\/"]}]},{"@type":"BreadcrumbList","@id":"https:\/\/www.erresse-shop.it\/es\/shop\/mobiliario\/muebles\/toms-drag-comoda-tahiti-verde-copia\/#breadcrumb","itemListElement":[{"@type":"ListItem","position":1,"name":"Home","item":"https:\/\/www.erresse-shop.it\/es\/"},{"@type":"ListItem","position":2,"name":"Shop","item":"https:\/\/www.erresse-shop.it\/es\/shop\/"},{"@type":"ListItem","position":3,"name":"TOM&#8217;S DRAG Mueble para CD"}]},{"@type":"WebSite","@id":"https:\/\/www.erresse-shop.it\/es\/#website","url":"https:\/\/www.erresse-shop.it\/es\/","name":"Erresse Shop","description":"Articoli di qualit\u00e0 per la casa","potentialAction":[{"@type":"SearchAction","target":{"@type":"EntryPoint","urlTemplate":"https:\/\/www.erresse-shop.it\/es\/?s={search_term_string}"},"query-input":"required name=search_term_string"}],"inLanguage":"es"}]}},"df_price":585,"df_sale_price":585,"df_regular_price":1125,"df_image_link":"https:\/\/www.erresse-shop.it\/wp-content\/uploads\/2025\/04\/TOMS-DRAG-Cassettiera-Porta-CD-300x300.jpg","_links":{"self":[{"href":"https:\/\/www.erresse-shop.it\/es\/wp-json\/wp\/v2\/product\/486562"}],"collection":[{"href":"https:\/\/www.erresse-shop.it\/es\/wp-json\/wp\/v2\/product"}],"about":[{"href":"https:\/\/www.erresse-shop.it\/es\/wp-json\/wp\/v2\/types\/product"}],"wp:featuredmedia":[{"embeddable":true,"href":"https:\/\/www.erresse-shop.it\/es\/wp-json\/wp\/v2\/media\/486570"}],"wp:attachment":[{"href":"https:\/\/www.erresse-shop.it\/es\/wp-json\/wp\/v2\/media?parent=486562"}],"wp:term":[{"taxonomy":"product_cat","embeddable":true,"href":"https:\/\/www.erresse-shop.it\/es\/wp-json\/wp\/v2\/product_cat?post=486562"},{"taxonomy":"product_tag","embeddable":true,"href":"https:\/\/www.erresse-shop.it\/es\/wp-json\/wp\/v2\/product_tag?post=486562"}],"curies":[{"name":"wp","href":"https:\/\/api.w.org\/{rel}","templated":true}]}}