{"id":486365,"date":"2025-03-31T12:48:41","date_gmt":"2025-03-31T12:48:50","guid":{"rendered":"https:\/\/www.erresse-shop.it\/?post_type=product&#038;p=486365"},"modified":"2025-03-31T13:07:03","modified_gmt":"2025-03-31T13:07:03","slug":"jura-maquina-de-cafe-z10-aluminium-midnight-blue-copia","status":"publish","type":"product","link":"https:\/\/www.erresse-shop.it\/es\/shop\/pequenos-electrodomesticos\/maquinas-de-cafe\/automatico\/jura-maquina-de-cafe-z10-aluminium-midnight-blue-copia\/","title":{"rendered":"JURA M\u00e1quina de caf\u00e9 Z10 Diamond Black"},"content":{"rendered":"<div class=\"subt\u00edtulo-de-p\u00e1gina\">\n<div class=\"subt\u00edtulo-de-p\u00e1gina\">\n<div class=\"subt\u00edtulo-de-p\u00e1gina\">\n<div class=\"subt\u00edtulo-de-p\u00e1gina\">\n<div class=\"page-subtitle\">\n<p class=\"\" data-start=\"13444\" data-end=\"13547\"><strong data-start=\"13444\" data-end=\"13547\">Estreno mundial: La revolucionaria Z10 con P.R.G. para especialidades de caf\u00e9 calientes y Cold Brew<\/strong><\/p>\n<p class=\"\" data-start=\"13549\" data-end=\"14079\">La nueva Z10, una obra maestra de la ingenier\u00eda suiza, duplica la variedad de especialidades de caf\u00e9. Con solo pulsar un bot\u00f3n, prepara toda la gama de bebidas calientes, desde el espresso intenso hasta el trendy flat white. Con las especialidades Cold Brew, inaugura una nueva dimensi\u00f3n del disfrute del caf\u00e9, permitiendo acceder a todo un universo paralelo. Esto es posible gracias al Product Recognising Grinder (P.R.G.), que reconoce la especialidad seleccionada y ajusta el tama\u00f1o de la molienda de manera exacta en segundos.<\/p>\n<p class=\"\" data-start=\"14081\" data-end=\"14130\"><strong data-start=\"14081\" data-end=\"14130\">El nuevo Product Recognising Grinder (P.R.G.)<\/strong><\/p>\n<p class=\"\" data-start=\"14132\" data-end=\"14720\">Para garantizar la molienda \u00f3ptima para cada especialidad, los ingenieros de JURA desarrollaron el Product Recognising Grinder (P.R.G.). Este molinillo de precisi\u00f3n ajusta electr\u00f3nicamente el tama\u00f1o de la molienda en fracciones de segundo, mucho m\u00e1s r\u00e1pido y frecuente que un ajuste manual. El rango de molienda va desde muy fino para los caf\u00e9s cortos hasta muy grueso para las especialidades largas. Sin embargo, los amantes del caf\u00e9 no deben preocuparse por esto: el ajuste se realiza autom\u00e1ticamente durante la preparaci\u00f3n y a\u00fan puede ajustarse individualmente antes de la preparaci\u00f3n.<\/p>\n<p class=\"\" data-start=\"14722\" data-end=\"14754\"><strong data-start=\"14722\" data-end=\"14754\">Cold Brew \u2013 Frescura extrema<\/strong><\/p>\n<p class=\"\" data-start=\"14756\" data-end=\"15287\">Gracias al Cold Extraction Process, la Z10 prepara aut\u00e9nticas especialidades Cold Brew. Mientras que muchas bebidas fr\u00edas a base de caf\u00e9 convencionales se preparan con caf\u00e9 caliente y luego se dejan enfriar, la Z10 extrae el caf\u00e9 con agua fr\u00eda a alta presi\u00f3n, con un proceso pulsado y utilizando caf\u00e9 molido m\u00e1s grueso. El resultado es una bebida refrescante, natural y energizante, en la que los aromas afrutados del caf\u00e9 se desarrollan plenamente sin la influencia negativa de las sustancias amargas. No es simplemente caf\u00e9 fr\u00edo.<\/p>\n<p class=\"\" data-start=\"15289\" data-end=\"15329\"><strong data-start=\"15289\" data-end=\"15329\">Grupo de extracci\u00f3n de 8\u00aa generaci\u00f3n<\/strong><\/p>\n<p class=\"\" data-start=\"15331\" data-end=\"15701\">El grupo de extracci\u00f3n es el coraz\u00f3n de cada m\u00e1quina de caf\u00e9 autom\u00e1tica. Para la Z10, JURA ha creado el grupo de extracci\u00f3n de 8\u00aa generaci\u00f3n. Con su exclusiva tecnolog\u00eda de extracci\u00f3n 3D, asegura un flujo uniforme de agua a trav\u00e9s del caf\u00e9 en polvo en varios niveles, para una m\u00e1xima extracci\u00f3n del aroma, tanto para las especialidades calientes como para las Cold Brew.<\/p>\n<p class=\"\" data-start=\"15703\" data-end=\"15736\"><strong data-start=\"15703\" data-end=\"15736\">Elegancia dise\u00f1ada para durar<\/strong><\/p>\n<p class=\"\" data-start=\"15738\" data-end=\"16555\">El dise\u00f1o y la cuidadosa selecci\u00f3n de los materiales adecuados contribuyen activamente a la sostenibilidad del producto. JURA apunta a un dise\u00f1o que sin duda despierta el orgullo de poseer un objeto extraordinario, que incluso despu\u00e9s de a\u00f1os sigue vi\u00e9ndose fresco y moderno. Calidad sin compromisos, materiales duraderos y una m\u00e1xima precisi\u00f3n en el trabajo aseguran un placer culinario y est\u00e9tico incomparable durante toda la vida \u00fatil de la m\u00e1quina. Un proceso de alta tecnolog\u00eda con dos componentes da a las superficies un efecto de profundidad extraordinario para un verdadero placer est\u00e9tico. El tanque de agua de dise\u00f1o ondulado y la cubierta armoniosa del filtro son solo dos ejemplos del amor por cada detalle. La sensaci\u00f3n t\u00e1ctil que transmite la Z10 expresa de manera tangible el concepto de valor de JURA.<\/p>\n<p class=\"\" data-start=\"16557\" data-end=\"16584\"><strong data-start=\"16557\" data-end=\"16584\">Para un placer especial<\/strong><\/p>\n<p class=\"\" data-start=\"16586\" data-end=\"17047\">El accesorio para jarabe para el dispensador combinado completa la Z10 y a\u00f1ade el enriquecimiento de espuma de leche finamente endulzada a la gama de especialidades de esta m\u00e1quina autom\u00e1tica premium. Este accesorio permite saborear cada especialidad con sabores que van de ligeramente dulces a dulces arom\u00e1ticos, tanto en Hot Brew como en Cold Brew. La variedad de sabores es una invitaci\u00f3n a probarlas y, con 40 especialidades, la Z10 subraya su superioridad.<\/p>\n<p class=\"\" data-start=\"17049\" data-end=\"17257\"><strong data-start=\"17049\" data-end=\"17082\">Especialidades (40 opciones):<\/strong><\/p>\n<ul>\n<li data-start=\"17049\" data-end=\"17257\">Diversos tipos de caf\u00e9 (Espresso, Caff\u00e8, Americano, Lungo, Espresso doble, Cortado, Cappuccino, Flat White, Latte Macchiato, y versiones Cold Brew y Sweet para muchos caf\u00e9s).<\/li>\n<li data-start=\"17259\" data-end=\"17325\">Funciones de espuma de leche, leche caliente y agua para t\u00e9 verde.<\/li>\n<\/ul>\n<p class=\"\" data-start=\"17327\" data-end=\"17359\"><strong data-start=\"17327\" data-end=\"17359\">Caracter\u00edsticas principales:<\/strong><\/p>\n<ul data-start=\"17360\" data-end=\"17777\">\n<li class=\"\" data-start=\"17360\" data-end=\"17400\">\n<p class=\"\" data-start=\"17362\" data-end=\"17400\">Cold Extraction Process para Cold Brew<\/p>\n<\/li>\n<li class=\"\" data-start=\"17401\" data-end=\"17447\">\n<p class=\"\" data-start=\"17403\" data-end=\"17447\">Sweet Foam Function para a\u00f1adir espuma dulce<\/p>\n<\/li>\n<li class=\"\" data-start=\"17448\" data-end=\"17518\">\n<p class=\"\" data-start=\"17450\" data-end=\"17518\">Automatic Grinder Adjustment (A.G.A.) y Control Activo de los Granos<\/p>\n<\/li>\n<li class=\"\" data-start=\"17519\" data-end=\"17563\">\n<p class=\"\" data-start=\"17521\" data-end=\"17563\">Wi-Fi Connect: Conexi\u00f3n a la red dom\u00e9stica<\/p>\n<\/li>\n<li class=\"\" data-start=\"17564\" data-end=\"17602\">\n<p class=\"\" data-start=\"17566\" data-end=\"17602\">P.R.G. (Product Recognising Grinder)<\/p>\n<\/li>\n<li class=\"\" data-start=\"17603\" data-end=\"17644\">\n<p class=\"\" data-start=\"17605\" data-end=\"17644\">Proceso de extracci\u00f3n pulsada (P.E.P.\u00ae)<\/p>\n<\/li>\n<li class=\"\" data-start=\"17645\" data-end=\"17703\">\n<p class=\"\" data-start=\"17647\" data-end=\"17703\">5\u201316 g para el grupo de extracci\u00f3n de capacidad variable<\/p>\n<\/li>\n<li class=\"\" data-start=\"17704\" data-end=\"17743\">\n<p class=\"\" data-start=\"17706\" data-end=\"17743\">Bomba de alto rendimiento de 15 bares<\/p>\n<\/li>\n<li class=\"\" data-start=\"17744\" data-end=\"17777\">\n<p class=\"\" data-start=\"17746\" data-end=\"17777\">Pantalla t\u00e1ctil a color de 4.3&#8243;<\/p>\n<\/li>\n<\/ul>\n<p class=\"\" data-start=\"17779\" data-end=\"17809\"><strong data-start=\"17779\" data-end=\"17809\">Especificaciones t\u00e9cnicas:<\/strong><\/p>\n<ul data-start=\"17810\" data-end=\"18023\">\n<li class=\"\" data-start=\"17810\" data-end=\"17847\">\n<p class=\"\" data-start=\"17812\" data-end=\"17847\">Capacidad del tanque de agua: 2,4 l<\/p>\n<\/li>\n<li class=\"\" data-start=\"17848\" data-end=\"17889\">\n<p class=\"\" data-start=\"17850\" data-end=\"17889\">Capacidad del contenedor de caf\u00e9: 280 g<\/p>\n<\/li>\n<li class=\"\" data-start=\"17890\" data-end=\"17903\">\n<p class=\"\" data-start=\"17892\" data-end=\"17903\">Peso: 12 kg<\/p>\n<\/li>\n<li class=\"\" data-start=\"17904\" data-end=\"17936\">\n<p class=\"\" data-start=\"17906\" data-end=\"17936\">Dimensiones: 32 x 36.3 x 47 cm<\/p>\n<\/li>\n<li class=\"\" data-start=\"17937\" data-end=\"17964\">\n<p class=\"\" data-start=\"17939\" data-end=\"17964\">Tensi\u00f3n: 230 V ~ \/ 1450 W<\/p>\n<\/li>\n<li class=\"\" data-start=\"17965\" data-end=\"17979\">\n<p class=\"\" data-start=\"17967\" data-end=\"17979\">Standby: 0 W<\/p>\n<\/li>\n<li class=\"\" data-start=\"17980\" data-end=\"18000\">\n<p class=\"\" data-start=\"17982\" data-end=\"18000\">Fabricado en Suiza<\/p>\n<\/li>\n<li class=\"\" data-start=\"18001\" data-end=\"18023\">\n<p class=\"\" data-start=\"18003\" data-end=\"18023\">A\u00f1o del modelo: 2021<\/p>\n<\/li>\n<\/ul>\n<\/div>\n<\/div>\n<\/div>\n<\/div>\n<\/div>\n","protected":false},"excerpt":{"rendered":"<p>Estreno mundial: La revolucionaria Z10 con P.R.G. para especialidades de caf\u00e9 calientes y Cold Brew La nueva Z10, una obra<\/p>\n","protected":false},"featured_media":486399,"template":"","meta":{"_acf_changed":false,"inline_featured_image":false},"product_cat":[25362,16076,16073],"product_tag":[23574,20769,23570,16395],"acf":[],"yoast_head":"<!-- This site is optimized with the Yoast SEO Premium plugin v18.6 (Yoast SEO v19.13) - https:\/\/yoast.com\/wordpress\/plugins\/seo\/ -->\n<title>JURA M\u00e1quina de caf\u00e9 Z10 Diamond Black - Erresse Shop<\/title>\n<meta name=\"description\" content=\"Estreno mundial: La revolucionaria Z10 con P.R.G. para especialidades de caf\u00e9 calientes y Cold Brew La nueva Z10, una obra maestra de la ingenier\u00eda suiza,\" \/>\n<meta name=\"robots\" content=\"index, follow, max-snippet:-1, max-image-preview:large, max-video-preview:-1\" \/>\n<link rel=\"canonical\" href=\"https:\/\/www.erresse-shop.it\/es\/shop\/pequenos-electrodomesticos\/maquinas-de-cafe\/automatico\/jura-maquina-de-cafe-z10-aluminium-midnight-blue-copia\/\" \/>\n<meta property=\"og:locale\" content=\"es_ES\" \/>\n<meta property=\"og:type\" content=\"article\" \/>\n<meta property=\"og:title\" content=\"JURA M\u00e1quina de caf\u00e9 Z10 Diamond Black\" \/>\n<meta property=\"og:description\" content=\"Estreno mundial: La revolucionaria Z10 con P.R.G. para especialidades de caf\u00e9 calientes y Cold Brew La nueva Z10, una obra maestra de la ingenier\u00eda suiza,\" \/>\n<meta property=\"og:url\" content=\"https:\/\/www.erresse-shop.it\/es\/shop\/pequenos-electrodomesticos\/maquinas-de-cafe\/automatico\/jura-maquina-de-cafe-z10-aluminium-midnight-blue-copia\/\" \/>\n<meta property=\"og:site_name\" content=\"Erresse Shop\" \/>\n<meta property=\"article:modified_time\" content=\"2025-03-31T13:07:03+00:00\" \/>\n<meta property=\"og:image\" content=\"https:\/\/www.erresse-shop.it\/wp-content\/uploads\/2025\/03\/JURA-Macchina-Da-Caffe-Z10-Diamond-Black.jpg\" \/>\n\t<meta property=\"og:image:width\" content=\"1200\" \/>\n\t<meta property=\"og:image:height\" content=\"1200\" \/>\n\t<meta property=\"og:image:type\" content=\"image\/jpeg\" \/>\n<meta name=\"twitter:card\" content=\"summary_large_image\" \/>\n<script type=\"application\/ld+json\" class=\"yoast-schema-graph\">{\"@context\":\"https:\/\/schema.org\",\"@graph\":[{\"@type\":\"WebPage\",\"@id\":\"https:\/\/www.erresse-shop.it\/es\/shop\/pequenos-electrodomesticos\/maquinas-de-cafe\/automatico\/jura-maquina-de-cafe-z10-aluminium-midnight-blue-copia\/\",\"url\":\"https:\/\/www.erresse-shop.it\/es\/shop\/pequenos-electrodomesticos\/maquinas-de-cafe\/automatico\/jura-maquina-de-cafe-z10-aluminium-midnight-blue-copia\/\",\"name\":\"JURA M\u00e1quina de caf\u00e9 Z10 Diamond Black - Erresse Shop\",\"isPartOf\":{\"@id\":\"https:\/\/www.erresse-shop.it\/es\/#website\"},\"datePublished\":\"2025-03-31T12:48:50+00:00\",\"dateModified\":\"2025-03-31T13:07:03+00:00\",\"description\":\"Estreno mundial: La revolucionaria Z10 con P.R.G. para especialidades de caf\u00e9 calientes y Cold Brew La nueva Z10, una obra maestra de la ingenier\u00eda suiza,\",\"breadcrumb\":{\"@id\":\"https:\/\/www.erresse-shop.it\/es\/shop\/pequenos-electrodomesticos\/maquinas-de-cafe\/automatico\/jura-maquina-de-cafe-z10-aluminium-midnight-blue-copia\/#breadcrumb\"},\"inLanguage\":\"es\",\"potentialAction\":[{\"@type\":\"ReadAction\",\"target\":[\"https:\/\/www.erresse-shop.it\/es\/shop\/pequenos-electrodomesticos\/maquinas-de-cafe\/automatico\/jura-maquina-de-cafe-z10-aluminium-midnight-blue-copia\/\"]}]},{\"@type\":\"BreadcrumbList\",\"@id\":\"https:\/\/www.erresse-shop.it\/es\/shop\/pequenos-electrodomesticos\/maquinas-de-cafe\/automatico\/jura-maquina-de-cafe-z10-aluminium-midnight-blue-copia\/#breadcrumb\",\"itemListElement\":[{\"@type\":\"ListItem\",\"position\":1,\"name\":\"Home\",\"item\":\"https:\/\/www.erresse-shop.it\/es\/\"},{\"@type\":\"ListItem\",\"position\":2,\"name\":\"Shop\",\"item\":\"https:\/\/www.erresse-shop.it\/es\/shop\/\"},{\"@type\":\"ListItem\",\"position\":3,\"name\":\"JURA M\u00e1quina de caf\u00e9 Z10 Diamond Black\"}]},{\"@type\":\"WebSite\",\"@id\":\"https:\/\/www.erresse-shop.it\/es\/#website\",\"url\":\"https:\/\/www.erresse-shop.it\/es\/\",\"name\":\"Erresse Shop\",\"description\":\"Articoli di qualit\u00e0 per la casa\",\"potentialAction\":[{\"@type\":\"SearchAction\",\"target\":{\"@type\":\"EntryPoint\",\"urlTemplate\":\"https:\/\/www.erresse-shop.it\/es\/?s={search_term_string}\"},\"query-input\":\"required name=search_term_string\"}],\"inLanguage\":\"es\"}]}<\/script>\n<!-- \/ Yoast SEO Premium plugin. -->","yoast_head_json":{"title":"JURA M\u00e1quina de caf\u00e9 Z10 Diamond Black - Erresse Shop","description":"Estreno mundial: La revolucionaria Z10 con P.R.G. para especialidades de caf\u00e9 calientes y Cold Brew La nueva Z10, una obra maestra de la ingenier\u00eda suiza,","robots":{"index":"index","follow":"follow","max-snippet":"max-snippet:-1","max-image-preview":"max-image-preview:large","max-video-preview":"max-video-preview:-1"},"canonical":"https:\/\/www.erresse-shop.it\/es\/shop\/pequenos-electrodomesticos\/maquinas-de-cafe\/automatico\/jura-maquina-de-cafe-z10-aluminium-midnight-blue-copia\/","og_locale":"es_ES","og_type":"article","og_title":"JURA M\u00e1quina de caf\u00e9 Z10 Diamond Black","og_description":"Estreno mundial: La revolucionaria Z10 con P.R.G. para especialidades de caf\u00e9 calientes y Cold Brew La nueva Z10, una obra maestra de la ingenier\u00eda suiza,","og_url":"https:\/\/www.erresse-shop.it\/es\/shop\/pequenos-electrodomesticos\/maquinas-de-cafe\/automatico\/jura-maquina-de-cafe-z10-aluminium-midnight-blue-copia\/","og_site_name":"Erresse Shop","article_modified_time":"2025-03-31T13:07:03+00:00","og_image":[{"width":1200,"height":1200,"url":"https:\/\/www.erresse-shop.it\/wp-content\/uploads\/2025\/03\/JURA-Macchina-Da-Caffe-Z10-Diamond-Black.jpg","type":"image\/jpeg"}],"twitter_card":"summary_large_image","schema":{"@context":"https:\/\/schema.org","@graph":[{"@type":"WebPage","@id":"https:\/\/www.erresse-shop.it\/es\/shop\/pequenos-electrodomesticos\/maquinas-de-cafe\/automatico\/jura-maquina-de-cafe-z10-aluminium-midnight-blue-copia\/","url":"https:\/\/www.erresse-shop.it\/es\/shop\/pequenos-electrodomesticos\/maquinas-de-cafe\/automatico\/jura-maquina-de-cafe-z10-aluminium-midnight-blue-copia\/","name":"JURA M\u00e1quina de caf\u00e9 Z10 Diamond Black - Erresse Shop","isPartOf":{"@id":"https:\/\/www.erresse-shop.it\/es\/#website"},"datePublished":"2025-03-31T12:48:50+00:00","dateModified":"2025-03-31T13:07:03+00:00","description":"Estreno mundial: La revolucionaria Z10 con P.R.G. para especialidades de caf\u00e9 calientes y Cold Brew La nueva Z10, una obra maestra de la ingenier\u00eda suiza,","breadcrumb":{"@id":"https:\/\/www.erresse-shop.it\/es\/shop\/pequenos-electrodomesticos\/maquinas-de-cafe\/automatico\/jura-maquina-de-cafe-z10-aluminium-midnight-blue-copia\/#breadcrumb"},"inLanguage":"es","potentialAction":[{"@type":"ReadAction","target":["https:\/\/www.erresse-shop.it\/es\/shop\/pequenos-electrodomesticos\/maquinas-de-cafe\/automatico\/jura-maquina-de-cafe-z10-aluminium-midnight-blue-copia\/"]}]},{"@type":"BreadcrumbList","@id":"https:\/\/www.erresse-shop.it\/es\/shop\/pequenos-electrodomesticos\/maquinas-de-cafe\/automatico\/jura-maquina-de-cafe-z10-aluminium-midnight-blue-copia\/#breadcrumb","itemListElement":[{"@type":"ListItem","position":1,"name":"Home","item":"https:\/\/www.erresse-shop.it\/es\/"},{"@type":"ListItem","position":2,"name":"Shop","item":"https:\/\/www.erresse-shop.it\/es\/shop\/"},{"@type":"ListItem","position":3,"name":"JURA M\u00e1quina de caf\u00e9 Z10 Diamond Black"}]},{"@type":"WebSite","@id":"https:\/\/www.erresse-shop.it\/es\/#website","url":"https:\/\/www.erresse-shop.it\/es\/","name":"Erresse Shop","description":"Articoli di qualit\u00e0 per la casa","potentialAction":[{"@type":"SearchAction","target":{"@type":"EntryPoint","urlTemplate":"https:\/\/www.erresse-shop.it\/es\/?s={search_term_string}"},"query-input":"required name=search_term_string"}],"inLanguage":"es"}]}},"df_price":2114.1,"df_sale_price":2114.1,"df_regular_price":2349,"df_image_link":"https:\/\/www.erresse-shop.it\/wp-content\/uploads\/2025\/03\/JURA-Macchina-Da-Caffe-Z10-Diamond-Black-300x300.jpg","_links":{"self":[{"href":"https:\/\/www.erresse-shop.it\/es\/wp-json\/wp\/v2\/product\/486365"}],"collection":[{"href":"https:\/\/www.erresse-shop.it\/es\/wp-json\/wp\/v2\/product"}],"about":[{"href":"https:\/\/www.erresse-shop.it\/es\/wp-json\/wp\/v2\/types\/product"}],"wp:featuredmedia":[{"embeddable":true,"href":"https:\/\/www.erresse-shop.it\/es\/wp-json\/wp\/v2\/media\/486399"}],"wp:attachment":[{"href":"https:\/\/www.erresse-shop.it\/es\/wp-json\/wp\/v2\/media?parent=486365"}],"wp:term":[{"taxonomy":"product_cat","embeddable":true,"href":"https:\/\/www.erresse-shop.it\/es\/wp-json\/wp\/v2\/product_cat?post=486365"},{"taxonomy":"product_tag","embeddable":true,"href":"https:\/\/www.erresse-shop.it\/es\/wp-json\/wp\/v2\/product_tag?post=486365"}],"curies":[{"name":"wp","href":"https:\/\/api.w.org\/{rel}","templated":true}]}}