{"id":486242,"date":"2025-03-31T10:35:08","date_gmt":"2025-03-31T10:35:11","guid":{"rendered":"https:\/\/www.erresse-shop.it\/?post_type=product&#038;p=486242"},"modified":"2025-03-31T10:45:57","modified_gmt":"2025-03-31T10:45:57","slug":"jura-maquina-de-cafe-s8-dark-inox-copia","status":"publish","type":"product","link":"https:\/\/www.erresse-shop.it\/es\/shop\/pequenos-electrodomesticos\/maquinas-de-cafe\/automatico\/jura-maquina-de-cafe-s8-dark-inox-copia\/","title":{"rendered":"JURA M\u00e1quina de caf\u00e9 S8 Platino"},"content":{"rendered":"<div class=\"subt\u00edtulo-de-p\u00e1gina\">\n<div class=\"subt\u00edtulo-de-p\u00e1gina\">\n<div class=\"subt\u00edtulo-de-p\u00e1gina\">\n<div class=\"subt\u00edtulo-de-p\u00e1gina\">\n<div class=\"page-subtitle\">\n<p class=\"\" data-start=\"10288\" data-end=\"10656\"><strong data-start=\"10288\" data-end=\"10340\">Innovaci\u00f3n y Placer para una Elegancia Armoniosa<\/strong><br data-start=\"10340\" data-end=\"10343\" \/>La elegante S8 cautiva a los amantes del caf\u00e9 y a los entusiastas del dise\u00f1o. Con su dise\u00f1o armonioso, materiales de alta calidad y acabados refinados, la S8 ofrece una experiencia sensorial extraordinaria desde el primer vistazo. Su tecnolog\u00eda innovadora abre nuevos horizontes en la b\u00fasqueda del gusto perfecto.<\/p>\n<p class=\"\" data-start=\"10658\" data-end=\"11381\"><strong data-start=\"10658\" data-end=\"10729\">Una Espuma Agradablemente Dulce para las Especialidades del Momento<\/strong><br data-start=\"10729\" data-end=\"10732\" \/>La funci\u00f3n Sweet Foam aromatiza la espuma de leche durante la preparaci\u00f3n: despu\u00e9s de ser calentada y espumada, la leche se aromatiza uniformemente con el jarabe contenido en el accesorio dedicado. El resultado es una espuma de leche agradablemente dulce y cremosa para una experiencia de sabor totalmente nueva. Para preparar un Sweet Latte y otras especialidades con la S8, basta con presionar un bot\u00f3n. La temperatura se mantiene perfecta gracias a la funci\u00f3n Hot Milk. El uso de la funci\u00f3n Sweet Foam es a\u00fan m\u00e1s agradable gracias a la limpieza autom\u00e1tica del sistema de leche One-Touch, que se activa instant\u00e1neamente con la presi\u00f3n de un bot\u00f3n.<\/p>\n<p class=\"\" data-start=\"11383\" data-end=\"12101\"><strong data-start=\"11383\" data-end=\"11439\">Tecnolog\u00eda Innovadora para un Sabor Siempre Uniforme<\/strong><br data-start=\"11439\" data-end=\"11442\" \/>El resultado perfecto en taza se obtiene con los mejores ingredientes y una preparaci\u00f3n \u00f3ptima. El molinillo Professional Aroma Grinder de segunda generaci\u00f3n (P.A.G.2) asegura una molienda perfecta, y los niveles de molienda pueden ajustarse en cualquier momento. Antes y despu\u00e9s de la preparaci\u00f3n, el P.A.G.2 permanece en modo espera, lo que mejora el resultado de molienda y la durabilidad del molinillo. El grupo de infusi\u00f3n 3D de octava generaci\u00f3n garantiza condiciones de infusi\u00f3n ideales y una experiencia de sabor incomparable. Esta extraordinaria m\u00e1quina autom\u00e1tica de caf\u00e9 ofrece un sabor excepcional de calidad gourmet durante todo su ciclo de vida.<\/p>\n<p class=\"\" data-start=\"12103\" data-end=\"12638\"><strong data-start=\"12103\" data-end=\"12151\">Funcionamiento Intuitivo para M\u00e1ximo Confort<\/strong><br data-start=\"12151\" data-end=\"12154\" \/>La S8 se caracteriza por una filosof\u00eda de uso innovadora e intuitiva. La gran pantalla t\u00e1ctil de 4.3&#8243; permite explorar f\u00e1cilmente las diferentes funciones y configuraciones mediante desplazamiento. La pantalla muestra gr\u00e1ficos y animaciones para guiarte a trav\u00e9s de cada paso de la preparaci\u00f3n. El dise\u00f1o de la pantalla se integra armoniosamente con el estilo decidido de la S8, mientras que la interfaz simplificada garantiza un uso claro y sencillo de la m\u00e1quina de caf\u00e9 autom\u00e1tica.<\/p>\n<p class=\"\" data-start=\"12640\" data-end=\"13000\"><strong data-start=\"12640\" data-end=\"12670\">Dise\u00f1o Armonioso y Premium<\/strong><br data-start=\"12670\" data-end=\"12673\" \/>Con l\u00edneas definidas, materiales de alta calidad y acabados refinados, el dise\u00f1o de la S8 es moderno y permanecer\u00e1 relevante durante a\u00f1os. La S8 combina lo mejor de la clase compacta con las caracter\u00edsticas del segmento premium, creando una mezcla armoniosa y elegante. Porque, al fin y al cabo, el ojo tambi\u00e9n quiere su parte.<\/p>\n<p class=\"\" data-start=\"13002\" data-end=\"13517\"><strong data-start=\"13002\" data-end=\"13043\">Especialidades de Caf\u00e9 (27 opciones):<\/strong><br data-start=\"13043\" data-end=\"13046\" \/>Espresso, 2\u00d7 Espresso, Caf\u00e9, 2\u00d7 Caf\u00e9, Americano, Lungo, Espresso Doble, Cortado, Sweet Cortado, Espresso Macchiato, Sweet Espresso Macchiato, Cappuccino, Sweet Cappuccino, Cappuccino Extra Shot, Flat White, Sweet Flat White, Flat White Extra Shot, Latte Macchiato, Sweet Latte Macchiato, Latte Macchiato Extra Shot, Sweet Latte, Sweet Latte Extra Shot, Porci\u00f3n de Espuma de Leche, Sweet Porci\u00f3n de Espuma de Leche, Porci\u00f3n de Leche, Sweet Porci\u00f3n de Leche, Agua Caliente.<\/p>\n<p class=\"\" data-start=\"13519\" data-end=\"13549\"><strong data-start=\"13519\" data-end=\"13549\">Especificaciones T\u00e9cnicas:<\/strong><\/p>\n<ul data-start=\"13550\" data-end=\"13822\" data-is-last-node=\"\" data-is-only-node=\"\">\n<li class=\"\" data-start=\"13550\" data-end=\"13587\">\n<p class=\"\" data-start=\"13552\" data-end=\"13587\">Capacidad del tanque de agua: 1.9 L<\/p>\n<\/li>\n<li class=\"\" data-start=\"13588\" data-end=\"13638\">\n<p class=\"\" data-start=\"13590\" data-end=\"13638\">Capacidad del recipiente de caf\u00e9 en grano: 280 g<\/p>\n<\/li>\n<li class=\"\" data-start=\"13639\" data-end=\"13683\">\n<p class=\"\" data-start=\"13641\" data-end=\"13683\">Contenedor de restos de caf\u00e9: 16 porciones<\/p>\n<\/li>\n<li class=\"\" data-start=\"13684\" data-end=\"13711\">\n<p class=\"\" data-start=\"13686\" data-end=\"13711\">Longitud del cable: 1.1 m<\/p>\n<\/li>\n<li class=\"\" data-start=\"13712\" data-end=\"13739\">\n<p class=\"\" data-start=\"13714\" data-end=\"13739\">Voltaje: 230 V ~ \/ 1450 W<\/p>\n<\/li>\n<li class=\"\" data-start=\"13740\" data-end=\"13754\">\n<p class=\"\" data-start=\"13742\" data-end=\"13754\">Peso: 9.8 kg<\/p>\n<\/li>\n<li class=\"\" data-start=\"13755\" data-end=\"13801\">\n<p class=\"\" data-start=\"13757\" data-end=\"13801\">Dimensiones (L \u00d7 A \u00d7 P): 28 \u00d7 34.8 \u00d7 44.6 cm<\/p>\n<\/li>\n<li class=\"\" data-start=\"13802\" data-end=\"13822\">\n<p class=\"\" data-start=\"13804\" data-end=\"13822\">Fabricado en Suiza<\/p>\n<\/li>\n<\/ul>\n<\/div>\n<\/div>\n<\/div>\n<\/div>\n<\/div>\n","protected":false},"excerpt":{"rendered":"<p>Innovaci\u00f3n y Placer para una Elegancia ArmoniosaLa elegante S8 cautiva a los amantes del caf\u00e9 y a los entusiastas del<\/p>\n","protected":false},"featured_media":486274,"template":"","meta":{"_acf_changed":false,"inline_featured_image":false},"product_cat":[25362,16076,16073],"product_tag":[23574,20769,23570,16395],"acf":[],"yoast_head":"<!-- This site is optimized with the Yoast SEO Premium plugin v18.6 (Yoast SEO v19.13) - https:\/\/yoast.com\/wordpress\/plugins\/seo\/ -->\n<title>JURA M\u00e1quina de caf\u00e9 S8 Platino - Erresse Shop<\/title>\n<meta name=\"description\" content=\"Innovaci\u00f3n y Placer para una Elegancia ArmoniosaLa elegante S8 cautiva a los amantes del caf\u00e9 y a los entusiastas del dise\u00f1o. Con su dise\u00f1o armonioso,\" \/>\n<meta name=\"robots\" content=\"index, follow, max-snippet:-1, max-image-preview:large, max-video-preview:-1\" \/>\n<link rel=\"canonical\" href=\"https:\/\/www.erresse-shop.it\/es\/shop\/pequenos-electrodomesticos\/maquinas-de-cafe\/automatico\/jura-maquina-de-cafe-s8-dark-inox-copia\/\" \/>\n<meta property=\"og:locale\" content=\"es_ES\" \/>\n<meta property=\"og:type\" content=\"article\" \/>\n<meta property=\"og:title\" content=\"JURA M\u00e1quina de caf\u00e9 S8 Platino\" \/>\n<meta property=\"og:description\" content=\"Innovaci\u00f3n y Placer para una Elegancia ArmoniosaLa elegante S8 cautiva a los amantes del caf\u00e9 y a los entusiastas del dise\u00f1o. Con su dise\u00f1o armonioso,\" \/>\n<meta property=\"og:url\" content=\"https:\/\/www.erresse-shop.it\/es\/shop\/pequenos-electrodomesticos\/maquinas-de-cafe\/automatico\/jura-maquina-de-cafe-s8-dark-inox-copia\/\" \/>\n<meta property=\"og:site_name\" content=\"Erresse Shop\" \/>\n<meta property=\"article:modified_time\" content=\"2025-03-31T10:45:57+00:00\" \/>\n<meta property=\"og:image\" content=\"https:\/\/www.erresse-shop.it\/wp-content\/uploads\/2025\/03\/JURA-Macchina-Da-Caffe-S8-Platino.jpg\" \/>\n\t<meta property=\"og:image:width\" content=\"1200\" \/>\n\t<meta property=\"og:image:height\" content=\"1200\" \/>\n\t<meta property=\"og:image:type\" content=\"image\/jpeg\" \/>\n<meta name=\"twitter:card\" content=\"summary_large_image\" \/>\n<script type=\"application\/ld+json\" class=\"yoast-schema-graph\">{\"@context\":\"https:\/\/schema.org\",\"@graph\":[{\"@type\":\"WebPage\",\"@id\":\"https:\/\/www.erresse-shop.it\/es\/shop\/pequenos-electrodomesticos\/maquinas-de-cafe\/automatico\/jura-maquina-de-cafe-s8-dark-inox-copia\/\",\"url\":\"https:\/\/www.erresse-shop.it\/es\/shop\/pequenos-electrodomesticos\/maquinas-de-cafe\/automatico\/jura-maquina-de-cafe-s8-dark-inox-copia\/\",\"name\":\"JURA M\u00e1quina de caf\u00e9 S8 Platino - Erresse Shop\",\"isPartOf\":{\"@id\":\"https:\/\/www.erresse-shop.it\/es\/#website\"},\"datePublished\":\"2025-03-31T10:35:11+00:00\",\"dateModified\":\"2025-03-31T10:45:57+00:00\",\"description\":\"Innovaci\u00f3n y Placer para una Elegancia ArmoniosaLa elegante S8 cautiva a los amantes del caf\u00e9 y a los entusiastas del dise\u00f1o. Con su dise\u00f1o armonioso,\",\"breadcrumb\":{\"@id\":\"https:\/\/www.erresse-shop.it\/es\/shop\/pequenos-electrodomesticos\/maquinas-de-cafe\/automatico\/jura-maquina-de-cafe-s8-dark-inox-copia\/#breadcrumb\"},\"inLanguage\":\"es\",\"potentialAction\":[{\"@type\":\"ReadAction\",\"target\":[\"https:\/\/www.erresse-shop.it\/es\/shop\/pequenos-electrodomesticos\/maquinas-de-cafe\/automatico\/jura-maquina-de-cafe-s8-dark-inox-copia\/\"]}]},{\"@type\":\"BreadcrumbList\",\"@id\":\"https:\/\/www.erresse-shop.it\/es\/shop\/pequenos-electrodomesticos\/maquinas-de-cafe\/automatico\/jura-maquina-de-cafe-s8-dark-inox-copia\/#breadcrumb\",\"itemListElement\":[{\"@type\":\"ListItem\",\"position\":1,\"name\":\"Home\",\"item\":\"https:\/\/www.erresse-shop.it\/es\/\"},{\"@type\":\"ListItem\",\"position\":2,\"name\":\"Shop\",\"item\":\"https:\/\/www.erresse-shop.it\/es\/shop\/\"},{\"@type\":\"ListItem\",\"position\":3,\"name\":\"JURA M\u00e1quina de caf\u00e9 S8 Platino\"}]},{\"@type\":\"WebSite\",\"@id\":\"https:\/\/www.erresse-shop.it\/es\/#website\",\"url\":\"https:\/\/www.erresse-shop.it\/es\/\",\"name\":\"Erresse Shop\",\"description\":\"Articoli di qualit\u00e0 per la casa\",\"potentialAction\":[{\"@type\":\"SearchAction\",\"target\":{\"@type\":\"EntryPoint\",\"urlTemplate\":\"https:\/\/www.erresse-shop.it\/es\/?s={search_term_string}\"},\"query-input\":\"required name=search_term_string\"}],\"inLanguage\":\"es\"}]}<\/script>\n<!-- \/ Yoast SEO Premium plugin. -->","yoast_head_json":{"title":"JURA M\u00e1quina de caf\u00e9 S8 Platino - Erresse Shop","description":"Innovaci\u00f3n y Placer para una Elegancia ArmoniosaLa elegante S8 cautiva a los amantes del caf\u00e9 y a los entusiastas del dise\u00f1o. Con su dise\u00f1o armonioso,","robots":{"index":"index","follow":"follow","max-snippet":"max-snippet:-1","max-image-preview":"max-image-preview:large","max-video-preview":"max-video-preview:-1"},"canonical":"https:\/\/www.erresse-shop.it\/es\/shop\/pequenos-electrodomesticos\/maquinas-de-cafe\/automatico\/jura-maquina-de-cafe-s8-dark-inox-copia\/","og_locale":"es_ES","og_type":"article","og_title":"JURA M\u00e1quina de caf\u00e9 S8 Platino","og_description":"Innovaci\u00f3n y Placer para una Elegancia ArmoniosaLa elegante S8 cautiva a los amantes del caf\u00e9 y a los entusiastas del dise\u00f1o. Con su dise\u00f1o armonioso,","og_url":"https:\/\/www.erresse-shop.it\/es\/shop\/pequenos-electrodomesticos\/maquinas-de-cafe\/automatico\/jura-maquina-de-cafe-s8-dark-inox-copia\/","og_site_name":"Erresse Shop","article_modified_time":"2025-03-31T10:45:57+00:00","og_image":[{"width":1200,"height":1200,"url":"https:\/\/www.erresse-shop.it\/wp-content\/uploads\/2025\/03\/JURA-Macchina-Da-Caffe-S8-Platino.jpg","type":"image\/jpeg"}],"twitter_card":"summary_large_image","schema":{"@context":"https:\/\/schema.org","@graph":[{"@type":"WebPage","@id":"https:\/\/www.erresse-shop.it\/es\/shop\/pequenos-electrodomesticos\/maquinas-de-cafe\/automatico\/jura-maquina-de-cafe-s8-dark-inox-copia\/","url":"https:\/\/www.erresse-shop.it\/es\/shop\/pequenos-electrodomesticos\/maquinas-de-cafe\/automatico\/jura-maquina-de-cafe-s8-dark-inox-copia\/","name":"JURA M\u00e1quina de caf\u00e9 S8 Platino - Erresse Shop","isPartOf":{"@id":"https:\/\/www.erresse-shop.it\/es\/#website"},"datePublished":"2025-03-31T10:35:11+00:00","dateModified":"2025-03-31T10:45:57+00:00","description":"Innovaci\u00f3n y Placer para una Elegancia ArmoniosaLa elegante S8 cautiva a los amantes del caf\u00e9 y a los entusiastas del dise\u00f1o. Con su dise\u00f1o armonioso,","breadcrumb":{"@id":"https:\/\/www.erresse-shop.it\/es\/shop\/pequenos-electrodomesticos\/maquinas-de-cafe\/automatico\/jura-maquina-de-cafe-s8-dark-inox-copia\/#breadcrumb"},"inLanguage":"es","potentialAction":[{"@type":"ReadAction","target":["https:\/\/www.erresse-shop.it\/es\/shop\/pequenos-electrodomesticos\/maquinas-de-cafe\/automatico\/jura-maquina-de-cafe-s8-dark-inox-copia\/"]}]},{"@type":"BreadcrumbList","@id":"https:\/\/www.erresse-shop.it\/es\/shop\/pequenos-electrodomesticos\/maquinas-de-cafe\/automatico\/jura-maquina-de-cafe-s8-dark-inox-copia\/#breadcrumb","itemListElement":[{"@type":"ListItem","position":1,"name":"Home","item":"https:\/\/www.erresse-shop.it\/es\/"},{"@type":"ListItem","position":2,"name":"Shop","item":"https:\/\/www.erresse-shop.it\/es\/shop\/"},{"@type":"ListItem","position":3,"name":"JURA M\u00e1quina de caf\u00e9 S8 Platino"}]},{"@type":"WebSite","@id":"https:\/\/www.erresse-shop.it\/es\/#website","url":"https:\/\/www.erresse-shop.it\/es\/","name":"Erresse Shop","description":"Articoli di qualit\u00e0 per la casa","potentialAction":[{"@type":"SearchAction","target":{"@type":"EntryPoint","urlTemplate":"https:\/\/www.erresse-shop.it\/es\/?s={search_term_string}"},"query-input":"required name=search_term_string"}],"inLanguage":"es"}]}},"df_price":1499,"df_sale_price":1499,"df_regular_price":2049,"df_image_link":"https:\/\/www.erresse-shop.it\/wp-content\/uploads\/2025\/03\/JURA-Macchina-Da-Caffe-S8-Platino-300x300.jpg","_links":{"self":[{"href":"https:\/\/www.erresse-shop.it\/es\/wp-json\/wp\/v2\/product\/486242"}],"collection":[{"href":"https:\/\/www.erresse-shop.it\/es\/wp-json\/wp\/v2\/product"}],"about":[{"href":"https:\/\/www.erresse-shop.it\/es\/wp-json\/wp\/v2\/types\/product"}],"wp:featuredmedia":[{"embeddable":true,"href":"https:\/\/www.erresse-shop.it\/es\/wp-json\/wp\/v2\/media\/486274"}],"wp:attachment":[{"href":"https:\/\/www.erresse-shop.it\/es\/wp-json\/wp\/v2\/media?parent=486242"}],"wp:term":[{"taxonomy":"product_cat","embeddable":true,"href":"https:\/\/www.erresse-shop.it\/es\/wp-json\/wp\/v2\/product_cat?post=486242"},{"taxonomy":"product_tag","embeddable":true,"href":"https:\/\/www.erresse-shop.it\/es\/wp-json\/wp\/v2\/product_tag?post=486242"}],"curies":[{"name":"wp","href":"https:\/\/api.w.org\/{rel}","templated":true}]}}