{"id":486118,"date":"2025-03-31T09:29:27","date_gmt":"2025-03-31T09:29:29","guid":{"rendered":"https:\/\/www.erresse-shop.it\/?post_type=product&#038;p=486118"},"modified":"2025-03-31T09:45:23","modified_gmt":"2025-03-31T09:45:23","slug":"zwilling-enfinigy-tostadora-de-4-rebanadas-negro-copia","status":"publish","type":"product","link":"https:\/\/www.erresse-shop.it\/es\/shop\/pequenos-electrodomesticos\/tostadoras\/zwilling-enfinigy-tostadora-de-4-rebanadas-negro-copia\/","title":{"rendered":"ZWILLING Enfinigy Tostadora de 4 rebanadas con calentador de pan plateado"},"content":{"rendered":"<p class=\"\" data-start=\"7774\" data-end=\"9579\">Una tostadora para satisfacer tu antojo de tostadas. La tostadora ZWILLING con ranuras largas para cuatro rebanadas de pan est\u00e1ndar o dos rebanadas largas tiene un dise\u00f1o moderno y garantiza una tostada uniforme del pan, incluso despu\u00e9s de varios ciclos de tostado. Ajusta autom\u00e1ticamente la duraci\u00f3n del tostado para conseguir el dorado deseado. Los cuatro elementos calefactores separados de la tostadora de 1800 vatios doran uniformemente ambos lados de cada rebanada de pan. Adem\u00e1s, cada tostada tiene un exterior crujiente con un interior suave: una aut\u00e9ntica tostada ZWILLING. Una vez listo, el pan no salta fuera de la tostadora, sino que se eleva suavemente. La funci\u00f3n soft-lift asegura un suave deslizamiento hacia arriba de las tostadas est\u00e1ndar o largas y los bagels. Adem\u00e1s, la funci\u00f3n extra-lift facilita la retirada de las rebanadas m\u00e1s peque\u00f1as de la tostadora. Nunca m\u00e1s quemar\u00e1s tostadas: esta tostadora se apaga autom\u00e1ticamente cuando se alcanza el tiempo de tostado preestablecido. Incluso con las configuraciones m\u00e1s altas, nunca obtendr\u00e1s tostadas quemadas. El bot\u00f3n de paro te permite interrumpir el tostado en cualquier momento. Las migas caen en la bandeja de recogida f\u00e1cil de retirar. Siete configuraciones de tostado y tres programas autom\u00e1ticos ofrecen una gran flexibilidad para satisfacer siempre tu antojo de tostadas. La funci\u00f3n de recalentamiento te permite calentar una tostada fr\u00eda. La funci\u00f3n de descongelaci\u00f3n te permite tostar pan sacado directamente del congelador. La funci\u00f3n bagel con centrado de rebanadas ofrece resultados ideales de tostado de bagels: crujiente por fuera, tostado por dentro. Con el soporte extra\u00edble, puedes calentar o tostar dos panes adicionales. Adem\u00e1s, este accesorio tiene rejillas sim\u00e9tricas que lo hacen ideal para servir tus tostadas.<\/p>\n<ul data-start=\"9581\" data-end=\"10259\">\n<li class=\"\" data-start=\"9581\" data-end=\"9672\">\n<p class=\"\" data-start=\"9583\" data-end=\"9672\">Tostadora con ranuras largas para cuatro rebanadas est\u00e1ndar o dos rebanadas largas de pan<\/p>\n<\/li>\n<li class=\"\" data-start=\"9673\" data-end=\"9791\">\n<p class=\"\" data-start=\"9675\" data-end=\"9791\">Ajusta autom\u00e1ticamente la duraci\u00f3n del tostado para un dorado uniforme &#8211; incluso despu\u00e9s de varios ciclos de tostado<\/p>\n<\/li>\n<li class=\"\" data-start=\"9792\" data-end=\"9848\">\n<p class=\"\" data-start=\"9794\" data-end=\"9848\">Tres funciones: descongelaci\u00f3n, recalentamiento, bagel<\/p>\n<\/li>\n<li class=\"\" data-start=\"9849\" data-end=\"9888\">\n<p class=\"\" data-start=\"9851\" data-end=\"9888\">Soft-lift para f\u00e1cil retirada del pan<\/p>\n<\/li>\n<li class=\"\" data-start=\"9889\" data-end=\"9961\">\n<p class=\"\" data-start=\"9891\" data-end=\"9961\">Funci\u00f3n de seguridad con apagado autom\u00e1tico previene tostadas quemadas<\/p>\n<\/li>\n<li class=\"\" data-start=\"9962\" data-end=\"9990\">\n<p class=\"\" data-start=\"9964\" data-end=\"9990\">Bandeja de migas extra\u00edble<\/p>\n<\/li>\n<li class=\"\" data-start=\"9991\" data-end=\"10055\">\n<p class=\"\" data-start=\"9993\" data-end=\"10055\">Cuatro unidades calefactoras separadas para un dorado uniforme<\/p>\n<\/li>\n<\/ul>\n<p class=\"\" data-start=\"10058\" data-end=\"10078\"><strong>Caracter\u00edsticas:<\/strong><\/p>\n<ul>\n<li data-start=\"10083\" data-end=\"10109\">Material: Acero inoxidable<\/li>\n<li data-start=\"10114\" data-end=\"10132\">Voltaje: 220-240 V<\/li>\n<li data-start=\"10137\" data-end=\"10157\">Frecuencia: 50\/60 Hz<\/li>\n<li data-start=\"10162\" data-end=\"10192\">Rewind del cable integrado: S\u00ed<\/li>\n<li data-start=\"10197\" data-end=\"10214\">Potencia: 1.800 W<\/li>\n<li data-start=\"10219\" data-end=\"10259\">Protecci\u00f3n contra sobrecalentamiento: S\u00ed<\/li>\n<\/ul>\n<p class=\"\" data-start=\"10261\" data-end=\"10277\"><strong data-start=\"10261\" data-end=\"10277\">Dimensiones:<\/strong><\/p>\n<ul data-start=\"10278\" data-end=\"10426\" data-is-last-node=\"\" data-is-only-node=\"\">\n<li class=\"\" data-start=\"10278\" data-end=\"10298\">\n<p class=\"\" data-start=\"10280\" data-end=\"10298\">Peso neto: 2,80 kg<\/p>\n<\/li>\n<li class=\"\" data-start=\"10299\" data-end=\"10332\">\n<p class=\"\" data-start=\"10301\" data-end=\"10332\">Longitud del producto: 40,70 cm<\/p>\n<\/li>\n<li class=\"\" data-start=\"10333\" data-end=\"10363\">\n<p class=\"\" data-start=\"10335\" data-end=\"10363\">Ancho del producto: 16,80 cm<\/p>\n<\/li>\n<li class=\"\" data-start=\"10364\" data-end=\"10395\">\n<p class=\"\" data-start=\"10366\" data-end=\"10395\">Altura del producto: 20,60 cm<\/p>\n<\/li>\n<li class=\"\" data-start=\"10396\" data-end=\"10426\">\n<p class=\"\" data-start=\"10398\" data-end=\"10426\">No se vende fuera de Europa.<\/p>\n<\/li>\n<\/ul>\n","protected":false},"excerpt":{"rendered":"<p>Una tostadora para satisfacer tu antojo de tostadas. La tostadora ZWILLING con ranuras largas para cuatro rebanadas de pan est\u00e1ndar<\/p>\n","protected":false},"featured_media":486150,"template":"","meta":{"_acf_changed":false,"inline_featured_image":false},"product_cat":[16073,16081],"product_tag":[16259,16178,16553,16481,16555],"acf":[],"yoast_head":"<!-- This site is optimized with the Yoast SEO Premium plugin v18.6 (Yoast SEO v19.13) - https:\/\/yoast.com\/wordpress\/plugins\/seo\/ -->\n<title>ZWILLING Enfinigy Tostadora de 4 rebanadas con calentador de pan plateado - Erresse Shop<\/title>\n<meta name=\"description\" content=\"Una tostadora para satisfacer tu antojo de tostadas. La tostadora ZWILLING con ranuras largas para cuatro rebanadas de pan est\u00e1ndar o dos rebanadas largas\" \/>\n<meta name=\"robots\" content=\"index, follow, max-snippet:-1, max-image-preview:large, max-video-preview:-1\" \/>\n<link rel=\"canonical\" href=\"https:\/\/www.erresse-shop.it\/es\/shop\/pequenos-electrodomesticos\/tostadoras\/zwilling-enfinigy-tostadora-de-4-rebanadas-negro-copia\/\" \/>\n<meta property=\"og:locale\" content=\"es_ES\" \/>\n<meta property=\"og:type\" content=\"article\" \/>\n<meta property=\"og:title\" content=\"ZWILLING Enfinigy Tostadora de 4 rebanadas con calentador de pan plateado\" \/>\n<meta property=\"og:description\" content=\"Una tostadora para satisfacer tu antojo de tostadas. La tostadora ZWILLING con ranuras largas para cuatro rebanadas de pan est\u00e1ndar o dos rebanadas largas\" \/>\n<meta property=\"og:url\" content=\"https:\/\/www.erresse-shop.it\/es\/shop\/pequenos-electrodomesticos\/tostadoras\/zwilling-enfinigy-tostadora-de-4-rebanadas-negro-copia\/\" \/>\n<meta property=\"og:site_name\" content=\"Erresse Shop\" \/>\n<meta property=\"article:modified_time\" content=\"2025-03-31T09:45:23+00:00\" \/>\n<meta property=\"og:image\" content=\"https:\/\/www.erresse-shop.it\/wp-content\/uploads\/2025\/03\/ZWILLING-Enfinigy-Tostapane-4-Fette-con-Scaldapanini-Argento.jpg\" \/>\n\t<meta property=\"og:image:width\" content=\"1200\" \/>\n\t<meta property=\"og:image:height\" content=\"1200\" \/>\n\t<meta property=\"og:image:type\" content=\"image\/jpeg\" \/>\n<meta name=\"twitter:card\" content=\"summary_large_image\" \/>\n<script type=\"application\/ld+json\" class=\"yoast-schema-graph\">{\"@context\":\"https:\/\/schema.org\",\"@graph\":[{\"@type\":\"WebPage\",\"@id\":\"https:\/\/www.erresse-shop.it\/es\/shop\/pequenos-electrodomesticos\/tostadoras\/zwilling-enfinigy-tostadora-de-4-rebanadas-negro-copia\/\",\"url\":\"https:\/\/www.erresse-shop.it\/es\/shop\/pequenos-electrodomesticos\/tostadoras\/zwilling-enfinigy-tostadora-de-4-rebanadas-negro-copia\/\",\"name\":\"ZWILLING Enfinigy Tostadora de 4 rebanadas con calentador de pan plateado - Erresse Shop\",\"isPartOf\":{\"@id\":\"https:\/\/www.erresse-shop.it\/es\/#website\"},\"datePublished\":\"2025-03-31T09:29:29+00:00\",\"dateModified\":\"2025-03-31T09:45:23+00:00\",\"description\":\"Una tostadora para satisfacer tu antojo de tostadas. La tostadora ZWILLING con ranuras largas para cuatro rebanadas de pan est\u00e1ndar o dos rebanadas largas\",\"breadcrumb\":{\"@id\":\"https:\/\/www.erresse-shop.it\/es\/shop\/pequenos-electrodomesticos\/tostadoras\/zwilling-enfinigy-tostadora-de-4-rebanadas-negro-copia\/#breadcrumb\"},\"inLanguage\":\"es\",\"potentialAction\":[{\"@type\":\"ReadAction\",\"target\":[\"https:\/\/www.erresse-shop.it\/es\/shop\/pequenos-electrodomesticos\/tostadoras\/zwilling-enfinigy-tostadora-de-4-rebanadas-negro-copia\/\"]}]},{\"@type\":\"BreadcrumbList\",\"@id\":\"https:\/\/www.erresse-shop.it\/es\/shop\/pequenos-electrodomesticos\/tostadoras\/zwilling-enfinigy-tostadora-de-4-rebanadas-negro-copia\/#breadcrumb\",\"itemListElement\":[{\"@type\":\"ListItem\",\"position\":1,\"name\":\"Home\",\"item\":\"https:\/\/www.erresse-shop.it\/es\/\"},{\"@type\":\"ListItem\",\"position\":2,\"name\":\"Shop\",\"item\":\"https:\/\/www.erresse-shop.it\/es\/shop\/\"},{\"@type\":\"ListItem\",\"position\":3,\"name\":\"ZWILLING Enfinigy Tostadora de 4 rebanadas con calentador de pan plateado\"}]},{\"@type\":\"WebSite\",\"@id\":\"https:\/\/www.erresse-shop.it\/es\/#website\",\"url\":\"https:\/\/www.erresse-shop.it\/es\/\",\"name\":\"Erresse Shop\",\"description\":\"Articoli di qualit\u00e0 per la casa\",\"potentialAction\":[{\"@type\":\"SearchAction\",\"target\":{\"@type\":\"EntryPoint\",\"urlTemplate\":\"https:\/\/www.erresse-shop.it\/es\/?s={search_term_string}\"},\"query-input\":\"required name=search_term_string\"}],\"inLanguage\":\"es\"}]}<\/script>\n<!-- \/ Yoast SEO Premium plugin. -->","yoast_head_json":{"title":"ZWILLING Enfinigy Tostadora de 4 rebanadas con calentador de pan plateado - Erresse Shop","description":"Una tostadora para satisfacer tu antojo de tostadas. La tostadora ZWILLING con ranuras largas para cuatro rebanadas de pan est\u00e1ndar o dos rebanadas largas","robots":{"index":"index","follow":"follow","max-snippet":"max-snippet:-1","max-image-preview":"max-image-preview:large","max-video-preview":"max-video-preview:-1"},"canonical":"https:\/\/www.erresse-shop.it\/es\/shop\/pequenos-electrodomesticos\/tostadoras\/zwilling-enfinigy-tostadora-de-4-rebanadas-negro-copia\/","og_locale":"es_ES","og_type":"article","og_title":"ZWILLING Enfinigy Tostadora de 4 rebanadas con calentador de pan plateado","og_description":"Una tostadora para satisfacer tu antojo de tostadas. La tostadora ZWILLING con ranuras largas para cuatro rebanadas de pan est\u00e1ndar o dos rebanadas largas","og_url":"https:\/\/www.erresse-shop.it\/es\/shop\/pequenos-electrodomesticos\/tostadoras\/zwilling-enfinigy-tostadora-de-4-rebanadas-negro-copia\/","og_site_name":"Erresse Shop","article_modified_time":"2025-03-31T09:45:23+00:00","og_image":[{"width":1200,"height":1200,"url":"https:\/\/www.erresse-shop.it\/wp-content\/uploads\/2025\/03\/ZWILLING-Enfinigy-Tostapane-4-Fette-con-Scaldapanini-Argento.jpg","type":"image\/jpeg"}],"twitter_card":"summary_large_image","schema":{"@context":"https:\/\/schema.org","@graph":[{"@type":"WebPage","@id":"https:\/\/www.erresse-shop.it\/es\/shop\/pequenos-electrodomesticos\/tostadoras\/zwilling-enfinigy-tostadora-de-4-rebanadas-negro-copia\/","url":"https:\/\/www.erresse-shop.it\/es\/shop\/pequenos-electrodomesticos\/tostadoras\/zwilling-enfinigy-tostadora-de-4-rebanadas-negro-copia\/","name":"ZWILLING Enfinigy Tostadora de 4 rebanadas con calentador de pan plateado - Erresse Shop","isPartOf":{"@id":"https:\/\/www.erresse-shop.it\/es\/#website"},"datePublished":"2025-03-31T09:29:29+00:00","dateModified":"2025-03-31T09:45:23+00:00","description":"Una tostadora para satisfacer tu antojo de tostadas. La tostadora ZWILLING con ranuras largas para cuatro rebanadas de pan est\u00e1ndar o dos rebanadas largas","breadcrumb":{"@id":"https:\/\/www.erresse-shop.it\/es\/shop\/pequenos-electrodomesticos\/tostadoras\/zwilling-enfinigy-tostadora-de-4-rebanadas-negro-copia\/#breadcrumb"},"inLanguage":"es","potentialAction":[{"@type":"ReadAction","target":["https:\/\/www.erresse-shop.it\/es\/shop\/pequenos-electrodomesticos\/tostadoras\/zwilling-enfinigy-tostadora-de-4-rebanadas-negro-copia\/"]}]},{"@type":"BreadcrumbList","@id":"https:\/\/www.erresse-shop.it\/es\/shop\/pequenos-electrodomesticos\/tostadoras\/zwilling-enfinigy-tostadora-de-4-rebanadas-negro-copia\/#breadcrumb","itemListElement":[{"@type":"ListItem","position":1,"name":"Home","item":"https:\/\/www.erresse-shop.it\/es\/"},{"@type":"ListItem","position":2,"name":"Shop","item":"https:\/\/www.erresse-shop.it\/es\/shop\/"},{"@type":"ListItem","position":3,"name":"ZWILLING Enfinigy Tostadora de 4 rebanadas con calentador de pan plateado"}]},{"@type":"WebSite","@id":"https:\/\/www.erresse-shop.it\/es\/#website","url":"https:\/\/www.erresse-shop.it\/es\/","name":"Erresse Shop","description":"Articoli di qualit\u00e0 per la casa","potentialAction":[{"@type":"SearchAction","target":{"@type":"EntryPoint","urlTemplate":"https:\/\/www.erresse-shop.it\/es\/?s={search_term_string}"},"query-input":"required name=search_term_string"}],"inLanguage":"es"}]}},"df_price":64.5,"df_sale_price":64.5,"df_regular_price":129,"df_image_link":"https:\/\/www.erresse-shop.it\/wp-content\/uploads\/2025\/03\/ZWILLING-Enfinigy-Tostapane-4-Fette-con-Scaldapanini-Argento-300x300.jpg","_links":{"self":[{"href":"https:\/\/www.erresse-shop.it\/es\/wp-json\/wp\/v2\/product\/486118"}],"collection":[{"href":"https:\/\/www.erresse-shop.it\/es\/wp-json\/wp\/v2\/product"}],"about":[{"href":"https:\/\/www.erresse-shop.it\/es\/wp-json\/wp\/v2\/types\/product"}],"wp:featuredmedia":[{"embeddable":true,"href":"https:\/\/www.erresse-shop.it\/es\/wp-json\/wp\/v2\/media\/486150"}],"wp:attachment":[{"href":"https:\/\/www.erresse-shop.it\/es\/wp-json\/wp\/v2\/media?parent=486118"}],"wp:term":[{"taxonomy":"product_cat","embeddable":true,"href":"https:\/\/www.erresse-shop.it\/es\/wp-json\/wp\/v2\/product_cat?post=486118"},{"taxonomy":"product_tag","embeddable":true,"href":"https:\/\/www.erresse-shop.it\/es\/wp-json\/wp\/v2\/product_tag?post=486118"}],"curies":[{"name":"wp","href":"https:\/\/api.w.org\/{rel}","templated":true}]}}