{"id":486092,"date":"2025-03-31T09:08:19","date_gmt":"2025-03-31T09:08:22","guid":{"rendered":"https:\/\/www.erresse-shop.it\/?post_type=product&#038;p=486092"},"modified":"2025-03-31T09:25:45","modified_gmt":"2025-03-31T09:25:45","slug":"zwilling-set-de-cuchillos-gourmet-con-bloque-marron-copia","status":"publish","type":"product","link":"https:\/\/www.erresse-shop.it\/es\/shop\/cocina\/cuchillos\/bloques-de-cuchillos\/zwilling-set-de-cuchillos-gourmet-con-bloque-marron-copia\/","title":{"rendered":"ZWILLING Set de cuchillos gourmet con bloque de bamb\u00fa de 7 piezas"},"content":{"rendered":"<p class=\"\" data-start=\"5382\" data-end=\"6217\">Este bloque de cuchillos de 7 piezas para uso universal de la l\u00ednea ZWILLING Gourmet incluye un cuchillo para lardear y decorar (longitud de la hoja 10 cm), un cuchillo multiusos (13 cm), un cuchillo para trinchar (16 cm), un cuchillo de chef (20 cm), un afilador y unas tijeras multiusos. Todos los cuchillos del set est\u00e1n equipados con una hoja FRIODUR\u00ae, que se endurece con hielo mediante un proceso especial. De este modo, las hojas adquieren una gran resistencia y una excepcional resistencia a la corrosi\u00f3n. El mango negro de material sint\u00e9tico, con su dise\u00f1o cl\u00e1sico de 3 remaches, garantiza un agarre c\u00f3modo gracias a su forma ergon\u00f3mica. El bloque est\u00e1 hecho de puro bamb\u00fa, ideal para almacenar de manera segura tus cuchillos de cocina. Con este bloque de cuchillos ZWILLING Gourmet, preparar deliciosos platos ser\u00e1 muy f\u00e1cil.<\/p>\n<ul data-start=\"6219\" data-end=\"6874\">\n<li class=\"\" data-start=\"6219\" data-end=\"6322\">\n<p class=\"\" data-start=\"6221\" data-end=\"6322\">Hojas FRIODUR\u00ae tratadas criog\u00e9nicamente para una durabilidad excepcional y resistencia a la corrosi\u00f3n<\/p>\n<\/li>\n<li class=\"\" data-start=\"6323\" data-end=\"6407\">\n<p class=\"\" data-start=\"6325\" data-end=\"6407\">F\u00e1cil de manejar gracias a su peso reducido, dise\u00f1o ergon\u00f3mico y equilibrio \u00f3ptimo<\/p>\n<\/li>\n<li class=\"\" data-start=\"6408\" data-end=\"6583\">\n<p class=\"\" data-start=\"6410\" data-end=\"6583\">Mango ergon\u00f3mico para trabajar sin esfuerzo y de manera segura, hecho de material sint\u00e9tico con dise\u00f1o de 3 remaches y logo ZWILLING\u00ae grabado con l\u00e1ser en el remache central<\/p>\n<\/li>\n<li class=\"\" data-start=\"6584\" data-end=\"6630\">\n<p class=\"\" data-start=\"6586\" data-end=\"6630\">Transici\u00f3n continua entre el mango y la hoja<\/p>\n<\/li>\n<li class=\"\" data-start=\"6631\" data-end=\"6692\">\n<p class=\"\" data-start=\"6633\" data-end=\"6692\">Cuchillos fabricados por ZWILLING J.A. Henckels en Solingen<\/p>\n<\/li>\n<li class=\"\" data-start=\"6693\" data-end=\"6874\">\n<p class=\"\" data-start=\"6695\" data-end=\"6874\">Incluye 1 cuchillo para decorar (10 cm), 1 cuchillo multiusos (13 cm), 1 cuchillo para carne (16 cm), 1 cuchillo de chef (20 cm), 1 tijera multiusos, 1 afilador de acero, 1 bloque<\/p>\n<\/li>\n<\/ul>\n<p class=\"\" data-start=\"6876\" data-end=\"6896\"><strong data-start=\"6876\" data-end=\"6896\">Caracter\u00edsticas:<\/strong><\/p>\n<ul data-start=\"6898\" data-end=\"7065\">\n<li class=\"\" data-start=\"6898\" data-end=\"6915\">\n<p class=\"\" data-start=\"6900\" data-end=\"6915\">Material: Bamb\u00fa<\/p>\n<\/li>\n<li class=\"\" data-start=\"6916\" data-end=\"6951\">\n<p class=\"\" data-start=\"6918\" data-end=\"6951\">M\u00e9todo de producci\u00f3n: Corte l\u00e1ser<\/p>\n<\/li>\n<li class=\"\" data-start=\"6952\" data-end=\"6987\">\n<p class=\"\" data-start=\"6954\" data-end=\"6987\">N\u00famero de ranuras en el bloque: 6<\/p>\n<\/li>\n<li class=\"\" data-start=\"6988\" data-end=\"7009\">\n<p class=\"\" data-start=\"6990\" data-end=\"7009\">N\u00famero de piezas: 7<\/p>\n<\/li>\n<li class=\"\" data-start=\"7010\" data-end=\"7034\">\n<p class=\"\" data-start=\"7012\" data-end=\"7034\">Color del mango: Negro<\/p>\n<\/li>\n<li class=\"\" data-start=\"7035\" data-end=\"7065\">\n<p class=\"\" data-start=\"7037\" data-end=\"7065\">Material del mango: Pl\u00e1stico<\/p>\n<\/li>\n<\/ul>\n<p class=\"\" data-start=\"7067\" data-end=\"7083\"><strong data-start=\"7067\" data-end=\"7083\">Dimensiones:<\/strong><\/p>\n<ul data-start=\"7085\" data-end=\"7202\" data-is-last-node=\"\" data-is-only-node=\"\">\n<li class=\"\" data-start=\"7085\" data-end=\"7105\">\n<p class=\"\" data-start=\"7087\" data-end=\"7105\">Peso neto: 2,61 kg<\/p>\n<\/li>\n<li class=\"\" data-start=\"7106\" data-end=\"7139\">\n<p class=\"\" data-start=\"7108\" data-end=\"7139\">Longitud del producto: 36,00 cm<\/p>\n<\/li>\n<li class=\"\" data-start=\"7140\" data-end=\"7170\">\n<p class=\"\" data-start=\"7142\" data-end=\"7170\">Ancho del producto: 16,00 cm<\/p>\n<\/li>\n<li class=\"\" data-start=\"7171\" data-end=\"7202\">\n<p class=\"\" data-start=\"7173\" data-end=\"7202\">Altura del producto: 15,00 cm<\/p>\n<\/li>\n<\/ul>\n","protected":false},"excerpt":{"rendered":"<p>Pionera en el campo de la cuchiller\u00eda de primera calidad, ZWILLING J.A. Henckels lleva fabricando cuchillos de excelente factura desde 1731.<\/p>\n","protected":false},"featured_media":486111,"template":"","meta":{"_acf_changed":false,"inline_featured_image":false},"product_cat":[16045,16040,16043],"product_tag":[16162,16132,16509,16432,16510,25264,16533],"acf":[],"yoast_head":"<!-- This site is optimized with the Yoast SEO Premium plugin v18.6 (Yoast SEO v19.13) - https:\/\/yoast.com\/wordpress\/plugins\/seo\/ -->\n<title>ZWILLING Set de cuchillos gourmet con bloque de bamb\u00fa de 7 piezas - Erresse Shop<\/title>\n<meta name=\"description\" content=\"Pionera en el campo de la cuchiller\u00eda de primera calidad, ZWILLING J.A. Henckels lleva fabricando cuchillos de excelente factura desde 1731.\" \/>\n<meta name=\"robots\" content=\"index, follow, max-snippet:-1, max-image-preview:large, max-video-preview:-1\" \/>\n<link rel=\"canonical\" href=\"https:\/\/www.erresse-shop.it\/es\/shop\/cocina\/cuchillos\/bloques-de-cuchillos\/zwilling-set-de-cuchillos-gourmet-con-bloque-marron-copia\/\" \/>\n<meta property=\"og:locale\" content=\"es_ES\" \/>\n<meta property=\"og:type\" content=\"article\" \/>\n<meta property=\"og:title\" content=\"ZWILLING Set de cuchillos gourmet con bloque de bamb\u00fa de 7 piezas\" \/>\n<meta property=\"og:description\" content=\"Pionera en el campo de la cuchiller\u00eda de primera calidad, ZWILLING J.A. Henckels lleva fabricando cuchillos de excelente factura desde 1731.\" \/>\n<meta property=\"og:url\" content=\"https:\/\/www.erresse-shop.it\/es\/shop\/cocina\/cuchillos\/bloques-de-cuchillos\/zwilling-set-de-cuchillos-gourmet-con-bloque-marron-copia\/\" \/>\n<meta property=\"og:site_name\" content=\"Erresse Shop\" \/>\n<meta property=\"article:modified_time\" content=\"2025-03-31T09:25:45+00:00\" \/>\n<meta property=\"og:image\" content=\"https:\/\/www.erresse-shop.it\/wp-content\/uploads\/2025\/03\/ZWILLING-Set-Coltelli-Gourmet-con-Ceppo-Bambu-7-Pezzi.jpg\" \/>\n\t<meta property=\"og:image:width\" content=\"1200\" \/>\n\t<meta property=\"og:image:height\" content=\"1200\" \/>\n\t<meta property=\"og:image:type\" content=\"image\/jpeg\" \/>\n<meta name=\"twitter:card\" content=\"summary_large_image\" \/>\n<script type=\"application\/ld+json\" class=\"yoast-schema-graph\">{\"@context\":\"https:\/\/schema.org\",\"@graph\":[{\"@type\":\"WebPage\",\"@id\":\"https:\/\/www.erresse-shop.it\/es\/shop\/cocina\/cuchillos\/bloques-de-cuchillos\/zwilling-set-de-cuchillos-gourmet-con-bloque-marron-copia\/\",\"url\":\"https:\/\/www.erresse-shop.it\/es\/shop\/cocina\/cuchillos\/bloques-de-cuchillos\/zwilling-set-de-cuchillos-gourmet-con-bloque-marron-copia\/\",\"name\":\"ZWILLING Set de cuchillos gourmet con bloque de bamb\u00fa de 7 piezas - Erresse Shop\",\"isPartOf\":{\"@id\":\"https:\/\/www.erresse-shop.it\/es\/#website\"},\"datePublished\":\"2025-03-31T09:08:22+00:00\",\"dateModified\":\"2025-03-31T09:25:45+00:00\",\"description\":\"Pionera en el campo de la cuchiller\u00eda de primera calidad, ZWILLING J.A. Henckels lleva fabricando cuchillos de excelente factura desde 1731.\",\"breadcrumb\":{\"@id\":\"https:\/\/www.erresse-shop.it\/es\/shop\/cocina\/cuchillos\/bloques-de-cuchillos\/zwilling-set-de-cuchillos-gourmet-con-bloque-marron-copia\/#breadcrumb\"},\"inLanguage\":\"es\",\"potentialAction\":[{\"@type\":\"ReadAction\",\"target\":[\"https:\/\/www.erresse-shop.it\/es\/shop\/cocina\/cuchillos\/bloques-de-cuchillos\/zwilling-set-de-cuchillos-gourmet-con-bloque-marron-copia\/\"]}]},{\"@type\":\"BreadcrumbList\",\"@id\":\"https:\/\/www.erresse-shop.it\/es\/shop\/cocina\/cuchillos\/bloques-de-cuchillos\/zwilling-set-de-cuchillos-gourmet-con-bloque-marron-copia\/#breadcrumb\",\"itemListElement\":[{\"@type\":\"ListItem\",\"position\":1,\"name\":\"Home\",\"item\":\"https:\/\/www.erresse-shop.it\/es\/\"},{\"@type\":\"ListItem\",\"position\":2,\"name\":\"Shop\",\"item\":\"https:\/\/www.erresse-shop.it\/es\/shop\/\"},{\"@type\":\"ListItem\",\"position\":3,\"name\":\"ZWILLING Set de cuchillos gourmet con bloque de bamb\u00fa de 7 piezas\"}]},{\"@type\":\"WebSite\",\"@id\":\"https:\/\/www.erresse-shop.it\/es\/#website\",\"url\":\"https:\/\/www.erresse-shop.it\/es\/\",\"name\":\"Erresse Shop\",\"description\":\"Articoli di qualit\u00e0 per la casa\",\"potentialAction\":[{\"@type\":\"SearchAction\",\"target\":{\"@type\":\"EntryPoint\",\"urlTemplate\":\"https:\/\/www.erresse-shop.it\/es\/?s={search_term_string}\"},\"query-input\":\"required name=search_term_string\"}],\"inLanguage\":\"es\"}]}<\/script>\n<!-- \/ Yoast SEO Premium plugin. -->","yoast_head_json":{"title":"ZWILLING Set de cuchillos gourmet con bloque de bamb\u00fa de 7 piezas - Erresse Shop","description":"Pionera en el campo de la cuchiller\u00eda de primera calidad, ZWILLING J.A. Henckels lleva fabricando cuchillos de excelente factura desde 1731.","robots":{"index":"index","follow":"follow","max-snippet":"max-snippet:-1","max-image-preview":"max-image-preview:large","max-video-preview":"max-video-preview:-1"},"canonical":"https:\/\/www.erresse-shop.it\/es\/shop\/cocina\/cuchillos\/bloques-de-cuchillos\/zwilling-set-de-cuchillos-gourmet-con-bloque-marron-copia\/","og_locale":"es_ES","og_type":"article","og_title":"ZWILLING Set de cuchillos gourmet con bloque de bamb\u00fa de 7 piezas","og_description":"Pionera en el campo de la cuchiller\u00eda de primera calidad, ZWILLING J.A. Henckels lleva fabricando cuchillos de excelente factura desde 1731.","og_url":"https:\/\/www.erresse-shop.it\/es\/shop\/cocina\/cuchillos\/bloques-de-cuchillos\/zwilling-set-de-cuchillos-gourmet-con-bloque-marron-copia\/","og_site_name":"Erresse Shop","article_modified_time":"2025-03-31T09:25:45+00:00","og_image":[{"width":1200,"height":1200,"url":"https:\/\/www.erresse-shop.it\/wp-content\/uploads\/2025\/03\/ZWILLING-Set-Coltelli-Gourmet-con-Ceppo-Bambu-7-Pezzi.jpg","type":"image\/jpeg"}],"twitter_card":"summary_large_image","schema":{"@context":"https:\/\/schema.org","@graph":[{"@type":"WebPage","@id":"https:\/\/www.erresse-shop.it\/es\/shop\/cocina\/cuchillos\/bloques-de-cuchillos\/zwilling-set-de-cuchillos-gourmet-con-bloque-marron-copia\/","url":"https:\/\/www.erresse-shop.it\/es\/shop\/cocina\/cuchillos\/bloques-de-cuchillos\/zwilling-set-de-cuchillos-gourmet-con-bloque-marron-copia\/","name":"ZWILLING Set de cuchillos gourmet con bloque de bamb\u00fa de 7 piezas - Erresse Shop","isPartOf":{"@id":"https:\/\/www.erresse-shop.it\/es\/#website"},"datePublished":"2025-03-31T09:08:22+00:00","dateModified":"2025-03-31T09:25:45+00:00","description":"Pionera en el campo de la cuchiller\u00eda de primera calidad, ZWILLING J.A. Henckels lleva fabricando cuchillos de excelente factura desde 1731.","breadcrumb":{"@id":"https:\/\/www.erresse-shop.it\/es\/shop\/cocina\/cuchillos\/bloques-de-cuchillos\/zwilling-set-de-cuchillos-gourmet-con-bloque-marron-copia\/#breadcrumb"},"inLanguage":"es","potentialAction":[{"@type":"ReadAction","target":["https:\/\/www.erresse-shop.it\/es\/shop\/cocina\/cuchillos\/bloques-de-cuchillos\/zwilling-set-de-cuchillos-gourmet-con-bloque-marron-copia\/"]}]},{"@type":"BreadcrumbList","@id":"https:\/\/www.erresse-shop.it\/es\/shop\/cocina\/cuchillos\/bloques-de-cuchillos\/zwilling-set-de-cuchillos-gourmet-con-bloque-marron-copia\/#breadcrumb","itemListElement":[{"@type":"ListItem","position":1,"name":"Home","item":"https:\/\/www.erresse-shop.it\/es\/"},{"@type":"ListItem","position":2,"name":"Shop","item":"https:\/\/www.erresse-shop.it\/es\/shop\/"},{"@type":"ListItem","position":3,"name":"ZWILLING Set de cuchillos gourmet con bloque de bamb\u00fa de 7 piezas"}]},{"@type":"WebSite","@id":"https:\/\/www.erresse-shop.it\/es\/#website","url":"https:\/\/www.erresse-shop.it\/es\/","name":"Erresse Shop","description":"Articoli di qualit\u00e0 per la casa","potentialAction":[{"@type":"SearchAction","target":{"@type":"EntryPoint","urlTemplate":"https:\/\/www.erresse-shop.it\/es\/?s={search_term_string}"},"query-input":"required name=search_term_string"}],"inLanguage":"es"}]}},"df_price":179.25,"df_sale_price":179.25,"df_regular_price":239,"df_image_link":"https:\/\/www.erresse-shop.it\/wp-content\/uploads\/2025\/03\/ZWILLING-Set-Coltelli-Gourmet-con-Ceppo-Bambu-7-Pezzi-300x300.jpg","_links":{"self":[{"href":"https:\/\/www.erresse-shop.it\/es\/wp-json\/wp\/v2\/product\/486092"}],"collection":[{"href":"https:\/\/www.erresse-shop.it\/es\/wp-json\/wp\/v2\/product"}],"about":[{"href":"https:\/\/www.erresse-shop.it\/es\/wp-json\/wp\/v2\/types\/product"}],"wp:featuredmedia":[{"embeddable":true,"href":"https:\/\/www.erresse-shop.it\/es\/wp-json\/wp\/v2\/media\/486111"}],"wp:attachment":[{"href":"https:\/\/www.erresse-shop.it\/es\/wp-json\/wp\/v2\/media?parent=486092"}],"wp:term":[{"taxonomy":"product_cat","embeddable":true,"href":"https:\/\/www.erresse-shop.it\/es\/wp-json\/wp\/v2\/product_cat?post=486092"},{"taxonomy":"product_tag","embeddable":true,"href":"https:\/\/www.erresse-shop.it\/es\/wp-json\/wp\/v2\/product_tag?post=486092"}],"curies":[{"name":"wp","href":"https:\/\/api.w.org\/{rel}","templated":true}]}}