{"id":485794,"date":"2025-03-31T06:24:06","date_gmt":"2025-03-31T06:24:08","guid":{"rendered":"https:\/\/www.erresse-shop.it\/?post_type=product&#038;p=485794"},"modified":"2025-03-31T06:39:14","modified_gmt":"2025-03-31T06:39:14","slug":"jura-maquina-de-cafe-e4-piano-white-copia","status":"publish","type":"product","link":"https:\/\/www.erresse-shop.it\/es\/shop\/pequenos-electrodomesticos\/maquinas-de-cafe\/automatico\/jura-maquina-de-cafe-e4-piano-white-copia\/","title":{"rendered":"JURA M\u00e1quina de caf\u00e9 E6 Dark Inox"},"content":{"rendered":"<div class=\"subt\u00edtulo-de-p\u00e1gina\">\n<div class=\"subt\u00edtulo-de-p\u00e1gina\">\n<div class=\"page-subtitle\"><strong><span style=\"font-size: 14pt;\">El nuevo E6: las especialidades de caf\u00e9 m\u00e1s populares con solo pulsar un bot\u00f3n<\/span><\/strong><\/div>\n<div class=\"info-de-la-p\u00e1gina\">\n<p>Capuchino con un toque magistral: Reg\u00e1late el placer insuperable del caf\u00e9 todos los d\u00edas con el E6. Adem\u00e1s de las cl\u00e1sicas especialidades de caf\u00e9 negro, prepara a la perfecci\u00f3n el favorito del p\u00fablico, el capuchino, gracias a la funci\u00f3n Easy Cappuccino.<\/p>\n<\/div>\n<\/div>\n<\/div>\n<div class=\"info-de-la-p\u00e1gina\">\n<h3 id=\"pagelayout_0_pagetype_0_pagecontent_0_tabcontent_0_repTabContentBlock_conContentBlock_0_genTitle_0\" class=\"title\"><span style=\"font-size: 14pt;\">A\u00fan m\u00e1s aroma para a\u00fan m\u00e1s placer<\/span><\/h3>\n<p>El molinillo de aroma profesional garantiza un disfrute de caf\u00e9 \u00fanico. Gracias a su geometr\u00eda mejorada, este molinillo de caf\u00e9 es capaz de lograr una calidad de molienda a\u00fan m\u00e1s uniforme, con una fiabilidad constante durante toda la vida de la m\u00e1quina. Esto permite una extracci\u00f3n optimizada del aroma, aumentando su intensidad en un 12,2% respecto a los molinillos de caf\u00e9 tradicionales. Descubre todos los nuevos matices de tu especialidad de caf\u00e9 favorita.<\/p>\n<h3 id=\"pagelayout_0_pagetype_0_pagecontent_0_tabcontent_0_repTabContentBlock_conContentBlock_1_genTitle_1\" class=\"title\"><span style=\"font-size: 14pt;\">La perfecci\u00f3n del capuchino<\/span><\/h3>\n<p>Con la probada funci\u00f3n Easy Cappuccino podr\u00e1s disfrutar de un delicioso capuchino con s\u00f3lo tocar un bot\u00f3n. El espumador de leche especialmente dise\u00f1ado para capuchino crea una espuma de leche incre\u00edblemente suave y cremosa, que complementa perfectamente el caf\u00e9 para un disfrute aut\u00e9ntico. Lo \u00faltimo para los amantes del capuchino.<\/p>\n<h3 id=\"pagelayout_0_pagetype_0_pagecontent_0_tabcontent_0_repTabContentBlock_conContentBlock_2_genTitle_2\" class=\"title\"><span style=\"font-size: 14pt;\">Placer insuperable con la m\u00e1xima simplicidad<\/span><\/h3>\n<p>La n\u00edtida pantalla a color de 2,8&#8243;, los seis botones estrat\u00e9gicamente ubicados y su intuitiva filosof\u00eda de manejo permiten un uso c\u00f3modo de la E6, ya sea para preparar caf\u00e9, configurar preferencias individuales o usar las intuitivas funciones de limpieza. Y, por supuesto, la E6 tambi\u00e9n es compatible con J.O.E.<sup>\u00ae<\/sup>: prepare especialidades de caf\u00e9 desde su smartphone, configure y guarde sus preferencias personales o env\u00ede f\u00e1cilmente las diferentes solicitudes de caf\u00e9 de sus clientes directamente a la m\u00e1quina.<\/p>\n<h3 id=\"pagelayout_0_pagetype_0_pagecontent_0_tabcontent_0_repTabContentBlock_conContentBlock_3_genTitle_3\" class=\"title\"><span style=\"font-size: 14pt;\">Un dise\u00f1o que perdura<\/span><\/h3>\n<p>Con su elegancia discreta, el dise\u00f1o del E6 refleja la tecnolog\u00eda \u00fanica detr\u00e1s de su fachada atemporal. La geometr\u00eda lineal, embellecida con detalles cromados, expresa de forma clara e inflexible la preparaci\u00f3n de un caf\u00e9 de muy alta calidad y se integra armoniosamente en cualquier entorno. En la selecci\u00f3n de especialidades y en su dise\u00f1o, la E6 renuncia deliberadamente a cualquier exceso que pueda oscurecer su verdadera funcionalidad: preparar la taza de caf\u00e9 perfecta.<\/p>\n<\/div>\n<p class=\"\" data-start=\"50\" data-end=\"77\"><strong data-start=\"50\" data-end=\"77\">Especialidades disponibles:<\/strong><\/p>\n<ul data-start=\"78\" data-end=\"258\">\n<li class=\"\" data-start=\"78\" data-end=\"258\">\n<p class=\"\" data-start=\"80\" data-end=\"258\">11 opciones: Espresso, Espresso doble, Caf\u00e9, Caf\u00e9 doble, Caf\u00e9 Barista, Lungo Barista, Espresso macchiato, Cappuccino, Cappuccino extra, Porci\u00f3n de espuma de leche, Agua caliente<\/p>\n<\/li>\n<\/ul>\n<p class=\"\" data-start=\"904\" data-end=\"928\"><strong data-start=\"904\" data-end=\"928\">Especificaciones t\u00e9cnicas:<\/strong><\/p>\n<ul>\n<li data-start=\"931\" data-end=\"962\">Capacidad del dep\u00f3sito de agua: 1,9 l<\/li>\n<li data-start=\"965\" data-end=\"1007\">Capacidad del recipiente para granos de caf\u00e9: 280 g<\/li>\n<li data-start=\"1010\" data-end=\"1046\">Recipiente para posos de caf\u00e9: 16 porciones<\/li>\n<li>Peso: 9,1 kg<\/li>\n<li>Dimensiones: 28 \u00d7 35,1 \u00d7 44,6 cm<\/li>\n<li>Potencia: 1450 W<\/li>\n<\/ul>\n<p class=\"\" data-start=\"1115\" data-end=\"1134\"><strong data-start=\"1115\" data-end=\"1134\">M\u00e1s detalles:<\/strong><\/p>\n<ul data-start=\"1135\" data-end=\"1189\" data-is-last-node=\"\" data-is-only-node=\"\">\n<li class=\"\" data-start=\"1135\" data-end=\"1168\">\n<p class=\"\" data-start=\"1137\" data-end=\"1168\">Pa\u00eds de producci\u00f3n: Portugal<\/p>\n<\/li>\n<li class=\"\" data-start=\"1169\" data-end=\"1189\">A\u00f1o del modelo: 2022<\/li>\n<\/ul>\n<p>&nbsp;<\/p>\n","protected":false},"excerpt":{"rendered":"<p>El nuevo E6: las especialidades de caf\u00e9 m\u00e1s populares con solo pulsar un bot\u00f3n Capuchino con un toque magistral: Reg\u00e1late<\/p>\n","protected":false},"featured_media":485820,"template":"","meta":{"_acf_changed":false,"inline_featured_image":false},"product_cat":[25362,16076,16073],"product_tag":[23574,20769,23570,16395],"acf":[],"yoast_head":"<!-- This site is optimized with the Yoast SEO Premium plugin v18.6 (Yoast SEO v19.13) - https:\/\/yoast.com\/wordpress\/plugins\/seo\/ -->\n<title>JURA M\u00e1quina de caf\u00e9 E6 Dark Inox - Erresse Shop<\/title>\n<meta name=\"description\" content=\"El nuevo E6: las especialidades de caf\u00e9 m\u00e1s populares con solo pulsar un bot\u00f3n Capuchino con un toque magistral: Reg\u00e1late el placer insuperable del caf\u00e9\" \/>\n<meta name=\"robots\" content=\"index, follow, max-snippet:-1, max-image-preview:large, max-video-preview:-1\" \/>\n<link rel=\"canonical\" href=\"https:\/\/www.erresse-shop.it\/es\/shop\/pequenos-electrodomesticos\/maquinas-de-cafe\/automatico\/jura-maquina-de-cafe-e4-piano-white-copia\/\" \/>\n<meta property=\"og:locale\" content=\"es_ES\" \/>\n<meta property=\"og:type\" content=\"article\" \/>\n<meta property=\"og:title\" content=\"JURA M\u00e1quina de caf\u00e9 E6 Dark Inox\" \/>\n<meta property=\"og:description\" content=\"El nuevo E6: las especialidades de caf\u00e9 m\u00e1s populares con solo pulsar un bot\u00f3n Capuchino con un toque magistral: Reg\u00e1late el placer insuperable del caf\u00e9\" \/>\n<meta property=\"og:url\" content=\"https:\/\/www.erresse-shop.it\/es\/shop\/pequenos-electrodomesticos\/maquinas-de-cafe\/automatico\/jura-maquina-de-cafe-e4-piano-white-copia\/\" \/>\n<meta property=\"og:site_name\" content=\"Erresse Shop\" \/>\n<meta property=\"article:modified_time\" content=\"2025-03-31T06:39:14+00:00\" \/>\n<meta property=\"og:image\" content=\"https:\/\/www.erresse-shop.it\/wp-content\/uploads\/2025\/03\/JURA-Macchina-Da-Caffe-E6-Dark-Inox.jpg\" \/>\n\t<meta property=\"og:image:width\" content=\"1200\" \/>\n\t<meta property=\"og:image:height\" content=\"1200\" \/>\n\t<meta property=\"og:image:type\" content=\"image\/jpeg\" \/>\n<meta name=\"twitter:card\" content=\"summary_large_image\" \/>\n<script type=\"application\/ld+json\" class=\"yoast-schema-graph\">{\"@context\":\"https:\/\/schema.org\",\"@graph\":[{\"@type\":\"WebPage\",\"@id\":\"https:\/\/www.erresse-shop.it\/es\/shop\/pequenos-electrodomesticos\/maquinas-de-cafe\/automatico\/jura-maquina-de-cafe-e4-piano-white-copia\/\",\"url\":\"https:\/\/www.erresse-shop.it\/es\/shop\/pequenos-electrodomesticos\/maquinas-de-cafe\/automatico\/jura-maquina-de-cafe-e4-piano-white-copia\/\",\"name\":\"JURA M\u00e1quina de caf\u00e9 E6 Dark Inox - Erresse Shop\",\"isPartOf\":{\"@id\":\"https:\/\/www.erresse-shop.it\/es\/#website\"},\"datePublished\":\"2025-03-31T06:24:08+00:00\",\"dateModified\":\"2025-03-31T06:39:14+00:00\",\"description\":\"El nuevo E6: las especialidades de caf\u00e9 m\u00e1s populares con solo pulsar un bot\u00f3n Capuchino con un toque magistral: Reg\u00e1late el placer insuperable del caf\u00e9\",\"breadcrumb\":{\"@id\":\"https:\/\/www.erresse-shop.it\/es\/shop\/pequenos-electrodomesticos\/maquinas-de-cafe\/automatico\/jura-maquina-de-cafe-e4-piano-white-copia\/#breadcrumb\"},\"inLanguage\":\"es\",\"potentialAction\":[{\"@type\":\"ReadAction\",\"target\":[\"https:\/\/www.erresse-shop.it\/es\/shop\/pequenos-electrodomesticos\/maquinas-de-cafe\/automatico\/jura-maquina-de-cafe-e4-piano-white-copia\/\"]}]},{\"@type\":\"BreadcrumbList\",\"@id\":\"https:\/\/www.erresse-shop.it\/es\/shop\/pequenos-electrodomesticos\/maquinas-de-cafe\/automatico\/jura-maquina-de-cafe-e4-piano-white-copia\/#breadcrumb\",\"itemListElement\":[{\"@type\":\"ListItem\",\"position\":1,\"name\":\"Home\",\"item\":\"https:\/\/www.erresse-shop.it\/es\/\"},{\"@type\":\"ListItem\",\"position\":2,\"name\":\"Shop\",\"item\":\"https:\/\/www.erresse-shop.it\/es\/shop\/\"},{\"@type\":\"ListItem\",\"position\":3,\"name\":\"JURA M\u00e1quina de caf\u00e9 E6 Dark Inox\"}]},{\"@type\":\"WebSite\",\"@id\":\"https:\/\/www.erresse-shop.it\/es\/#website\",\"url\":\"https:\/\/www.erresse-shop.it\/es\/\",\"name\":\"Erresse Shop\",\"description\":\"Articoli di qualit\u00e0 per la casa\",\"potentialAction\":[{\"@type\":\"SearchAction\",\"target\":{\"@type\":\"EntryPoint\",\"urlTemplate\":\"https:\/\/www.erresse-shop.it\/es\/?s={search_term_string}\"},\"query-input\":\"required name=search_term_string\"}],\"inLanguage\":\"es\"}]}<\/script>\n<!-- \/ Yoast SEO Premium plugin. -->","yoast_head_json":{"title":"JURA M\u00e1quina de caf\u00e9 E6 Dark Inox - Erresse Shop","description":"El nuevo E6: las especialidades de caf\u00e9 m\u00e1s populares con solo pulsar un bot\u00f3n Capuchino con un toque magistral: Reg\u00e1late el placer insuperable del caf\u00e9","robots":{"index":"index","follow":"follow","max-snippet":"max-snippet:-1","max-image-preview":"max-image-preview:large","max-video-preview":"max-video-preview:-1"},"canonical":"https:\/\/www.erresse-shop.it\/es\/shop\/pequenos-electrodomesticos\/maquinas-de-cafe\/automatico\/jura-maquina-de-cafe-e4-piano-white-copia\/","og_locale":"es_ES","og_type":"article","og_title":"JURA M\u00e1quina de caf\u00e9 E6 Dark Inox","og_description":"El nuevo E6: las especialidades de caf\u00e9 m\u00e1s populares con solo pulsar un bot\u00f3n Capuchino con un toque magistral: Reg\u00e1late el placer insuperable del caf\u00e9","og_url":"https:\/\/www.erresse-shop.it\/es\/shop\/pequenos-electrodomesticos\/maquinas-de-cafe\/automatico\/jura-maquina-de-cafe-e4-piano-white-copia\/","og_site_name":"Erresse Shop","article_modified_time":"2025-03-31T06:39:14+00:00","og_image":[{"width":1200,"height":1200,"url":"https:\/\/www.erresse-shop.it\/wp-content\/uploads\/2025\/03\/JURA-Macchina-Da-Caffe-E6-Dark-Inox.jpg","type":"image\/jpeg"}],"twitter_card":"summary_large_image","schema":{"@context":"https:\/\/schema.org","@graph":[{"@type":"WebPage","@id":"https:\/\/www.erresse-shop.it\/es\/shop\/pequenos-electrodomesticos\/maquinas-de-cafe\/automatico\/jura-maquina-de-cafe-e4-piano-white-copia\/","url":"https:\/\/www.erresse-shop.it\/es\/shop\/pequenos-electrodomesticos\/maquinas-de-cafe\/automatico\/jura-maquina-de-cafe-e4-piano-white-copia\/","name":"JURA M\u00e1quina de caf\u00e9 E6 Dark Inox - Erresse Shop","isPartOf":{"@id":"https:\/\/www.erresse-shop.it\/es\/#website"},"datePublished":"2025-03-31T06:24:08+00:00","dateModified":"2025-03-31T06:39:14+00:00","description":"El nuevo E6: las especialidades de caf\u00e9 m\u00e1s populares con solo pulsar un bot\u00f3n Capuchino con un toque magistral: Reg\u00e1late el placer insuperable del caf\u00e9","breadcrumb":{"@id":"https:\/\/www.erresse-shop.it\/es\/shop\/pequenos-electrodomesticos\/maquinas-de-cafe\/automatico\/jura-maquina-de-cafe-e4-piano-white-copia\/#breadcrumb"},"inLanguage":"es","potentialAction":[{"@type":"ReadAction","target":["https:\/\/www.erresse-shop.it\/es\/shop\/pequenos-electrodomesticos\/maquinas-de-cafe\/automatico\/jura-maquina-de-cafe-e4-piano-white-copia\/"]}]},{"@type":"BreadcrumbList","@id":"https:\/\/www.erresse-shop.it\/es\/shop\/pequenos-electrodomesticos\/maquinas-de-cafe\/automatico\/jura-maquina-de-cafe-e4-piano-white-copia\/#breadcrumb","itemListElement":[{"@type":"ListItem","position":1,"name":"Home","item":"https:\/\/www.erresse-shop.it\/es\/"},{"@type":"ListItem","position":2,"name":"Shop","item":"https:\/\/www.erresse-shop.it\/es\/shop\/"},{"@type":"ListItem","position":3,"name":"JURA M\u00e1quina de caf\u00e9 E6 Dark Inox"}]},{"@type":"WebSite","@id":"https:\/\/www.erresse-shop.it\/es\/#website","url":"https:\/\/www.erresse-shop.it\/es\/","name":"Erresse Shop","description":"Articoli di qualit\u00e0 per la casa","potentialAction":[{"@type":"SearchAction","target":{"@type":"EntryPoint","urlTemplate":"https:\/\/www.erresse-shop.it\/es\/?s={search_term_string}"},"query-input":"required name=search_term_string"}],"inLanguage":"es"}]}},"df_price":989.95,"df_sale_price":989.95,"df_regular_price":1199,"df_image_link":"https:\/\/www.erresse-shop.it\/wp-content\/uploads\/2025\/03\/JURA-Macchina-Da-Caffe-E6-Dark-Inox-300x300.jpg","_links":{"self":[{"href":"https:\/\/www.erresse-shop.it\/es\/wp-json\/wp\/v2\/product\/485794"}],"collection":[{"href":"https:\/\/www.erresse-shop.it\/es\/wp-json\/wp\/v2\/product"}],"about":[{"href":"https:\/\/www.erresse-shop.it\/es\/wp-json\/wp\/v2\/types\/product"}],"wp:featuredmedia":[{"embeddable":true,"href":"https:\/\/www.erresse-shop.it\/es\/wp-json\/wp\/v2\/media\/485820"}],"wp:attachment":[{"href":"https:\/\/www.erresse-shop.it\/es\/wp-json\/wp\/v2\/media?parent=485794"}],"wp:term":[{"taxonomy":"product_cat","embeddable":true,"href":"https:\/\/www.erresse-shop.it\/es\/wp-json\/wp\/v2\/product_cat?post=485794"},{"taxonomy":"product_tag","embeddable":true,"href":"https:\/\/www.erresse-shop.it\/es\/wp-json\/wp\/v2\/product_tag?post=485794"}],"curies":[{"name":"wp","href":"https:\/\/api.w.org\/{rel}","templated":true}]}}