{"id":485753,"date":"2025-03-31T06:14:46","date_gmt":"2025-03-31T06:14:49","guid":{"rendered":"https:\/\/www.erresse-shop.it\/?post_type=product&#038;p=485753"},"modified":"2025-03-31T06:22:22","modified_gmt":"2025-03-31T06:22:22","slug":"jura-maquina-de-cafe-e4-piano-black-copia","status":"publish","type":"product","link":"https:\/\/www.erresse-shop.it\/es\/shop\/pequenos-electrodomesticos\/maquinas-de-cafe\/automatico\/jura-maquina-de-cafe-e4-piano-black-copia\/","title":{"rendered":"JURA M\u00e1quina de caf\u00e9 E4 Piano White"},"content":{"rendered":"<div class=\"page-subtitle\">\n<div class=\"page-subtitle\"><span style=\"font-size: 14pt;\"><strong>La naturaleza m\u00e1s aut\u00e9ntica del caf\u00e9<\/strong><\/span><\/div>\n<div class=\"page-info\">\n<p>Aqu\u00ed est\u00e1 la m\u00e1quina autom\u00e1tica de tama\u00f1o completo ideal para quienes desean concentrarse por completo en lo esencial: el placer de un caf\u00e9 excelente.<\/p>\n<\/div>\n<\/div>\n<div class=\"page-info\">\n<h3 id=\"pagelayout_0_pagetype_0_pagecontent_0_tabcontent_0_repTabContentBlock_conContentBlock_0_genTitle_0\" class=\"title\"><span style=\"font-size: 14pt;\"><strong>M\u00e1xima facilidad de uso<\/strong><\/span><\/h3>\n<p>M\u00e1ximo sabor, m\u00ednima complejidad: un placer de caf\u00e9 inigualable con solo pulsar un bot\u00f3n, gracias a las funciones de preselecci\u00f3n para preferencias de aroma personales. \u00a1M\u00e1s sencillo imposible!<\/p>\n<h3 id=\"pagelayout_0_pagetype_0_pagecontent_0_tabcontent_0_repTabContentBlock_conContentBlock_1_genTitle_1\" class=\"title\"><span style=\"font-size: 14pt;\">Reci\u00e9n molido, no en c\u00e1psula<\/span><\/h3>\n<p>El molinillo de caf\u00e9 profesional Aroma garantiza un 12,2 %* m\u00e1s de aroma y una calidad de molienda alta y constante durante toda la vida \u00fatil de la m\u00e1quina. En combinaci\u00f3n con el grupo de preparaci\u00f3n de octava generaci\u00f3n y el proceso de preparaci\u00f3n 3D, el caf\u00e9 siempre se mantiene fiel a su esencia m\u00e1s aut\u00e9ntica. El E4 prepara el doble de caf\u00e9 en dos ciclos. Esto significa el m\u00e1ximo aroma, ya que toda la gama de 5 a 16 gramos de caf\u00e9 molido del grupo de preparaci\u00f3n variable est\u00e1 disponible para ambas tazas.<\/p>\n<h3 id=\"pagelayout_0_pagetype_0_pagecontent_0_tabcontent_0_repTabContentBlock_conContentBlock_2_genTitle_2\" class=\"title\"><span style=\"font-size: 14pt;\">Agua caliente lista al instante<\/span><\/h3>\n<p>\u00bfTe apetece una taza de t\u00e9 para variar? \u00a1No hay problema! Un bot\u00f3n giratorio inicia c\u00f3modamente la preparaci\u00f3n de agua caliente (hasta 3 dl), que fluye inmediatamente a tu taza.<\/p>\n<h3 id=\"pagelayout_0_pagetype_0_pagecontent_0_tabcontent_0_repTabContentBlock_conContentBlock_3_genTitle_3\" class=\"title\"><span style=\"font-size: 14pt;\">Dise\u00f1o armonioso<\/span><\/h3>\n<p>La E4 presenta el dise\u00f1o caracter\u00edstico de las cafeteras autom\u00e1ticas JURA: l\u00edneas limpias y superficies bien definidas. La m\u00e1xima precisi\u00f3n en la fabricaci\u00f3n y el dise\u00f1o minimalista realzan la calidad superior de esta m\u00e1quina totalmente autom\u00e1tica. El purismo tambi\u00e9n se refleja en la selecci\u00f3n de colores. Si bien todo el cuerpo est\u00e1 fabricado en un discreto Piano White, los detalles cromados aportan un toque especial al conjunto, creando el marco perfecto para momentos de aut\u00e9ntico disfrute del caf\u00e9.<\/p>\n<\/div>\n<p class=\"\" data-start=\"50\" data-end=\"77\"><strong data-start=\"50\" data-end=\"77\">Especialidades disponibles:<\/strong><\/p>\n<ul data-start=\"78\" data-end=\"131\">\n<li class=\"\" data-start=\"78\" data-end=\"131\">\n<p class=\"\" data-start=\"80\" data-end=\"131\">Espresso, 2 Espresso, Caf\u00e9, 2 Caf\u00e9s, Agua caliente<\/p>\n<\/li>\n<\/ul>\n<p class=\"\" data-start=\"621\" data-end=\"645\"><strong data-start=\"621\" data-end=\"645\">Especificaciones t\u00e9cnicas:<\/strong><\/p>\n<ul>\n<li data-start=\"648\" data-end=\"679\">Capacidad del dep\u00f3sito de agua: 1,9 l<\/li>\n<li data-start=\"682\" data-end=\"724\">Capacidad del recipiente para granos de caf\u00e9: 280 g<\/li>\n<li data-start=\"727\" data-end=\"763\">Recipiente para posos de caf\u00e9: 16 porciones<\/li>\n<li>Peso: 9,8 kg<\/li>\n<li>Dimensiones: 28 \u00d7 34,6 \u00d7 44,4 cm<\/li>\n<li>Potencia: 1450 W<\/li>\n<\/ul>\n<p class=\"\" data-start=\"832\" data-end=\"851\"><strong data-start=\"832\" data-end=\"851\">M\u00e1s detalles:<\/strong><\/p>\n<ul data-start=\"852\" data-end=\"906\" data-is-last-node=\"\" data-is-only-node=\"\">\n<li>\n<p class=\"\" data-start=\"854\" data-end=\"885\">Pa\u00eds de producci\u00f3n: Portugal<\/p>\n<\/li>\n<li class=\"\" data-start=\"886\" data-end=\"906\">A\u00f1o del modelo: 2021<\/li>\n<\/ul>\n<p>&nbsp;<\/p>\n","protected":false},"excerpt":{"rendered":"<p>La naturaleza m\u00e1s aut\u00e9ntica del caf\u00e9 Aqu\u00ed est\u00e1 la m\u00e1quina autom\u00e1tica de tama\u00f1o completo ideal para quienes desean concentrarse por<\/p>\n","protected":false},"featured_media":485785,"template":"","meta":{"_acf_changed":false,"inline_featured_image":false},"product_cat":[25362,16076,16073],"product_tag":[23574,20769,23570,16395],"acf":[],"yoast_head":"<!-- This site is optimized with the Yoast SEO Premium plugin v18.6 (Yoast SEO v19.13) - https:\/\/yoast.com\/wordpress\/plugins\/seo\/ -->\n<title>JURA M\u00e1quina de caf\u00e9 E4 Piano White - Erresse Shop<\/title>\n<meta name=\"description\" content=\"La naturaleza m\u00e1s aut\u00e9ntica del caf\u00e9 Aqu\u00ed est\u00e1 la m\u00e1quina autom\u00e1tica de tama\u00f1o completo ideal para quienes desean concentrarse por completo en lo\" \/>\n<meta name=\"robots\" content=\"index, follow, max-snippet:-1, max-image-preview:large, max-video-preview:-1\" \/>\n<link rel=\"canonical\" href=\"https:\/\/www.erresse-shop.it\/es\/shop\/pequenos-electrodomesticos\/maquinas-de-cafe\/automatico\/jura-maquina-de-cafe-e4-piano-black-copia\/\" \/>\n<meta property=\"og:locale\" content=\"es_ES\" \/>\n<meta property=\"og:type\" content=\"article\" \/>\n<meta property=\"og:title\" content=\"JURA M\u00e1quina de caf\u00e9 E4 Piano White\" \/>\n<meta property=\"og:description\" content=\"La naturaleza m\u00e1s aut\u00e9ntica del caf\u00e9 Aqu\u00ed est\u00e1 la m\u00e1quina autom\u00e1tica de tama\u00f1o completo ideal para quienes desean concentrarse por completo en lo\" \/>\n<meta property=\"og:url\" content=\"https:\/\/www.erresse-shop.it\/es\/shop\/pequenos-electrodomesticos\/maquinas-de-cafe\/automatico\/jura-maquina-de-cafe-e4-piano-black-copia\/\" \/>\n<meta property=\"og:site_name\" content=\"Erresse Shop\" \/>\n<meta property=\"article:modified_time\" content=\"2025-03-31T06:22:22+00:00\" \/>\n<meta property=\"og:image\" content=\"https:\/\/www.erresse-shop.it\/wp-content\/uploads\/2025\/03\/JURA-Macchina-Da-Caffe-E4-Piano-White.jpg\" \/>\n\t<meta property=\"og:image:width\" content=\"1200\" \/>\n\t<meta property=\"og:image:height\" content=\"1200\" \/>\n\t<meta property=\"og:image:type\" content=\"image\/jpeg\" \/>\n<meta name=\"twitter:card\" content=\"summary_large_image\" \/>\n<script type=\"application\/ld+json\" class=\"yoast-schema-graph\">{\"@context\":\"https:\/\/schema.org\",\"@graph\":[{\"@type\":\"WebPage\",\"@id\":\"https:\/\/www.erresse-shop.it\/es\/shop\/pequenos-electrodomesticos\/maquinas-de-cafe\/automatico\/jura-maquina-de-cafe-e4-piano-black-copia\/\",\"url\":\"https:\/\/www.erresse-shop.it\/es\/shop\/pequenos-electrodomesticos\/maquinas-de-cafe\/automatico\/jura-maquina-de-cafe-e4-piano-black-copia\/\",\"name\":\"JURA M\u00e1quina de caf\u00e9 E4 Piano White - Erresse Shop\",\"isPartOf\":{\"@id\":\"https:\/\/www.erresse-shop.it\/es\/#website\"},\"datePublished\":\"2025-03-31T06:14:49+00:00\",\"dateModified\":\"2025-03-31T06:22:22+00:00\",\"description\":\"La naturaleza m\u00e1s aut\u00e9ntica del caf\u00e9 Aqu\u00ed est\u00e1 la m\u00e1quina autom\u00e1tica de tama\u00f1o completo ideal para quienes desean concentrarse por completo en lo\",\"breadcrumb\":{\"@id\":\"https:\/\/www.erresse-shop.it\/es\/shop\/pequenos-electrodomesticos\/maquinas-de-cafe\/automatico\/jura-maquina-de-cafe-e4-piano-black-copia\/#breadcrumb\"},\"inLanguage\":\"es\",\"potentialAction\":[{\"@type\":\"ReadAction\",\"target\":[\"https:\/\/www.erresse-shop.it\/es\/shop\/pequenos-electrodomesticos\/maquinas-de-cafe\/automatico\/jura-maquina-de-cafe-e4-piano-black-copia\/\"]}]},{\"@type\":\"BreadcrumbList\",\"@id\":\"https:\/\/www.erresse-shop.it\/es\/shop\/pequenos-electrodomesticos\/maquinas-de-cafe\/automatico\/jura-maquina-de-cafe-e4-piano-black-copia\/#breadcrumb\",\"itemListElement\":[{\"@type\":\"ListItem\",\"position\":1,\"name\":\"Home\",\"item\":\"https:\/\/www.erresse-shop.it\/es\/\"},{\"@type\":\"ListItem\",\"position\":2,\"name\":\"Shop\",\"item\":\"https:\/\/www.erresse-shop.it\/es\/shop\/\"},{\"@type\":\"ListItem\",\"position\":3,\"name\":\"JURA M\u00e1quina de caf\u00e9 E4 Piano White\"}]},{\"@type\":\"WebSite\",\"@id\":\"https:\/\/www.erresse-shop.it\/es\/#website\",\"url\":\"https:\/\/www.erresse-shop.it\/es\/\",\"name\":\"Erresse Shop\",\"description\":\"Articoli di qualit\u00e0 per la casa\",\"potentialAction\":[{\"@type\":\"SearchAction\",\"target\":{\"@type\":\"EntryPoint\",\"urlTemplate\":\"https:\/\/www.erresse-shop.it\/es\/?s={search_term_string}\"},\"query-input\":\"required name=search_term_string\"}],\"inLanguage\":\"es\"}]}<\/script>\n<!-- \/ Yoast SEO Premium plugin. -->","yoast_head_json":{"title":"JURA M\u00e1quina de caf\u00e9 E4 Piano White - Erresse Shop","description":"La naturaleza m\u00e1s aut\u00e9ntica del caf\u00e9 Aqu\u00ed est\u00e1 la m\u00e1quina autom\u00e1tica de tama\u00f1o completo ideal para quienes desean concentrarse por completo en lo","robots":{"index":"index","follow":"follow","max-snippet":"max-snippet:-1","max-image-preview":"max-image-preview:large","max-video-preview":"max-video-preview:-1"},"canonical":"https:\/\/www.erresse-shop.it\/es\/shop\/pequenos-electrodomesticos\/maquinas-de-cafe\/automatico\/jura-maquina-de-cafe-e4-piano-black-copia\/","og_locale":"es_ES","og_type":"article","og_title":"JURA M\u00e1quina de caf\u00e9 E4 Piano White","og_description":"La naturaleza m\u00e1s aut\u00e9ntica del caf\u00e9 Aqu\u00ed est\u00e1 la m\u00e1quina autom\u00e1tica de tama\u00f1o completo ideal para quienes desean concentrarse por completo en lo","og_url":"https:\/\/www.erresse-shop.it\/es\/shop\/pequenos-electrodomesticos\/maquinas-de-cafe\/automatico\/jura-maquina-de-cafe-e4-piano-black-copia\/","og_site_name":"Erresse Shop","article_modified_time":"2025-03-31T06:22:22+00:00","og_image":[{"width":1200,"height":1200,"url":"https:\/\/www.erresse-shop.it\/wp-content\/uploads\/2025\/03\/JURA-Macchina-Da-Caffe-E4-Piano-White.jpg","type":"image\/jpeg"}],"twitter_card":"summary_large_image","schema":{"@context":"https:\/\/schema.org","@graph":[{"@type":"WebPage","@id":"https:\/\/www.erresse-shop.it\/es\/shop\/pequenos-electrodomesticos\/maquinas-de-cafe\/automatico\/jura-maquina-de-cafe-e4-piano-black-copia\/","url":"https:\/\/www.erresse-shop.it\/es\/shop\/pequenos-electrodomesticos\/maquinas-de-cafe\/automatico\/jura-maquina-de-cafe-e4-piano-black-copia\/","name":"JURA M\u00e1quina de caf\u00e9 E4 Piano White - Erresse Shop","isPartOf":{"@id":"https:\/\/www.erresse-shop.it\/es\/#website"},"datePublished":"2025-03-31T06:14:49+00:00","dateModified":"2025-03-31T06:22:22+00:00","description":"La naturaleza m\u00e1s aut\u00e9ntica del caf\u00e9 Aqu\u00ed est\u00e1 la m\u00e1quina autom\u00e1tica de tama\u00f1o completo ideal para quienes desean concentrarse por completo en lo","breadcrumb":{"@id":"https:\/\/www.erresse-shop.it\/es\/shop\/pequenos-electrodomesticos\/maquinas-de-cafe\/automatico\/jura-maquina-de-cafe-e4-piano-black-copia\/#breadcrumb"},"inLanguage":"es","potentialAction":[{"@type":"ReadAction","target":["https:\/\/www.erresse-shop.it\/es\/shop\/pequenos-electrodomesticos\/maquinas-de-cafe\/automatico\/jura-maquina-de-cafe-e4-piano-black-copia\/"]}]},{"@type":"BreadcrumbList","@id":"https:\/\/www.erresse-shop.it\/es\/shop\/pequenos-electrodomesticos\/maquinas-de-cafe\/automatico\/jura-maquina-de-cafe-e4-piano-black-copia\/#breadcrumb","itemListElement":[{"@type":"ListItem","position":1,"name":"Home","item":"https:\/\/www.erresse-shop.it\/es\/"},{"@type":"ListItem","position":2,"name":"Shop","item":"https:\/\/www.erresse-shop.it\/es\/shop\/"},{"@type":"ListItem","position":3,"name":"JURA M\u00e1quina de caf\u00e9 E4 Piano White"}]},{"@type":"WebSite","@id":"https:\/\/www.erresse-shop.it\/es\/#website","url":"https:\/\/www.erresse-shop.it\/es\/","name":"Erresse Shop","description":"Articoli di qualit\u00e0 per la casa","potentialAction":[{"@type":"SearchAction","target":{"@type":"EntryPoint","urlTemplate":"https:\/\/www.erresse-shop.it\/es\/?s={search_term_string}"},"query-input":"required name=search_term_string"}],"inLanguage":"es"}]}},"df_price":869,"df_sale_price":869,"df_regular_price":919,"df_image_link":"https:\/\/www.erresse-shop.it\/wp-content\/uploads\/2025\/03\/JURA-Macchina-Da-Caffe-E4-Piano-White-300x300.jpg","_links":{"self":[{"href":"https:\/\/www.erresse-shop.it\/es\/wp-json\/wp\/v2\/product\/485753"}],"collection":[{"href":"https:\/\/www.erresse-shop.it\/es\/wp-json\/wp\/v2\/product"}],"about":[{"href":"https:\/\/www.erresse-shop.it\/es\/wp-json\/wp\/v2\/types\/product"}],"wp:featuredmedia":[{"embeddable":true,"href":"https:\/\/www.erresse-shop.it\/es\/wp-json\/wp\/v2\/media\/485785"}],"wp:attachment":[{"href":"https:\/\/www.erresse-shop.it\/es\/wp-json\/wp\/v2\/media?parent=485753"}],"wp:term":[{"taxonomy":"product_cat","embeddable":true,"href":"https:\/\/www.erresse-shop.it\/es\/wp-json\/wp\/v2\/product_cat?post=485753"},{"taxonomy":"product_tag","embeddable":true,"href":"https:\/\/www.erresse-shop.it\/es\/wp-json\/wp\/v2\/product_tag?post=485753"}],"curies":[{"name":"wp","href":"https:\/\/api.w.org\/{rel}","templated":true}]}}